{"id":2726,"date":"2021-10-08T12:02:16","date_gmt":"2021-10-08T10:02:16","guid":{"rendered":"https:\/\/antcube.shop\/produkt\/solenopsis-fugax\/"},"modified":"2023-03-21T15:20:31","modified_gmt":"2023-03-21T14:20:31","slug":"solenopsis-fugax","status":"publish","type":"product","link":"https:\/\/antcube.shop\/fr\/produit\/solenopsis-fugax\/","title":{"rendered":"Solenopsis fugax"},"content":{"rendered":"<table border=\"1\" cellspacing=\"1\" cellpadding=\"1\">\n<tbody>\n<tr>\n<td><strong>Nom latin :<\/strong><\/td>\n<td><strong><img data-recalc-dims=\"1\" loading=\"lazy\" decoding=\"async\" src=\"https:\/\/i0.wp.com\/www.antstore.net\/shop\/images\/icons\/ants\/lateinname.jpg?resize=30%2C30&#038;ssl=1\" alt=\"\" width=\"30\" height=\"30\" \/><\/strong><\/td>\n<td><em>Solenopsis fugax<\/em><\/td>\n<\/tr>\n<tr>\n<td><strong>Nom trivial :<\/strong><\/td>\n<td><strong><img data-recalc-dims=\"1\" loading=\"lazy\" decoding=\"async\" src=\"https:\/\/i0.wp.com\/www.antstore.net\/shop\/images\/icons\/ants\/trivialname.jpg?resize=30%2C30&#038;ssl=1\" alt=\"\" width=\"30\" height=\"30\" \/><\/strong><\/td>\n<td>Thiefant<\/td>\n<\/tr>\n<tr>\n<td><strong>Taxonomie :<\/strong><\/td>\n<td><strong><img data-recalc-dims=\"1\" loading=\"lazy\" decoding=\"async\" src=\"https:\/\/i0.wp.com\/www.antstore.net\/shop\/images\/icons\/ants\/taxonomie.jpg?resize=30%2C30&#038;ssl=1\" alt=\"\" width=\"30\" height=\"30\" \/><\/strong><\/td>\n<td><strong>Sous-famille :<\/strong> Myrmicinae <strong>Tribu :<\/strong> Solenopsidini<\/td>\n<\/tr>\n<tr>\n<td><strong>Niveau de garde :<\/strong><\/td>\n<td><strong><img data-recalc-dims=\"1\" loading=\"lazy\" decoding=\"async\" src=\"https:\/\/i0.wp.com\/www.antstore.net\/shop\/images\/icons\/ants\/haltungsklasse.jpg?resize=30%2C30&#038;ssl=1\" alt=\"\" width=\"30\" height=\"30\" \/><\/strong><\/td>\n<td><strong>(1) <\/strong>Esp\u00e8ces du sud de l'Europe ayant des exigences plus \u00e9lev\u00e9es en mati\u00e8re de nourriture et de climat ainsi que de pr\u00e9vention des fuites<\/td>\n<\/tr>\n<tr>\n<td><strong>Distribution :<\/strong><\/td>\n<td><strong><img data-recalc-dims=\"1\" loading=\"lazy\" decoding=\"async\" src=\"https:\/\/i0.wp.com\/www.antstore.net\/shop\/images\/icons\/ants\/verbreitung.jpg?resize=30%2C30&#038;ssl=1\" alt=\"\" width=\"30\" height=\"30\" \/><\/strong><\/td>\n<td>Europe du Sud, p\u00e9ninsule d'Europe du Sud, Afrique du Nord<\/td>\n<\/tr>\n<tr>\n<td><span style=\"font-family: Arial;\"><b>Habitat :<\/b><\/span><\/td>\n<td><strong><img data-recalc-dims=\"1\" loading=\"lazy\" decoding=\"async\" src=\"https:\/\/i0.wp.com\/www.antstore.net\/shop\/images\/icons\/ants\/habitat.jpg?resize=30%2C30&#038;ssl=1\" alt=\"\" width=\"30\" height=\"30\" \/><\/strong><\/td>\n<td><span style=\"font-family: Arial;\">Zones de sable et d'arbustes<\/span><\/td>\n<\/tr>\n<tr>\n<td><strong>Colonyform :<\/strong><\/td>\n<td><strong><img data-recalc-dims=\"1\" loading=\"lazy\" decoding=\"async\" src=\"https:\/\/i0.wp.com\/www.antstore.net\/shop\/images\/icons\/ants\/Kolonieform.jpg?resize=30%2C30&#038;ssl=1\" alt=\"\" width=\"30\" height=\"30\" \/><\/strong><\/td>\n<td>polygyne<\/td>\n<\/tr>\n<tr>\n<td><strong>La reine :<\/strong><\/td>\n<td><strong><img data-recalc-dims=\"1\" loading=\"lazy\" decoding=\"async\" src=\"https:\/\/i0.wp.com\/www.antstore.net\/shop\/images\/icons\/ants\/koenigin.jpg?resize=30%2C30&#038;ssl=1\" alt=\"\" width=\"30\" height=\"30\" \/><\/strong><\/td>\n<td><strong>Taille :<\/strong> 6 - 6,5mm <strong>Couleur :<\/strong> brun noir\u00e2tre<\/td>\n<\/tr>\n<tr>\n<td><strong>Travailleur :<\/strong><\/td>\n<td><img data-recalc-dims=\"1\" loading=\"lazy\" decoding=\"async\" src=\"https:\/\/i0.wp.com\/www.antstore.net\/shop\/images\/icons\/ants\/arbeiterin.jpg?resize=30%2C30&#038;ssl=1\" alt=\"\" width=\"30\" height=\"30\" \/><\/td>\n<td><strong>Taille :<\/strong><span style=\"font-family: Arial;\"> 1,5 - 3mm <\/span><strong>Couleur :<\/strong><span style=\"font-family: Arial;\"> jaune \u00e0 jaune brun\u00e2tre<\/span><\/td>\n<\/tr>\n<tr>\n<td><strong>Soldat :<\/strong><\/td>\n<td><img data-recalc-dims=\"1\" loading=\"lazy\" decoding=\"async\" src=\"https:\/\/i0.wp.com\/www.antstore.net\/shop\/images\/icons\/ants\/soldaten.jpg?resize=30%2C30&#038;ssl=1\" alt=\"\" width=\"30\" height=\"30\" \/><\/td>\n<td><\/td>\n<\/tr>\n<tr>\n<td><strong>Les m\u00e2les :<\/strong><\/td>\n<td><img data-recalc-dims=\"1\" loading=\"lazy\" decoding=\"async\" src=\"https:\/\/i0.wp.com\/www.antstore.net\/shop\/images\/icons\/ants\/maennchen.jpg?resize=30%2C30&#038;ssl=1\" alt=\"\" width=\"30\" height=\"30\" \/><\/td>\n<td><strong>Taille :<\/strong> 4 - 4,8mm<strong> Couleur :<\/strong> noir<\/td>\n<\/tr>\n<tr>\n<td><b><span style=\"font-family: Arial;\">Nutrition<\/span><\/b><\/td>\n<td><img data-recalc-dims=\"1\" loading=\"lazy\" decoding=\"async\" src=\"https:\/\/i0.wp.com\/www.antstore.net\/shop\/images\/icons\/ants\/nahrung.jpg?resize=30%2C30&#038;ssl=1\" alt=\"\" width=\"30\" height=\"30\" \/><\/td>\n<td>Eau de miel, insectes<\/td>\n<\/tr>\n<tr>\n<td><strong>Humidit\u00e9 de l'air :<\/strong><\/td>\n<td><strong><img data-recalc-dims=\"1\" loading=\"lazy\" decoding=\"async\" src=\"https:\/\/i0.wp.com\/www.antstore.net\/shop\/images\/icons\/ants\/feuchtigkeit.jpg?resize=30%2C30&#038;ssl=1\" alt=\"\" width=\"30\" height=\"30\" \/><\/strong><\/td>\n<td><strong>Arena :<\/strong> 30 &#8211; 50% <strong>Nestpart :<\/strong> 50 &#8211; 70%<\/td>\n<\/tr>\n<tr>\n<td><strong>Temp\u00e9rature :<\/strong><\/td>\n<td><strong><img data-recalc-dims=\"1\" loading=\"lazy\" decoding=\"async\" src=\"https:\/\/i0.wp.com\/www.antstore.net\/shop\/images\/icons\/ants\/temperatur.jpg?resize=30%2C30&#038;ssl=1\" alt=\"\" width=\"30\" height=\"30\" \/><\/strong><\/td>\n<td><strong>Arena :<\/strong> 25 - 30\u00b0C <strong>Nestpart :<\/strong> 21 - 28\u00b0C<\/td>\n<\/tr>\n<tr>\n<td><strong>Hibernation :<\/strong><\/td>\n<td><img data-recalc-dims=\"1\" loading=\"lazy\" decoding=\"async\" src=\"https:\/\/i0.wp.com\/www.antstore.net\/shop\/images\/icons\/ants\/winterruhe.jpg?resize=30%2C30&#038;ssl=1\" alt=\"\" width=\"30\" height=\"30\" \/><\/td>\n<td>oui, de fin novembre \u00e0 fin f\u00e9vrier \u00e0 15\u00b0C<\/td>\n<\/tr>\n<tr>\n<td><strong>Nestform :<\/strong><\/td>\n<td><img data-recalc-dims=\"1\" loading=\"lazy\" decoding=\"async\" src=\"https:\/\/i0.wp.com\/www.antstore.net\/shop\/images\/icons\/ants\/nestform.jpg?resize=30%2C30&#038;ssl=1\" alt=\"\" width=\"30\" height=\"30\" \/><\/td>\n<td>Construisent leur nid dans le sol et sous les pierres<\/td>\n<\/tr>\n<tr>\n<td><strong>Une sorte de Formicaria :<\/strong><\/td>\n<td><img data-recalc-dims=\"1\" loading=\"lazy\" decoding=\"async\" src=\"https:\/\/i0.wp.com\/www.antstore.net\/shop\/images\/icons\/ants\/formicarienart.jpg?resize=30%2C30&#038;ssl=1\" alt=\"\" width=\"30\" height=\"30\" \/><\/td>\n<td>Ferme, Farmbasin, Bassin, Framebasin, Ile, Acrylcylinder, Ytong\/Plasternest, Acrylflatfarm, Digfix<\/td>\n<\/tr>\n<tr>\n<td><strong>Taille de Formicaria :<\/strong><\/td>\n<td><strong><img data-recalc-dims=\"1\" loading=\"lazy\" decoding=\"async\" src=\"https:\/\/i0.wp.com\/www.antstore.net\/shop\/images\/icons\/ants\/formicariengroesse.jpg?resize=30%2C30&#038;ssl=1\" alt=\"\" width=\"30\" height=\"30\" \/><\/strong><\/td>\n<td><strong>Taille :<\/strong> <strong>S<\/strong><\/td>\n<\/tr>\n<tr>\n<td><strong>Substrat :<\/strong><\/td>\n<td><strong><img data-recalc-dims=\"1\" loading=\"lazy\" decoding=\"async\" src=\"https:\/\/i0.wp.com\/www.antstore.net\/shop\/images\/icons\/ants\/substrat.jpg?resize=30%2C30&#038;ssl=1\" alt=\"\" width=\"30\" height=\"30\" \/><\/strong><\/td>\n<td><strong>Ferme :<\/strong> Sable et mousse <strong>Arena :<\/strong> Sable, Sable-Mousse<\/td>\n<\/tr>\n<tr>\n<td><strong>Plantation :<\/strong><\/td>\n<td><img data-recalc-dims=\"1\" loading=\"lazy\" decoding=\"async\" src=\"https:\/\/i0.wp.com\/www.antstore.net\/shop\/images\/icons\/ants\/bepflanzung.jpg?resize=30%2C30&#038;ssl=1\" alt=\"\" width=\"30\" height=\"30\" \/><\/td>\n<td>semblable aux Savanahareas avec de l'herbe et d'autres plantes<\/td>\n<\/tr>\n<tr>\n<td><strong>D\u00e9coration :<\/strong><\/td>\n<td><img data-recalc-dims=\"1\" loading=\"lazy\" decoding=\"async\" src=\"https:\/\/i0.wp.com\/www.antstore.net\/shop\/images\/icons\/ants\/dekoration.jpg?resize=30%2C30&#038;ssl=1\" alt=\"\" width=\"30\" height=\"30\" \/><\/td>\n<td>Branches, racines, tr\u00e9neaux, pierres<\/td>\n<\/tr>\n<tr>\n<td><strong>Description :<\/strong><\/td>\n<td><img data-recalc-dims=\"1\" loading=\"lazy\" decoding=\"async\" src=\"https:\/\/i0.wp.com\/www.antstore.net\/shop\/images\/icons\/ants\/beschreibung.jpg?resize=30%2C30&#038;ssl=1\" alt=\"\" width=\"30\" height=\"30\" \/><\/td>\n<td>Cette esp\u00e8ce est l'une des plus petites fourmis d'Allemagne. Dans leur environnement naturel, elles collectent le couvain d'autres fourmis. Elles sont souvent associ\u00e9es \u00e0 leurs fourmis h\u00f4tes, par exemple. <em>Lasius spec. <\/em>ou <em>Serviformica spec<\/em>. .<\/td>\n<\/tr>\n<tr>\n<td><strong>D\u00e9veloppement :<\/strong><\/td>\n<td><strong><img data-recalc-dims=\"1\" loading=\"lazy\" decoding=\"async\" src=\"https:\/\/i0.wp.com\/www.antstore.net\/shop\/images\/icons\/ants\/entwicklung.jpg?resize=30%2C30&#038;ssl=1\" alt=\"\" width=\"30\" height=\"30\" \/><\/strong><\/td>\n<td><strong>vol d'accouplement :<\/strong><span style=\"font-family: Arial;\">\u00a0 <\/span>Ao\u00fbt - Octobre<br \/>\n<strong>la fondation :<\/strong><span style=\"font-family: Arial;\">\u00a0 claustral (sans alimentation) <\/span><br \/>\n<strong>colonysize :<\/strong><span style=\"font-family: Arial;\"> jusqu'\u00e0 100.000 personnes<\/span><\/td>\n<\/tr>\n<tr>\n<td><strong>Quantit\u00e9 :<\/strong><\/td>\n<td><img data-recalc-dims=\"1\" loading=\"lazy\" decoding=\"async\" src=\"https:\/\/i0.wp.com\/www.antstore.net\/shop\/images\/icons\/ants\/menge.jpg?resize=30%2C30&#038;ssl=1\" alt=\"\" width=\"30\" height=\"30\" \/><\/td>\n<td>une reine f\u00e9cond\u00e9e avec des ouvri\u00e8res (voir s\u00e9lection) ; du couvain (selon la saison et le d\u00e9veloppement)<\/td>\n<\/tr>\n<tr>\n<td><strong>Liens Internet :<\/strong><\/td>\n<td><a href=\"http:\/\/www.antstore.net\/viewforum.php?f=9\"><span style=\"color: #0000ff;\"><img data-recalc-dims=\"1\" loading=\"lazy\" decoding=\"async\" src=\"https:\/\/i0.wp.com\/www.antstore.net\/shop\/images\/icons\/ants\/weblinks.jpg?resize=30%2C30&#038;ssl=1\" alt=\"\" width=\"30\" height=\"30\" \/><\/span><\/a><\/td>\n<td><a href=\"http:\/\/www.antstore.net\/viewforum.php?f=26\"><span style=\"color: #0000ff;\">- Forum<\/span><\/a><\/p>\n<p><span style=\"color: #0000ff;\"><a href=\"http:\/\/www.antweb.org\/\/description.do?name=fugax&amp;genus=solenopsis&amp;rank=species&amp;project=allantwebants\">- R\u00e9f\u00e9rence<\/a><\/span><\/td>\n<\/tr>\n<\/tbody>\n<\/table>","protected":false},"excerpt":{"rendered":"<p>Maintien du niveau 1 - Niveau de risque 3<br \/>\nTaille :<span style=\"color: #000000;\"> <strong>S<\/strong><\/span><\/p>","protected":false},"featured_media":3329,"comment_status":"open","ping_status":"closed","template":"","meta":{"_acf_changed":false,"content-type":"","_monsterinsights_skip_tracking":false,"_monsterinsights_sitenote_active":false,"_monsterinsights_sitenote_note":"","_monsterinsights_sitenote_category":0},"product_brand":[],"product_cat":[107,114,112,108,109],"product_tag":[],"class_list":{"0":"post-2726","1":"product","2":"type-product","3":"status-publish","4":"has-post-thumbnail","6":"product_cat-ants","7":"product_cat-africa","8":"product_cat-asia","9":"product_cat-northern-europe","10":"product_cat-southern-europe","12":"first","13":"instock","14":"product-type-external"},"acf":[],"aioseo_notices":[],"jetpack_sharing_enabled":true,"_links":{"self":[{"href":"https:\/\/antcube.shop\/fr\/wp-json\/wp\/v2\/product\/2726","targetHints":{"allow":["GET"]}}],"collection":[{"href":"https:\/\/antcube.shop\/fr\/wp-json\/wp\/v2\/product"}],"about":[{"href":"https:\/\/antcube.shop\/fr\/wp-json\/wp\/v2\/types\/product"}],"replies":[{"embeddable":true,"href":"https:\/\/antcube.shop\/fr\/wp-json\/wp\/v2\/comments?post=2726"}],"wp:featuredmedia":[{"embeddable":true,"href":"https:\/\/antcube.shop\/fr\/wp-json\/wp\/v2\/media\/3329"}],"wp:attachment":[{"href":"https:\/\/antcube.shop\/fr\/wp-json\/wp\/v2\/media?parent=2726"}],"wp:term":[{"taxonomy":"product_brand","embeddable":true,"href":"https:\/\/antcube.shop\/fr\/wp-json\/wp\/v2\/product_brand?post=2726"},{"taxonomy":"product_cat","embeddable":true,"href":"https:\/\/antcube.shop\/fr\/wp-json\/wp\/v2\/product_cat?post=2726"},{"taxonomy":"product_tag","embeddable":true,"href":"https:\/\/antcube.shop\/fr\/wp-json\/wp\/v2\/product_tag?post=2726"}],"curies":[{"name":"wp","href":"https:\/\/api.w.org\/{rel}","templated":true}]}}