{"id":2721,"date":"2021-10-08T12:01:27","date_gmt":"2021-10-08T10:01:27","guid":{"rendered":"https:\/\/antcube.shop\/produkt\/formica-serviformica-rufibarbis\/"},"modified":"2023-03-21T15:53:15","modified_gmt":"2023-03-21T14:53:15","slug":"formica-serviformica-rufibarbis","status":"publish","type":"product","link":"https:\/\/antcube.shop\/fr\/produit\/formica-serviformica-rufibarbis\/","title":{"rendered":"Formica (Serviformica) rufibarbis"},"content":{"rendered":"<p>&nbsp;<\/p>\n<table border=\"1\" cellspacing=\"1\" cellpadding=\"1\">\n<tbody>\n<tr>\n<td><strong>Nom latin :<\/strong><\/td>\n<td><strong><img data-recalc-dims=\"1\" loading=\"lazy\" decoding=\"async\" src=\"https:\/\/i0.wp.com\/www.antstore.net\/shop\/images\/icons\/ants\/lateinname.jpg?resize=30%2C30&#038;ssl=1\" alt=\"\" width=\"30\" height=\"30\" \/><\/strong><\/td>\n<td><em>Formica (Serviformica) rufibarbis<\/em><\/td>\n<\/tr>\n<tr>\n<td><strong>Nom trivial :<\/strong><\/td>\n<td><strong><img data-recalc-dims=\"1\" loading=\"lazy\" decoding=\"async\" src=\"https:\/\/i0.wp.com\/www.antstore.net\/shop\/images\/icons\/ants\/trivialname.jpg?resize=30%2C30&#038;ssl=1\" alt=\"\" width=\"30\" height=\"30\" \/><\/strong><\/td>\n<td>Esclave \u00e0 barbe rouge<\/td>\n<\/tr>\n<tr>\n<td><strong>Taxonomie :<\/strong><\/td>\n<td><strong><img data-recalc-dims=\"1\" loading=\"lazy\" decoding=\"async\" src=\"https:\/\/i0.wp.com\/www.antstore.net\/shop\/images\/icons\/ants\/taxonomie.jpg?resize=30%2C30&#038;ssl=1\" alt=\"\" width=\"30\" height=\"30\" \/><\/strong><\/td>\n<td><strong>Sous-famille :<\/strong> Formicinae <strong>Tribu :<\/strong> Formicini<\/td>\n<\/tr>\n<tr>\n<td><strong>Niveau de garde :<\/strong><\/td>\n<td><strong><img data-recalc-dims=\"1\" loading=\"lazy\" decoding=\"async\" src=\"https:\/\/i0.wp.com\/www.antstore.net\/shop\/images\/icons\/ants\/haltungsklasse.jpg?resize=30%2C30&#038;ssl=1\" alt=\"\" width=\"30\" height=\"30\" \/><\/strong><\/td>\n<td><strong>(1)<\/strong> Cependant, dans les petits bassins, ils utilisent facilement leur acide formique.<\/td>\n<\/tr>\n<tr>\n<td><strong>Distribution :<\/strong><\/td>\n<td><strong><img data-recalc-dims=\"1\" loading=\"lazy\" decoding=\"async\" src=\"https:\/\/i0.wp.com\/www.antstore.net\/shop\/images\/icons\/ants\/verbreitung.jpg?resize=30%2C30&#038;ssl=1\" alt=\"\" width=\"30\" height=\"30\" \/><\/strong><\/td>\n<td>tout au-dessus de l'europe<\/td>\n<\/tr>\n<tr>\n<td><strong>Habituez-vous :<\/strong><\/td>\n<td><strong><img data-recalc-dims=\"1\" loading=\"lazy\" decoding=\"async\" src=\"https:\/\/i0.wp.com\/www.antstore.net\/shop\/images\/icons\/ants\/habitat.jpg?resize=30%2C30&#038;ssl=1\" alt=\"\" width=\"30\" height=\"30\" \/><\/strong><\/td>\n<td>extr\u00eamement thermophile, pr\u00e9f\u00e8re les zones sablonneuses (par exemple les lits de rivi\u00e8re, les for\u00eats), les prairies s\u00e8ches.<\/td>\n<\/tr>\n<tr>\n<td><strong>Colonyform :<\/strong><\/td>\n<td><strong><img data-recalc-dims=\"1\" loading=\"lazy\" decoding=\"async\" src=\"https:\/\/i0.wp.com\/www.antstore.net\/shop\/images\/icons\/ants\/Kolonieform.jpg?resize=30%2C30&#038;ssl=1\" alt=\"\" width=\"30\" height=\"30\" \/><\/strong><\/td>\n<td>monogyne et polygyne<\/td>\n<\/tr>\n<tr>\n<td><strong>La reine :<\/strong><\/td>\n<td><strong><img data-recalc-dims=\"1\" loading=\"lazy\" decoding=\"async\" src=\"https:\/\/i0.wp.com\/www.antstore.net\/shop\/images\/icons\/ants\/koenigin.jpg?resize=30%2C30&#038;ssl=1\" alt=\"\" width=\"30\" height=\"30\" \/><\/strong><\/td>\n<td><strong>Taille :<\/strong> 9 - 10 mm <strong>Couleur :<\/strong> T\u00eate et Gaster noirs, Thorax rouge<\/td>\n<\/tr>\n<tr>\n<td><strong>Travailleur :<\/strong><\/td>\n<td><img data-recalc-dims=\"1\" loading=\"lazy\" decoding=\"async\" src=\"https:\/\/i0.wp.com\/www.antstore.net\/shop\/images\/icons\/ants\/arbeiterin.jpg?resize=30%2C30&#038;ssl=1\" alt=\"\" width=\"30\" height=\"30\" \/><\/td>\n<td><strong>Taille :<\/strong> 4 - 7,5 mm <strong>Couleur :<\/strong> T\u00eate et Gaster noirs, Thorax rouge<\/td>\n<\/tr>\n<tr>\n<td><strong>Soldat :<\/strong><\/td>\n<td><img data-recalc-dims=\"1\" loading=\"lazy\" decoding=\"async\" src=\"https:\/\/i0.wp.com\/www.antstore.net\/shop\/images\/icons\/ants\/soldaten.jpg?resize=30%2C30&#038;ssl=1\" alt=\"\" width=\"30\" height=\"30\" \/><\/td>\n<td>pas pr\u00e9sent<\/td>\n<\/tr>\n<tr>\n<td><strong>Les m\u00e2les :<\/strong><\/td>\n<td><img data-recalc-dims=\"1\" loading=\"lazy\" decoding=\"async\" src=\"https:\/\/i0.wp.com\/www.antstore.net\/shop\/images\/icons\/ants\/maennchen.jpg?resize=30%2C30&#038;ssl=1\" alt=\"\" width=\"30\" height=\"30\" \/><\/td>\n<td><strong>Taille :<\/strong> 9 - 10 mm <strong>Couleur :<\/strong> noir<\/td>\n<\/tr>\n<tr>\n<td><strong>Nutrion :<\/strong><\/td>\n<td><img data-recalc-dims=\"1\" loading=\"lazy\" decoding=\"async\" src=\"https:\/\/i0.wp.com\/www.antstore.net\/shop\/images\/icons\/ants\/nahrung.jpg?resize=30%2C30&#038;ssl=1\" alt=\"\" width=\"30\" height=\"30\" \/><\/td>\n<td>Eau de miel et insectes, par exemple les dipt\u00e8res comme les mouches ou les moustiques.<\/td>\n<\/tr>\n<tr>\n<td><strong>Humidit\u00e9 de l'air :<\/strong><\/td>\n<td><strong><img data-recalc-dims=\"1\" loading=\"lazy\" decoding=\"async\" src=\"https:\/\/i0.wp.com\/www.antstore.net\/shop\/images\/icons\/ants\/feuchtigkeit.jpg?resize=30%2C30&#038;ssl=1\" alt=\"\" width=\"30\" height=\"30\" \/><\/strong><\/td>\n<td><strong>Arena :<\/strong> 30 &#8211; 50% <strong>Nestpart :<\/strong> 50 &#8211; 60%<\/td>\n<\/tr>\n<tr>\n<td><strong>Temp\u00e9rature :<\/strong><\/td>\n<td><strong><img data-recalc-dims=\"1\" loading=\"lazy\" decoding=\"async\" src=\"https:\/\/i0.wp.com\/www.antstore.net\/shop\/images\/icons\/ants\/temperatur.jpg?resize=30%2C30&#038;ssl=1\" alt=\"\" width=\"30\" height=\"30\" \/><\/strong><\/td>\n<td><strong>Arena :<\/strong> 18 - 28\u00b0C <strong>Nestpart :<\/strong> 21 - 24\u00b0C<\/td>\n<\/tr>\n<tr>\n<td><strong>Hibernation :<\/strong><\/td>\n<td><img data-recalc-dims=\"1\" loading=\"lazy\" decoding=\"async\" src=\"https:\/\/i0.wp.com\/www.antstore.net\/shop\/images\/icons\/ants\/winterruhe.jpg?resize=30%2C30&#038;ssl=1\" alt=\"\" width=\"30\" height=\"30\" \/><\/td>\n<td>oui, de fin octobre \u00e0 fin mars \u00e0 5 - 8\u00b0C<\/td>\n<\/tr>\n<tr>\n<td><strong>Nestform :<\/strong><\/td>\n<td><img data-recalc-dims=\"1\" loading=\"lazy\" decoding=\"async\" src=\"https:\/\/i0.wp.com\/www.antstore.net\/shop\/images\/icons\/ants\/nestform.jpg?resize=30%2C30&#038;ssl=1\" alt=\"\" width=\"30\" height=\"30\" \/><\/td>\n<td>Construire leur nid dans le sol ou sous les pierres<\/td>\n<\/tr>\n<tr>\n<td><strong>Une sorte de Formicaria :<\/strong><\/td>\n<td><img data-recalc-dims=\"1\" loading=\"lazy\" decoding=\"async\" src=\"https:\/\/i0.wp.com\/www.antstore.net\/shop\/images\/icons\/ants\/formicarienart.jpg?resize=30%2C30&#038;ssl=1\" alt=\"\" width=\"30\" height=\"30\" \/><\/td>\n<td>Ferme, Farmbasin, Cuvette, Framebasin, Ile, Acrylcylinder, Ytong\/ Plaster, Digfix<\/td>\n<\/tr>\n<tr>\n<td><strong>Taille de Formicaria :<\/strong><\/td>\n<td><strong><img data-recalc-dims=\"1\" loading=\"lazy\" decoding=\"async\" src=\"https:\/\/i0.wp.com\/www.antstore.net\/shop\/images\/icons\/ants\/formicariengroesse.jpg?resize=30%2C30&#038;ssl=1\" alt=\"\" width=\"30\" height=\"30\" \/><\/strong><\/td>\n<td><strong>Taille :<\/strong> <strong><span style=\"color: #339966;\">M<\/span><\/strong><\/td>\n<\/tr>\n<tr>\n<td><strong>Substrat :<\/strong><\/td>\n<td><strong><img data-recalc-dims=\"1\" loading=\"lazy\" decoding=\"async\" src=\"https:\/\/i0.wp.com\/www.antstore.net\/shop\/images\/icons\/ants\/substrat.jpg?resize=30%2C30&#038;ssl=1\" alt=\"\" width=\"30\" height=\"30\" \/><\/strong><\/td>\n<td><strong>Ferme :<\/strong> Sable - Loam <strong>Arena :<\/strong> Sable - Loam<\/td>\n<\/tr>\n<tr>\n<td><strong>Plantation :<\/strong><\/td>\n<td><img data-recalc-dims=\"1\" loading=\"lazy\" decoding=\"async\" src=\"https:\/\/i0.wp.com\/www.antstore.net\/shop\/images\/icons\/ants\/bepflanzung.jpg?resize=30%2C30&#038;ssl=1\" alt=\"\" width=\"30\" height=\"30\" \/><\/td>\n<td>comme une prairie<\/td>\n<\/tr>\n<tr>\n<td><strong>D\u00e9coration :<\/strong><\/td>\n<td><img data-recalc-dims=\"1\" loading=\"lazy\" decoding=\"async\" src=\"https:\/\/i0.wp.com\/www.antstore.net\/shop\/images\/icons\/ants\/dekoration.jpg?resize=30%2C30&#038;ssl=1\" alt=\"\" width=\"30\" height=\"30\" \/><\/td>\n<td>Branches, racines, tr\u00e9neaux<\/td>\n<\/tr>\n<tr>\n<td><strong>Description :<\/strong><\/td>\n<td><img data-recalc-dims=\"1\" loading=\"lazy\" decoding=\"async\" src=\"https:\/\/i0.wp.com\/www.antstore.net\/shop\/images\/icons\/ants\/beschreibung.jpg?resize=30%2C30&#038;ssl=1\" alt=\"\" width=\"30\" height=\"30\" \/><\/td>\n<td>Formica rufibarbis est une esp\u00e8ce de fourmi agressive qui peut \u00e9galement se d\u00e9fendre contre des parasites sociaux tels que Raptifomica sanguinea ou Polyergus rufescens.<\/td>\n<\/tr>\n<tr>\n<td><strong>D\u00e9veloppement :<\/strong><\/td>\n<td><strong><img data-recalc-dims=\"1\" loading=\"lazy\" decoding=\"async\" src=\"https:\/\/i0.wp.com\/www.antstore.net\/shop\/images\/icons\/ants\/entwicklung.jpg?resize=30%2C30&#038;ssl=1\" alt=\"\" width=\"30\" height=\"30\" \/><\/strong><\/td>\n<td><strong>vol d'accouplement :<\/strong> les jours chauds de mi-mai \u00e0 fin juin entre 22 et 28\u00b0C,<br \/>\n<strong>la fondation :<\/strong>\u00a0 claustral (sans alimentation)<br \/>\n<strong>colonysize :<\/strong> quelques 1.000 individus<\/td>\n<\/tr>\n<tr>\n<td><strong>Quantit\u00e9 :<\/strong><\/td>\n<td><img data-recalc-dims=\"1\" loading=\"lazy\" decoding=\"async\" src=\"https:\/\/i0.wp.com\/www.antstore.net\/shop\/images\/icons\/ants\/menge.jpg?resize=30%2C30&#038;ssl=1\" alt=\"\" width=\"30\" height=\"30\" \/><\/td>\n<td>une reine f\u00e9cond\u00e9e avec des ouvri\u00e8res (voir s\u00e9lection) ; du couvain (selon la saison et le d\u00e9veloppement)<\/td>\n<\/tr>\n<tr>\n<td><strong>Liens Internet :<\/strong><\/td>\n<td><a href=\"http:\/\/www.antstore.net\/viewforum.php?f=9\"><span style=\"color: #0000ff;\"><img data-recalc-dims=\"1\" loading=\"lazy\" decoding=\"async\" src=\"https:\/\/i0.wp.com\/www.antstore.net\/shop\/images\/icons\/ants\/weblinks.jpg?resize=30%2C30&#038;ssl=1\" alt=\"\" width=\"30\" height=\"30\" \/><\/span><\/a><\/td>\n<td><a href=\"http:\/\/www.antstore.net\/viewforum.php?f=26\"><span style=\"color: #0000ff;\">- Forum<\/span><\/a><\/p>\n<p><span style=\"color: #0000ff;\"><a href=\"http:\/\/www.antweb.org\/\/description.do?name=rufibarbis&amp;genus=formica&amp;rank=species&amp;project=allantwebants\">- R\u00e9f\u00e9rence<\/a><\/span><\/td>\n<\/tr>\n<\/tbody>\n<\/table>","protected":false},"excerpt":{"rendered":"<p>Maintien du niveau 1<br \/>\n<span style=\"color: #000000;\">Taille :\u00a0<\/span> <strong>M<\/strong><\/p>","protected":false},"featured_media":3334,"comment_status":"open","ping_status":"closed","template":"","meta":{"_acf_changed":false,"content-type":"","_monsterinsights_skip_tracking":false,"_monsterinsights_sitenote_active":false,"_monsterinsights_sitenote_note":"","_monsterinsights_sitenote_category":0},"product_brand":[],"product_cat":[107,112,108,109],"product_tag":[],"class_list":{"0":"post-2721","1":"product","2":"type-product","3":"status-publish","4":"has-post-thumbnail","6":"product_cat-ants","7":"product_cat-asia","8":"product_cat-northern-europe","9":"product_cat-southern-europe","11":"first","12":"instock","13":"product-type-external"},"acf":[],"aioseo_notices":[],"jetpack_sharing_enabled":true,"_links":{"self":[{"href":"https:\/\/antcube.shop\/fr\/wp-json\/wp\/v2\/product\/2721","targetHints":{"allow":["GET"]}}],"collection":[{"href":"https:\/\/antcube.shop\/fr\/wp-json\/wp\/v2\/product"}],"about":[{"href":"https:\/\/antcube.shop\/fr\/wp-json\/wp\/v2\/types\/product"}],"replies":[{"embeddable":true,"href":"https:\/\/antcube.shop\/fr\/wp-json\/wp\/v2\/comments?post=2721"}],"wp:featuredmedia":[{"embeddable":true,"href":"https:\/\/antcube.shop\/fr\/wp-json\/wp\/v2\/media\/3334"}],"wp:attachment":[{"href":"https:\/\/antcube.shop\/fr\/wp-json\/wp\/v2\/media?parent=2721"}],"wp:term":[{"taxonomy":"product_brand","embeddable":true,"href":"https:\/\/antcube.shop\/fr\/wp-json\/wp\/v2\/product_brand?post=2721"},{"taxonomy":"product_cat","embeddable":true,"href":"https:\/\/antcube.shop\/fr\/wp-json\/wp\/v2\/product_cat?post=2721"},{"taxonomy":"product_tag","embeddable":true,"href":"https:\/\/antcube.shop\/fr\/wp-json\/wp\/v2\/product_tag?post=2721"}],"curies":[{"name":"wp","href":"https:\/\/api.w.org\/{rel}","templated":true}]}}