{"id":2693,"date":"2021-10-08T11:57:10","date_gmt":"2021-10-08T09:57:10","guid":{"rendered":"https:\/\/antcube.shop\/produkt\/lasius-niger-schwarze-wegameise\/"},"modified":"2024-10-25T12:16:50","modified_gmt":"2024-10-25T10:16:50","slug":"lasius-niger-schwarze-wegameise","status":"publish","type":"product","link":"https:\/\/antcube.shop\/fr\/produit\/lasius-niger-schwarze-wegameise\/","title":{"rendered":"Lasius niger"},"content":{"rendered":"<p>&nbsp;<\/p>\n<table border=\"1\" cellspacing=\"1\" cellpadding=\"1\">\n<tbody>\n<tr>\n<td><strong>Nom latin :<\/strong><\/td>\n<td><strong><img data-recalc-dims=\"1\" loading=\"lazy\" decoding=\"async\" src=\"https:\/\/i0.wp.com\/www.antstore.net\/shop\/images\/icons\/ants\/lateinname.jpg?resize=30%2C30&#038;ssl=1\" alt=\"\" width=\"30\" height=\"30\" \/><\/strong><\/td>\n<td><em>Lasius niger<\/em><\/td>\n<\/tr>\n<tr>\n<td><strong>Nom trivial :<\/strong><\/td>\n<td><strong><img data-recalc-dims=\"1\" loading=\"lazy\" decoding=\"async\" src=\"https:\/\/i0.wp.com\/www.antstore.net\/shop\/images\/icons\/ants\/trivialname.jpg?resize=30%2C30&#038;ssl=1\" alt=\"\" width=\"30\" height=\"30\" \/><\/strong><\/td>\n<td>Fourmi noire de jardin<\/td>\n<\/tr>\n<tr>\n<td><strong>Taxonomie :<\/strong><\/td>\n<td><strong><img data-recalc-dims=\"1\" loading=\"lazy\" decoding=\"async\" src=\"https:\/\/i0.wp.com\/www.antstore.net\/shop\/images\/icons\/ants\/taxonomie.jpg?resize=30%2C30&#038;ssl=1\" alt=\"\" width=\"30\" height=\"30\" \/><\/strong><\/td>\n<td><strong>Sous-famille :<\/strong> Formicinae, <strong>Tribu :<\/strong> Lasiini<\/td>\n<\/tr>\n<tr>\n<td><strong>Niveau de garde :<\/strong><\/td>\n<td><strong><img data-recalc-dims=\"1\" loading=\"lazy\" decoding=\"async\" src=\"https:\/\/i0.wp.com\/www.antstore.net\/shop\/images\/icons\/ants\/haltungsklasse.jpg?resize=30%2C30&#038;ssl=1\" alt=\"\" width=\"30\" height=\"30\" \/><\/strong><\/td>\n<td><strong>(1)<\/strong> tr\u00e8s facile \u00e0 conserver<\/td>\n<\/tr>\n<tr>\n<td><strong>Distribution :<\/strong><\/td>\n<td><strong><img data-recalc-dims=\"1\" loading=\"lazy\" decoding=\"async\" src=\"https:\/\/i0.wp.com\/www.antstore.net\/shop\/images\/icons\/ants\/verbreitung.jpg?resize=30%2C30&#038;ssl=1\" alt=\"\" width=\"30\" height=\"30\" \/><\/strong><\/td>\n<td>tous au-dessus de l'Europe, Afrique du Nord, Asie \u00e0 climat mod\u00e9r\u00e9, Am\u00e9rique du Nord<\/td>\n<\/tr>\n<tr>\n<td><strong>Habitat :<\/strong><\/td>\n<td><strong><img data-recalc-dims=\"1\" loading=\"lazy\" decoding=\"async\" src=\"https:\/\/i0.wp.com\/www.antstore.net\/shop\/images\/icons\/ants\/habitat.jpg?resize=30%2C30&#038;ssl=1\" alt=\"\" width=\"30\" height=\"30\" \/><\/strong><\/td>\n<td>pr\u00e9f\u00e8re les terrains ouverts expos\u00e9s au soleil, souvent dans les zones rurales et dans les terrains perturb\u00e9s par l'homme.<\/td>\n<\/tr>\n<tr>\n<td><strong>Colonyform :<\/strong><\/td>\n<td><strong><img data-recalc-dims=\"1\" loading=\"lazy\" decoding=\"async\" src=\"https:\/\/i0.wp.com\/www.antstore.net\/shop\/images\/icons\/ants\/Kolonieform.jpg?resize=30%2C30&#038;ssl=1\" alt=\"\" width=\"30\" height=\"30\" \/><\/strong><\/td>\n<td>monogyne<\/td>\n<\/tr>\n<tr>\n<td><strong>La reine :<\/strong><\/td>\n<td><strong><img data-recalc-dims=\"1\" loading=\"lazy\" decoding=\"async\" src=\"https:\/\/i0.wp.com\/www.antstore.net\/shop\/images\/icons\/ants\/koenigin.jpg?resize=30%2C30&#038;ssl=1\" alt=\"\" width=\"30\" height=\"30\" \/><\/strong><\/td>\n<td><strong>Taille :<\/strong> 9mm <strong>Couleur :<\/strong> noir ; brillance brun clair<\/td>\n<\/tr>\n<tr>\n<td><strong>Travailleur :<\/strong><\/td>\n<td><img data-recalc-dims=\"1\" loading=\"lazy\" decoding=\"async\" src=\"https:\/\/i0.wp.com\/www.antstore.net\/shop\/images\/icons\/ants\/arbeiterin.jpg?resize=30%2C30&#038;ssl=1\" alt=\"\" width=\"30\" height=\"30\" \/><\/td>\n<td><strong>Taille :<\/strong> 3 - 5mm <strong>Couleur : <\/strong>noir avec des reflets marron clair<\/td>\n<\/tr>\n<tr>\n<td><strong>Soldat :<\/strong><\/td>\n<td><img data-recalc-dims=\"1\" loading=\"lazy\" decoding=\"async\" src=\"https:\/\/i0.wp.com\/www.antstore.net\/shop\/images\/icons\/ants\/soldaten.jpg?resize=30%2C30&#038;ssl=1\" alt=\"\" width=\"30\" height=\"30\" \/><\/td>\n<td>pas pr\u00e9sent<\/td>\n<\/tr>\n<tr>\n<td><strong>Les m\u00e2les :<\/strong><\/td>\n<td><img data-recalc-dims=\"1\" loading=\"lazy\" decoding=\"async\" src=\"https:\/\/i0.wp.com\/www.antstore.net\/shop\/images\/icons\/ants\/maennchen.jpg?resize=30%2C30&#038;ssl=1\" alt=\"\" width=\"30\" height=\"30\" \/><\/td>\n<td><strong>Taille :<\/strong> 3,5 - 4,5mm<strong> Couleur :<\/strong> noir , mince<\/td>\n<\/tr>\n<tr>\n<td><strong>La nutrition :<\/strong><\/td>\n<td><img data-recalc-dims=\"1\" loading=\"lazy\" decoding=\"async\" src=\"https:\/\/i0.wp.com\/www.antstore.net\/shop\/images\/icons\/ants\/nahrung.jpg?resize=30%2C30&#038;ssl=1\" alt=\"\" width=\"30\" height=\"30\" \/><\/td>\n<td>Eau de miel et insectes, par exemple les dipt\u00e8res comme les mouches ou les moustiques.<\/td>\n<\/tr>\n<tr>\n<td><strong>Humidit\u00e9 de l'air :<\/strong><\/td>\n<td><strong><img data-recalc-dims=\"1\" loading=\"lazy\" decoding=\"async\" src=\"https:\/\/i0.wp.com\/www.antstore.net\/shop\/images\/icons\/ants\/feuchtigkeit.jpg?resize=30%2C30&#038;ssl=1\" alt=\"\" width=\"30\" height=\"30\" \/><\/strong><\/td>\n<td><strong>Arena :<\/strong> 30 &#8211; 50% <strong>Nestpart :<\/strong> 50 &#8211; 60%<\/td>\n<\/tr>\n<tr>\n<td><strong>Temp\u00e9rature :<\/strong><\/td>\n<td><strong><img data-recalc-dims=\"1\" loading=\"lazy\" decoding=\"async\" src=\"https:\/\/i0.wp.com\/www.antstore.net\/shop\/images\/icons\/ants\/temperatur.jpg?resize=30%2C30&#038;ssl=1\" alt=\"\" width=\"30\" height=\"30\" \/><\/strong><\/td>\n<td><strong>Arena :<\/strong> 18 - 28\u00b0C <strong>Nestpart :<\/strong> 21 - 24\u00b0C<\/td>\n<\/tr>\n<tr>\n<td><strong>Hibernation :<\/strong><\/td>\n<td><img data-recalc-dims=\"1\" loading=\"lazy\" decoding=\"async\" src=\"https:\/\/i0.wp.com\/www.antstore.net\/shop\/images\/icons\/ants\/winterruhe.jpg?resize=30%2C30&#038;ssl=1\" alt=\"\" width=\"30\" height=\"30\" \/><\/td>\n<td>oui, de fin octobre \u00e0 fin mars \u00e0 5 - 8\u00b0C<\/td>\n<\/tr>\n<tr>\n<td><strong>Nestform :<\/strong><\/td>\n<td><img data-recalc-dims=\"1\" loading=\"lazy\" decoding=\"async\" src=\"https:\/\/i0.wp.com\/www.antstore.net\/shop\/images\/icons\/ants\/nestform.jpg?resize=30%2C30&#038;ssl=1\" alt=\"\" width=\"30\" height=\"30\" \/><\/td>\n<td>Construisent leur nid dans le sol, sous les pierres,<\/td>\n<\/tr>\n<tr>\n<td><strong>Une sorte de Formicaria :<\/strong><\/td>\n<td><img data-recalc-dims=\"1\" loading=\"lazy\" decoding=\"async\" src=\"https:\/\/i0.wp.com\/www.antstore.net\/shop\/images\/icons\/ants\/formicarienart.jpg?resize=30%2C30&#038;ssl=1\" alt=\"\" width=\"30\" height=\"30\" \/><\/td>\n<td>Ferme, Farmbasin, Bassin, Framebasin, \u00cele, Ytong\/Plaster, Digfix<\/td>\n<\/tr>\n<tr>\n<td><strong>Taille de Formicaria :<\/strong><\/td>\n<td><strong><img data-recalc-dims=\"1\" loading=\"lazy\" decoding=\"async\" src=\"https:\/\/i0.wp.com\/www.antstore.net\/shop\/images\/icons\/ants\/formicariengroesse.jpg?resize=30%2C30&#038;ssl=1\" alt=\"\" width=\"30\" height=\"30\" \/><\/strong><\/td>\n<td><strong>Taille :<\/strong> <strong>S<\/strong> &#8211; <strong>M<\/strong><\/td>\n<\/tr>\n<tr>\n<td><strong>Substrat :<\/strong><\/td>\n<td><strong><img data-recalc-dims=\"1\" loading=\"lazy\" decoding=\"async\" src=\"https:\/\/i0.wp.com\/www.antstore.net\/shop\/images\/icons\/ants\/substrat.jpg?resize=30%2C30&#038;ssl=1\" alt=\"\" width=\"30\" height=\"30\" \/><\/strong><\/td>\n<td><strong>Ferme :<\/strong> Sable et mousse <strong>Arena :<\/strong> Sable et mousse<\/td>\n<\/tr>\n<tr>\n<td><strong>Plantation :<\/strong><\/td>\n<td><img data-recalc-dims=\"1\" loading=\"lazy\" decoding=\"async\" src=\"https:\/\/i0.wp.com\/www.antstore.net\/shop\/images\/icons\/ants\/bepflanzung.jpg?resize=30%2C30&#038;ssl=1\" alt=\"\" width=\"30\" height=\"30\" \/><\/td>\n<td>semblable aux zones de for\u00eat et de sable, mousse, herbe et autres plantes<\/td>\n<\/tr>\n<tr>\n<td><strong>D\u00e9coration :<\/strong><\/td>\n<td><img data-recalc-dims=\"1\" loading=\"lazy\" decoding=\"async\" src=\"https:\/\/i0.wp.com\/www.antstore.net\/shop\/images\/icons\/ants\/dekoration.jpg?resize=30%2C30&#038;ssl=1\" alt=\"\" width=\"30\" height=\"30\" \/><\/td>\n<td>Branches, racines, tr\u00e9neaux, pierres<\/td>\n<\/tr>\n<tr>\n<td><strong>Description :<\/strong><\/td>\n<td><img data-recalc-dims=\"1\" loading=\"lazy\" decoding=\"async\" src=\"https:\/\/i0.wp.com\/www.antstore.net\/shop\/images\/icons\/ants\/beschreibung.jpg?resize=30%2C30&#038;ssl=1\" alt=\"\" width=\"30\" height=\"30\" \/><\/td>\n<td>Fourmis tr\u00e8s r\u00e9sistantes et d\u00e9fendables qui se d\u00e9veloppent en une grande colonie si elles sont bien gard\u00e9es. En 3 ans, elles peuvent atteindre une population de 10 000 ouvri\u00e8res. Dans la nature, elles \u00e9l\u00e8vent des pucerons, par exemple sur les roses, les baies de sureau, les groseilles rouges et noires.<\/td>\n<\/tr>\n<tr>\n<td><strong>D\u00e9veloppement :<\/strong><\/td>\n<td><strong><img data-recalc-dims=\"1\" loading=\"lazy\" decoding=\"async\" src=\"https:\/\/i0.wp.com\/www.antstore.net\/shop\/images\/icons\/ants\/entwicklung.jpg?resize=30%2C30&#038;ssl=1\" alt=\"\" width=\"30\" height=\"30\" \/><\/strong><\/td>\n<td><strong>vol d'accouplement :<\/strong> les jours chauds, de mi-mai \u00e0 fin juin, entre 22 et 28\u00b0C.<br \/>\n<strong>la fondation :<\/strong>\u00a0 claustral (sans alimentation)<br \/>\nde l'\u0153uf \u00e0 l'adulte environ 6 \u00e0 8 semaines (de l'\u0153uf \u00e0 la larve : environ 10 \u00e0 12 jours, de la larve \u00e0 la nymphe : environ 10 \u00e0 14 jours, de la nymphe \u00e0 l'adulte : environ 10 \u00e0 24 jours, selon la temp\u00e9rature).<br \/>\nLa dur\u00e9e de vie de la reine peut aller jusqu'\u00e0 15 ans (ce n'est pas encore tout \u00e0 fait clair).<br \/>\n<strong>colonysize :<\/strong> jusqu'\u00e0 40.000 personnes<\/td>\n<\/tr>\n<tr>\n<td><strong>Quantit\u00e9 :<\/strong><\/td>\n<td><img data-recalc-dims=\"1\" loading=\"lazy\" decoding=\"async\" src=\"https:\/\/i0.wp.com\/www.antstore.net\/shop\/images\/icons\/ants\/menge.jpg?resize=30%2C30&#038;ssl=1\" alt=\"\" width=\"30\" height=\"30\" \/><\/td>\n<td>une reine f\u00e9cond\u00e9e avec des ouvri\u00e8res (voir s\u00e9lection) ; du couvain (selon la saison et le d\u00e9veloppement)<\/td>\n<\/tr>\n<tr>\n<td><strong>Liens Internet :<\/strong><\/td>\n<td><a href=\"http:\/\/www.antstore.net\/viewforum.php?f=9\"><span style=\"color: #0000ff;\"><img data-recalc-dims=\"1\" loading=\"lazy\" decoding=\"async\" src=\"https:\/\/i0.wp.com\/www.antstore.net\/shop\/images\/icons\/ants\/weblinks.jpg?resize=30%2C30&#038;ssl=1\" alt=\"\" width=\"30\" height=\"30\" \/><\/span><\/a><\/td>\n<td><a href=\"http:\/\/www.antstore.net\/viewforum.php?f=26\"><span style=\"color: #0000ff;\">- Forum<\/span><\/a><\/p>\n<p><span style=\"color: #0000ff;\"><a href=\"http:\/\/www.antweb.org\/description.do?subfamily=formicinae&amp;genus=lasius&amp;name=niger&amp;rank=species&amp;project=allantwebants\">- R\u00e9f\u00e9rence<\/a><\/span><\/td>\n<\/tr>\n<\/tbody>\n<\/table>","protected":false},"excerpt":{"rendered":"<p>Maintien du niveau 1<br \/>\nTaille : <strong>S<\/strong><span style=\"color: #000000;\"><strong><span style=\"color: #339966;\"> - M<\/span><\/strong><\/span><\/p>","protected":false},"featured_media":3396,"comment_status":"open","ping_status":"closed","template":"","meta":{"_acf_changed":false,"content-type":"","_monsterinsights_skip_tracking":false,"_monsterinsights_sitenote_active":false,"_monsterinsights_sitenote_note":"","_monsterinsights_sitenote_category":0},"product_brand":[],"product_cat":[107,112,108,109],"product_tag":[],"class_list":{"0":"post-2693","1":"product","2":"type-product","3":"status-publish","4":"has-post-thumbnail","6":"product_cat-ants","7":"product_cat-asia","8":"product_cat-northern-europe","9":"product_cat-southern-europe","11":"first","12":"instock","13":"taxable","14":"shipping-taxable","15":"product-type-external"},"acf":[],"aioseo_notices":[],"jetpack_sharing_enabled":true,"_links":{"self":[{"href":"https:\/\/antcube.shop\/fr\/wp-json\/wp\/v2\/product\/2693","targetHints":{"allow":["GET"]}}],"collection":[{"href":"https:\/\/antcube.shop\/fr\/wp-json\/wp\/v2\/product"}],"about":[{"href":"https:\/\/antcube.shop\/fr\/wp-json\/wp\/v2\/types\/product"}],"replies":[{"embeddable":true,"href":"https:\/\/antcube.shop\/fr\/wp-json\/wp\/v2\/comments?post=2693"}],"wp:featuredmedia":[{"embeddable":true,"href":"https:\/\/antcube.shop\/fr\/wp-json\/wp\/v2\/media\/3396"}],"wp:attachment":[{"href":"https:\/\/antcube.shop\/fr\/wp-json\/wp\/v2\/media?parent=2693"}],"wp:term":[{"taxonomy":"product_brand","embeddable":true,"href":"https:\/\/antcube.shop\/fr\/wp-json\/wp\/v2\/product_brand?post=2693"},{"taxonomy":"product_cat","embeddable":true,"href":"https:\/\/antcube.shop\/fr\/wp-json\/wp\/v2\/product_cat?post=2693"},{"taxonomy":"product_tag","embeddable":true,"href":"https:\/\/antcube.shop\/fr\/wp-json\/wp\/v2\/product_tag?post=2693"}],"curies":[{"name":"wp","href":"https:\/\/api.w.org\/{rel}","templated":true}]}}