{"id":2672,"date":"2021-10-04T15:33:44","date_gmt":"2021-10-04T13:33:44","guid":{"rendered":"https:\/\/antcube.shop\/produkt\/antcube-starter-set-m-20x20-combi\/"},"modified":"2026-04-10T18:11:20","modified_gmt":"2026-04-10T16:11:20","slug":"kit-de-depart-pour-cube-m-20x20-combi","status":"publish","type":"product","link":"https:\/\/antcube.shop\/fr\/produit\/kit-de-depart-pour-cube-m-20x20-combi\/","title":{"rendered":"ANTCUBE Starter Set M - 20\u00d720 - Combi"},"content":{"rendered":"<p>Contenu :<br \/>\n1x ANTCUBE - Ar\u00e8ne 20x20x20 - Combi M<br \/>\n1x couverture de fourmili\u00e8re 20\u00d720<br \/>\n4x point de fixation pour la couverture de l'ar\u00e8ne<br \/>\n2x bouchons Formicarium pour trou de 27mm<br \/>\n2x bouchon Formicarium pour trou de 50mm<br \/>\n1x substrat - beige sable-loam - 1000g<br \/>\n1x abreuvoir 2ml - 360 degr\u00e9s<br \/>\n1x dish clear 1&#215;20 &#8211; sponge<br \/>\n1x loupe \u00e0 main - 2x - 30mm<br \/>\n1x pince \u00e0 \u00e9piler en plastique transparent<br \/>\n1x pipette en plastique 3ml<br \/>\n1x Huile anti-fourmis 10ml<br \/>\n1x racleur en mousse 150x18x2,5mm<\/p>\n<p><strong>Description :<\/strong><br \/>\nCe Starter Set - Combi convient \u00e0 la plupart des esp\u00e8ces de fourmis nichant dans le sol.<br \/>\nL'ensemble est tr\u00e8s compact et les accessoires inclus sont r\u00e9duits au plus important.<br \/>\nIl s'agit donc d'un ensemble bon march\u00e9 fabriqu\u00e9 avec des mat\u00e9riaux de haute qualit\u00e9, id\u00e9al pour les d\u00e9butants en mati\u00e8re de fourmili\u00e8re.<br \/>\nLe substrat inclus, sable - argile beige, est bien accept\u00e9 par la plupart des esp\u00e8ces de fourmis fouisseuses.<\/p>\n<p>En option, d'autres substrats de sol ou des inserts de nid peuvent \u00eatre plac\u00e9s dans la zone de nidification de l'ar\u00e8ne.<br \/>\nSous les suggestions (voir ci-dessous), vous trouverez d'autres accessoires utiles.<\/p>\n<p><strong>Recommandation :<\/strong> Nous recommandons une couche de substrat de 2 mm de hauteur, afin que les animaux ne puissent pas creuser dans l'ar\u00e8ne et utilisent plut\u00f4t la ferme pr\u00e9vue \u00e0 cet effet. Nous recommandons \u00e9galement que le mat\u00e9riau de nidification de la ferme (sable\/argile, Digfix, etc.) soit l\u00e9g\u00e8rement piqu\u00e9 \u00e0 un endroit pour que les animaux puissent creuser plus facilement.<\/p>\n<p><strong>Important :<\/strong> Veuillez humidifier le substrat avant de l'utiliser afin que le m\u00e9lange puisse se lier et se d\u00e9velopper fermement dans la fourmili\u00e8re. En outre, un substrat trop sec et poussi\u00e9reux peut provoquer l'obstruction des voies respiratoires des fourmis et, dans le pire des cas, les animaux peuvent suffoquer.<\/p>\n<p><strong>Avis :<\/strong><br \/>\nLorsque vous utilisez nos inserts de nids, veuillez noter qu'ils sont plus \u00e9troits de 8 mm, car ils ont \u00e9t\u00e9 con\u00e7us \u00e0 l'origine pour s'adapter \u00e0 nos fourmili\u00e8res plus \u00e9troites ainsi qu'aux inserts d'ar\u00e8nes ! Dans ce cas, l'espace interm\u00e9diaire doit \u00eatre rempli avec un mat\u00e9riau de remplissage tel que du pl\u00e2tre ou de l'argile.<\/p>\n<p><strong>Notes sur la production<\/strong><br \/>\nLe verre est coup\u00e9 selon la norme DIN 1249 avec une tol\u00e9rance de +\/- 1 mm. Pour les esp\u00e8ces de fourmis extr\u00eamement petites, une protection suppl\u00e9mentaire contre les fuites est indispensable.<\/p>\n<p><strong>Instructions :<\/strong><br \/>\n- DE Anleitung Starter Set Combi (PDF 7,98 MB)<br \/>\n- FR Instructions d'utilisation - Starter Set Combi (PDF 7,94 MB)<br \/>\n- ES Manual de instrucciones - Set de inicio Combi (PDF 7,94 MB)<br \/>\n- FR Manuel d'instruction - Kit de d\u00e9marrage Combi (PDF 7,95 MB)<\/p>","protected":false},"excerpt":{"rendered":"<p>L'ensemble se compose de 18 pi\u00e8ces et convient \u00e0 toutes les esp\u00e8ces de fourmis.<br \/>\nTaille : <strong>M<\/strong><\/p>","protected":false},"featured_media":5445,"comment_status":"open","ping_status":"closed","template":"","meta":{"_acf_changed":false,"content-type":"","_monsterinsights_skip_tracking":false,"_monsterinsights_sitenote_active":false,"_monsterinsights_sitenote_note":"","_monsterinsights_sitenote_category":0},"product_brand":[],"product_cat":[73,78],"product_tag":[],"class_list":{"0":"post-2672","1":"product","2":"type-product","3":"status-publish","4":"has-post-thumbnail","6":"product_cat-starter-sets","7":"product_cat-starter-sets-combi","9":"first","10":"instock","11":"taxable","12":"shipping-taxable","13":"purchasable","14":"product-type-simple"},"acf":[],"aioseo_notices":[],"jetpack_sharing_enabled":true,"_links":{"self":[{"href":"https:\/\/antcube.shop\/fr\/wp-json\/wp\/v2\/product\/2672","targetHints":{"allow":["GET"]}}],"collection":[{"href":"https:\/\/antcube.shop\/fr\/wp-json\/wp\/v2\/product"}],"about":[{"href":"https:\/\/antcube.shop\/fr\/wp-json\/wp\/v2\/types\/product"}],"replies":[{"embeddable":true,"href":"https:\/\/antcube.shop\/fr\/wp-json\/wp\/v2\/comments?post=2672"}],"wp:featuredmedia":[{"embeddable":true,"href":"https:\/\/antcube.shop\/fr\/wp-json\/wp\/v2\/media\/5445"}],"wp:attachment":[{"href":"https:\/\/antcube.shop\/fr\/wp-json\/wp\/v2\/media?parent=2672"}],"wp:term":[{"taxonomy":"product_brand","embeddable":true,"href":"https:\/\/antcube.shop\/fr\/wp-json\/wp\/v2\/product_brand?post=2672"},{"taxonomy":"product_cat","embeddable":true,"href":"https:\/\/antcube.shop\/fr\/wp-json\/wp\/v2\/product_cat?post=2672"},{"taxonomy":"product_tag","embeddable":true,"href":"https:\/\/antcube.shop\/fr\/wp-json\/wp\/v2\/product_tag?post=2672"}],"curies":[{"name":"wp","href":"https:\/\/api.w.org\/{rel}","templated":true}]}}