{"id":12443,"date":"2025-09-30T10:07:55","date_gmt":"2025-09-30T08:07:55","guid":{"rendered":"https:\/\/antcube.shop\/en\/product\/poster-lasius-niger-lebensweise-100x70\/"},"modified":"2026-01-12T12:43:19","modified_gmt":"2026-01-12T11:43:19","slug":"affiche-lasius-niger-way-of-life-100x70","status":"publish","type":"product","link":"https:\/\/antcube.shop\/fr\/produit\/affiche-lasius-niger-way-of-life-100x70\/","title":{"rendered":"Affiche - Lasius niger way of life - 100\u00d770"},"content":{"rendered":"<p><strong>Dimensions :<\/strong> 100\u00d770 cm<\/p>\n<p><strong>Mat\u00e9riau :<\/strong> Papier latex<br \/>\nCe papier est imperm\u00e9able, essuyable, r\u00e9sistant, respectueux de l'environnement car il ne contient pas de solvants nocifs pour l'environnement et produit une qualit\u00e9 d'impression exceptionnelle.<\/p>\n<p><strong>Description :<\/strong> Cette affiche donne un aper\u00e7u clair du mode de vie de Lasius niger - la fourmi noire. C'est l'une des esp\u00e8ces de fourmis les plus r\u00e9pandues et les plus connues en Europe, et peut-\u00eatre m\u00eame l'un des repr\u00e9sentants les plus populaires de son genre dans le monde entier.<\/p>\n<p><strong>Important - informations compl\u00e9mentaires :<\/strong> <a href=\"https:\/\/www.ants.de\/link\/1006\">Ici<\/a> vous trouverez une description d\u00e9taill\u00e9e des diff\u00e9rentes sc\u00e8nes sur l'affiche. Celles-ci ne sont pas incluses, mais peuvent \u00eatre consult\u00e9es et imprim\u00e9es s\u00e9par\u00e9ment via le lien suivant. <a href=\"https:\/\/www.ants.de\/link\/1006\">https:\/\/www.ants.de\/link\/1006<\/a><\/p>","protected":false},"excerpt":{"rendered":"<p>Taille : 100\u00d770 cm<\/p>","protected":false},"featured_media":12453,"comment_status":"open","ping_status":"closed","template":"","meta":{"_acf_changed":false,"content-type":"","_monsterinsights_skip_tracking":false,"_monsterinsights_sitenote_active":false,"_monsterinsights_sitenote_note":"","_monsterinsights_sitenote_category":0},"product_brand":[484],"product_cat":[547,500,245],"product_tag":[],"class_list":{"0":"post-12443","1":"product","2":"type-product","3":"status-publish","4":"has-post-thumbnail","6":"product_brand-antcube","7":"product_cat-all-products","8":"product_cat-ant-posters-and-teaching-aids","9":"product_cat-merchandise","11":"first","12":"instock","13":"taxable","14":"shipping-taxable","15":"purchasable","16":"product-type-simple"},"acf":[],"aioseo_notices":[],"jetpack_sharing_enabled":true,"_links":{"self":[{"href":"https:\/\/antcube.shop\/fr\/wp-json\/wp\/v2\/product\/12443","targetHints":{"allow":["GET"]}}],"collection":[{"href":"https:\/\/antcube.shop\/fr\/wp-json\/wp\/v2\/product"}],"about":[{"href":"https:\/\/antcube.shop\/fr\/wp-json\/wp\/v2\/types\/product"}],"replies":[{"embeddable":true,"href":"https:\/\/antcube.shop\/fr\/wp-json\/wp\/v2\/comments?post=12443"}],"wp:featuredmedia":[{"embeddable":true,"href":"https:\/\/antcube.shop\/fr\/wp-json\/wp\/v2\/media\/12453"}],"wp:attachment":[{"href":"https:\/\/antcube.shop\/fr\/wp-json\/wp\/v2\/media?parent=12443"}],"wp:term":[{"taxonomy":"product_brand","embeddable":true,"href":"https:\/\/antcube.shop\/fr\/wp-json\/wp\/v2\/product_brand?post=12443"},{"taxonomy":"product_cat","embeddable":true,"href":"https:\/\/antcube.shop\/fr\/wp-json\/wp\/v2\/product_cat?post=12443"},{"taxonomy":"product_tag","embeddable":true,"href":"https:\/\/antcube.shop\/fr\/wp-json\/wp\/v2\/product_tag?post=12443"}],"curies":[{"name":"wp","href":"https:\/\/api.w.org\/{rel}","templated":true}]}}