{"id":12437,"date":"2025-09-30T10:02:33","date_gmt":"2025-09-30T08:02:33","guid":{"rendered":"https:\/\/antcube.shop\/en\/product\/poster-anatomie-der-ameisen-lasius-niger-70x100\/"},"modified":"2026-01-12T12:43:18","modified_gmt":"2026-01-12T11:43:18","slug":"poster-anatomie-des-fourmis-lasius-niger-70x100","status":"publish","type":"product","link":"https:\/\/antcube.shop\/fr\/produit\/poster-anatomie-des-fourmis-lasius-niger-70x100\/","title":{"rendered":"Poster - Anatomie des fourmis - Lasius niger - 70\u00d7100"},"content":{"rendered":"<p><strong>Dimensions :<\/strong> 70\u00d7100 cm<\/p>\n<p><strong>Mat\u00e9riau :<\/strong> Papier latex<br \/>\nCe papier est imperm\u00e9able, essuyable, r\u00e9sistant, respectueux de l'environnement car il ne contient pas de solvants nocifs pour l'environnement et produit une qualit\u00e9 d'impression exceptionnelle.<\/p>\n<p><strong>Description :<\/strong> Ce poster illustre l'anatomie de la fourmi noire (Lasius niger). Des illustrations d\u00e9taill\u00e9es montrent les principales caract\u00e9ristiques et organes internes et externes du corps, facilitant ainsi la compr\u00e9hension de la structure de cette esp\u00e8ce de fourmis tr\u00e8s r\u00e9pandue. Id\u00e9al comme mat\u00e9riel p\u00e9dagogique pour les \u00e9coles et les universit\u00e9s ou comme objet de collection d\u00e9coratif.<\/p>\n<p><strong>Important - informations compl\u00e9mentaires :<\/strong> <a href=\"https:\/\/www.ants.de\/link\/1101\">Ici<\/a> vous trouverez une description d\u00e9taill\u00e9e des diff\u00e9rentes sc\u00e8nes de l'affiche. Elles ne sont pas fournies avec l'affiche, mais peuvent \u00eatre consult\u00e9es et imprim\u00e9es s\u00e9par\u00e9ment via le lien suivant. <a href=\"https:\/\/www.ants.de\/link\/1101\">https:\/\/www.ants.de\/link\/1101<\/a><\/p>","protected":false},"excerpt":{"rendered":"<p>Taille : 70\u00d7100 cm<\/p>","protected":false},"featured_media":12454,"comment_status":"open","ping_status":"closed","template":"","meta":{"_acf_changed":false,"content-type":"","_monsterinsights_skip_tracking":false,"_monsterinsights_sitenote_active":false,"_monsterinsights_sitenote_note":"","_monsterinsights_sitenote_category":0},"product_brand":[484],"product_cat":[547,500,245],"product_tag":[],"class_list":{"0":"post-12437","1":"product","2":"type-product","3":"status-publish","4":"has-post-thumbnail","6":"product_brand-antcube","7":"product_cat-all-products","8":"product_cat-ant-posters-and-teaching-aids","9":"product_cat-merchandise","11":"first","12":"instock","13":"taxable","14":"shipping-taxable","15":"purchasable","16":"product-type-simple"},"acf":[],"aioseo_notices":[],"jetpack_sharing_enabled":true,"_links":{"self":[{"href":"https:\/\/antcube.shop\/fr\/wp-json\/wp\/v2\/product\/12437","targetHints":{"allow":["GET"]}}],"collection":[{"href":"https:\/\/antcube.shop\/fr\/wp-json\/wp\/v2\/product"}],"about":[{"href":"https:\/\/antcube.shop\/fr\/wp-json\/wp\/v2\/types\/product"}],"replies":[{"embeddable":true,"href":"https:\/\/antcube.shop\/fr\/wp-json\/wp\/v2\/comments?post=12437"}],"wp:featuredmedia":[{"embeddable":true,"href":"https:\/\/antcube.shop\/fr\/wp-json\/wp\/v2\/media\/12454"}],"wp:attachment":[{"href":"https:\/\/antcube.shop\/fr\/wp-json\/wp\/v2\/media?parent=12437"}],"wp:term":[{"taxonomy":"product_brand","embeddable":true,"href":"https:\/\/antcube.shop\/fr\/wp-json\/wp\/v2\/product_brand?post=12437"},{"taxonomy":"product_cat","embeddable":true,"href":"https:\/\/antcube.shop\/fr\/wp-json\/wp\/v2\/product_cat?post=12437"},{"taxonomy":"product_tag","embeddable":true,"href":"https:\/\/antcube.shop\/fr\/wp-json\/wp\/v2\/product_tag?post=12437"}],"curies":[{"name":"wp","href":"https:\/\/api.w.org\/{rel}","templated":true}]}}