{"id":12436,"date":"2025-09-30T10:01:57","date_gmt":"2025-09-30T08:01:57","guid":{"rendered":"https:\/\/antcube.shop\/en\/product\/antcube-digfix-20x20-liegend\/"},"modified":"2026-03-31T15:11:54","modified_gmt":"2026-03-31T13:11:54","slug":"antcube-digfix-20x20-couche","status":"publish","type":"product","link":"https:\/\/antcube.shop\/fr\/produit\/antcube-digfix-20x20-couche\/","title":{"rendered":"ANTCUBE - Digfix 20\u00d720 - couch\u00e9"},"content":{"rendered":"<p><strong>Dimensions :<\/strong> 180x180x28mm<\/p>\n<p><strong>Mat\u00e9riau :<\/strong> Digfix<\/p>\n<p><strong>Application :<\/strong><br \/>\nS'adapte uniquement \u00e0 notre ANTCUBE - Nest 20\u00d720 - horizontal<\/p>\n<p><strong>Description :<\/strong><br \/>\nCe nid Digfix, fabriqu\u00e9 \u00e0 partir d'un mat\u00e9riau sp\u00e9cial qui peut \u00eatre creus\u00e9, est con\u00e7u pour s'adapter parfaitement \u00e0 nos nids horizontaux ANTCUBE 20\u00d720. La plaque peut \u00eatre utilis\u00e9e s\u00e8che ou humide et convient \u00e0 de nombreuses esp\u00e8ces de fourmis, en particulier celles qui nichent dans le sable ou le bois (mort). C'est une alternative pratique aux m\u00e9langes sable-argile ou aux nids en li\u00e8ge.<\/p>\n<p>Un avantage particulier est la facilit\u00e9 avec laquelle le niveau d'humidit\u00e9 peut \u00eatre contr\u00f4l\u00e9 : la plaque change visiblement de couleur, ce qui permet d'\u00e9valuer le niveau d'humidit\u00e9 de mani\u00e8re optimale. Contrairement aux m\u00e9langes sable-argile, les vitres int\u00e9rieures de la fourmili\u00e8re restent propres car aucun substrat ne s'y colle.<\/p>\n<p>Gr\u00e2ce \u00e0 sa structure solide, le mat\u00e9riau retient en permanence les tunnels et les chambres cr\u00e9\u00e9s par les fourmis sans s'effondrer - pour une exp\u00e9rience de creusement s\u00fbre et naturelle.<\/p>","protected":false},"excerpt":{"rendered":"<p>Ma\u00dfe : 180x180x28mm<\/p>","protected":false},"featured_media":0,"comment_status":"open","ping_status":"closed","template":"","meta":{"_acf_changed":false,"content-type":"","_monsterinsights_skip_tracking":false,"_monsterinsights_sitenote_active":false,"_monsterinsights_sitenote_note":"","_monsterinsights_sitenote_category":0},"product_brand":[484],"product_cat":[547,257,87,88],"product_tag":[],"class_list":{"0":"post-12436","1":"product","2":"type-product","3":"status-publish","5":"product_brand-antcube","6":"product_cat-all-products","7":"product_cat-new-innovatve-products","8":"product_cat-nest-insets","9":"product_cat-digfix","11":"first","12":"instock","13":"taxable","14":"shipping-taxable","15":"purchasable","16":"product-type-simple"},"acf":[],"aioseo_notices":[],"jetpack_sharing_enabled":true,"_links":{"self":[{"href":"https:\/\/antcube.shop\/fr\/wp-json\/wp\/v2\/product\/12436","targetHints":{"allow":["GET"]}}],"collection":[{"href":"https:\/\/antcube.shop\/fr\/wp-json\/wp\/v2\/product"}],"about":[{"href":"https:\/\/antcube.shop\/fr\/wp-json\/wp\/v2\/types\/product"}],"replies":[{"embeddable":true,"href":"https:\/\/antcube.shop\/fr\/wp-json\/wp\/v2\/comments?post=12436"}],"wp:attachment":[{"href":"https:\/\/antcube.shop\/fr\/wp-json\/wp\/v2\/media?parent=12436"}],"wp:term":[{"taxonomy":"product_brand","embeddable":true,"href":"https:\/\/antcube.shop\/fr\/wp-json\/wp\/v2\/product_brand?post=12436"},{"taxonomy":"product_cat","embeddable":true,"href":"https:\/\/antcube.shop\/fr\/wp-json\/wp\/v2\/product_cat?post=12436"},{"taxonomy":"product_tag","embeddable":true,"href":"https:\/\/antcube.shop\/fr\/wp-json\/wp\/v2\/product_tag?post=12436"}],"curies":[{"name":"wp","href":"https:\/\/api.w.org\/{rel}","templated":true}]}}