{"id":12287,"date":"2025-09-02T09:53:14","date_gmt":"2025-09-02T07:53:14","guid":{"rendered":"https:\/\/antcube.shop\/en\/product\/antcube-nest-20x20-liegend\/"},"modified":"2026-04-01T13:28:22","modified_gmt":"2026-04-01T11:28:22","slug":"nid-dantcube-20x20-couche","status":"publish","type":"product","link":"https:\/\/antcube.shop\/fr\/produit\/nid-dantcube-20x20-couche\/","title":{"rendered":"ANTCUBE - Nid 20\u00d720 - couch\u00e9"},"content":{"rendered":"<p><strong>Dimensions :<\/strong><br \/>\nNid : 190 x 190 x 28mm<br \/>\nCouvercle en verre : 190 x 190 x 4mm<\/p>\n<p><strong>Mat\u00e9riau :<\/strong><br \/>\nVerre flott\u00e9, plastique<\/p>\n<p><strong>Couleur :<\/strong><br \/>\nClair comme de l'eau de roche<\/p>\n<p><strong>Contenu :<\/strong><br \/>\n1x ANTCUBE - Nest 20\u00d720 - horizontal avec deux prises de connexion L 20\/16<br \/>\n1x couvercle en verre avec trou de 27 mm<\/p>\n<p><strong>Connexion :<\/strong> 2x douille 14\/16\/18\/20 x 20mm<\/p>\n<p>Le tuyau 14\/10 est ins\u00e9r\u00e9 fermement dans la douille de 14 mm.<br \/>\nLe tuyau 20\/16 est fix\u00e9 fermement \u00e0 la premi\u00e8re marche de 16 mm.<br \/>\nLe tuyau 22\/18 s'adapte parfaitement \u00e0 la deuxi\u00e8me marche de 20 mm<\/p>\n<p><strong>Description : <\/strong>Notre nid horizontal est dot\u00e9 de deux prises de raccordement auxquelles des tuyaux ou des tubes peuvent \u00eatre fix\u00e9s. Ces prises peuvent \u00e9galement \u00eatre ferm\u00e9es par des bouchons en plastique ou en maille assortis.<\/p>\n<p>Pour les esp\u00e8ces de fourmis plus grandes, comme les diff\u00e9rentes esp\u00e8ces de Camponotus, nous recommandons de le combiner avec l'un de nos nids en li\u00e8ge disponibles s\u00e9par\u00e9ment. Le nid peut \u00e9galement \u00eatre rempli de terre.<\/p>\n<p>Le couvercle est amovible et repose fermement sur la fourmili\u00e8re gr\u00e2ce \u00e0 son bord caoutchout\u00e9. Au milieu se trouve un trou de 27 mm qui sert \u00e0 humidifier l'int\u00e9rieur du nid. En fonction de l'humidit\u00e9 souhait\u00e9e, cette ouverture peut \u00eatre ferm\u00e9e par un grillage ou un bouchon de formarium.<\/p>\n<p>Une couverture rouge est disponible en option, ce qui assombrit le nid et, selon l'esp\u00e8ce \u00e9lev\u00e9e, peut avoir une influence positive sur le d\u00e9veloppement de la colonie.<\/p>\n<p><strong>Informations sur la fabrication<\/strong><br \/>\nLe verre est coup\u00e9 conform\u00e9ment \u00e0 la norme DIN 1249 avec une tol\u00e9rance de +\/- 1 mm. Une protection suppl\u00e9mentaire est indispensable pour les esp\u00e8ces de fourmis de tr\u00e8s petite taille.<\/p>\n<p><strong>Remarque sur les prises de connexion<\/strong><br \/>\nLorsque vous fixez ou retirez des tuyaux, veuillez tenir compte des points suivants :<br \/>\nSi le tuyau est tr\u00e8s difficile \u00e0 placer sur la douille de raccordement, il faut frotter l\u00e9g\u00e8rement la douille avec une goutte de notre huile ou poudre de protection contre l'arrachement. Le tuyau doit ensuite \u00eatre pouss\u00e9 sur le connecteur en le tournant ou en le vissant, sans exercer de pression vers le haut ou vers le bas sur le connecteur. Il en va de m\u00eame lorsque vous retirez les tuyaux du connecteur. Ne les retirez pas simplement en tirant dessus !<\/p>","protected":false},"excerpt":{"rendered":"<p>Connexion : 2 prises 14\/16\/18\/20 mm<br \/>\nTaille : L<\/p>","protected":false},"featured_media":12292,"comment_status":"open","ping_status":"closed","template":"","meta":{"_acf_changed":false,"content-type":"","_monsterinsights_skip_tracking":false,"_monsterinsights_sitenote_active":false,"_monsterinsights_sitenote_note":"","_monsterinsights_sitenote_category":0},"product_brand":[484],"product_cat":[257,80,83,86],"product_tag":[],"class_list":{"0":"post-12287","1":"product","2":"type-product","3":"status-publish","4":"has-post-thumbnail","6":"product_brand-antcube","7":"product_cat-new-innovatve-products","8":"product_cat-antfarms","9":"product_cat-antfarms-l","10":"product_cat-formicariums","12":"first","13":"instock","14":"taxable","15":"shipping-taxable","16":"purchasable","17":"product-type-simple"},"acf":[],"aioseo_notices":[],"jetpack_sharing_enabled":true,"_links":{"self":[{"href":"https:\/\/antcube.shop\/fr\/wp-json\/wp\/v2\/product\/12287","targetHints":{"allow":["GET"]}}],"collection":[{"href":"https:\/\/antcube.shop\/fr\/wp-json\/wp\/v2\/product"}],"about":[{"href":"https:\/\/antcube.shop\/fr\/wp-json\/wp\/v2\/types\/product"}],"replies":[{"embeddable":true,"href":"https:\/\/antcube.shop\/fr\/wp-json\/wp\/v2\/comments?post=12287"}],"wp:featuredmedia":[{"embeddable":true,"href":"https:\/\/antcube.shop\/fr\/wp-json\/wp\/v2\/media\/12292"}],"wp:attachment":[{"href":"https:\/\/antcube.shop\/fr\/wp-json\/wp\/v2\/media?parent=12287"}],"wp:term":[{"taxonomy":"product_brand","embeddable":true,"href":"https:\/\/antcube.shop\/fr\/wp-json\/wp\/v2\/product_brand?post=12287"},{"taxonomy":"product_cat","embeddable":true,"href":"https:\/\/antcube.shop\/fr\/wp-json\/wp\/v2\/product_cat?post=12287"},{"taxonomy":"product_tag","embeddable":true,"href":"https:\/\/antcube.shop\/fr\/wp-json\/wp\/v2\/product_tag?post=12287"}],"curies":[{"name":"wp","href":"https:\/\/api.w.org\/{rel}","templated":true}]}}