{"id":12286,"date":"2025-09-02T09:53:07","date_gmt":"2025-09-02T07:53:07","guid":{"rendered":"https:\/\/antcube.shop\/en\/product\/antcube-korknest-30x30-liegend\/"},"modified":"2026-02-26T10:38:05","modified_gmt":"2026-02-26T09:38:05","slug":"antcube-corknest-30x30-couche","status":"publish","type":"product","link":"https:\/\/antcube.shop\/fr\/produit\/antcube-corknest-30x30-couche\/","title":{"rendered":"ANTCUBE - Corknest 30\u00d730 - couch\u00e9"},"content":{"rendered":"<p><strong>Dimensions :<\/strong> 280x280x28mm<\/p>\n<p><strong>Mat\u00e9riau :<\/strong> Li\u00e8ge (fin)<\/p>\n<p><strong>Application :<\/strong><br \/>\nS'adapte uniquement \u00e0 notre ANTCUBE - Nest 30\u00d730 - horizontal<\/p>\n<p><strong>Description :\u00a0<\/strong><br \/>\nCe nid en li\u00e8ge avec tunnels et chambres pr\u00e9construits convient \u00e0 de nombreuses esp\u00e8ces de fourmis, en particulier celles qui nichent dans le bois (mort). Il comporte deux trous qui servent d'entr\u00e9e au nid.<\/p>\n<p>Le li\u00e8ge est un mat\u00e9riau naturel, chimiquement neutre. Sa structure est imperm\u00e9able aux liquides, ne r\u00e9agit pas chimiquement et reste donc longtemps intacte. Toutefois, un taux d'humidit\u00e9 \u00e9lev\u00e9 en permanence peut favoriser la pourriture et raccourcir la dur\u00e9e de vie du nid. D'une mani\u00e8re g\u00e9n\u00e9rale, le li\u00e8ge est tr\u00e8s r\u00e9sistant \u00e0 la pourriture et aux attaques de champignons et de moisissures. Sa surface et sa structure particuli\u00e8res offrent peu de possibilit\u00e9s de reproduction aux champignons. N\u00e9anmoins, les r\u00e9sidus alimentaires, les excr\u00e9ments ou d'autres substances organiques peuvent favoriser la croissance des moisissures.<\/p>\n<p>C'est pourquoi nous recommandons de placer les esp\u00e8ces de fourmis des r\u00e9gions plus s\u00e8ches dans des nids en li\u00e8ge. Cependant, les esp\u00e8ces provenant d'habitats plus humides peuvent \u00e9galement \u00eatre h\u00e9berg\u00e9es dans des nids en li\u00e8ge - pour la plupart, la pourriture n'est pas un probl\u00e8me. De nombreuses esp\u00e8ces de fourmis d'Europe du Nord, comme Camponotus herculeanus ou Formica fusca, sont m\u00eame naturellement adapt\u00e9es au bois pourri ou partiellement d\u00e9compos\u00e9.<\/p>","protected":false},"excerpt":{"rendered":"<p>Taille : 280x280x28mm<\/p>","protected":false},"featured_media":12291,"comment_status":"open","ping_status":"closed","template":"","meta":{"_acf_changed":false,"content-type":"","_monsterinsights_skip_tracking":false,"_monsterinsights_sitenote_active":false,"_monsterinsights_sitenote_note":"","_monsterinsights_sitenote_category":0},"product_brand":[484],"product_cat":[257,87,89],"product_tag":[],"class_list":{"0":"post-12286","1":"product","2":"type-product","3":"status-publish","4":"has-post-thumbnail","6":"product_brand-antcube","7":"product_cat-new-innovatve-products","8":"product_cat-nest-insets","9":"product_cat-cork","11":"first","12":"instock","13":"taxable","14":"shipping-taxable","15":"purchasable","16":"product-type-simple"},"acf":[],"aioseo_notices":[],"jetpack_sharing_enabled":true,"_links":{"self":[{"href":"https:\/\/antcube.shop\/fr\/wp-json\/wp\/v2\/product\/12286","targetHints":{"allow":["GET"]}}],"collection":[{"href":"https:\/\/antcube.shop\/fr\/wp-json\/wp\/v2\/product"}],"about":[{"href":"https:\/\/antcube.shop\/fr\/wp-json\/wp\/v2\/types\/product"}],"replies":[{"embeddable":true,"href":"https:\/\/antcube.shop\/fr\/wp-json\/wp\/v2\/comments?post=12286"}],"wp:featuredmedia":[{"embeddable":true,"href":"https:\/\/antcube.shop\/fr\/wp-json\/wp\/v2\/media\/12291"}],"wp:attachment":[{"href":"https:\/\/antcube.shop\/fr\/wp-json\/wp\/v2\/media?parent=12286"}],"wp:term":[{"taxonomy":"product_brand","embeddable":true,"href":"https:\/\/antcube.shop\/fr\/wp-json\/wp\/v2\/product_brand?post=12286"},{"taxonomy":"product_cat","embeddable":true,"href":"https:\/\/antcube.shop\/fr\/wp-json\/wp\/v2\/product_cat?post=12286"},{"taxonomy":"product_tag","embeddable":true,"href":"https:\/\/antcube.shop\/fr\/wp-json\/wp\/v2\/product_tag?post=12286"}],"curies":[{"name":"wp","href":"https:\/\/api.w.org\/{rel}","templated":true}]}}