{"id":11857,"date":"2025-06-20T14:40:22","date_gmt":"2025-06-20T12:40:22","guid":{"rendered":"https:\/\/antcube.shop\/en\/product\/bundle-offer-tetraponera-rufonigra\/"},"modified":"2026-04-16T09:54:43","modified_gmt":"2026-04-16T07:54:43","slug":"offre-groupee-tetraponera-rufonigra","status":"publish","type":"product","link":"https:\/\/antcube.shop\/fr\/produit\/offre-groupee-tetraponera-rufonigra\/","title":{"rendered":"Offre group\u00e9e - Tetraponera rufonigra"},"content":{"rendered":"<p><strong><span data-text-color=\"secondary\">Offre group\u00e9e avec une colonie de fourmis Tetraponera rufonigra (reine + 5-10 ouvri\u00e8res + couvain), un set de d\u00e9marrage en li\u00e8ge, 2x tampons de formicarium, une recharge de m\u00e9lange de miellat 10ml et un pot de nos grillons blanchis sp\u00e9ciaux (prot\u00e9ines humides).<\/span><\/strong><\/p>\n<p><span data-text-color=\"alert\"><strong>Dans la limite des stocks disponibles.<\/strong><\/span><\/p>\n<p><strong>Tout ce dont vous avez besoin pour une colonie de fourmis Tetraponera rufonigra<\/strong><br \/>\nCe kit contient tous les \u00e9l\u00e9ments essentiels pour d\u00e9marrer et soigner avec succ\u00e8s une colonie de Tetraponera rufonigra au cours de son d\u00e9veloppement initial. Il est facile \u00e0 utiliser pour les d\u00e9butants et facilement extensible au fur et \u00e0 mesure que votre colonie grandit.<\/p>\n<p><strong>Esp\u00e8ce de fourmi : Tetraponera rufonigra<\/strong><br \/>\nTetraponera rufonigra est une esp\u00e8ce de fourmi arboricole \u00e9lanc\u00e9e, connue pour sa coloration rouge\u00e2tre et noire frappante. Originaire d'Asie du Sud et du Sud-Est, elle niche g\u00e9n\u00e9ralement dans des brindilles mortes ou des tiges de plantes creuses et est adapt\u00e9e aux environnements tropicaux chauds et humides. Bien qu'elle ne soit pas aussi r\u00e9pandue que certaines esp\u00e8ces nichant au sol, elle constitue un excellent choix pour les \u00e9leveurs \u00e0 la recherche d'une colonie plus active et plus int\u00e9ressante sur le plan visuel. <span data-text-color=\"alert\"><strong>Note : Cette esp\u00e8ce poss\u00e8de un dard et fait preuve d'un comportement d\u00e9fensif plus important, il convient donc de la manipuler avec pr\u00e9caution.<\/strong><\/span><\/p>\n<p><strong>Nourriture pour Tetraponera rufonigra<\/strong><br \/>\nCes fourmis ont besoin d'un r\u00e9gime riche en sucres et en prot\u00e9ines. Proposez-leur un m\u00e9lange de miellat ou une solution de miel pour les hydrates de carbone, ainsi que de petits insectes (vivants ou morts) pour les prot\u00e9ines. Les insectes \u00e0 corps mou comme les drosophiles, les vers de farine ou nos grillons blanchis leur conviennent particuli\u00e8rement. Des fruits occasionnels tels que des bananes ou des pommes peuvent \u00e9galement \u00eatre propos\u00e9s. Veillez \u00e0 ce que de l'eau fra\u00eeche soit toujours disponible.<\/p>\n<p><strong>Formicarium pour Tetraponera rufonigra<\/strong><br \/>\nDans la nature, Tetraponera rufonigra construit ses nids dans des cavit\u00e9s \u00e9troites dans le bois ou les tiges creuses. Pour les soins en captivit\u00e9, nous recommandons notre Starter Set L avec des nids en li\u00e8ge ou en bambou, qui reproduisent bien leur environnement de nidification naturel. Les options de nidification verticale ou semi-verticale sont id\u00e9ales pour simuler leur mode de vie arboricole. Veillez \u00e0 ce que le formarium soit bien ventil\u00e9 et que l'humidit\u00e9 soit mod\u00e9r\u00e9e \u00e0 \u00e9lev\u00e9e, en particulier dans la zone de nidification.<\/p>\n<p><strong>Contenu :<\/strong><br \/>\n1x Tetraponera rufonigra (reine + 5-10 ouvri\u00e8res + couvain)<br \/>\n1x Confiture de grillons 25g<br \/>\n1x Honeydew Mix (HT) - recharge 10ml<br \/>\n1x Base de formicarium - 20x20cm<br \/>\n1x Base de formicarium - 20x6cm<\/p>\n<p>1x ANTCUBE - Arena 20x20x10 - plat<br \/>\n1x cadre d'ar\u00e8ne de fourmis 20\u00d720<br \/>\n1x couverture de fourmili\u00e8re 20\u00d720<br \/>\n4x point de fixation pour la couverture de l'ar\u00e8ne<br \/>\n1x ANTCUBE - Fourmili\u00e8re - L - 20\u00d720 - vertical<\/p>\n<p>1x ANTCUBE - nid de li\u00e8ge 20\u00d720 - vertical<br \/>\n1x 0,5m tuyau transparent 20\/16 mm<br \/>\n1x ANTCUBE - feuille rouge 20\u00d720 - filtre<br \/>\n1x clips adh\u00e9sifs - transparent 2 pcs.<br \/>\n1x substrat - sable-argile beige - 1000g<\/p>\n<p>2x Grid insert acrylic &#8211; 50 mm with sealing ring<br \/>\n1x Grid insert acrylic &#8211; 27 mm with sealing ring<br \/>\n1x Capuchon de grille - 16mm - acier inoxydable<\/p>\n<p>1x connecteur de tuyau de r\u00e9servoir 27-14,16,20 mm - transparent<br \/>\n1x Foil thermometer &#8211; farm<br \/>\n1x Foil thermometer Display<br \/>\n1x drinking clear 5ml &#8211; sponge<br \/>\n1x Feeding dish white rectangle &#8211; 3 compartments<br \/>\n1x Drinking trough 2ml &#8211; 360 Degrees<br \/>\n1x Huile anti-fourmis 10ml<br \/>\n1x Pince \u00e0 \u00e9piler en acier \u00e0 ressort - large - souple<br \/>\n1x Pince \u00e0 \u00e9piler en plastique transparent<br \/>\n1x pipette en plastique 3ml<br \/>\n1x loupe \u00e0 main - 2x - 30mm<br \/>\n1x racleur en mousse 150x18x2,5mm<\/p>\n<p><strong>Description Kit de d\u00e9marrage :<\/strong><br \/>\nCe kit de d\u00e9marrage en li\u00e8ge, avec des couloirs et des chambres pr\u00e9fabriqu\u00e9s, convient \u00e0 diverses esp\u00e8ces de fourmis, en particulier \u00e0 celles qui nichent dans le bois (mort).<\/p>\n<p>L'\"ANTCUBE - Nid de li\u00e8ge\" peut \u00eatre ins\u00e9r\u00e9 dans la ferme enti\u00e8rement transparente. Vous pouvez \u00e9galement utiliser le substrat \"sable-argile beige\" pour remplir la ferme ou pour fermer certaines des chambres du nid de li\u00e8ge. Des modules suppl\u00e9mentaires peuvent \u00eatre connect\u00e9s via les trous de 50 mm du couvercle, par exemple les brumisateurs, les ventilateurs ou les lumi\u00e8res disponibles s\u00e9par\u00e9ment. La livraison comprend \u00e9galement des grilles et des bouchons de formica pour fermer les ouvertures. Si vous le souhaitez, le formicarium peut \u00e9galement \u00eatre utilis\u00e9 ouvert en pla\u00e7ant simplement le cadre amovible sur le dessus et en appliquant de l'huile anti-fourmis sur le bord.<\/p>\n<p><strong>Important :<\/strong> Veuillez humidifier le substrat avant de l'utiliser afin que le m\u00e9lange puisse se fixer et s'accrocher solidement dans la fourmili\u00e8re. En outre, si le substrat est trop sec et poussi\u00e9reux, les voies respiratoires des fourmis peuvent \u00eatre obstru\u00e9es et, dans le pire des cas, les animaux peuvent suffoquer.<\/p>\n<p><strong>Recommandation : <\/strong>Nous recommandons une couche de substrat de 2 mm de hauteur afin que les animaux ne puissent pas creuser dans l'ar\u00e8ne et utilisent plut\u00f4t la ferme pr\u00e9vue \u00e0 cet effet.<\/p>\n<p><strong>Notes sur la production de verre<\/strong><br \/>\nLe verre est d\u00e9coup\u00e9 selon la norme DIN 1249 avec une tol\u00e9rance de +\/- 1 mm. Une protection suppl\u00e9mentaire est indispensable pour les esp\u00e8ces de fourmis de tr\u00e8s petite taille.<\/p>\n<p><strong>Notes sur la ferme<\/strong><br \/>\nLe nid ne doit \u00eatre utilis\u00e9 que dans un formicarium sec. Si le nid est maintenu humide en permanence, le mat\u00e9riau risque de moisir.<\/p>\n<p><strong>Lorsque vous fixez ou retirez des tuyaux, veuillez tenir compte des points suivants :<\/strong><br \/>\nSi le tuyau est tr\u00e8s difficile \u00e0 placer sur le manchon de raccordement, il faut frotter l\u00e9g\u00e8rement le manchon avec une goutte de notre huile ou de notre poudre anti-\u00e9clatement. Le tuyau doit ensuite \u00eatre pouss\u00e9 sur le manchon par des mouvements de torsion ou de vissage, sans solliciter le manchon par des mouvements de haut en bas. Il en va de m\u00eame lorsque vous retirez les tuyaux du manchon de raccordement \u00e0 la ferme. Ne tirez pas simplement sur le tuyau !<\/p>\n<p><strong>Instructions :<\/strong><br \/>\n&#8211; <a href=\"https:\/\/www.antstore.net\/shop\/images\/info\/en\/Instructions%20for%20use%20-%20Starter%20Set%20Cork.pdf\" data-cke-saved-href=\"https:\/\/www.antstore.net\/shop\/images\/info\/en\/Instructions%20for%20use%20-%20Starter%20Set%20Cork.pdf\">FR Mode d'emploi - Starter Set Cork (PDF 3.79 MB)<\/a><br \/>\n&#8211; <a href=\"https:\/\/www.antstore.net\/shop\/images\/info\/es\/Manual%20de%20instrucciones%20-%20Set%20de%20inicio%20de%20corcho.pdf\" data-cke-saved-href=\"https:\/\/www.antstore.net\/shop\/images\/info\/es\/Manual%20de%20instrucciones%20-%20Set%20de%20inicio%20de%20corcho.pdf\">ES Manual de instrucciones - Set de inicio de corcho (PDF 3,79 MB)<\/a><br \/>\n&#8211; <a href=\"https:\/\/www.antstore.net\/shop\/images\/info\/fr\/Manuel%20d'instruction%20-%20Kit%20de%20d%C3%A9marrage%20en%20li%C3%A8ge.pdf\" data-cke-saved-href=\"https:\/\/www.antstore.net\/shop\/images\/info\/fr\/Manuel%20d'instruction%20-%20Kit%20de%20d%C3%A9marrage%20en%20li%C3%A8ge.pdf\">FR Manuel d'instruction - Kit de d\u00e9marrage en li\u00e8ge (PDF 3,79 MB)<\/a><\/p>\n<p><strong>Notes sur le Cricket Jam :<\/strong><br \/>\nNos grillons blanchis sont un moyen facile de fournir \u00e0 vos fourmis une nourriture prot\u00e9in\u00e9e fra\u00eechement conserv\u00e9e sans avoir \u00e0 nourrir les insectes vivants. Les grillons contenus (Acheta domesticus) ont \u00e9t\u00e9 d\u00e9licatement blanchis pour garantir que les valeurs nutritionnelles, le go\u00fbt et l'ar\u00f4me soient conserv\u00e9s. En outre, la carapace chitineuse des insectes est ramollie de mani\u00e8re \u00e0 ce qu'elle puisse \u00eatre dig\u00e9r\u00e9e plus facilement. Les liaisons des prot\u00e9ines de collag\u00e8ne sont bris\u00e9es afin que les fourmis puissent mieux les utiliser. Les Acheta domesticus en conserve ont la m\u00eame valeur nutritionnelle que les grillons vivants, mais sont plus faciles \u00e0 dig\u00e9rer.<\/p>\n<p>Le Cricket Jam n'est pas adapt\u00e9 \u00e0 la chasse aux esp\u00e8ces de fourmis qui ont besoin de nourriture vivante (par exemple les pon\u00e9rines (grandes fourmis) telles que Harpegnathos ou Odontomachus).<\/p>\n<p><strong>Autres avantages :<\/strong><br \/>\nGaranti sans acariens<br \/>\nPeut \u00eatre portionn\u00e9 et dilu\u00e9 avec de l'eau<br \/>\nSt\u00e9rilis\u00e9 et emball\u00e9 sous vide<br \/>\nSans additifs<br \/>\nGrillons issus d'un \u00e9levage durable et purement biologique, nourris avec des d\u00e9chets organiques<\/p>\n<p><strong>Note :<\/strong><br \/>\nSe conserve au r\u00e9frig\u00e9rateur pendant environ quatre jours apr\u00e8s ouverture. La dur\u00e9e de conservation est plus longue si le produit est congel\u00e9.<br \/>\nAttention : D'abord la portion, puis la cong\u00e9lation.<\/p>\n<p><strong>Note sur le miellat :<\/strong><br \/>\nContenu : 10 ml<br \/>\nIl s'agit d'un produit naturel, que nous avons affin\u00e9 apr\u00e8s de nombreux tests dans notre laboratoire et d\u00e9velopp\u00e9 en un aliment tr\u00e8s bien accept\u00e9 par les fourmis. La raison en est que le miel de miellat non transform\u00e9 sous sa forme originale concentr\u00e9e n'est pas bien accept\u00e9 par les fourmis et leur m\u00e9tabolisme.<br \/>\nNotre miellat a \u00e9t\u00e9 r\u00e9colt\u00e9 dans les for\u00eats de montagne sauvages et non pollu\u00e9es de Bulgarie. Le miellat n'est produit que pendant une p\u00e9riode tr\u00e8s limit\u00e9e, environ deux mois en \u00e9t\u00e9. Il est donc tr\u00e8s rare. En raison des caract\u00e9ristiques sp\u00e9cifiques du sol des for\u00eats et du climat, des nutriments essentiels sont stock\u00e9s dans les feuilles des arbres et sont absorb\u00e9s par les pucerons. C'est ce qui rend ce m\u00e9lange de miellat si d\u00e9sirable pour les fourmis.<\/p>\n<p><strong>Application :<\/strong><br \/>\nLa quantit\u00e9 de nourriture doit \u00eatre consomm\u00e9e dans les 3 jours environ.<\/p>\n<p><strong>Description :<\/strong><br \/>\nLe miellat, contrairement au miel de fleurs, est obtenu \u00e0 partir des s\u00e9cr\u00e9tions d'insectes qui sucent les plantes, comme les pucerons. Le miellat est une source de nourriture appr\u00e9ci\u00e9e par de nombreux insectes tels que les fourmis, les abeilles et les bourdons. Les abeilles et les bourdons le l\u00e8chent sur les feuilles ou les aiguilles de divers arbres. Les fourmis comme Lasius niger gardent litt\u00e9ralement les pucerons. Elles les d\u00e9fendent m\u00eame contre les pr\u00e9dateurs et les transportent jusqu'aux nouvelles pousses.<\/p>\n<p>Le miellat est particuli\u00e8rement appr\u00e9ci\u00e9 des fourmis en raison de ses composants quelque peu diff\u00e9rents. Les principaux sucres du miellat sont le saccharose et le fructose, mais on y trouve aussi, en plus petites quantit\u00e9s, du maltose, du tr\u00e9halose, du m\u00e9l\u00e9zitose, du raffinose et d'autres oligosaccharides. Outre le sucre et l'eau, la miell\u00e9e contient \u00e9galement des acides amin\u00e9s essentiels, des min\u00e9raux, des oligo-\u00e9l\u00e9ments, des ad\u00e9nosines, des phosphates et d'autres ingr\u00e9dients tels que des vitamines.<\/p>\n<p><strong>Utilisez :<\/strong><br \/>\nPour les esp\u00e8ces de fourmis mangeuses de miel (Meliphagidae)<br \/>\nIl s'agit d'un aliment compl\u00e9mentaire<br \/>\nIl peut \u00eatre propos\u00e9 aux animaux tel quel. Comme la concentration en sucre est r\u00e9duite par l'humidit\u00e9 et qu'un processus de fermentation commence, la nourriture doit \u00eatre remplac\u00e9e tous les 3 jours. Nettoyer soigneusement le bol\/tube d'alimentation avant de le r\u00e9utiliser.<br \/>\nUne fois ouvert, l'emballage doit \u00eatre conserv\u00e9 herm\u00e9tiquement ferm\u00e9 jusqu'\u00e0 la date de p\u00e9remption.<\/p>\n<p><strong>Informations nutritionnelles pour 100 g :<\/strong><br \/>\nenviron 2,7 graisses %<br \/>\ndont environ 0,45 % satur\u00e9<br \/>\nenviron 95 % de glucides<br \/>\ndont environ 71 % de sucre<br \/>\nenviron 2,85% de prot\u00e9ines<br \/>\nMin\u00e9raux (potassium, calcium, cuivre, fer, sodium, magn\u00e9sium, phosphore, zinc et autres oligo-\u00e9l\u00e9ments) Acides amin\u00e9s (proline, leucine, ph\u00e9nylalanine, alanine, histidine, isoleucine, acide glutamique, arginine, acide aspartique, etc.) Acides organiques Enzymes (ferments) Ar\u00f4mes Inhibines (substances antibact\u00e9riennes) Fleurs Pollen<\/p>\n<p><strong>Stockage :<\/strong><br \/>\nPour garantir la qualit\u00e9 des aliments, ceux-ci doivent \u00eatre stock\u00e9s dans un endroit sombre et sec.<\/p>\n<p><strong>Note :<\/strong><br \/>\nAlimentation compl\u00e9mentaire pour les fourmis mangeuses de miel.<br \/>\nVeuillez consulter la notice pour conna\u00eetre la composition, les ingr\u00e9dients analytiques, la date de p\u00e9remption et le num\u00e9ro de lot.<\/p>\n<p>Num\u00e9ro d'information +49 30 439703870<\/p>\n<p><strong>Inspections v\u00e9t\u00e9rinaires et alimentaires responsables :<\/strong><br \/>\nCabinet v\u00e9t\u00e9rinaire Steglitz<br \/>\nK\u00f6nigin-Luise-Str. 92<br \/>\n14195 Berlin<\/p>","protected":false},"excerpt":{"rendered":"<p>L'ensemble est compos\u00e9 de 33 pi\u00e8ces<br \/>\nTaille : L<\/p>","protected":false},"featured_media":11858,"comment_status":"open","ping_status":"closed","template":"","meta":{"_acf_changed":false,"content-type":"","_monsterinsights_skip_tracking":false,"_monsterinsights_sitenote_active":false,"_monsterinsights_sitenote_note":"","_monsterinsights_sitenote_category":0},"product_brand":[484],"product_cat":[355,73],"product_tag":[],"class_list":{"0":"post-11857","1":"product","2":"type-product","3":"status-publish","4":"has-post-thumbnail","6":"product_brand-antcube","7":"product_cat-bundle-offers","8":"product_cat-starter-sets","10":"first","11":"instock","12":"taxable","13":"shipping-taxable","14":"purchasable","15":"product-type-simple"},"acf":[],"aioseo_notices":[],"jetpack_sharing_enabled":true,"_links":{"self":[{"href":"https:\/\/antcube.shop\/fr\/wp-json\/wp\/v2\/product\/11857","targetHints":{"allow":["GET"]}}],"collection":[{"href":"https:\/\/antcube.shop\/fr\/wp-json\/wp\/v2\/product"}],"about":[{"href":"https:\/\/antcube.shop\/fr\/wp-json\/wp\/v2\/types\/product"}],"replies":[{"embeddable":true,"href":"https:\/\/antcube.shop\/fr\/wp-json\/wp\/v2\/comments?post=11857"}],"wp:featuredmedia":[{"embeddable":true,"href":"https:\/\/antcube.shop\/fr\/wp-json\/wp\/v2\/media\/11858"}],"wp:attachment":[{"href":"https:\/\/antcube.shop\/fr\/wp-json\/wp\/v2\/media?parent=11857"}],"wp:term":[{"taxonomy":"product_brand","embeddable":true,"href":"https:\/\/antcube.shop\/fr\/wp-json\/wp\/v2\/product_brand?post=11857"},{"taxonomy":"product_cat","embeddable":true,"href":"https:\/\/antcube.shop\/fr\/wp-json\/wp\/v2\/product_cat?post=11857"},{"taxonomy":"product_tag","embeddable":true,"href":"https:\/\/antcube.shop\/fr\/wp-json\/wp\/v2\/product_tag?post=11857"}],"curies":[{"name":"wp","href":"https:\/\/api.w.org\/{rel}","templated":true}]}}