{"id":11506,"date":"2025-04-25T15:18:54","date_gmt":"2025-04-25T13:18:54","guid":{"rendered":"https:\/\/antcube.shop\/en\/product\/poster-die-rote-waldameise-formica-rufa-lebensweise-70x50\/"},"modified":"2026-02-03T16:28:08","modified_gmt":"2026-02-03T15:28:08","slug":"poster-la-fourmi-de-bois-rouge-formica-rufa-way-of-life-70x50","status":"publish","type":"product","link":"https:\/\/antcube.shop\/fr\/produit\/poster-la-fourmi-de-bois-rouge-formica-rufa-way-of-life-70x50\/","title":{"rendered":"Poster - La fourmi rouge des bois - Formica rufa way of life - 70\u00d750"},"content":{"rendered":"<p>La fourmi rouge des bois - Formica rufa way of life - Fourmi Poster et mat\u00e9riel p\u00e9dagogique pour les \u00e9coles\/jardins d'enfants.<\/p>\n<p><strong>Description disponible en allemand, anglais, espagnol et fran\u00e7ais<\/strong><\/p>\n<p><strong>Dimensions :<\/strong> 70\u00d750 cm<\/p>\n<p><strong>Mat\u00e9riau :<\/strong> Papier latex<br \/>\nCe papier est imperm\u00e9able, essuyable, r\u00e9sistant, respectueux de l'environnement car il ne contient pas de solvants nocifs pour l'environnement et produit une qualit\u00e9 d'impression exceptionnelle.<\/p>\n<p><strong>Description :<\/strong> Ce poster donne un aper\u00e7u du mode de vie et de la construction des nids de Formica rufa, la fourmi rouge des bois qui construit des monticules en Europe centrale et septentrionale. Cette esp\u00e8ce est prot\u00e9g\u00e9e.<\/p>\n<p><strong>Important - informations compl\u00e9mentaires :<\/strong> <a href=\"https:\/\/www.ants.de\/link\/1001\">Ici<\/a> vous trouverez une description d\u00e9taill\u00e9e des diff\u00e9rentes sc\u00e8nes de l'affiche. Elles ne sont pas fournies avec l'affiche, mais peuvent \u00eatre consult\u00e9es et imprim\u00e9es s\u00e9par\u00e9ment via le lien suivant. https:\/\/www.ants.de\/link\/1001<\/p>","protected":false},"excerpt":{"rendered":"<p>La fourmi rouge des bois - Formica rufa way of life - Fourmi Poster et mat\u00e9riel p\u00e9dagogique pour les \u00e9coles\/jardins d'enfants. Description disponible en allemand, anglais, espagnol et fran\u00e7ais Dimensions : 70x50 cm Mat\u00e9riau : Papier latex Ce papier est imperm\u00e9able, lavable, r\u00e9sistant, respectueux de l'environnement car il ne contient pas de solvants nocifs pour l'environnement et produit une qualit\u00e9 d'impression brillante. Description du produit :","protected":false},"featured_media":11399,"comment_status":"open","ping_status":"closed","template":"","meta":{"_acf_changed":false,"content-type":"","_monsterinsights_skip_tracking":false,"_monsterinsights_sitenote_active":false,"_monsterinsights_sitenote_note":"","_monsterinsights_sitenote_category":0},"product_brand":[484],"product_cat":[500],"product_tag":[],"class_list":{"0":"post-11506","1":"product","2":"type-product","3":"status-publish","4":"has-post-thumbnail","6":"product_brand-antcube","7":"product_cat-ant-posters-and-teaching-aids","9":"first","10":"instock","11":"taxable","12":"shipping-taxable","13":"purchasable","14":"product-type-simple"},"acf":[],"aioseo_notices":[],"jetpack_sharing_enabled":true,"_links":{"self":[{"href":"https:\/\/antcube.shop\/fr\/wp-json\/wp\/v2\/product\/11506","targetHints":{"allow":["GET"]}}],"collection":[{"href":"https:\/\/antcube.shop\/fr\/wp-json\/wp\/v2\/product"}],"about":[{"href":"https:\/\/antcube.shop\/fr\/wp-json\/wp\/v2\/types\/product"}],"replies":[{"embeddable":true,"href":"https:\/\/antcube.shop\/fr\/wp-json\/wp\/v2\/comments?post=11506"}],"wp:featuredmedia":[{"embeddable":true,"href":"https:\/\/antcube.shop\/fr\/wp-json\/wp\/v2\/media\/11399"}],"wp:attachment":[{"href":"https:\/\/antcube.shop\/fr\/wp-json\/wp\/v2\/media?parent=11506"}],"wp:term":[{"taxonomy":"product_brand","embeddable":true,"href":"https:\/\/antcube.shop\/fr\/wp-json\/wp\/v2\/product_brand?post=11506"},{"taxonomy":"product_cat","embeddable":true,"href":"https:\/\/antcube.shop\/fr\/wp-json\/wp\/v2\/product_cat?post=11506"},{"taxonomy":"product_tag","embeddable":true,"href":"https:\/\/antcube.shop\/fr\/wp-json\/wp\/v2\/product_tag?post=11506"}],"curies":[{"name":"wp","href":"https:\/\/api.w.org\/{rel}","templated":true}]}}