{"id":11501,"date":"2025-04-25T15:14:28","date_gmt":"2025-04-25T13:14:28","guid":{"rendered":"https:\/\/antcube.shop\/en\/product\/poster-blattschneiderameisen-atta-lebensweise-100x70\/"},"modified":"2026-01-12T12:41:46","modified_gmt":"2026-01-12T11:41:46","slug":"poster-fourmis-coupeuses-de-feuilles-atta-way-of-life-100x70","status":"publish","type":"product","link":"https:\/\/antcube.shop\/fr\/produit\/poster-fourmis-coupeuses-de-feuilles-atta-way-of-life-100x70\/","title":{"rendered":"Poster - Fourmis coupeuses de feuilles - Atta way of life - 100\u00d770"},"content":{"rendered":"<p>Fourmis coupeuses de feuilles - Atta way of life - Poster sur les fourmis et mat\u00e9riel p\u00e9dagogique pour les \u00e9coles\/jardins d'enfants.<\/p>\n<p><strong>Description disponible en allemand, anglais, espagnol et fran\u00e7ais<\/strong><\/p>\n<p><strong>Dimensions :<\/strong> 100\u00d770 cm<\/p>\n<p><strong>Mat\u00e9riau :<\/strong> Papier latex<br \/>\nCe papier est imperm\u00e9able, essuyable, r\u00e9sistant, respectueux de l'environnement car il ne contient pas de solvants nocifs pour l'environnement et produit une qualit\u00e9 d'impression exceptionnelle.<\/p>\n<p><strong>Description :<\/strong> Ce poster donne un aper\u00e7u du mode de vie et de la construction des nids des Atta, l'esp\u00e8ce de fourmis coupeuses de feuilles d'Am\u00e9rique du Sud et d'Am\u00e9rique centrale.<\/p>\n<p><strong>Important - informations compl\u00e9mentaires :<\/strong> <a href=\"https:\/\/www.ants.de\/link\/1002\">Ici<\/a> vous trouverez une description d\u00e9taill\u00e9e des diff\u00e9rentes sc\u00e8nes de l'affiche. Elles ne sont pas fournies avec l'affiche, mais peuvent \u00eatre consult\u00e9es et imprim\u00e9es s\u00e9par\u00e9ment via le lien suivant. <a href=\"https:\/\/www.ants.de\/link\/1002\">https:\/\/www.ants.de\/link\/1002<\/a><\/p>","protected":false},"excerpt":{"rendered":"<p>Fourmis tisserandes - Oecophylla way of life - Fourmis Poster et mat\u00e9riel p\u00e9dagogique pour les \u00e9coles\/jardins d'enfants. Description disponible en allemand, anglais, espagnol et fran\u00e7ais Dimensions : 70x50 cm Mat\u00e9riau : Papier latex Ce papier est imperm\u00e9able, lavable, r\u00e9sistant, respectueux de l'environnement car il ne contient pas de solvants nocifs pour l'environnement et produit une qualit\u00e9 d'impression brillante. Description de l'affiche : Ce poster donne","protected":false},"featured_media":11401,"comment_status":"open","ping_status":"closed","template":"","meta":{"_acf_changed":false,"content-type":"","_monsterinsights_skip_tracking":false,"_monsterinsights_sitenote_active":false,"_monsterinsights_sitenote_note":"","_monsterinsights_sitenote_category":0},"product_brand":[484],"product_cat":[500],"product_tag":[],"class_list":{"0":"post-11501","1":"product","2":"type-product","3":"status-publish","4":"has-post-thumbnail","6":"product_brand-antcube","7":"product_cat-ant-posters-and-teaching-aids","9":"first","10":"instock","11":"taxable","12":"shipping-taxable","13":"purchasable","14":"product-type-simple"},"acf":[],"aioseo_notices":[],"jetpack_sharing_enabled":true,"_links":{"self":[{"href":"https:\/\/antcube.shop\/fr\/wp-json\/wp\/v2\/product\/11501","targetHints":{"allow":["GET"]}}],"collection":[{"href":"https:\/\/antcube.shop\/fr\/wp-json\/wp\/v2\/product"}],"about":[{"href":"https:\/\/antcube.shop\/fr\/wp-json\/wp\/v2\/types\/product"}],"replies":[{"embeddable":true,"href":"https:\/\/antcube.shop\/fr\/wp-json\/wp\/v2\/comments?post=11501"}],"wp:featuredmedia":[{"embeddable":true,"href":"https:\/\/antcube.shop\/fr\/wp-json\/wp\/v2\/media\/11401"}],"wp:attachment":[{"href":"https:\/\/antcube.shop\/fr\/wp-json\/wp\/v2\/media?parent=11501"}],"wp:term":[{"taxonomy":"product_brand","embeddable":true,"href":"https:\/\/antcube.shop\/fr\/wp-json\/wp\/v2\/product_brand?post=11501"},{"taxonomy":"product_cat","embeddable":true,"href":"https:\/\/antcube.shop\/fr\/wp-json\/wp\/v2\/product_cat?post=11501"},{"taxonomy":"product_tag","embeddable":true,"href":"https:\/\/antcube.shop\/fr\/wp-json\/wp\/v2\/product_tag?post=11501"}],"curies":[{"name":"wp","href":"https:\/\/api.w.org\/{rel}","templated":true}]}}