{"id":11496,"date":"2025-04-25T15:09:59","date_gmt":"2025-04-25T13:09:59","guid":{"rendered":"https:\/\/antcube.shop\/en\/product\/poster-feinde-der-ameisen-70x50\/"},"modified":"2026-02-03T16:29:11","modified_gmt":"2026-02-03T15:29:11","slug":"poster-ennemis-des-fourmis-70x50","status":"publish","type":"product","link":"https:\/\/antcube.shop\/fr\/produit\/poster-ennemis-des-fourmis-70x50\/","title":{"rendered":"Poster - Ennemis des fourmis - 70\u00d750"},"content":{"rendered":"<p>Ennemis des fourmis - Poster sur les fourmis et mat\u00e9riel p\u00e9dagogique pour les \u00e9coles et les jardins d'enfants.<\/p>\n<p><strong>Description disponible en allemand, anglais, espagnol et fran\u00e7ais<\/strong><\/p>\n<p><strong>Dimensions :<\/strong> 70\u00d750 cm<\/p>\n<p><strong>Mat\u00e9riau :<\/strong> Papier latex<br \/>\nCe papier est imperm\u00e9able, essuyable, r\u00e9sistant, respectueux de l'environnement car il ne contient pas de solvants nocifs pour l'environnement et produit une qualit\u00e9 d'impression exceptionnelle.<\/p>\n<p><strong>Description :<\/strong> Ce poster donne un aper\u00e7u des ennemis naturels des fourmis, du petit lion \u00e0 l'homme.<\/p>\n<p><strong>Important - informations compl\u00e9mentaires :<\/strong> <a href=\"https:\/\/www.ants.de\/link\/1010\">Ici<\/a> vous trouverez une description d\u00e9taill\u00e9e des diff\u00e9rentes sc\u00e8nes sur l'affiche. Celles-ci ne sont pas incluses, mais peuvent \u00eatre consult\u00e9es et imprim\u00e9es s\u00e9par\u00e9ment via le lien suivant. <a href=\"https:\/\/www.ants.de\/link\/1010\">https:\/\/www.ants.de\/link\/1010<\/a><\/p>","protected":false},"excerpt":{"rendered":"<p>Ennemis des fourmis - Poster sur les fourmis et mat\u00e9riel p\u00e9dagogique pour les \u00e9coles et les jardins d'enfants. Description disponible en allemand, anglais, espagnol et fran\u00e7ais Dimensions : 100x70 cm Mat\u00e9riau : Papier latex Ce papier est imperm\u00e9able, lavable, r\u00e9sistant, respectueux de l'environnement car il ne contient pas de solvants nocifs pour l'environnement et produit une qualit\u00e9 d'impression brillante. Description : Cette affiche donne une vue d'ensemble de la","protected":false},"featured_media":11404,"comment_status":"open","ping_status":"closed","template":"","meta":{"_acf_changed":false,"content-type":"","_monsterinsights_skip_tracking":false,"_monsterinsights_sitenote_active":false,"_monsterinsights_sitenote_note":"","_monsterinsights_sitenote_category":0},"product_brand":[484],"product_cat":[500],"product_tag":[],"class_list":{"0":"post-11496","1":"product","2":"type-product","3":"status-publish","4":"has-post-thumbnail","6":"product_brand-antcube","7":"product_cat-ant-posters-and-teaching-aids","9":"first","10":"instock","11":"taxable","12":"shipping-taxable","13":"purchasable","14":"product-type-simple"},"acf":[],"aioseo_notices":[],"jetpack_sharing_enabled":true,"_links":{"self":[{"href":"https:\/\/antcube.shop\/fr\/wp-json\/wp\/v2\/product\/11496","targetHints":{"allow":["GET"]}}],"collection":[{"href":"https:\/\/antcube.shop\/fr\/wp-json\/wp\/v2\/product"}],"about":[{"href":"https:\/\/antcube.shop\/fr\/wp-json\/wp\/v2\/types\/product"}],"replies":[{"embeddable":true,"href":"https:\/\/antcube.shop\/fr\/wp-json\/wp\/v2\/comments?post=11496"}],"wp:featuredmedia":[{"embeddable":true,"href":"https:\/\/antcube.shop\/fr\/wp-json\/wp\/v2\/media\/11404"}],"wp:attachment":[{"href":"https:\/\/antcube.shop\/fr\/wp-json\/wp\/v2\/media?parent=11496"}],"wp:term":[{"taxonomy":"product_brand","embeddable":true,"href":"https:\/\/antcube.shop\/fr\/wp-json\/wp\/v2\/product_brand?post=11496"},{"taxonomy":"product_cat","embeddable":true,"href":"https:\/\/antcube.shop\/fr\/wp-json\/wp\/v2\/product_cat?post=11496"},{"taxonomy":"product_tag","embeddable":true,"href":"https:\/\/antcube.shop\/fr\/wp-json\/wp\/v2\/product_tag?post=11496"}],"curies":[{"name":"wp","href":"https:\/\/api.w.org\/{rel}","templated":true}]}}