{"id":11413,"date":"2025-04-11T16:43:25","date_gmt":"2025-04-11T14:43:25","guid":{"rendered":"https:\/\/antcube.shop\/en\/product\/light-strip-pro-40cm\/"},"modified":"2026-03-27T13:58:51","modified_gmt":"2026-03-27T12:58:51","slug":"bande-lumineuse-pro-40cm","status":"publish","type":"product","link":"https:\/\/antcube.shop\/fr\/produit\/bande-lumineuse-pro-40cm\/","title":{"rendered":"Bande lumineuse Pro 40cm"},"content":{"rendered":"<p><strong>Contenu :<\/strong><br \/>\n1x Bande lumineuse LED Pro<br \/>\n1x support pour montage au plafond avec vis<br \/>\n1x prise de courant avec interrupteur<\/p>\n<p><strong>Donn\u00e9es techniques :<\/strong><br \/>\nDimensions : 400x124x42 mm : 400x124x42 mm<br \/>\n\u00c9clairage : LED<br \/>\nConsommation \u00e9lectrique : 16 W<br \/>\nFlux lumineux : 2200 lm (140 lm\/W)<br \/>\nCouleur de la lumi\u00e8re : 6000K<br \/>\nDur\u00e9e de vie : ~ 25 000 h<br \/>\nLongueur du c\u00e2ble : 145 cm<\/p>\n<p><strong>Mat\u00e9riau :<\/strong> plastique<\/p>\n<p><strong>Couleur :<\/strong> noir<\/p>\n<p><strong>Description :<\/strong><br \/>\nEclairage LED pour formariums, vivariums et terrariums de 60x30x60.<br \/>\nProt\u00e9g\u00e9es contre les \u00e9claboussures d'eau selon la norme IP65, les rampes optiques sont parfaites pour les terrariums tropicaux. Gr\u00e2ce \u00e0 leur faible d\u00e9gagement de chaleur, les rampes lumineuses conviennent \u00e9galement parfaitement aux esp\u00e8ces ayant des besoins thermiques moindres.<\/p>","protected":false},"excerpt":{"rendered":"<p><span style=\"font-weight: 400;\">Consommation \u00e9lectrique : 16 W<\/span><\/p>","protected":false},"featured_media":11368,"comment_status":"open","ping_status":"closed","template":"","meta":{"_acf_changed":false,"content-type":"","_monsterinsights_skip_tracking":false,"_monsterinsights_sitenote_active":false,"_monsterinsights_sitenote_note":"","_monsterinsights_sitenote_category":0},"product_brand":[],"product_cat":[359,257,119],"product_tag":[],"class_list":{"0":"post-11413","1":"product","2":"type-product","3":"status-publish","4":"has-post-thumbnail","6":"product_cat-light-heat-humidity","7":"product_cat-new-innovatve-products","8":"product_cat-formicarium-components","10":"first","11":"instock","12":"taxable","13":"shipping-taxable","14":"purchasable","15":"product-type-simple"},"acf":[],"aioseo_notices":[],"jetpack_sharing_enabled":true,"_links":{"self":[{"href":"https:\/\/antcube.shop\/fr\/wp-json\/wp\/v2\/product\/11413","targetHints":{"allow":["GET"]}}],"collection":[{"href":"https:\/\/antcube.shop\/fr\/wp-json\/wp\/v2\/product"}],"about":[{"href":"https:\/\/antcube.shop\/fr\/wp-json\/wp\/v2\/types\/product"}],"replies":[{"embeddable":true,"href":"https:\/\/antcube.shop\/fr\/wp-json\/wp\/v2\/comments?post=11413"}],"wp:featuredmedia":[{"embeddable":true,"href":"https:\/\/antcube.shop\/fr\/wp-json\/wp\/v2\/media\/11368"}],"wp:attachment":[{"href":"https:\/\/antcube.shop\/fr\/wp-json\/wp\/v2\/media?parent=11413"}],"wp:term":[{"taxonomy":"product_brand","embeddable":true,"href":"https:\/\/antcube.shop\/fr\/wp-json\/wp\/v2\/product_brand?post=11413"},{"taxonomy":"product_cat","embeddable":true,"href":"https:\/\/antcube.shop\/fr\/wp-json\/wp\/v2\/product_cat?post=11413"},{"taxonomy":"product_tag","embeddable":true,"href":"https:\/\/antcube.shop\/fr\/wp-json\/wp\/v2\/product_tag?post=11413"}],"curies":[{"name":"wp","href":"https:\/\/api.w.org\/{rel}","templated":true}]}}