{"id":11409,"date":"2025-04-11T16:39:39","date_gmt":"2025-04-11T14:39:39","guid":{"rendered":"https:\/\/antcube.shop\/en\/product\/light-strip-20\/"},"modified":"2026-04-02T09:54:22","modified_gmt":"2026-04-02T07:54:22","slug":"bande-lumineuse-20","status":"publish","type":"product","link":"https:\/\/antcube.shop\/fr\/produit\/bande-lumineuse-20\/","title":{"rendered":"Bande lumineuse 20"},"content":{"rendered":"<p><strong>Contenu :<\/strong><br \/>\n1x Bande lumineuse LED mini 14cm<br \/>\n1x support pour montage au plafond avec vis<br \/>\n1x prise de courant avec interrupteur<\/p>\n<p><strong>Donn\u00e9es techniques :<\/strong><br \/>\nDimensions : 140x60x9mm<br \/>\n\u00c9clairage : LED<br \/>\nConsommation \u00e9lectrique : 2W<br \/>\nFlux lumineux : 210 lm (105 lm\/W)<br \/>\nCouleur de la lumi\u00e8re : 3000K \/ 4000K \/ 6500K<br \/>\nDur\u00e9e de vie : ~ 25 000 h<br \/>\nLongueur du c\u00e2ble : 156 cm<br \/>\nDimmable<\/p>\n<p><strong>Mat\u00e9riau :<\/strong> Plastique<\/p>\n<p><strong>Couleur :<\/strong> blanc<\/p>\n<p><strong>Description :<\/strong><br \/>\nId\u00e9al pour toutes les esp\u00e8ces de fourmis. Spectre similaire \u00e0 la lumi\u00e8re du jour avec un bon \u00e9clairage du formarium. Pas d'\u00e9mission de chaleur ind\u00e9sirable, extr\u00eamement \u00e9conome en \u00e9nergie.<br \/>\nCette lampe LED convient aux formariums et vivariums de taille 20x20x20, 20x20x10 et 20x10x10. Elle se place simplement sur le couvercle. La luminosit\u00e9 est r\u00e9glable sur 10 niveaux et 3 couleurs de lumi\u00e8re diff\u00e9rentes peuvent \u00eatre r\u00e9gl\u00e9es, de \"blanc froid\" \u00e0 \"naturel\" en passant par \"chaud\". Une extension peut \u00eatre command\u00e9e pour les formariums d'une largeur de 40 cm. Cette extension est mentionn\u00e9e plus loin dans l'article. A partir d'une hauteur de plus de 30 cm, seule une petite partie de la lumi\u00e8re atteint le fond.<\/p>","protected":false},"excerpt":{"rendered":"<p><span style=\"font-weight: 400;\">Consommation \u00e9lectrique : 2W<\/span><\/p>","protected":false},"featured_media":11376,"comment_status":"open","ping_status":"closed","template":"","meta":{"_acf_changed":false,"content-type":"","_monsterinsights_skip_tracking":false,"_monsterinsights_sitenote_active":false,"_monsterinsights_sitenote_note":"","_monsterinsights_sitenote_category":0},"product_brand":[],"product_cat":[359,257,119],"product_tag":[],"class_list":{"0":"post-11409","1":"product","2":"type-product","3":"status-publish","4":"has-post-thumbnail","6":"product_cat-light-heat-humidity","7":"product_cat-new-innovatve-products","8":"product_cat-formicarium-components","10":"first","11":"instock","12":"taxable","13":"shipping-taxable","14":"purchasable","15":"product-type-simple"},"acf":[],"aioseo_notices":[],"jetpack_sharing_enabled":true,"_links":{"self":[{"href":"https:\/\/antcube.shop\/fr\/wp-json\/wp\/v2\/product\/11409","targetHints":{"allow":["GET"]}}],"collection":[{"href":"https:\/\/antcube.shop\/fr\/wp-json\/wp\/v2\/product"}],"about":[{"href":"https:\/\/antcube.shop\/fr\/wp-json\/wp\/v2\/types\/product"}],"replies":[{"embeddable":true,"href":"https:\/\/antcube.shop\/fr\/wp-json\/wp\/v2\/comments?post=11409"}],"wp:featuredmedia":[{"embeddable":true,"href":"https:\/\/antcube.shop\/fr\/wp-json\/wp\/v2\/media\/11376"}],"wp:attachment":[{"href":"https:\/\/antcube.shop\/fr\/wp-json\/wp\/v2\/media?parent=11409"}],"wp:term":[{"taxonomy":"product_brand","embeddable":true,"href":"https:\/\/antcube.shop\/fr\/wp-json\/wp\/v2\/product_brand?post=11409"},{"taxonomy":"product_cat","embeddable":true,"href":"https:\/\/antcube.shop\/fr\/wp-json\/wp\/v2\/product_cat?post=11409"},{"taxonomy":"product_tag","embeddable":true,"href":"https:\/\/antcube.shop\/fr\/wp-json\/wp\/v2\/product_tag?post=11409"}],"curies":[{"name":"wp","href":"https:\/\/api.w.org\/{rel}","templated":true}]}}