{"id":11408,"date":"2025-04-11T16:39:04","date_gmt":"2025-04-11T14:39:04","guid":{"rendered":"https:\/\/antcube.shop\/en\/product\/fotoruckwand-regenwald-60x60\/"},"modified":"2026-03-26T10:55:56","modified_gmt":"2026-03-26T09:55:56","slug":"photo-mur-arriere-60x60-rainforest","status":"publish","type":"product","link":"https:\/\/antcube.shop\/fr\/produit\/photo-mur-arriere-60x60-rainforest\/","title":{"rendered":"Photo mur arri\u00e8re 60\u00d760 rainforest"},"content":{"rendered":"<p><strong>Dimensions :<\/strong> 60x60cm<\/p>\n<p><strong>Mat\u00e9riau :<\/strong> Papier d'aluminium brillant<\/p>\n<p><strong>Contenu :<\/strong> 1x paroi arri\u00e8re pour photos<\/p>\n<p><strong>Description :<\/strong> Ce fond photographique doit \u00eatre fix\u00e9 \u00e0 l'arri\u00e8re du formicarium depuis l'ext\u00e9rieur pour donner l'impression d'un environnement correspondant \u00e0 l'habitat naturel des fourmis.<\/p>","protected":false},"excerpt":{"rendered":"<p>Dimensions : 60x60cm Mat\u00e9riau : Papier brillant Contenu : 1x mur de fond photo Description : Ce fond photo doit \u00eatre fix\u00e9 \u00e0 l'arri\u00e8re du formicarium depuis l'ext\u00e9rieur pour donner l'impression d'un environnement correspondant \u00e0 l'habitat naturel des fourmis.<\/p>","protected":false},"featured_media":5530,"comment_status":"open","ping_status":"closed","template":"","meta":{"_acf_changed":false,"content-type":"","_monsterinsights_skip_tracking":false,"_monsterinsights_sitenote_active":false,"_monsterinsights_sitenote_note":"","_monsterinsights_sitenote_category":0},"product_brand":[484],"product_cat":[97,106],"product_tag":[],"class_list":{"0":"post-11408","1":"product","2":"type-product","3":"status-publish","4":"has-post-thumbnail","6":"product_brand-antcube","7":"product_cat-photo-backwalls","8":"product_cat-rainforest-photo-backwall","10":"first","11":"instock","12":"taxable","13":"shipping-taxable","14":"purchasable","15":"product-type-simple"},"acf":[],"aioseo_notices":[],"jetpack_sharing_enabled":true,"_links":{"self":[{"href":"https:\/\/antcube.shop\/fr\/wp-json\/wp\/v2\/product\/11408","targetHints":{"allow":["GET"]}}],"collection":[{"href":"https:\/\/antcube.shop\/fr\/wp-json\/wp\/v2\/product"}],"about":[{"href":"https:\/\/antcube.shop\/fr\/wp-json\/wp\/v2\/types\/product"}],"replies":[{"embeddable":true,"href":"https:\/\/antcube.shop\/fr\/wp-json\/wp\/v2\/comments?post=11408"}],"wp:featuredmedia":[{"embeddable":true,"href":"https:\/\/antcube.shop\/fr\/wp-json\/wp\/v2\/media\/5530"}],"wp:attachment":[{"href":"https:\/\/antcube.shop\/fr\/wp-json\/wp\/v2\/media?parent=11408"}],"wp:term":[{"taxonomy":"product_brand","embeddable":true,"href":"https:\/\/antcube.shop\/fr\/wp-json\/wp\/v2\/product_brand?post=11408"},{"taxonomy":"product_cat","embeddable":true,"href":"https:\/\/antcube.shop\/fr\/wp-json\/wp\/v2\/product_cat?post=11408"},{"taxonomy":"product_tag","embeddable":true,"href":"https:\/\/antcube.shop\/fr\/wp-json\/wp\/v2\/product_tag?post=11408"}],"curies":[{"name":"wp","href":"https:\/\/api.w.org\/{rel}","templated":true}]}}