{"id":11407,"date":"2025-04-11T16:38:16","date_gmt":"2025-04-11T14:38:16","guid":{"rendered":"https:\/\/antcube.shop\/en\/product\/terracube-60x30x60-terrarium-mit-schiebetur\/"},"modified":"2026-04-02T12:12:14","modified_gmt":"2026-04-02T10:12:14","slug":"terracube-60x30x60-terrarium-avec-porte-coulissante","status":"publish","type":"product","link":"https:\/\/antcube.shop\/fr\/produit\/terracube-60x30x60-terrarium-avec-porte-coulissante\/","title":{"rendered":"TERRACUBE 60x30x60 Terrarium avec porte coulissante"},"content":{"rendered":"<p><strong>TERRACUBE Terrarium 60x30x60 avec porte coulissante et 2 ouvertures de 50mm.<\/strong><\/p>\n<p><strong>Dimensions :<\/strong> 600 x 300 x 600 mm ; \u00e9paisseur du verre 4 mm<br \/>\n<strong>Mat\u00e9riau :<\/strong> verre flott\u00e9<br \/>\n<strong>Connexion :<\/strong> 2 trous de 50 mm (2 sur le c\u00f4t\u00e9)<\/p>\n<p><strong>Ouverture frontale (porte coulissante) :<\/strong> 300\u00d7300 mm<br \/>\nHauteur de la barre : 12,5 cm<br \/>\nLargeur de la barre : 4 cm<\/p>\n<p><strong>Description :<\/strong><br \/>\n<strong>TERRACUBE - Le syst\u00e8me de terrarium modulaire enti\u00e8rement transparent avec des d\u00e9tails astucieux<\/strong><br \/>\nLes terrariums TERRACUBE se caract\u00e9risent par une transparence maximale (360\u00b0) et un design \u00e9l\u00e9gant et clair. Tous les bords sont coll\u00e9s avec pr\u00e9cision, de sorte qu'aucun joint de silicone g\u00eanant n'est visible. Le silicone utilis\u00e9 est \u00e9galement totalement transparent, ce qui permet de voir l'int\u00e9rieur du terrarium en toute transparence.<\/p>\n<p><strong>Ventilation sophistiqu\u00e9e et points d'acc\u00e8s techniques<\/strong><br \/>\n<strong>Deux trous lat\u00e9raux (\u00d8 50 mm chacun) offrent des possibilit\u00e9s d'utilisation flexibles :<\/strong><br \/>\nIls peuvent \u00eatre utilis\u00e9s pour une ventilation suppl\u00e9mentaire ou comme acc\u00e8s \u00e0 des technologies telles que des thermo\/hygrom\u00e8tres, des brumisateurs, des pierres chauffantes et bien plus encore.<\/p>\n<p>La couverture est vendue s\u00e9par\u00e9ment et est disponible en diff\u00e9rentes versions - avec diff\u00e9rentes zones de ventilation et des trous pour une ventilation suppl\u00e9mentaire ou des accessoires techniques tels que des syst\u00e8mes de pluie ou des ventilateurs, en fonction de l'habitat.<\/p>\n<p><strong>Grille s\u00fbre - convient \u00e9galement aux petits animaux<\/strong><br \/>\nLa grille d'a\u00e9ration en acier inoxydable \u00e0 mailles fines situ\u00e9e sur le bar est si \u00e9tanche que m\u00eame des esp\u00e8ces minuscules comme les drosophiles ou les fourmis ne peuvent s'en \u00e9chapper. Elle est soutenue par une solide plaque d'aluminium perfor\u00e9e. Le concept est donc anticorrosion (peu d'entretien et durable) et stable, m\u00eame face \u00e0 l'impact m\u00e9canique de reptiles plus gros.<\/p>\n<p><strong>Porte coulissante - pratique et presque invisible<\/strong><br \/>\nLa porte coulissante pratique est \u00e9quip\u00e9e d'une poign\u00e9e transparente sur un support \u00e9galement enti\u00e8rement transparent. Ainsi, l'attention reste toujours port\u00e9e sur l'int\u00e9rieur con\u00e7u avec amour ou sur les animaux qui s'y trouvent.<\/p>\n<p><strong>Syst\u00e8me modulaire - connecter les terrariums entre eux<\/strong><br \/>\nPlusieurs terrariums TERRACUBE peuvent \u00eatre reli\u00e9s entre eux gr\u00e2ce aux trous sur le c\u00f4t\u00e9 et aux connecteurs ou tubes en acrylique transparent assortis.<br \/>\nPar exemple, une colonie de fourmis peut \u00eatre conserv\u00e9e dans un r\u00e9servoir voisin comme source de nourriture pour les reptiles - avec une retraite s\u00fbre si le reptile ne peut pas passer \u00e0 travers le tube. Des syst\u00e8mes entiers, par exemple pour les grenouilles ou les salamandres, peuvent \u00e9galement \u00eatre \u00e9tendus de mani\u00e8re flexible.<\/p>\n<p><strong>Note :<\/strong> Le verre est d\u00e9coup\u00e9 conform\u00e9ment \u00e0 la norme DIN 1249 avec une tol\u00e9rance de +\/- 1 mm. Une protection suppl\u00e9mentaire contre les fuites est indispensable pour les esp\u00e8ces de fourmis de tr\u00e8s petite taille.<\/p>","protected":false},"excerpt":{"rendered":"<p>TERRACUBE Terrarium 60x30x60 avec porte coulissante et 2 ouvertures de 50mm. Dimensions : 600 x 300 x 600 mm ; \u00e9paisseur du verre 4 mm Mat\u00e9riau : verre flott\u00e9 Raccordement : 2 trous de 50 mm (2 sur le c\u00f4t\u00e9) Ouverture frontale (porte coulissante) : 300x300 mm Hauteur de la barre : 12,5 cm Largeur de la barre : 4 cm Description : TERRACUBE - Le syst\u00e8me de terrarium modulaire enti\u00e8rement transparent","protected":false},"featured_media":11397,"comment_status":"open","ping_status":"closed","template":"","meta":{"_acf_changed":false,"content-type":"","_monsterinsights_skip_tracking":false,"_monsterinsights_sitenote_active":false,"_monsterinsights_sitenote_note":"","_monsterinsights_sitenote_category":0},"product_brand":[499],"product_cat":[257],"product_tag":[],"class_list":{"0":"post-11407","1":"product","2":"type-product","3":"status-publish","4":"has-post-thumbnail","6":"product_brand-terracube","7":"product_cat-new-innovatve-products","8":"product_shipping_class-forwarding-on-pallet","10":"first","11":"instock","12":"taxable","13":"shipping-taxable","14":"purchasable","15":"product-type-simple"},"acf":[],"aioseo_notices":[],"jetpack_sharing_enabled":true,"_links":{"self":[{"href":"https:\/\/antcube.shop\/fr\/wp-json\/wp\/v2\/product\/11407","targetHints":{"allow":["GET"]}}],"collection":[{"href":"https:\/\/antcube.shop\/fr\/wp-json\/wp\/v2\/product"}],"about":[{"href":"https:\/\/antcube.shop\/fr\/wp-json\/wp\/v2\/types\/product"}],"replies":[{"embeddable":true,"href":"https:\/\/antcube.shop\/fr\/wp-json\/wp\/v2\/comments?post=11407"}],"wp:featuredmedia":[{"embeddable":true,"href":"https:\/\/antcube.shop\/fr\/wp-json\/wp\/v2\/media\/11397"}],"wp:attachment":[{"href":"https:\/\/antcube.shop\/fr\/wp-json\/wp\/v2\/media?parent=11407"}],"wp:term":[{"taxonomy":"product_brand","embeddable":true,"href":"https:\/\/antcube.shop\/fr\/wp-json\/wp\/v2\/product_brand?post=11407"},{"taxonomy":"product_cat","embeddable":true,"href":"https:\/\/antcube.shop\/fr\/wp-json\/wp\/v2\/product_cat?post=11407"},{"taxonomy":"product_tag","embeddable":true,"href":"https:\/\/antcube.shop\/fr\/wp-json\/wp\/v2\/product_tag?post=11407"}],"curies":[{"name":"wp","href":"https:\/\/api.w.org\/{rel}","templated":true}]}}