{"id":11137,"date":"2025-03-06T15:59:48","date_gmt":"2025-03-06T14:59:48","guid":{"rendered":"https:\/\/antcube.shop\/en\/product\/antcube-arena-60x30x60-mit-schiebetur\/"},"modified":"2026-01-12T12:41:14","modified_gmt":"2026-01-12T11:41:14","slug":"antcube-arena-60x30x60-avec-porte-coulissante","status":"publish","type":"product","link":"https:\/\/antcube.shop\/fr\/produit\/antcube-arena-60x30x60-avec-porte-coulissante\/","title":{"rendered":"ANTCUBE Arena 60x30x60 avec porte coulissante"},"content":{"rendered":"<p><strong>ANTCUBE Arena 60x30x60 avec porte coulissante et 4x ouvertures de 50mm.<\/strong><\/p>\n<p><strong>Dimensions :<\/strong> 600 x 300 x 600 mm ; \u00e9paisseur du verre 4 mm<br \/>\n<strong>Mat\u00e9riau :<\/strong> verre flott\u00e9<br \/>\n<strong>Connexion :<\/strong> 4x trou de 50 mm (2x sur le c\u00f4t\u00e9 et 2x \u00e0 l'avant)<\/p>\n<p><strong>Ouverture frontale (porte coulissante) :<\/strong> 300\u00d7300 mm<\/p>\n<p><strong>Description :<\/strong> Notre ar\u00e8ne ANTCUBE 60x30x60 avec porte coulissante a \u00e9t\u00e9 d\u00e9velopp\u00e9e pour permettre de travailler confortablement m\u00eame en pleine p\u00e9riode de formicariose. Il peut \u00e9galement servir d'extension \u00e0 notre ar\u00e8ne 60x30x30 avec porte coulissante. La diff\u00e9rence r\u00e9side dans les nouveaux trous \u00e0 l'avant pour cr\u00e9er une ventilation suppl\u00e9mentaire ou, s'il n'y a pas d'espace sur les c\u00f4t\u00e9s, pour connecter des ar\u00e8nes suppl\u00e9mentaires avec des tubes acryliques via les connexions avant. Ces ar\u00e8nes sont particuli\u00e8rement utiles comme formicarium pour les fourmis tisserandes (Polyrhachis et Oecophylla), car elles aiment construire vers le haut et ont besoin d'une plante h\u00f4te. Les esp\u00e8ces arboricoles telles que Tetraponera sont \u00e9galement ravies de pouvoir grimper. Il est parfois difficile d'\u00e9liminer les d\u00e9chets des animaux au fond du formarium, par exemple. Ce n'est pas un probl\u00e8me avec ce bac sp\u00e9cialement adapt\u00e9. La porte coulissante est \u00e9galement tr\u00e8s pratique pour les bacs d'alimentation des fourmis coupeuses de feuilles Acromyrmex ou Atta, car les restes de plantes et autres d\u00e9chets peuvent \u00eatre \u00e9limin\u00e9s facilement. Pour l'ouverture sup\u00e9rieure, un cadre de protection contre les intrusions de 60\u00d730 et un couvercle d'ar\u00e8ne de 60\u00d730 avec ou sans une plus grande zone de ventilation sont \u00e9galement disponibles s\u00e9par\u00e9ment.<\/p>\n<p><strong>Note :<\/strong> Le verre est d\u00e9coup\u00e9 conform\u00e9ment \u00e0 la norme DIN 1249 avec une tol\u00e9rance de +\/- 1 mm. Une protection suppl\u00e9mentaire contre les fuites est indispensable pour les esp\u00e8ces de fourmis de tr\u00e8s petite taille.<\/p>","protected":false},"excerpt":{"rendered":"<p>Raccordement : 4x trou de 50 mm<\/p>","protected":false},"featured_media":11138,"comment_status":"open","ping_status":"closed","template":"","meta":{"_acf_changed":false,"content-type":"","_monsterinsights_skip_tracking":false,"_monsterinsights_sitenote_active":false,"_monsterinsights_sitenote_note":"","_monsterinsights_sitenote_category":0},"product_brand":[484],"product_cat":[257,85,86],"product_tag":[],"class_list":{"0":"post-11137","1":"product","2":"type-product","3":"status-publish","4":"has-post-thumbnail","6":"product_brand-antcube","7":"product_cat-new-innovatve-products","8":"product_cat-ant-arenas","9":"product_cat-formicariums","10":"product_shipping_class-forwarding-on-pallet","12":"first","13":"instock","14":"taxable","15":"shipping-taxable","16":"purchasable","17":"product-type-simple"},"acf":[],"aioseo_notices":[],"jetpack_sharing_enabled":true,"_links":{"self":[{"href":"https:\/\/antcube.shop\/fr\/wp-json\/wp\/v2\/product\/11137","targetHints":{"allow":["GET"]}}],"collection":[{"href":"https:\/\/antcube.shop\/fr\/wp-json\/wp\/v2\/product"}],"about":[{"href":"https:\/\/antcube.shop\/fr\/wp-json\/wp\/v2\/types\/product"}],"replies":[{"embeddable":true,"href":"https:\/\/antcube.shop\/fr\/wp-json\/wp\/v2\/comments?post=11137"}],"wp:featuredmedia":[{"embeddable":true,"href":"https:\/\/antcube.shop\/fr\/wp-json\/wp\/v2\/media\/11138"}],"wp:attachment":[{"href":"https:\/\/antcube.shop\/fr\/wp-json\/wp\/v2\/media?parent=11137"}],"wp:term":[{"taxonomy":"product_brand","embeddable":true,"href":"https:\/\/antcube.shop\/fr\/wp-json\/wp\/v2\/product_brand?post=11137"},{"taxonomy":"product_cat","embeddable":true,"href":"https:\/\/antcube.shop\/fr\/wp-json\/wp\/v2\/product_cat?post=11137"},{"taxonomy":"product_tag","embeddable":true,"href":"https:\/\/antcube.shop\/fr\/wp-json\/wp\/v2\/product_tag?post=11137"}],"curies":[{"name":"wp","href":"https:\/\/api.w.org\/{rel}","templated":true}]}}