{"id":10988,"date":"2025-01-29T13:27:22","date_gmt":"2025-01-29T12:27:22","guid":{"rendered":"https:\/\/antcube.shop\/en\/product\/bundle-offer-pheidole-pallidula\/"},"modified":"2026-04-28T18:23:47","modified_gmt":"2026-04-28T16:23:47","slug":"offre-groupee-pheidole-pallidula","status":"publish","type":"product","link":"https:\/\/antcube.shop\/fr\/produit\/offre-groupee-pheidole-pallidula\/","title":{"rendered":"Offre group\u00e9e - Crematogaster scutellaris"},"content":{"rendered":"<p id=\"docs-internal-guid-f360e18f-7fff-1fa7-2486-66b6ea8170c9\" dir=\"ltr\"><span data-text-color=\"secondary\"><strong>Offre group\u00e9e comprenant une colonie de fourmis Crematogaster scutellaris (reine avec 5-10 ouvri\u00e8res + couvain), un kit de d\u00e9marrage Digfix S, 2x tampons de formicarium et un fond de photo du d\u00e9sert.<\/strong><\/span><\/p>\n<p dir=\"ltr\"><span data-text-color=\"alert\"><strong>Dans la limite des stocks disponibles.<\/strong><\/span><\/p>\n<h2 dir=\"ltr\"><strong>Tout ce dont vous avez besoin pour une colonie de fourmis Crematogaster scutellaris<\/strong><\/h2>\n<p dir=\"ltr\">Ce kit contient tout ce dont vous avez besoin pour soutenir avec succ\u00e8s une colonie de Crematogaster scutellaris au cours des premiers mois d'\u00e9levage. Il est id\u00e9al pour les d\u00e9butants et peut facilement \u00eatre \u00e9tendu.<\/p>\n<h3 dir=\"ltr\"><strong>Esp\u00e8ces de fourmis Crematogaster scutellaris<\/strong><\/h3>\n<p>Crematogaster scutellaris est une esp\u00e8ce de fourmi principalement omnivore qui consomme \u00e0 la fois de la nourriture v\u00e9g\u00e9tale et animale. Elle est r\u00e9pandue dans toute la r\u00e9gion m\u00e9diterran\u00e9enne et se trouve \u00e9galement dans les parties m\u00e9ridionales de l'Europe centrale. Cette esp\u00e8ce se distingue par son abdomen caract\u00e9ristique en forme de poire, qu'elle soul\u00e8ve en cas de danger - un comportement frappant pour dissuader ses ennemis.<\/p>\n<p>Les colonies sont g\u00e9n\u00e9ralement compos\u00e9es d'une reine (monogyne), mais peuvent \u00e9galement abriter plusieurs reines. Les ouvri\u00e8res ont un comportement actif et curieux et d\u00e9fendent vigoureusement leur nid. Crematogaster scutellaris est particuli\u00e8rement connu pour sa capacit\u00e9 \u00e0 nicher dans le bois mort ou dans les creux des arbres.<\/p>\n<h3 dir=\"ltr\"><strong>Nid pour Crematogaster scutellaris<\/strong><\/h3>\n<p dir=\"ltr\">Comme cette esp\u00e8ce pr\u00e9f\u00e8re nicher dans du bois mort sec ou dans des fissures et des crevasses, ce set contient un insert de nid Digfix. Celui-ci permet de bien voir l'int\u00e9rieur du nid et de simuler les conditions naturelles. Il est \u00e9galement possible de les maintenir dans des nids en li\u00e8ge ou en bois, qui sont tr\u00e8s proches de leur habitat naturel.<\/p>\n<h3 dir=\"ltr\"><strong>Nourriture pour Crematogaster scutellaris<\/strong><\/h3>\n<p dir=\"ltr\">Crematogaster scutellaris est un omnivore avec une pr\u00e9f\u00e9rence particuli\u00e8re pour les liquides sucr\u00e9s tels que le miel ou les solutions sucr\u00e9es. Il a \u00e9galement besoin d'aliments riches en prot\u00e9ines, par exemple de petits insectes, en particulier pour l'\u00e9levage de son couvain. Dans la nature, il se nourrit \u00e9galement de s\u00e8ve d'arbre et de petits arthropodes.<\/p>\n<h3 dir=\"ltr\"><strong>Conditions climatiques pour Crematogaster scutellaris<\/strong><\/h3>\n<p dir=\"ltr\">Humidit\u00e9 :<br \/>\nArena : 30 - 50%<br \/>\nSurface de nidification : 50 - 60%<br \/>\nTemp\u00e9rature :<br \/>\nAr\u00e8ne : 24 - 30\u00b0C<br \/>\nZone de nidification : 22 - 28\u00b0C<\/p>\n<p dir=\"ltr\">Crematogaster scutellaris est id\u00e9al pour les d\u00e9butants comme pour les \u00e9leveurs de fourmis exp\u00e9riment\u00e9s. Gr\u00e2ce \u00e0 son comportement actif, \u00e0 la forme et \u00e0 la couleur frappantes de son corps et \u00e0 sa m\u00e9thode de construction du nid, il offre un aper\u00e7u passionnant de la vie d'une colonie de fourmis.<\/p>\n<p dir=\"ltr\"><strong>Contenu :<\/strong><br \/>\n1x colonie de fourmis Crematogaster scutellaris (reine + 5-10 ouvri\u00e8res + couvain)<br \/>\n1x solution sucre-miel (SH) - recharge 10ml<br \/>\n1x grillons entiers blanchis 10g<br \/>\n1x tampon pour formicarium - 20x20cm<br \/>\n1x tampon Formicarium - 20x6cm<br \/>\n1x Fond photo d\u00e9sert 20\u00d710<br \/>\n1x ANTCUBE - Arena 20x20x10 - plat<br \/>\n1x cadre Arena 20\u00d720<br \/>\n1x Couverture de l'ar\u00e8ne 20\u00d720<br \/>\n4x Point de fixation pour la couverture de l'ar\u00e8ne<br \/>\n1x ANTCUBE - fourmili\u00e8re - S - 20\u00d720 - debout<br \/>\n1x ANTCUBE - Plaque Digfix 20\u00d720 - S<br \/>\n1x 0.5m tube transparent 10\/06 mm<br \/>\nANTCUBE - Film rouge 20\u00d720 - Filtre<br \/>\n1x clips adh\u00e9sifs - transparents - 2 pcs.<br \/>\n1x substrat - sable-argile beige - 200g<br \/>\n1x insert de maille - 50mm - acier inoxydable<br \/>\n1x bouchon de formica pour trou de 50 mm<br \/>\n1x bouchon de formica pour trou de 27 mm<br \/>\n1x capuchon de formica pour douille de 6 mm<br \/>\n1x connecteur de bassin B-27 et S-10-16 mm M25 - set<br \/>\n1x 2ml feeder - 360\u00b0<br \/>\n1x bol \u00e0 boire transparent 20ml - \u00e9ponge<br \/>\n1x gobelet alimentaire transparent 1\u00d720 - \u00e9ponge<br \/>\n1x mini thermo-hygrom\u00e8tre analogique - affichage suspendu<br \/>\n1x poudre de protection contre les fourmis 10ml<br \/>\n1x Pincettes en acier \u00e0 ressort - large - souple<br \/>\n1x pince \u00e0 \u00e9piler en plastique transparent<br \/>\n1x pipette en plastique 3ml<br \/>\n1x loupe \u00e0 main - 2x - 30mm<br \/>\n1x racleur en mousse 150x18x2.5mm<\/p>\n<p dir=\"ltr\"><strong>Description :<\/strong><br \/>\nLe Digfix Starter Set convient \u00e0 diverses esp\u00e8ces de fourmis, en particulier \u00e0 celles qui nichent dans le sable et le bois (mort). Il peut \u00eatre conserv\u00e9 au sec ou l\u00e9g\u00e8rement humide.<br \/>\nLa ferme transparente peut \u00eatre utilis\u00e9e avec la plaque ANTCUBE Digfix. Les fourmis creusent leurs propres tunnels et chambres dans le mat\u00e9riau. Si n\u00e9cessaire, d'autres modules peuvent \u00eatre connect\u00e9s via les trous de 50 mm du couvercle, tels que les brumisateurs, les ventilateurs ou les lumi\u00e8res disponibles s\u00e9par\u00e9ment. Il est \u00e9galement possible de fermer les ouvertures \u00e0 l'aide de bouchons formicariens assortis. Si vous pr\u00e9f\u00e9rez, vous pouvez \u00e9galement faire fonctionner le formarium \u00e0 l'air libre en pla\u00e7ant simplement le cadre amovible sur le sol et en appliquant de l'huile anti-fourmis sur le bord. L'arrosoir 2ml - 360 degr\u00e9s est destin\u00e9 \u00e0 la solution de miel\/sucre, l'arrosoir clair 20ml - \u00e9ponge est destin\u00e9 \u00e0 l'eau. Le 'Mini Thermo-Hygrom\u00e8tre' peut \u00eatre fix\u00e9 au cadre ou au couvercle et affiche les valeurs climatiques.<\/p>\n<p dir=\"ltr\"><span data-text-color=\"alert\"><strong>Important :<\/strong><\/span> Humidifiez le sol avant de l'utiliser afin que le m\u00e9lange puisse se lier et se fixer solidement dans la fourmili\u00e8re. En outre, un sol trop sec et poussi\u00e9reux peut bloquer les voies respiratoires des fourmis et, dans le pire des cas, les faire suffoquer.<\/p>\n<p dir=\"ltr\"><strong>Recommandation :<\/strong> Nous recommandons une couche de substrat de 2 mm de hauteur afin que les animaux ne puissent pas creuser eux-m\u00eames dans l'ar\u00e8ne et qu'ils utilisent la ferme pr\u00e9vue \u00e0 cet effet. Nous recommandons \u00e9galement de percer l\u00e9g\u00e8rement le mat\u00e9riau de nidification de la ferme (sable\/argile, Digfix, etc.) en un seul endroit pour permettre aux animaux de creuser plus facilement.<br \/>\n<strong>Note :<\/strong> Le nid peut \u00eatre utilis\u00e9 dans un formicarium sec ou humide. Si le nid est maintenu humide en permanence (trop humide), les restes de nourriture peuvent entra\u00eener la formation de moisissures.<br \/>\n<strong>Note sur Digfix :<\/strong> La couleur naturelle peut varier entre le vert-gris-brun et le brun-terre. La couleur n'a aucune influence sur la qualit\u00e9.<\/p>\n<p dir=\"ltr\"><strong>Notes sur la production<\/strong><br \/>\nLe verre est coup\u00e9 selon la norme DIN 1249 avec une tol\u00e9rance de +\/- 1mm. Pour les esp\u00e8ces de fourmis extr\u00eamement petites, une protection suppl\u00e9mentaire contre la casse est indispensable.<\/p>\n<p dir=\"ltr\"><strong>Notes sur la ferme<\/strong><br \/>\nLors de la connexion ou de la d\u00e9connexion des tubes, les points suivants doivent \u00eatre pris en compte :<br \/>\nSi le tube est difficile \u00e0 mettre en place sur le connecteur, une goutte de notre huile ou poudre anti-\u00e9vasion doit \u00eatre appliqu\u00e9e sur le connecteur. Le tube doit ensuite \u00eatre pouss\u00e9 sur le connecteur en le tournant ou en le vissant, sans exercer de pression de haut en bas sur le connecteur. Il en va de m\u00eame lorsque vous retirez les tubes du connecteur de la ferme. Ne les retirez pas simplement en tirant dessus !<\/p>\n<p dir=\"ltr\"><strong>Notes sur la confiture de cricket :<\/strong><br \/>\nNotre confiture de grillons est un moyen facile de fournir \u00e0 vos fourmis une nourriture prot\u00e9in\u00e9e fra\u00eechement conserv\u00e9e sans avoir \u00e0 nourrir des insectes vivants. Les grillons (Acheta domesticus) sont cuits d\u00e9licatement afin de pr\u00e9server leur valeur nutritionnelle, leur go\u00fbt et leur ar\u00f4me. En outre, l'exosquelette chitineux des insectes est ramolli de mani\u00e8re \u00e0 pouvoir \u00eatre dig\u00e9r\u00e9 plus facilement. Les compos\u00e9s prot\u00e9iques du collag\u00e8ne sont divis\u00e9s afin que les fourmis puissent mieux les utiliser. Les Acheta domesticus de la bo\u00eete ont la m\u00eame valeur nutritive que les grillons vivants, mais sont plus faciles \u00e0 dig\u00e9rer.<br \/>\nLe Cricket Jam n'est pas adapt\u00e9 \u00e0 la chasse aux esp\u00e8ces de fourmis qui ont besoin de nourriture vivante (par exemple les pon\u00e9rines (grandes fourmis) telles que Harpegnathos ou Odontomachus).<\/p>\n<p dir=\"ltr\"><strong>Autres avantages :<\/strong><br \/>\nGarantie sans acariens<br \/>\nPeut \u00eatre portionn\u00e9 et dilu\u00e9 avec de l'eau<br \/>\nSt\u00e9rilis\u00e9 et emball\u00e9 sous vide<br \/>\nSans additifs<br \/>\nGrillons issus d'un \u00e9levage durable et purement biologique, nourris avec des d\u00e9chets organiques<\/p>\n<p dir=\"ltr\"><strong>Note :<\/strong><br \/>\nSe conserve au r\u00e9frig\u00e9rateur pendant environ quatre jours apr\u00e8s ouverture. La dur\u00e9e de conservation est plus longue lorsque le produit est congel\u00e9.<\/p>\n<p dir=\"ltr\"><strong>Attention<\/strong>: Portionner d'abord, puis congeler.<\/p>\n<p dir=\"ltr\"><strong>Notes sur la solution sucre-miel (ZH) - recharge 10ml<\/strong><br \/>\nContenu : 10 ml<\/p>\n<p dir=\"ltr\"><strong>Description :<\/strong> Il s'agit d'un produit compos\u00e9 de divers glucides (tels que le miel et le sucre).<\/p>\n<p dir=\"ltr\"><strong>Application :<\/strong> Le tube de nourriture peut \u00eatre plac\u00e9 entier dans le formicarium ou, en fonction des besoins et de la taille de la colonie, de plus petites quantit\u00e9s peuvent \u00eatre plac\u00e9es dans un bol de nourriture. La nourriture doit \u00eatre consomm\u00e9e dans les 3 jours, sinon il y a un risque de moisissure. Pour la m\u00eame raison, nettoyez le bol alimentaire avant de le remplir \u00e0 nouveau.<\/p>\n<p dir=\"ltr\"><strong>Utilisez :<\/strong><br \/>\nSolution de sucre et de miel = pour les esp\u00e8ces de fourmis mangeuses de sucre et de miel<br \/>\nIl s'agit d'un aliment compl\u00e9mentaire<br \/>\nIl peut \u00eatre propos\u00e9 aux animaux tel quel. \u00c9tant donn\u00e9 que la concentration en sucre diminue en raison de l'humidit\u00e9 et qu'un processus de fermentation commence, la nourriture doit \u00eatre remplac\u00e9e tous les 3 jours. Nettoyer soigneusement le bol ou le tube avant de le r\u00e9utiliser.<br \/>\nUne fois ouvert, l'emballage doit \u00eatre conserv\u00e9 herm\u00e9tiquement ferm\u00e9 (s'il est stock\u00e9 dans un endroit sec) et utilis\u00e9 avant la date indiqu\u00e9e (date de p\u00e9remption).<\/p>\n<p dir=\"ltr\"><strong>Contient :<\/strong><br \/>\nFructose 27 \u00e0 44%,<br \/>\nglucose 22 \u00e0 41%,<br \/>\nle saccharose jusqu'\u00e0 5%,<br \/>\nmaltose 4 \u00e0 14%,<br \/>\nautres sucres complexes 1 \u00e0 14%.<br \/>\nMati\u00e8res grasses : 0g<br \/>\nGlucides : 92g<br \/>\nProt\u00e9ines : 0g<br \/>\nSel : 0g<\/p>\n<p dir=\"ltr\"><strong>Stockage :<\/strong> Afin de garantir la qualit\u00e9 des aliments, ceux-ci doivent \u00eatre stock\u00e9s dans un endroit sombre et sec.<\/p>\n<p dir=\"ltr\"><strong>Note :<\/strong><br \/>\nVeuillez vous r\u00e9f\u00e9rer \u00e0 la notice pour conna\u00eetre la composition, les composants analytiques, la date limite de consommation et le num\u00e9ro de lot.<br \/>\nNum\u00e9ro d'information +49 30 439703870<\/p>\n<p dir=\"ltr\"><strong>Autorit\u00e9 de surveillance v\u00e9t\u00e9rinaire et alimentaire comp\u00e9tente :<\/strong><br \/>\nCabinet v\u00e9t\u00e9rinaire Steglitz<br \/>\nK\u00f6nigin-Luise-Str. 92<br \/>\n14195 Berlin<\/p>","protected":false},"excerpt":{"rendered":"<p>L'ensemble est compos\u00e9 de 34 pi\u00e8ces<\/p>","protected":false},"featured_media":10983,"comment_status":"open","ping_status":"closed","template":"","meta":{"_acf_changed":false,"content-type":"","_monsterinsights_skip_tracking":false,"_monsterinsights_sitenote_active":false,"_monsterinsights_sitenote_note":"","_monsterinsights_sitenote_category":0},"product_brand":[484],"product_cat":[355,73],"product_tag":[],"class_list":{"0":"post-10988","1":"product","2":"type-product","3":"status-publish","4":"has-post-thumbnail","6":"product_brand-antcube","7":"product_cat-bundle-offers","8":"product_cat-starter-sets","10":"first","11":"instock","12":"taxable","13":"shipping-taxable","14":"purchasable","15":"product-type-simple"},"acf":[],"aioseo_notices":[],"jetpack_sharing_enabled":true,"_links":{"self":[{"href":"https:\/\/antcube.shop\/fr\/wp-json\/wp\/v2\/product\/10988","targetHints":{"allow":["GET"]}}],"collection":[{"href":"https:\/\/antcube.shop\/fr\/wp-json\/wp\/v2\/product"}],"about":[{"href":"https:\/\/antcube.shop\/fr\/wp-json\/wp\/v2\/types\/product"}],"replies":[{"embeddable":true,"href":"https:\/\/antcube.shop\/fr\/wp-json\/wp\/v2\/comments?post=10988"}],"wp:featuredmedia":[{"embeddable":true,"href":"https:\/\/antcube.shop\/fr\/wp-json\/wp\/v2\/media\/10983"}],"wp:attachment":[{"href":"https:\/\/antcube.shop\/fr\/wp-json\/wp\/v2\/media?parent=10988"}],"wp:term":[{"taxonomy":"product_brand","embeddable":true,"href":"https:\/\/antcube.shop\/fr\/wp-json\/wp\/v2\/product_brand?post=10988"},{"taxonomy":"product_cat","embeddable":true,"href":"https:\/\/antcube.shop\/fr\/wp-json\/wp\/v2\/product_cat?post=10988"},{"taxonomy":"product_tag","embeddable":true,"href":"https:\/\/antcube.shop\/fr\/wp-json\/wp\/v2\/product_tag?post=10988"}],"curies":[{"name":"wp","href":"https:\/\/api.w.org\/{rel}","templated":true}]}}