{"id":899,"date":"2021-08-22T15:12:45","date_gmt":"2021-08-22T13:12:45","guid":{"rendered":"https:\/\/antcube.shop\/?page_id=899"},"modified":"2023-12-14T13:30:00","modified_gmt":"2023-12-14T12:30:00","slug":"faq-boutique","status":"publish","type":"page","link":"https:\/\/antcube.shop\/fr\/faq-boutique\/","title":{"rendered":"FAQ Boutique"},"content":{"rendered":"<div id=\"gap-47067773\" class=\"gap-element clearfix\" style=\"display:block; height:auto;\">\n\t\t\n<style>\n#gap-47067773 {\n  padding-top: 200px;\n}\n@media (min-width:850px) {\n  #gap-47067773 {\n    padding-top: 175px;\n  }\n}\n<\/style>\n\t<\/div>\n\t\n\n\t<div id=\"text-3623205538\" class=\"text\">\n\t\t\n\n<h1>FAQ Boutique \u00a0<\/h1>\n<h2>Questions fr\u00e9quemment pos\u00e9es sur nos produits ou notre boutique en g\u00e9n\u00e9ral<\/h2>\n\t\t\n<style>\n#text-3623205538 {\n  text-align: center;\n}\n<\/style>\n\t<\/div>\n\t\n<div class=\"row align-center\"  id=\"row-706992421\">\n\n\n\t<div id=\"col-1825904952\" class=\"col small-12 large-12\"  >\n\t\t\t\t<div class=\"col-inner\"  >\n\t\t\t\n\t\t\t\n\n<div class=\"accordion\">\n\n\t<div id=\"accordion-4108616625\" class=\"accordion-item\">\n\t\t<a id=\"accordion-4108616625-label\" class=\"accordion-title plain\" href=\"#accordion-item-you-do-not-know-what-ant-species-to-keep-or-which-formicarium-you-should-use?\" aria-expanded=\"false\" aria-controls=\"accordion-4108616625-content\">\n\t\t\t<button class=\"toggle\" aria-label=\"Basculer\"><i class=\"icon-angle-down\" aria-hidden=\"true\"><\/i><\/button>\n\t\t\t<span>Vous ne savez pas quelle esp\u00e8ce de fourmis garder ou quel formicarium utiliser ?<\/span>\n\t\t<\/a>\n\t\t<div id=\"accordion-4108616625-content\" class=\"accordion-inner\" aria-labelledby=\"accordion-4108616625-label\">\n\t\t\t\n\n<p>Essayez notre \"Ant Finder\" ou \"Formicarium Finder\" - Notre service client\u00e8le en ligne<\/p>\n<p><a href=\"https:\/\/antcube.shop\/ant-finder\/\">Trouvez votre esp\u00e8ce de fourmi<\/a><\/p>\n<p><a href=\"https:\/\/antcube.shop\/formicarium-finder\/\">Trouvez votre Formicarium<\/a><\/p>\n\n\t\t<\/div>\n\t<\/div>\n\t\n\t<div id=\"accordion-1531170882\" class=\"accordion-item\">\n\t\t<a id=\"accordion-1531170882-label\" class=\"accordion-title plain\" href=\"#accordion-item-what-are-the-delivery-times-and-charges-for-orders-from-the-online-shop?\" aria-expanded=\"false\" aria-controls=\"accordion-1531170882-content\">\n\t\t\t<button class=\"toggle\" aria-label=\"Basculer\"><i class=\"icon-angle-down\" aria-hidden=\"true\"><\/i><\/button>\n\t\t\t<span>Quels sont les d\u00e9lais et les frais de livraison pour les commandes pass\u00e9es dans la boutique en ligne ?<\/span>\n\t\t<\/a>\n\t\t<div id=\"accordion-1531170882-content\" class=\"accordion-inner\" aria-labelledby=\"accordion-1531170882-label\">\n\t\t\t\n\n<p>Vous pouvez trouver des informations sur les d\u00e9lais de livraison estim\u00e9s ici :<\/p>\n<p><a href=\"https:\/\/antcube.shop\/delivery-times\/\">D\u00e9lais de livraison<\/a><\/p>\n<p>Si vous souhaitez conna\u00eetre les frais d'exp\u00e9dition estim\u00e9s et les restrictions de livraison, veuillez consulter cette page :<\/p>\n<p><a href=\"https:\/\/antcube.shop\/shipping-costs-delivery-restrictions\/\">Frais d'exp\u00e9dition\/restrictions de livraison<\/a><\/p>\n\n\t\t<\/div>\n\t<\/div>\n\t\n\t<div id=\"accordion-1275216705\" class=\"accordion-item\">\n\t\t<a id=\"accordion-1275216705-label\" class=\"accordion-title plain\" href=\"#accordion-item-you-have-questions-about-returns-or-refunds?\" aria-expanded=\"false\" aria-controls=\"accordion-1275216705-content\">\n\t\t\t<button class=\"toggle\" aria-label=\"Basculer\"><i class=\"icon-angle-down\" aria-hidden=\"true\"><\/i><\/button>\n\t\t\t<span>Vous avez des questions sur les retours ou les remboursements ?<\/span>\n\t\t<\/a>\n\t\t<div id=\"accordion-1275216705-content\" class=\"accordion-inner\" aria-labelledby=\"accordion-1275216705-label\">\n\t\t\t\n\n<p><a href=\"https:\/\/antcube.shop\/refund-policy\/\">Politique de remboursement<\/a><\/p>\n<p><a href=\"https:\/\/antcube.shop\/terms-and-conditions\/\">Modalit\u00e9s et conditions<\/a><\/p>\n\n\t\t<\/div>\n\t<\/div>\n\t\n\t<div id=\"accordion-2915691367\" class=\"accordion-item\">\n\t\t<a id=\"accordion-2915691367-label\" class=\"accordion-title plain\" href=\"#accordion-item-which-payment-methods-are-accepted-in-the-online-shop?\" aria-expanded=\"false\" aria-controls=\"accordion-2915691367-content\">\n\t\t\t<button class=\"toggle\" aria-label=\"Basculer\"><i class=\"icon-angle-down\" aria-hidden=\"true\"><\/i><\/button>\n\t\t\t<span>Quels sont les modes de paiement accept\u00e9s dans la boutique en ligne ?<\/span>\n\t\t<\/a>\n\t\t<div id=\"accordion-2915691367-content\" class=\"accordion-inner\" aria-labelledby=\"accordion-2915691367-label\">\n\t\t\t\n\n<p>Vous trouverez ici un aper\u00e7u des modes de paiement accept\u00e9s :<\/p>\n<p><a href=\"https:\/\/antcube.shop\/payment-methods\/\">M\u00e9thodes de paiement<\/a><\/p>\n\n\t\t<\/div>\n\t<\/div>\n\t\n\t<div id=\"accordion-3378679417\" class=\"accordion-item\">\n\t\t<a id=\"accordion-3378679417-label\" class=\"accordion-title plain\" href=\"#accordion-item-you-are-looking-for-user-manuals-for-your-starter-set?\" aria-expanded=\"false\" aria-controls=\"accordion-3378679417-content\">\n\t\t\t<button class=\"toggle\" aria-label=\"Basculer\"><i class=\"icon-angle-down\" aria-hidden=\"true\"><\/i><\/button>\n\t\t\t<span>Vous recherchez des manuels d'utilisation pour votre kit de d\u00e9marrage ?<\/span>\n\t\t<\/a>\n\t\t<div id=\"accordion-3378679417-content\" class=\"accordion-inner\" aria-labelledby=\"accordion-3378679417-label\">\n\t\t\t\n\n<p>Trouvez ici des manuels d'utilisation PDF \u00e0 imprimer ou \u00e0 t\u00e9l\u00e9charger :<\/p>\n<p><a href=\"https:\/\/antcube.shop\/download\/\">T\u00e9l\u00e9charger<\/a><\/p>\n\n\t\t<\/div>\n\t<\/div>\n\t\n\t<div id=\"accordion-771145414\" class=\"accordion-item\">\n\t\t<a id=\"accordion-771145414-label\" class=\"accordion-title plain\" href=\"#accordion-item-you-need-more-information-about-certain-ant-species-or-ant-keeping-in-general?\" aria-expanded=\"false\" aria-controls=\"accordion-771145414-content\">\n\t\t\t<button class=\"toggle\" aria-label=\"Basculer\"><i class=\"icon-angle-down\" aria-hidden=\"true\"><\/i><\/button>\n\t\t\t<span>Vous avez besoin de plus d'informations sur certaines esp\u00e8ces de fourmis ou sur l'\u00e9levage de fourmis en g\u00e9n\u00e9ral ?<\/span>\n\t\t<\/a>\n\t\t<div id=\"accordion-771145414-content\" class=\"accordion-inner\" aria-labelledby=\"accordion-771145414-label\">\n\t\t\t\n\n<p>Vous trouverez ici les questions les plus fr\u00e9quemment pos\u00e9es sur les fourmis et leur \u00e9levage :<\/p>\n<p><a href=\"https:\/\/antcube.shop\/faq-ants\/\">FAQ fourmis<\/a><\/p>\n<p><a href=\"https:\/\/antcube.shop\/catching-queen-ants\/\">Comment attraper votre reine des fourmis<\/a><\/p>\n<p><a href=\"https:\/\/antcube.shop\/ant-species\/\">En savoir plus sur les fourmis<\/a><\/p>\n<p><a href=\"https:\/\/antcube.shop\/social-media\/\">Consultez nos cha\u00eenes YouTube, vous y trouverez des conseils et des informations utiles.<\/a><\/p>\n\n\t\t<\/div>\n\t<\/div>\n\t\n\t<div id=\"accordion-4094548362\" class=\"accordion-item\">\n\t\t<a id=\"accordion-4094548362-label\" class=\"accordion-title plain\" href=\"#accordion-item-you-have-questions-about-our-products?\" aria-expanded=\"false\" aria-controls=\"accordion-4094548362-content\">\n\t\t\t<button class=\"toggle\" aria-label=\"Basculer\"><i class=\"icon-angle-down\" aria-hidden=\"true\"><\/i><\/button>\n\t\t\t<span>Vous avez des questions sur nos produits ?<\/span>\n\t\t<\/a>\n\t\t<div id=\"accordion-4094548362-content\" class=\"accordion-inner\" aria-labelledby=\"accordion-4094548362-label\">\n\t\t\t\n\n<p>Si vous avez des questions sur nos produits, veuillez d'abord consulter la description du produit concern\u00e9 dans notre boutique.<\/p>\n<p>Sinon, vous pouvez trouver plus d'informations ici :<\/p>\n<p><a href=\"https:\/\/antcube.shop\/product-information\/\">Informations sur le produit<\/a><\/p>\n\n\t\t<\/div>\n\t<\/div>\n\t\n\n<\/div>\n\n\t\t<\/div>\n\t\t\t\t\t<\/div>\n\n\t\n\n<\/div>","protected":false},"excerpt":{"rendered":"","protected":false},"author":1,"featured_media":0,"parent":0,"menu_order":0,"comment_status":"closed","ping_status":"closed","template":"","meta":{"_acf_changed":false,"content-type":"","_monsterinsights_skip_tracking":false,"_monsterinsights_sitenote_active":false,"_monsterinsights_sitenote_note":"","_monsterinsights_sitenote_category":0,"footnotes":""},"class_list":["post-899","page","type-page","status-publish","hentry"],"acf":[],"aioseo_notices":[],"jetpack_sharing_enabled":true,"_links":{"self":[{"href":"https:\/\/antcube.shop\/fr\/wp-json\/wp\/v2\/pages\/899","targetHints":{"allow":["GET"]}}],"collection":[{"href":"https:\/\/antcube.shop\/fr\/wp-json\/wp\/v2\/pages"}],"about":[{"href":"https:\/\/antcube.shop\/fr\/wp-json\/wp\/v2\/types\/page"}],"author":[{"embeddable":true,"href":"https:\/\/antcube.shop\/fr\/wp-json\/wp\/v2\/users\/1"}],"replies":[{"embeddable":true,"href":"https:\/\/antcube.shop\/fr\/wp-json\/wp\/v2\/comments?post=899"}],"version-history":[{"count":8,"href":"https:\/\/antcube.shop\/fr\/wp-json\/wp\/v2\/pages\/899\/revisions"}],"predecessor-version":[{"id":6791,"href":"https:\/\/antcube.shop\/fr\/wp-json\/wp\/v2\/pages\/899\/revisions\/6791"}],"wp:attachment":[{"href":"https:\/\/antcube.shop\/fr\/wp-json\/wp\/v2\/media?parent=899"}],"curies":[{"name":"wp","href":"https:\/\/api.w.org\/{rel}","templated":true}]}}