{"id":702,"date":"2021-08-17T10:58:14","date_gmt":"2021-08-17T08:58:14","guid":{"rendered":"https:\/\/antcube.shop\/?page_id=702"},"modified":"2024-09-09T17:06:06","modified_gmt":"2024-09-09T15:06:06","slug":"attrape-queen-ants","status":"publish","type":"page","link":"https:\/\/antcube.shop\/fr\/attrape-queen-ants\/","title":{"rendered":"Attraper la reine des fourmis"},"content":{"rendered":"<div id=\"gap-518028968\" class=\"gap-element clearfix\" style=\"display:block; height:auto;\">\n\t\t\n<style>\n#gap-518028968 {\n  padding-top: 177px;\n}\n@media (min-width:550px) {\n  #gap-518028968 {\n    padding-top: 178px;\n  }\n}\n@media (min-width:850px) {\n  #gap-518028968 {\n    padding-top: 75px;\n  }\n}\n<\/style>\n\t<\/div>\n\t\n\n\n  <div class=\"banner has-hover\" id=\"banner-1965108954\">\n          <div class=\"banner-inner fill\">\n        <div class=\"banner-bg fill\" >\n            <img loading=\"lazy\" decoding=\"async\" width=\"1020\" height=\"571\" src=\"https:\/\/i0.wp.com\/antcube.shop\/wp-content\/uploads\/2021\/09\/Screenshot-2021-09-16-150304.png?fit=1020%2C571&amp;ssl=1\" class=\"bg attachment-large size-large\" alt=\"Comment attraper une fourmi reine avec un tube \u00e0 essai et une pince \u00e0 \u00e9piler en acier \u00e0 ressort ?\" \/>                        <div class=\"overlay\"><\/div>            \n                    <\/div>\n\t\t\n        <div class=\"banner-layers container\">\n            <div class=\"fill banner-link\"><\/div>            \n\n   <div id=\"text-box-1842760647\" class=\"text-box banner-layer x50 md-x50 lg-x50 y50 md-y50 lg-y50 res-text\">\n                                <div class=\"text-box-content text dark text-shadow-3\">\n              \n              <div class=\"text-inner text-center\">\n                  \n\n<h3 class=\"uppercase\"><strong>Comment attraper votre propre fourmi reine ?<\/strong><\/h3>\n\n              <\/div>\n           <\/div>\n                            \n<style>\n#text-box-1842760647 {\n  width: 60%;\n}\n#text-box-1842760647 .text-box-content {\n  font-size: 100%;\n}\n<\/style>\n    <\/div>\n \n\n        <\/div>\n      <\/div>\n\n            \n<style>\n#banner-1965108954 {\n  padding-top: 400px;\n}\n#banner-1965108954 .overlay {\n  background-color: rgba(0, 0, 0, 0.17);\n}\n#banner-1965108954 .banner-bg img {\n  object-position: 56% 82%;\n}\n@media (min-width:550px) {\n  #banner-1965108954 {\n    padding-top: 500px;\n  }\n}\n<\/style>\n  <\/div>\n\n\n\t<div id=\"gap-2012273197\" class=\"gap-element clearfix\" style=\"display:block; height:auto;\">\n\t\t\n<style>\n#gap-2012273197 {\n  padding-top: 30px;\n}\n<\/style>\n\t<\/div>\n\t\n\n<div class=\"row\"  id=\"row-63199804\">\n\n\n\t<div id=\"col-1068784428\" class=\"col medium-6 small-12 large-6\"  >\n\t\t\t\t<div class=\"col-inner\"  >\n\t\t\t\n\t\t\t\n\n<h3>Attrapez votre propre reine des fourmis<\/h3>\n<p>Si vous voulez attraper votre propre reine des fourmis, il vous faudra soit de la chance, soit un peu de pr\u00e9paration et de recherche.\u00a0<\/p>\n<p>Les fourmis ont g\u00e9n\u00e9ralement leur vol nuptial une fois par an. Ce n'est qu'\u00e0 ce moment-l\u00e0 que la colonie forme des animaux dits reproducteurs, c'est-\u00e0-dire des jeunes reines et des faux-bourdons (fourmis m\u00e2les). Ces derniers sont les seules fourmis capables de voler. Les reines perdent leurs ailes apr\u00e8s s'\u00eatre accoupl\u00e9es avec un ou plusieurs m\u00e2les. Les m\u00e2les meurent apr\u00e8s une courte p\u00e9riode (quelques jours au maximum), qu'ils se soient accoupl\u00e9s ou non. <br \/>Une fois que les jeunes reines ont accompli leur vol nuptial, elles cherchent un endroit appropri\u00e9 pour \u00e9tablir leur colonie. Elles perdent leurs ailes et commencent \u00e0 creuser. C'est le moment id\u00e9al pour les recueillir. Quand elles n'ont plus d'ailes, vous pouvez \u00eatre s\u00fbr qu'elles sont accoupl\u00e9es.<\/p>\n<p>La meilleure fa\u00e7on de les collecter est d'utiliser des pinces en acier \u00e0 ressort. Avec celles-ci, vous pouvez saisir les animaux sans les blesser.<\/p>\n<p>Placez-les dans un tube \u00e0 essai ou une petite bo\u00eete avec des trous pour la ventilation. Certaines esp\u00e8ces doivent \u00eatre transport\u00e9es individuellement, d'autres peuvent \u00eatre gard\u00e9es ensemble pendant une courte p\u00e9riode dans un r\u00e9cipient, car elles sont moins agressives entre elles. Les esp\u00e8ces diff\u00e9rentes doivent toujours \u00eatre conserv\u00e9es s\u00e9par\u00e9ment.<\/p>\n<p>Pour savoir quand et o\u00f9 vous pouvez trouver vos reines fourmis, il existe maintenant de nombreux \"tableaux de vol nuptial\" en ligne. Nous avons mis en lien deux exemples plus bas sur cette page.<\/p>\n<p>Assurez-vous de ne pas collecter une esp\u00e8ce prot\u00e9g\u00e9e ou en voie de disparition. Il existe plus d'une esp\u00e8ce dans tous les pays du monde dont les populations sont tr\u00e8s saines.<\/p>\n<p><strong>Carte de vol nuptial en langue allemande :<\/strong><\/p>\n<p><a href=\"https:\/\/www.ameisenforum.de\/schwarmflug.php\">Ameisenforum.de<\/a><\/p>\n<p><strong>Carte de vol nuptial en langue anglaise :<\/strong><\/p>\n<p><a href=\"https:\/\/antflights.com\/stats\/flights\">Antflights.com<\/a><\/p>\n\n\t\t<\/div>\n\t\t\t\t\t<\/div>\n\n\t\n\n\t<div id=\"col-1985556606\" class=\"col medium-6 small-12 large-6\"  >\n\t\t\t\t<div class=\"col-inner\"  >\n\t\t\t\n\t\t\t\n\n\t<div class=\"img has-hover x md-x lg-x y md-y lg-y\" id=\"image_454842467\">\n\t\t<a class=\"image-lightbox lightbox-gallery\" title=\"\" href=\"https:\/\/i0.wp.com\/antcube.shop\/wp-content\/uploads\/2021\/07\/Lasius-niger.jpg?ssl=1\">\t\t\t\t\t\t<div class=\"img-inner dark\" >\n\t\t\t<img data-recalc-dims=\"1\" loading=\"lazy\" decoding=\"async\" width=\"1000\" height=\"1000\" src=\"https:\/\/i0.wp.com\/antcube.shop\/wp-content\/uploads\/2021\/07\/Lasius-niger.jpg?resize=1000%2C1000&#038;ssl=1\" class=\"attachment-original size-original\" alt=\"Macro de la reine des fourmis Lasius niger sur fond blanc\" srcset=\"https:\/\/i0.wp.com\/antcube.shop\/wp-content\/uploads\/2021\/07\/Lasius-niger.jpg?w=1000&amp;ssl=1 1000w, https:\/\/i0.wp.com\/antcube.shop\/wp-content\/uploads\/2021\/07\/Lasius-niger.jpg?resize=247%2C247&amp;ssl=1 247w, https:\/\/i0.wp.com\/antcube.shop\/wp-content\/uploads\/2021\/07\/Lasius-niger.jpg?resize=100%2C100&amp;ssl=1 100w, https:\/\/i0.wp.com\/antcube.shop\/wp-content\/uploads\/2021\/07\/Lasius-niger.jpg?resize=510%2C510&amp;ssl=1 510w, https:\/\/i0.wp.com\/antcube.shop\/wp-content\/uploads\/2021\/07\/Lasius-niger.jpg?resize=400%2C400&amp;ssl=1 400w, https:\/\/i0.wp.com\/antcube.shop\/wp-content\/uploads\/2021\/07\/Lasius-niger.jpg?resize=800%2C800&amp;ssl=1 800w, https:\/\/i0.wp.com\/antcube.shop\/wp-content\/uploads\/2021\/07\/Lasius-niger.jpg?resize=280%2C280&amp;ssl=1 280w, https:\/\/i0.wp.com\/antcube.shop\/wp-content\/uploads\/2021\/07\/Lasius-niger.jpg?resize=768%2C768&amp;ssl=1 768w\" sizes=\"auto, (max-width: 1000px) 100vw, 1000px\" \/>\t\t\t\t\t\t\n\t\t\t\t\t<\/div>\n\t\t\t\t\t\t<\/a>\t\t\n<style>\n#image_454842467 {\n  width: 100%;\n}\n<\/style>\n\t<\/div>\n\t\n\n\t<div id=\"text-130598899\" class=\"text\">\n\t\t\n\n<p>Reine Lasius niger<\/p>\n\t\t\n<style>\n#text-130598899 {\n  text-align: center;\n}\n<\/style>\n\t<\/div>\n\t\n\n\t\t<\/div>\n\t\t\t\t\t<\/div>\n\n\t\n\n<\/div>","protected":false},"excerpt":{"rendered":"","protected":false},"author":1,"featured_media":0,"parent":0,"menu_order":0,"comment_status":"closed","ping_status":"closed","template":"","meta":{"_acf_changed":false,"content-type":"","_monsterinsights_skip_tracking":false,"_monsterinsights_sitenote_active":false,"_monsterinsights_sitenote_note":"","_monsterinsights_sitenote_category":0,"footnotes":""},"class_list":["post-702","page","type-page","status-publish","hentry"],"acf":[],"aioseo_notices":[],"jetpack_sharing_enabled":true,"_links":{"self":[{"href":"https:\/\/antcube.shop\/fr\/wp-json\/wp\/v2\/pages\/702","targetHints":{"allow":["GET"]}}],"collection":[{"href":"https:\/\/antcube.shop\/fr\/wp-json\/wp\/v2\/pages"}],"about":[{"href":"https:\/\/antcube.shop\/fr\/wp-json\/wp\/v2\/types\/page"}],"author":[{"embeddable":true,"href":"https:\/\/antcube.shop\/fr\/wp-json\/wp\/v2\/users\/1"}],"replies":[{"embeddable":true,"href":"https:\/\/antcube.shop\/fr\/wp-json\/wp\/v2\/comments?post=702"}],"version-history":[{"count":10,"href":"https:\/\/antcube.shop\/fr\/wp-json\/wp\/v2\/pages\/702\/revisions"}],"predecessor-version":[{"id":9149,"href":"https:\/\/antcube.shop\/fr\/wp-json\/wp\/v2\/pages\/702\/revisions\/9149"}],"wp:attachment":[{"href":"https:\/\/antcube.shop\/fr\/wp-json\/wp\/v2\/media?parent=702"}],"curies":[{"name":"wp","href":"https:\/\/api.w.org\/{rel}","templated":true}]}}