{"id":645,"date":"2021-07-30T13:36:43","date_gmt":"2021-07-30T11:36:43","guid":{"rendered":"https:\/\/antcube.shop\/?page_id=645"},"modified":"2024-11-29T15:29:21","modified_gmt":"2024-11-29T14:29:21","slug":"regulation-de-la-portee","status":"publish","type":"page","link":"https:\/\/antcube.shop\/fr\/regulation-de-la-portee\/","title":{"rendered":"REACH-R\u00e9glementation"},"content":{"rendered":"<div id=\"gap-1410373833\" class=\"gap-element clearfix\" style=\"display:block; height:auto;\">\n\t\t\n<style>\n#gap-1410373833 {\n  padding-top: 198px;\n}\n@media (min-width:850px) {\n  #gap-1410373833 {\n    padding-top: 190px;\n  }\n}\n<\/style>\n\t<\/div>\n\t\n\n<div class=\"row\"  id=\"row-1755870440\">\n\n\n\t<div id=\"col-233727316\" class=\"col small-12 large-12\"  >\n\t\t\t\t<div class=\"col-inner\"  >\n\t\t\t\n\t\t\t\n\n<h3><b>Conformit\u00e9 REACH de nos produits<\/b><\/h3>\n<ol>\n<li><b> statut de nos produits selon le r\u00e8glement REACH <\/b><b><br \/><\/b><span style=\"font-weight: 400;\">Les produits ANTSTORE sont d\u00e9finis comme <\/span><b>articles <\/b><span style=\"font-weight: 400;\">conform\u00e9ment au r\u00e8glement REACH.<\/span><\/li>\n<\/ol>\n<ul>\n<li style=\"font-weight: 400;\" aria-level=\"1\"><span style=\"font-weight: 400;\">Leur fonction est principalement d\u00e9termin\u00e9e par <\/span><b>leur forme et leur surface<\/b><span style=\"font-weight: 400;\">et non par leur composition chimique.<\/span><\/li>\n<li style=\"font-weight: 400;\" aria-level=\"1\"><b>Il n'y a pas d'obligation d'enregistrement <\/b><span style=\"font-weight: 400;\">ces produits au titre du r\u00e8glement REACH.<\/span><\/li>\n<\/ul>\n<ol start=\"2\">\n<li><b> Substances SVHC (substances extr\u00eamement pr\u00e9occupantes)<\/b><\/li>\n<\/ol>\n<ul>\n<li style=\"font-weight: 400;\" aria-level=\"1\"><span style=\"font-weight: 400;\">Nos produits <\/span><b>ne contiennent pas de substances <\/b><span style=\"font-weight: 400;\">dont la teneur est sup\u00e9rieure \u00e0 0,1 % en masse et qui sont d\u00e9finies comme suit <\/span><b>SVHC <\/b><span style=\"font-weight: 400;\">(substances extr\u00eamement pr\u00e9occupantes) conform\u00e9ment \u00e0 l'article 57 du r\u00e8glement REACH et \u00e9num\u00e9r\u00e9es \u00e0 l'annexe XIV du r\u00e8glement (la \"liste des substances candidates\").<\/span><\/li>\n<\/ul>\n<p><b>3 R\u00f4le en tant qu'utilisateur en aval <\/b><b><br \/><\/b><span style=\"font-weight: 400;\">Selon le r\u00e8glement REACH, notre entreprise est consid\u00e9r\u00e9e comme un <\/span><b>utilisateur en aval<\/b><span style=\"font-weight: 400;\">.<\/span><\/p>\n<ul>\n<li style=\"font-weight: 400;\" aria-level=\"1\"><span style=\"font-weight: 400;\">Pour toutes les substances et pr\u00e9parations utilis\u00e9es dans le processus de fabrication (par exemple, adh\u00e9sifs, peintures, lubrifiants) :<\/span>\n<ul>\n<li style=\"font-weight: 400;\" aria-level=\"2\"><span style=\"font-weight: 400;\">Avons-nous re\u00e7u des confirmations et des d\u00e9clarations de la part de nos fournisseurs concernant l'utilisation pr\u00e9vue et (actuelle) du produit ? <\/span><b>pr\u00e9inscription<\/b><span style=\"font-weight: 400;\">?<\/span><\/li>\n<li style=\"font-weight: 400;\" aria-level=\"2\"><span style=\"font-weight: 400;\">Nous sommes en contact \u00e9troit avec nos fournisseurs pour garantir la conformit\u00e9 \u00e0 REACH.<\/span><\/li>\n<\/ul>\n<\/li>\n<li style=\"font-weight: 400;\" aria-level=\"1\"><span style=\"font-weight: 400;\">Nous n'utilisons pas de substances ou de pr\u00e9parations pour lesquelles notre entreprise aurait besoin de son propre (pr\u00e9)enregistrement.<\/span><\/li>\n<\/ul>\n<p><span style=\"font-weight: 400;\">Si vous avez d'autres questions concernant la conformit\u00e9 REACH de nos produits, n'h\u00e9sitez pas \u00e0 nous contacter.<\/span><\/p>\n<p>\u00a0<\/p>\n<p>\u00a0<\/p>\n<p><a href=\"https:\/\/www.antstore.net\/shop\/images\/documents\/ant%20escape%20protection%20lacquer%20EN.pdf\" target=\"_blank\" rel=\"noopener\"><span style=\"font-family: verdana,arial,helvetica,sans-serif;\"><img data-recalc-dims=\"1\" decoding=\"async\" src=\"https:\/\/i0.wp.com\/www.antstore.net\/shop\/images\/pdf_logo.gif?w=1020&#038;ssl=1\" alt=\"\" border=\"0\" \/>\u00a0Fiche de donn\u00e9es de s\u00e9curit\u00e9 pour la laque anti-fourmis<\/span><\/a>\u00a0(anglais) , (PDF 0,2 MB)<br \/><span style=\"color: #666666; font-family: arial,helvetica,sans-serif; font-size: xx-small;\">(contenu : consignes de s\u00e9curit\u00e9)<\/span><\/p>\n<p><a href=\"https:\/\/www.antstore.net\/shop\/images\/documents\/ant_escape_protection_oil_en.pdf\" target=\"_blank\" rel=\"noopener\"><span style=\"font-family: verdana,arial,helvetica,sans-serif;\"><img data-recalc-dims=\"1\" decoding=\"async\" src=\"https:\/\/i0.wp.com\/www.antstore.net\/shop\/images\/pdf_logo.gif?w=1020&#038;ssl=1\" alt=\"\" border=\"0\" \/>\u00a0Fiche de donn\u00e9es de s\u00e9curit\u00e9 pour l'huile de protection contre les fourmis<\/span><\/a>\u00a0(anglais) , (PDF 0,1 MB)<br \/><span style=\"color: #666666; font-family: arial,helvetica,sans-serif; font-size: xx-small;\">(contenu : consignes de s\u00e9curit\u00e9)<\/span>\u00a0<\/p>\n\n\t\t<\/div>\n\t\t\t\t\t<\/div>\n\n\t\n\n<\/div>","protected":false},"excerpt":{"rendered":"","protected":false},"author":1,"featured_media":0,"parent":0,"menu_order":0,"comment_status":"closed","ping_status":"closed","template":"","meta":{"_acf_changed":false,"content-type":"","_monsterinsights_skip_tracking":false,"_monsterinsights_sitenote_active":false,"_monsterinsights_sitenote_note":"","_monsterinsights_sitenote_category":0,"footnotes":""},"class_list":["post-645","page","type-page","status-publish","hentry"],"acf":[],"aioseo_notices":[],"jetpack_sharing_enabled":true,"_links":{"self":[{"href":"https:\/\/antcube.shop\/fr\/wp-json\/wp\/v2\/pages\/645","targetHints":{"allow":["GET"]}}],"collection":[{"href":"https:\/\/antcube.shop\/fr\/wp-json\/wp\/v2\/pages"}],"about":[{"href":"https:\/\/antcube.shop\/fr\/wp-json\/wp\/v2\/types\/page"}],"author":[{"embeddable":true,"href":"https:\/\/antcube.shop\/fr\/wp-json\/wp\/v2\/users\/1"}],"replies":[{"embeddable":true,"href":"https:\/\/antcube.shop\/fr\/wp-json\/wp\/v2\/comments?post=645"}],"version-history":[{"count":10,"href":"https:\/\/antcube.shop\/fr\/wp-json\/wp\/v2\/pages\/645\/revisions"}],"predecessor-version":[{"id":10640,"href":"https:\/\/antcube.shop\/fr\/wp-json\/wp\/v2\/pages\/645\/revisions\/10640"}],"wp:attachment":[{"href":"https:\/\/antcube.shop\/fr\/wp-json\/wp\/v2\/media?parent=645"}],"curies":[{"name":"wp","href":"https:\/\/api.w.org\/{rel}","templated":true}]}}