{"id":643,"date":"2021-07-30T13:36:12","date_gmt":"2021-07-30T11:36:12","guid":{"rendered":"https:\/\/antcube.shop\/?page_id=643"},"modified":"2024-11-29T15:31:27","modified_gmt":"2024-11-29T14:31:27","slug":"appareils-electriques-acte","status":"publish","type":"page","link":"https:\/\/antcube.shop\/fr\/appareils-electriques-acte\/","title":{"rendered":"Loi sur les dispositifs \u00e9lectriques"},"content":{"rendered":"<div id=\"gap-708774399\" class=\"gap-element clearfix\" style=\"display:block; height:auto;\">\n\t\t\n<style>\n#gap-708774399 {\n  padding-top: 190px;\n}\n<\/style>\n\t<\/div>\n\t\n\n<div class=\"row\"  id=\"row-1507543770\">\n\n\n\t<div id=\"col-1369602194\" class=\"col small-12 large-12\"  >\n\t\t\t\t<div class=\"col-inner\"  >\n\t\t\t\n\t\t\t\n\n\t<div id=\"text-1147218038\" class=\"text\">\n\t\t\n\n<h3><b>Informations conform\u00e9ment \u00e0 la loi allemande sur les \u00e9quipements \u00e9lectriques et \u00e9lectroniques (ElektroG)<\/b><\/h3>\n<p><span style=\"font-weight: 400;\">Notre num\u00e9ro d'enregistrement DEEE : <\/span><b>DE 54590387<\/b><\/p>\n<p><b>1 Introduction <\/b><b><br \/><\/b><span style=\"font-weight: 400;\">L'ElektroG r\u00e9gule la <\/span><b>mise sur le march\u00e9<\/b><span style=\"font-weight: 400;\">, <\/span><b>reprise <\/b><span style=\"font-weight: 400;\">et <\/span><b>\u00e9limination respectueuse de l'environnement <\/b><span style=\"font-weight: 400;\">d'\u00e9quipements \u00e9lectriques et \u00e9lectroniques. L'objectif est de promouvoir la protection de l'environnement et d'assurer le recyclage de mati\u00e8res premi\u00e8res pr\u00e9cieuses.<\/span><\/p>\n<ol start=\"2\">\n<li><b> obligations l\u00e9gales pour les consommateurs<\/b><\/li>\n<\/ol>\n<ul>\n<li style=\"font-weight: 400;\" aria-level=\"1\"><b>Interdiction de l'\u00e9limination dans les d\u00e9chets r\u00e9siduels<\/b><span style=\"font-weight: 400;\">: Les vieux appareils \u00e9lectriques ne peuvent pas \u00eatre jet\u00e9s dans les d\u00e9chets r\u00e9siduels.<\/span><\/li>\n<li style=\"font-weight: 400;\" aria-level=\"1\"><b>Obligation de retour<\/b><span style=\"font-weight: 400;\">: Les consommateurs sont l\u00e9galement tenus d'\u00e9liminer les d\u00e9chets d'\u00e9quipements \u00e9lectriques et \u00e9lectroniques usag\u00e9s dans les centres de collecte municipaux (\u00d6RE - autorit\u00e9s publiques charg\u00e9es de l'\u00e9limination des d\u00e9chets) ou dans des syst\u00e8mes de reprise appropri\u00e9s.<\/span><\/li>\n<li style=\"font-weight: 400;\" aria-level=\"1\"><b>Polluants et recyclage<\/b><span style=\"font-weight: 400;\">:<\/span>\n<ul>\n<li style=\"font-weight: 400;\" aria-level=\"2\"><span style=\"font-weight: 400;\">Les vieux appareils \u00e9lectriques peuvent contenir des substances nocives qui peuvent nuire \u00e0 l'environnement et \u00e0 la sant\u00e9 s'ils ne sont pas stock\u00e9s ou \u00e9limin\u00e9s correctement.<\/span><\/li>\n<li style=\"font-weight: 400;\" aria-level=\"2\"><span style=\"font-weight: 400;\">En m\u00eame temps, ils contiennent des mati\u00e8res premi\u00e8res pr\u00e9cieuses telles que le fer, le plastique, l'argent ou le verre, qui peuvent \u00eatre recycl\u00e9es.<\/span><\/li>\n<\/ul>\n<\/li>\n<\/ul>\n<p><b>3 Quels sont les appareils concern\u00e9s ? <\/b><b><br \/><\/b><span style=\"font-weight: 400;\">L'ElektroG s'applique \u00e0 la plupart des appareils \u00e9lectriques et \u00e9lectroniques aliment\u00e9s par de l'\u00e9lectricit\u00e9 ou des champs \u00e9lectromagn\u00e9tiques. Il s'agit, entre autres, des appareils suivants<\/span><\/p>\n<ul>\n<li style=\"font-weight: 400;\" aria-level=\"1\"><span style=\"font-weight: 400;\">Ordinateur climatique<\/span><\/li>\n<li style=\"font-weight: 400;\" aria-level=\"1\"><span style=\"font-weight: 400;\">Tapis et c\u00e2bles chauffants<\/span><\/li>\n<li style=\"font-weight: 400;\" aria-level=\"1\"><span style=\"font-weight: 400;\">Thermom\u00e8tre et hygrom\u00e8tre num\u00e9riques<\/span><\/li>\n<li style=\"font-weight: 400;\" aria-level=\"1\"><span style=\"font-weight: 400;\">Humidificateurs (brumisateurs)<\/span><\/li>\n<li style=\"font-weight: 400;\" aria-level=\"1\"><span style=\"font-weight: 400;\">Ventilateur<\/span><\/li>\n<\/ul>\n<p><span style=\"font-weight: 400;\">Une liste compl\u00e8te des cat\u00e9gories concern\u00e9es figure dans la directive juridique actuelle.<\/span><\/p>\n<p><b>4 \u00c9tiquetage des dispositifs concern\u00e9s <\/b><b><br \/><\/b><span style=\"font-weight: 400;\">Les produits qui rel\u00e8vent de l'ElektroG sont marqu\u00e9s du symbole d'un <\/span><b>poubelle barr\u00e9e<\/b><span style=\"font-weight: 400;\">. Cela signifie que l'appareil ne doit pas \u00eatre \u00e9limin\u00e9 avec les d\u00e9chets r\u00e9siduels, mais qu'il doit \u00eatre \u00e9limin\u00e9 via des centres de collecte ou des syst\u00e8mes de reprise.<\/span><\/p>\n<p><b>5 Obligations d'ANTSTORE en vertu de l'ElektroG <\/b><b><br \/><\/b><span style=\"font-weight: 400;\">ANTSTORE s'est acquitt\u00e9 de toutes les obligations qui lui incombent en vertu de l'ElektroG afin de garantir une \u00e9limination respectueuse de l'environnement :<\/span><\/p>\n<ul>\n<li style=\"font-weight: 400;\" aria-level=\"1\"><b>Inscription aupr\u00e8s de l'AER<\/b><span style=\"font-weight: 400;\">:<\/span>\n<ul>\n<li style=\"font-weight: 400;\" aria-level=\"2\"><span style=\"font-weight: 400;\">ANTSTORE est enregistr\u00e9 aupr\u00e8s de la fondation EAR (Waste Electrical and Electronic Equipment Register).<\/span><\/li>\n<li style=\"font-weight: 400;\" aria-level=\"2\"><span style=\"font-weight: 400;\">Notre num\u00e9ro d'enregistrement DEEE : <\/span><b>DE <\/b><span style=\"font-weight: 400;\">54590387.<\/span><\/li>\n<\/ul>\n<\/li>\n<li style=\"font-weight: 400;\" aria-level=\"1\"><b>V\u00e9rification des fournisseurs<\/b><span style=\"font-weight: 400;\">:<\/span>\n<ul>\n<li style=\"font-weight: 400;\" aria-level=\"2\"><span style=\"font-weight: 400;\">Tous les fournisseurs ont \u00e9t\u00e9 contr\u00f4l\u00e9s et sont contr\u00f4l\u00e9s en permanence pour s'assurer qu'ils respectent les obligations d'enregistrement.<\/span><\/li>\n<\/ul>\n<\/li>\n<li style=\"font-weight: 400;\" aria-level=\"1\"><b>Obligation d'\u00e9tiquetage<\/b><span style=\"font-weight: 400;\">:<\/span>\n<ul>\n<li style=\"font-weight: 400;\" aria-level=\"2\"><span style=\"font-weight: 400;\">Tous les produits fabriqu\u00e9s et import\u00e9s dans l'UE sont correctement \u00e9tiquet\u00e9s.<\/span><\/li>\n<\/ul>\n<\/li>\n<\/ul>\n<ol start=\"6\">\n<li><b> options de retour dans la branche ANTSTORE <\/b><b><br \/><\/b><span style=\"font-weight: 400;\">En plus des points de collecte municipaux, ANTSTORE propose \u00e0 ses clients un service d'information et de conseil. <\/span><b>retour volontaire <\/b><span style=\"font-weight: 400;\">des vieux appareils :<\/span><\/li>\n<\/ol>\n<ul>\n<li style=\"font-weight: 400;\" aria-level=\"1\"><span style=\"font-weight: 400;\">Les clients peuvent retourner leurs anciens appareils <\/span><b>gratuit <\/b><span style=\"font-weight: 400;\">lors de vos achats dans notre magasin.<\/span><\/li>\n<li style=\"font-weight: 400;\" aria-level=\"1\"><span style=\"font-weight: 400;\">Nous soutenons ainsi l'\u00e9limination pratique et \u00e9cologique des vieux appareils \u00e9lectriques.<\/span><\/li>\n<\/ul>\n<p><b>R\u00e9sum\u00e9 pour les consommateurs<\/b><\/p>\n<ul>\n<li style=\"font-weight: 400;\" aria-level=\"1\"><span style=\"font-weight: 400;\">Utilisez les centres de collecte municipaux (\u00d6RE) ou nos syst\u00e8mes de reprise dans les magasins.<\/span><\/li>\n<li style=\"font-weight: 400;\" aria-level=\"1\"><span style=\"font-weight: 400;\">Ne jetez jamais de vieux appareils \u00e9lectriques dans les ordures m\u00e9nag\u00e8res.<\/span><\/li>\n<li style=\"font-weight: 400;\" aria-level=\"1\"><span style=\"font-weight: 400;\">Contribuez \u00e0 la protection de l'environnement et des ressources en \u00e9liminant les d\u00e9chets de mani\u00e8re appropri\u00e9e.<\/span><\/li>\n<\/ul>\n<p><span style=\"font-weight: 400;\">Si vous avez d'autres questions concernant nos services de reprise et d'\u00e9limination, n'h\u00e9sitez pas \u00e0 nous contacter.<\/span><\/p>\n<p><b>Pour plus d'informations :<\/b><\/p>\n<p><a href=\"https:\/\/www.stiftung-ear.de\/de\/home\"><span style=\"font-weight: 400;\">www.stiftung-ear.de<\/span><\/a><\/p>\n<p><a href=\"https:\/\/www.bmuv.de\/themen\/kreislaufwirtschaft\/abfallarten-und-abfallstroeme\/uebersicht-abfallarten-und-abfallstroeme\"><span style=\"font-weight: 400;\">www.bmu.de<\/span><\/a><\/p>\n\n\t\t\n<style>\n#text-1147218038 {\n  text-align: left;\n}\n<\/style>\n\t<\/div>\n\t\n\n\t\t<\/div>\n\t\t\t\t\t<\/div>\n\n\t\n\n<\/div>","protected":false},"excerpt":{"rendered":"","protected":false},"author":1,"featured_media":0,"parent":0,"menu_order":0,"comment_status":"closed","ping_status":"closed","template":"","meta":{"_acf_changed":false,"content-type":"","_monsterinsights_skip_tracking":false,"_monsterinsights_sitenote_active":false,"_monsterinsights_sitenote_note":"","_monsterinsights_sitenote_category":0,"footnotes":""},"class_list":["post-643","page","type-page","status-publish","hentry"],"acf":[],"aioseo_notices":[],"jetpack_sharing_enabled":true,"_links":{"self":[{"href":"https:\/\/antcube.shop\/fr\/wp-json\/wp\/v2\/pages\/643","targetHints":{"allow":["GET"]}}],"collection":[{"href":"https:\/\/antcube.shop\/fr\/wp-json\/wp\/v2\/pages"}],"about":[{"href":"https:\/\/antcube.shop\/fr\/wp-json\/wp\/v2\/types\/page"}],"author":[{"embeddable":true,"href":"https:\/\/antcube.shop\/fr\/wp-json\/wp\/v2\/users\/1"}],"replies":[{"embeddable":true,"href":"https:\/\/antcube.shop\/fr\/wp-json\/wp\/v2\/comments?post=643"}],"version-history":[{"count":6,"href":"https:\/\/antcube.shop\/fr\/wp-json\/wp\/v2\/pages\/643\/revisions"}],"predecessor-version":[{"id":10641,"href":"https:\/\/antcube.shop\/fr\/wp-json\/wp\/v2\/pages\/643\/revisions\/10641"}],"wp:attachment":[{"href":"https:\/\/antcube.shop\/fr\/wp-json\/wp\/v2\/media?parent=643"}],"curies":[{"name":"wp","href":"https:\/\/api.w.org\/{rel}","templated":true}]}}