{"id":641,"date":"2021-07-30T13:35:42","date_gmt":"2021-07-30T11:35:42","guid":{"rendered":"https:\/\/antcube.shop\/?page_id=641"},"modified":"2024-11-29T15:44:57","modified_gmt":"2024-11-29T14:44:57","slug":"loi-sur-les-batteries","status":"publish","type":"page","link":"https:\/\/antcube.shop\/fr\/loi-sur-les-batteries\/","title":{"rendered":"Loi sur les piles"},"content":{"rendered":"<div id=\"gap-1125885020\" class=\"gap-element clearfix\" style=\"display:block; height:auto;\">\n\t\t\n<style>\n#gap-1125885020 {\n  padding-top: 190px;\n}\n<\/style>\n\t<\/div>\n\t\n\n<div class=\"row\"  id=\"row-383156950\">\n\n\n\t<div id=\"col-1662389370\" class=\"col small-12 large-12\"  >\n\t\t\t\t<div class=\"col-inner\"  >\n\t\t\t\n\t\t\t\n\n<h3><b>Notes sur la loi sur les piles (BattG)<\/b><\/h3>\n<ol>\n<li><b> piles et batteries rechargeables dans les appareils <\/b><b><br \/><\/b><span style=\"font-weight: 400;\">Un grand nombre de nos produits contiennent des piles ou des batteries rechargeables qui sont utilis\u00e9es, par exemple, pour faire fonctionner des t\u00e9l\u00e9commandes ou comme composants permanents d'appareils. En ce qui concerne la vente de ces piles ou de ces batteries rechargeables, nous attirons votre attention sur les points suivants :<\/span><\/li>\n<li><b> obligation l\u00e9gale de retour<\/b><\/li>\n<\/ol>\n<ul>\n<li style=\"font-weight: 400;\" aria-level=\"1\"><b>\u00c9limination des piles usag\u00e9es<\/b><span style=\"font-weight: 400;\"><br \/><\/span><span style=\"font-weight: 400;\"> Conform\u00e9ment \u00e0 la loi sur les piles, les piles usag\u00e9es doivent \u00eatre d\u00e9pos\u00e9es gratuitement dans un centre de collecte municipal, dans des conteneurs sp\u00e9ciaux pour piles usag\u00e9es ou chez un revendeur local.<\/span><\/li>\n<li style=\"font-weight: 400;\" aria-level=\"1\"><b>Interdiction de l'\u00e9limination dans les d\u00e9chets m\u00e9nagers<\/b><span style=\"font-weight: 400;\"><br \/><\/span><span style=\"font-weight: 400;\">Il est formellement interdit de jeter les piles dans les ordures m\u00e9nag\u00e8res.<\/span><\/li>\n<\/ul>\n<ol start=\"3\">\n<li><b> les options de retour chez ANTSTORE <\/b><b><br \/><\/b><span style=\"font-weight: 400;\">Si vous ne souhaitez pas utiliser un point de collecte municipal ou votre revendeur local, nous vous proposons les options suivantes pour renvoyer les piles que nous vous avons fournies :<\/span><\/li>\n<\/ol>\n<ul>\n<li style=\"font-weight: 400;\" aria-level=\"1\"><b>Retour gratuit sur place<\/b><span style=\"font-weight: 400;\"><br \/><\/span><span style=\"font-weight: 400;\">Vous pouvez renvoyer les piles directement \u00e0 notre magasin.<\/span><\/li>\n<li style=\"font-weight: 400;\" aria-level=\"1\"><b>Retour par la poste<\/b><span style=\"font-weight: 400;\"><br \/><\/span><span style=\"font-weight: 400;\">Envoyer les piles \u00e0 :<\/span><span style=\"font-weight: 400;\"><br \/><\/span><b>ANTSTORE<\/b><b><br \/><\/b><b>Selerweg 41<\/b><b><br \/><\/b><b>D-12169 Berlin<\/b><\/li>\n<\/ul>\n<ol start=\"4\">\n<li><b> \u00e9tiquetage des piles contenant des substances nocives <\/b><b><br \/><\/b><span style=\"font-weight: 400;\">Les piles contenant des substances nocives sont marqu\u00e9es du symbole d'un <\/span><b>poubelle barr\u00e9e<\/b><span style=\"font-weight: 400;\">. Sous ce symbole se trouvent les abr\u00e9viations chimiques des substances nocives qu'il contient :<\/span><\/li>\n<\/ol>\n<ul>\n<li style=\"font-weight: 400;\" aria-level=\"1\"><b>Pb <\/b><span style=\"font-weight: 400;\">= la batterie contient du plomb<\/span><\/li>\n<li style=\"font-weight: 400;\" aria-level=\"1\"><b>Cd <\/b><span style=\"font-weight: 400;\">= la batterie contient du cadmium<\/span><\/li>\n<li style=\"font-weight: 400;\" aria-level=\"1\"><b>Hg <\/b><span style=\"font-weight: 400;\">= la pile contient du mercure<\/span><\/li>\n<\/ul>\n<ol start=\"5\">\n<li><b> informations compl\u00e9mentaires<\/b><\/li>\n<\/ol>\n<ul>\n<li style=\"font-weight: 400;\" aria-level=\"1\"><span style=\"font-weight: 400;\">Vous y trouverez des informations d\u00e9taill\u00e9es :<\/span>\n<ul>\n<li style=\"font-weight: 400;\" aria-level=\"2\"><span style=\"font-weight: 400;\">Dans les documents accompagnant la livraison des marchandises.<\/span><\/li>\n<li style=\"font-weight: 400;\" aria-level=\"2\"><span style=\"font-weight: 400;\">Dans le mode d'emploi du fabricant de l'appareil concern\u00e9.<\/span><\/li>\n<\/ul>\n<\/li>\n<li style=\"font-weight: 400;\" aria-level=\"1\"><span style=\"font-weight: 400;\">Vous pouvez obtenir de plus amples informations sur la loi sur les piles :<\/span>\n<ul>\n<li style=\"font-weight: 400;\" aria-level=\"2\"><span style=\"font-weight: 400;\">Au minist\u00e8re f\u00e9d\u00e9ral de l'environnement, de la protection de la nature et de la s\u00e9curit\u00e9 nucl\u00e9aire <\/span><a href=\"http:\/\/www.bmu.de\/abfallwirtschaft\"><span style=\"font-weight: 400;\">(<\/span><span style=\"font-weight: 400;\">www.bmu.de)<\/span><\/a><\/li>\n<li style=\"font-weight: 400;\" aria-level=\"2\"><span style=\"font-weight: 400;\">\u00c0 l'Agence f\u00e9d\u00e9rale de l'environnement <\/span><a href=\"http:\/\/www.uba.de\"><span style=\"font-weight: 400;\">(<\/span><span style=\"font-weight: 400;\">www.uba.de)<\/span><\/a><\/li>\n<\/ul>\n<\/li>\n<\/ul>\n<p><b>R\u00e9sum\u00e9<\/b><\/p>\n<ul>\n<li style=\"font-weight: 400;\" aria-level=\"1\"><span style=\"font-weight: 400;\">Les piles n'ont rien \u00e0 faire dans les ordures m\u00e9nag\u00e8res.<\/span><\/li>\n<li style=\"font-weight: 400;\" aria-level=\"1\"><span style=\"font-weight: 400;\">Utilisez les points de collecte municipaux, les conteneurs de piles usag\u00e9es ou les options de retour chez ANTSTORE.<\/span><\/li>\n<li style=\"font-weight: 400;\" aria-level=\"1\"><span style=\"font-weight: 400;\">Recherchez le symbole de la poubelle barr\u00e9e et l'\u00e9tiquetage des polluants.<\/span><\/li>\n<\/ul>\n<p><span style=\"font-weight: 400;\">Merci de contribuer activement \u00e0 la protection de l'environnement en \u00e9liminant les piles correctement !<\/span><\/p>\n<h3><br \/><br \/><br \/><br \/><br \/><br \/><\/h3>\n\n\t\t<\/div>\n\t\t\t\t\t<\/div>\n\n\t\n\n<\/div>","protected":false},"excerpt":{"rendered":"","protected":false},"author":1,"featured_media":0,"parent":0,"menu_order":0,"comment_status":"closed","ping_status":"closed","template":"","meta":{"_acf_changed":false,"content-type":"","_monsterinsights_skip_tracking":false,"_monsterinsights_sitenote_active":false,"_monsterinsights_sitenote_note":"","_monsterinsights_sitenote_category":0,"footnotes":""},"class_list":["post-641","page","type-page","status-publish","hentry"],"acf":[],"aioseo_notices":[],"jetpack_sharing_enabled":true,"_links":{"self":[{"href":"https:\/\/antcube.shop\/fr\/wp-json\/wp\/v2\/pages\/641","targetHints":{"allow":["GET"]}}],"collection":[{"href":"https:\/\/antcube.shop\/fr\/wp-json\/wp\/v2\/pages"}],"about":[{"href":"https:\/\/antcube.shop\/fr\/wp-json\/wp\/v2\/types\/page"}],"author":[{"embeddable":true,"href":"https:\/\/antcube.shop\/fr\/wp-json\/wp\/v2\/users\/1"}],"replies":[{"embeddable":true,"href":"https:\/\/antcube.shop\/fr\/wp-json\/wp\/v2\/comments?post=641"}],"version-history":[{"count":3,"href":"https:\/\/antcube.shop\/fr\/wp-json\/wp\/v2\/pages\/641\/revisions"}],"predecessor-version":[{"id":10643,"href":"https:\/\/antcube.shop\/fr\/wp-json\/wp\/v2\/pages\/641\/revisions\/10643"}],"wp:attachment":[{"href":"https:\/\/antcube.shop\/fr\/wp-json\/wp\/v2\/media?parent=641"}],"curies":[{"name":"wp","href":"https:\/\/api.w.org\/{rel}","templated":true}]}}