{"id":639,"date":"2021-07-30T13:35:18","date_gmt":"2021-07-30T11:35:18","guid":{"rendered":"https:\/\/antcube.shop\/?page_id=639"},"modified":"2025-10-16T12:04:23","modified_gmt":"2025-10-16T10:04:23","slug":"methodes-de-paiement","status":"publish","type":"page","link":"https:\/\/antcube.shop\/fr\/methodes-de-paiement\/","title":{"rendered":"M\u00e9thodes de paiement"},"content":{"rendered":"<div id=\"gap-424137565\" class=\"gap-element clearfix\" style=\"display:block; height:auto;\">\n\t\t\n<style>\n#gap-424137565 {\n  padding-top: 202px;\n}\n@media (min-width:850px) {\n  #gap-424137565 {\n    padding-top: 172px;\n  }\n}\n<\/style>\n\t<\/div>\n\t\n\n<div class=\"row\"  id=\"row-508351602\">\n\n\n\t<div id=\"col-1949589317\" class=\"col small-12 large-12\"  >\n\t\t\t\t<div class=\"col-inner\"  >\n\t\t\t\n\t\t\t\n\n<h1>Types de paiement<\/h1>\n<h3><strong>1. Types de paiement<\/strong><\/h3>\n<h3><strong>- Paiement anticip\u00e9<\/strong><\/h3>\n<p><img data-recalc-dims=\"1\" loading=\"lazy\" decoding=\"async\" class=\"\" src=\"https:\/\/i0.wp.com\/www.antstore.net\/shop\/images\/icons\/vorkasse.jpg?resize=301%2C97&#038;ssl=1\" alt=\"\" width=\"301\" height=\"97\" \/><\/p>\n<h3><strong>- Paiement s\u00e9curis\u00e9 \/ Klarna<\/strong><\/h3>\n<p><img data-recalc-dims=\"1\" loading=\"lazy\" decoding=\"async\" class=\"\" src=\"https:\/\/i0.wp.com\/www.antstore.net\/shop\/images\/icons\/sofort.jpg?resize=309%2C99&#038;ssl=1\" alt=\"\" width=\"309\" height=\"99\" \/><\/p>\n<h3><strong>- PayPal<\/strong><\/h3>\n<p><img data-recalc-dims=\"1\" loading=\"lazy\" decoding=\"async\" class=\"\" src=\"https:\/\/i0.wp.com\/www.antstore.net\/shop\/images\/icons\/paypal.jpg?resize=294%2C95&#038;ssl=1\" alt=\"\" width=\"294\" height=\"95\" \/><\/p>\n<p><strong>&#8211;\u00a0<\/strong>- Carte de cr\u00e9dit (Visa ou Mastercard) et d\u00e9bit direct (service PayPal) facultatifs.<\/p>\n<p><img data-recalc-dims=\"1\" loading=\"lazy\" decoding=\"async\" class=\"\" src=\"https:\/\/i0.wp.com\/www.antstore.net\/shop\/images\/icons\/visa-master.JPG?resize=270%2C87&#038;ssl=1\" alt=\"\" width=\"270\" height=\"87\" \/><\/p>\n<p>- Carte de cr\u00e9dit (Visa, MasterCard) et d\u00e9bit direct (un service PayPal)<\/p>\n<h3><strong>2. Frais pour le mode de paiement respectif :<\/strong><\/h3>\n<p>Il n'y a pas de frais de paiement pour les m\u00e9thodes de paiement propos\u00e9es dans l'UE.<\/p>\n<h3><strong>3. Monnaie<\/strong><\/h3>\n<p>Les commandes ne peuvent \u00eatre pass\u00e9es et les paiements effectu\u00e9s qu'en euros (devise standard). Toutes les autres devises \u00e9ventuellement affich\u00e9es ne servent qu'\u00e0 donner un aper\u00e7u g\u00e9n\u00e9ral.<br \/>Nous ne donnons aucune garantie quant \u00e0 l'actualit\u00e9 des donn\u00e9es sur les taux de change !<\/p>\n<h3><strong>4. Prix et taxes<\/strong><\/h3>\n<p>Allemagne : Tous les prix incluent la TVA en vigueur.<br \/>Union europ\u00e9enne (sauf l'Allemagne). Tous les prix incluent la TVA en vigueur pour les clients commerciaux disposant d'un num\u00e9ro de TVA. Les prix nets (sans TVA) seront factur\u00e9s.<\/p>\n\n\t\t<\/div>\n\t\t\t\t\t<\/div>\n\n\t\n\n<\/div>","protected":false},"excerpt":{"rendered":"","protected":false},"author":1,"featured_media":0,"parent":0,"menu_order":0,"comment_status":"closed","ping_status":"closed","template":"","meta":{"_acf_changed":false,"content-type":"","_monsterinsights_skip_tracking":false,"_monsterinsights_sitenote_active":false,"_monsterinsights_sitenote_note":"","_monsterinsights_sitenote_category":0,"footnotes":""},"class_list":["post-639","page","type-page","status-publish","hentry"],"acf":[],"aioseo_notices":[],"jetpack_sharing_enabled":true,"_links":{"self":[{"href":"https:\/\/antcube.shop\/fr\/wp-json\/wp\/v2\/pages\/639","targetHints":{"allow":["GET"]}}],"collection":[{"href":"https:\/\/antcube.shop\/fr\/wp-json\/wp\/v2\/pages"}],"about":[{"href":"https:\/\/antcube.shop\/fr\/wp-json\/wp\/v2\/types\/page"}],"author":[{"embeddable":true,"href":"https:\/\/antcube.shop\/fr\/wp-json\/wp\/v2\/users\/1"}],"replies":[{"embeddable":true,"href":"https:\/\/antcube.shop\/fr\/wp-json\/wp\/v2\/comments?post=639"}],"version-history":[{"count":9,"href":"https:\/\/antcube.shop\/fr\/wp-json\/wp\/v2\/pages\/639\/revisions"}],"predecessor-version":[{"id":6880,"href":"https:\/\/antcube.shop\/fr\/wp-json\/wp\/v2\/pages\/639\/revisions\/6880"}],"wp:attachment":[{"href":"https:\/\/antcube.shop\/fr\/wp-json\/wp\/v2\/media?parent=639"}],"curies":[{"name":"wp","href":"https:\/\/api.w.org\/{rel}","templated":true}]}}