{"id":630,"date":"2021-07-30T13:32:17","date_gmt":"2021-07-30T11:32:17","guid":{"rendered":"https:\/\/antcube.shop\/?page_id=630"},"modified":"2025-07-23T17:23:54","modified_gmt":"2025-07-23T15:23:54","slug":"avis-juridique","status":"publish","type":"page","link":"https:\/\/antcube.shop\/fr\/avis-juridique\/","title":{"rendered":"Avis juridique"},"content":{"rendered":"<div id=\"gap-1842179359\" class=\"gap-element clearfix\" style=\"display:block; height:auto;\">\n\t\t\n<style>\n#gap-1842179359 {\n  padding-top: 199px;\n}\n@media (min-width:850px) {\n  #gap-1842179359 {\n    padding-top: 190px;\n  }\n}\n<\/style>\n\t<\/div>\n\t\n\n<div class=\"row\"  id=\"row-844078986\">\n\n\n\t<div id=\"col-980484861\" class=\"col small-12 large-12\"  >\n\t\t\t\t<div class=\"col-inner\"  >\n\t\t\t\n\t\t\t\n\n<h1>Avis juridique<\/h1>\n<p><strong>ANTCUBE par <\/strong><b>ANTSTORE, Martin Sebesta<\/b><b><br \/><\/b><span style=\"font-weight: 400;\">Selerweg 41<\/span><span style=\"font-weight: 400;\"><br \/><\/span><span style=\"font-weight: 400;\">D-12169 Berlin<\/span><\/p>\n<p><b>Contact<\/b><b><br \/><\/b><span style=\"font-weight: 400;\">T\u00e9l\u00e9phone : +49 30 439703870<\/span><span style=\"font-weight: 400;\"><br \/><\/span><span style=\"font-weight: 400;\">E-mail:law@ants.de\u00a0<\/span><\/p>\n<p><b>Num\u00e9ro d'identification de la taxe sur les ventes : <\/b><span style=\"font-weight: 400;\">DE215167549 <\/span><span style=\"font-weight: 400;\"><br \/><\/span><b>Num\u00e9ro de registre WEEE : <\/b><span style=\"font-weight: 400;\">DE54590387<\/span><\/p>\n<p><b>Responsable du contenu conform\u00e9ment au \u00a7 55 Abs. 2 RStV : <\/b><b><br \/><\/b><span style=\"font-weight: 400;\">Martin Sebesta (adresse ci-dessus)<\/span><\/p>\n<p><b>Informations sur l'utilisation du site web<\/b><b><br \/><\/b><span style=\"font-weight: 400;\">Le t\u00e9l\u00e9chargement ou l'impression de pages ou de sections individuelles de notre site web est autoris\u00e9 pour un usage priv\u00e9.<\/span><span style=\"font-weight: 400;\"><br \/><\/span><span style=\"font-weight: 400;\"> La reproduction, la distribution, la transmission (\u00e9lectronique ou autre), la modification ou l'utilisation, totale ou partielle, de ce site web \u00e0 des fins publiques ou commerciales est interdite sans notre accord \u00e9crit pr\u00e9alable.<\/span><\/p>\n<p><b>Utilisation autoris\u00e9e \u00e0 des fins non commerciales : <\/b><b><br \/><\/b><span style=\"font-weight: 400;\">L'utilisation de nos images de produits pour la publicit\u00e9 dans les magasins locaux est autoris\u00e9e dans les conditions suivantes :<\/span><\/p>\n<ul>\n<li style=\"font-weight: 400;\" aria-level=\"1\"><span style=\"font-weight: 400;\">Toutes les images doivent \u00eatre \u00e9tiquet\u00e9es avec la source et notre logo (ANTSTORE\/ ANTCUBE\/ PLANTCUBE). <\/span><span style=\"font-weight: 400;\"><br \/><\/span><b>Imprim\u00e9s : <\/b><span style=\"font-weight: 400;\">Source : <\/span><a href=\"https:\/\/www.antstore.de\"><span style=\"font-weight: 400;\">www.antstore.de<\/span><span style=\"font-weight: 400;\"><br \/><\/span><\/a><b> Sites web : <\/b><span style=\"font-weight: 400;\">Source : <\/span><a href=\"https:\/\/www.antstore.de\"><span style=\"font-weight: 400;\">www.antstore.de<\/span><\/a><span style=\"font-weight: 400;\"> (avec lien vers www.antstore.net\/shop\/) ou <\/span><a href=\"https:\/\/www.antcube.shop\"><span style=\"font-weight: 400;\">www.antcube.shop<\/span><\/a><\/li>\n<\/ul>\n<p><span style=\"font-weight: 400;\">Si vous avez des questions sur l'emplacement correct du logo et si vous souhaitez le recevoir sous forme de fichier num\u00e9rique, veuillez nous contacter \u00e0 l'adresse suivante : marketing@antcube.de.<\/span><\/p>\n<p><b>Remarque importante : <\/b><b><br \/><\/b><span style=\"font-weight: 400;\">L'utilisation de nos images dans des boutiques en ligne ou \u00e0 d'autres fins commerciales est interdite sans autorisation \u00e9crite.<\/span><\/p>\n<p><b>Note sur les liens du site web <\/b><b><br \/><\/b><span style=\"font-weight: 400;\">Notre site web contient des liens vers des sites web externes. Nous d\u00e9clinons toute responsabilit\u00e9 quant au contenu de ces sites, car nous n'avons aucune influence sur leur conception et leur contenu.<\/span><\/p>\n<p><span style=\"font-weight: 400;\">Nous d\u00e9clarons express\u00e9ment que nous ne nous approprions pas le contenu des sites externes.<\/span><span style=\"font-weight: 400;\"><br \/><\/span><span style=\"font-weight: 400;\"> Les liens figurant sur notre site web doivent \u00eatre consid\u00e9r\u00e9s comme des r\u00e9f\u00e9rences \"vivantes\" (dynamiques).<\/span><span style=\"font-weight: 400;\"><br \/><\/span><span style=\"font-weight: 400;\"> Si nous d\u00e9terminons qu'une offre sp\u00e9cifique vers laquelle nous avons fourni un lien engage notre responsabilit\u00e9 civile ou p\u00e9nale, nous supprimerons ce lien si cela est techniquement possible et raisonnable.<\/span><\/p>\n<p>Conception, contenu et mise en \u0153uvre technique par : Janik Wiedemann<\/p>\n\n\t\t<\/div>\n\t\t\t\t\t<\/div>\n\n\t\n\n<\/div>","protected":false},"excerpt":{"rendered":"","protected":false},"author":1,"featured_media":0,"parent":0,"menu_order":0,"comment_status":"closed","ping_status":"closed","template":"","meta":{"_acf_changed":false,"content-type":"","_monsterinsights_skip_tracking":false,"_monsterinsights_sitenote_active":false,"_monsterinsights_sitenote_note":"","_monsterinsights_sitenote_category":0,"footnotes":""},"class_list":["post-630","page","type-page","status-publish","hentry"],"acf":[],"aioseo_notices":[],"jetpack_sharing_enabled":true,"_links":{"self":[{"href":"https:\/\/antcube.shop\/fr\/wp-json\/wp\/v2\/pages\/630","targetHints":{"allow":["GET"]}}],"collection":[{"href":"https:\/\/antcube.shop\/fr\/wp-json\/wp\/v2\/pages"}],"about":[{"href":"https:\/\/antcube.shop\/fr\/wp-json\/wp\/v2\/types\/page"}],"author":[{"embeddable":true,"href":"https:\/\/antcube.shop\/fr\/wp-json\/wp\/v2\/users\/1"}],"replies":[{"embeddable":true,"href":"https:\/\/antcube.shop\/fr\/wp-json\/wp\/v2\/comments?post=630"}],"version-history":[{"count":10,"href":"https:\/\/antcube.shop\/fr\/wp-json\/wp\/v2\/pages\/630\/revisions"}],"predecessor-version":[{"id":12006,"href":"https:\/\/antcube.shop\/fr\/wp-json\/wp\/v2\/pages\/630\/revisions\/12006"}],"wp:attachment":[{"href":"https:\/\/antcube.shop\/fr\/wp-json\/wp\/v2\/media?parent=630"}],"curies":[{"name":"wp","href":"https:\/\/api.w.org\/{rel}","templated":true}]}}