{"id":628,"date":"2021-07-30T13:29:33","date_gmt":"2021-07-30T11:29:33","guid":{"rendered":"https:\/\/antcube.shop\/?page_id=628"},"modified":"2025-11-17T11:20:38","modified_gmt":"2025-11-17T10:20:38","slug":"revendeur","status":"publish","type":"page","link":"https:\/\/antcube.shop\/fr\/revendeur\/","title":{"rendered":"Devenir revendeur"},"content":{"rendered":"<div id=\"gap-182877573\" class=\"gap-element clearfix\" style=\"display:block; height:auto;\">\n\t\t\n<style>\n#gap-182877573 {\n  padding-top: 181px;\n}\n@media (min-width:550px) {\n  #gap-182877573 {\n    padding-top: 185px;\n  }\n}\n@media (min-width:850px) {\n  #gap-182877573 {\n    padding-top: 137px;\n  }\n}\n<\/style>\n\t<\/div>\n\t\n\n\n  <div class=\"banner has-hover\" id=\"banner-1964156625\">\n          <div class=\"banner-inner fill\">\n        <div class=\"banner-bg fill\" >\n            <img loading=\"lazy\" decoding=\"async\" width=\"900\" height=\"600\" src=\"https:\/\/i0.wp.com\/antcube.shop\/wp-content\/uploads\/2021\/09\/pexels-thirdman-5684382-scaled.jpg?fit=900%2C600&amp;ssl=1\" class=\"bg attachment-large size-large\" alt=\"\" \/>                        <div class=\"overlay\"><\/div>            \n                    <\/div>\n\t\t\n        <div class=\"banner-layers container\">\n            <div class=\"fill banner-link\"><\/div>            \n\n   <div id=\"text-box-1542044426\" class=\"text-box banner-layer x0 md-x50 lg-x50 y50 md-y85 lg-y35 res-text\">\n                                <div class=\"text-box-content text dark text-shadow-3\">\n              \n              <div class=\"text-inner text-center\">\n                  \n\n\t<div id=\"text-1739882555\" class=\"text\">\n\t\t\n\n<h1><strong>Nous recherchons des revendeurs !<\/strong><\/h1>\n<p>Nous recherchons des revendeurs et des partenaires pour vendre nos produits ANTCUBE aux \u00e9leveurs de fourmis du monde entier. Si vous voulez nous rejoindre et participer \u00e0 la cr\u00e9ation d'une communaut\u00e9 mondiale d'amateurs de fourmis et de nature<\/p>\n\t\t\n<style>\n#text-1739882555 {\n  font-size: 0.75rem;\n  line-height: 1;\n  text-align: center;\n}\n@media (min-width:550px) {\n  #text-1739882555 {\n    font-size: 0.95rem;\n  }\n}\n@media (min-width:850px) {\n  #text-1739882555 {\n    font-size: 1.25rem;\n  }\n}\n<\/style>\n\t<\/div>\n\t\n\t<div id=\"text-2150288200\" class=\"text\">\n\t\t\n\n<p>Contactez-nous \u00e0\u00a0<\/p>\n\t\t\n<style>\n#text-2150288200 {\n  font-size: 1.05rem;\n  line-height: 0.75;\n}\n@media (min-width:550px) {\n  #text-2150288200 {\n    font-size: 2.25rem;\n  }\n}\n<\/style>\n\t<\/div>\n\t\n\t<div id=\"text-2333893274\" class=\"text\">\n\t\t\n\n<p>sales@antcube.de<\/p>\n\t\t\n<style>\n#text-2333893274 {\n  font-size: 0.75rem;\n  line-height: 0.75;\n}\n@media (min-width:550px) {\n  #text-2333893274 {\n    font-size: 2.25rem;\n  }\n}\n<\/style>\n\t<\/div>\n\t\n\n              <\/div>\n           <\/div>\n                            \n<style>\n#text-box-1542044426 {\n  width: 100%;\n}\n#text-box-1542044426 .text-box-content {\n  font-size: 100%;\n}\n@media (min-width:550px) {\n  #text-box-1542044426 {\n    width: 87%;\n  }\n}\n<\/style>\n    <\/div>\n \n\n        <\/div>\n      <\/div>\n\n              <div class=\"height-fix is-invisible\"><img loading=\"lazy\" decoding=\"async\" width=\"900\" height=\"600\" src=\"https:\/\/i0.wp.com\/antcube.shop\/wp-content\/uploads\/2021\/09\/pexels-thirdman-5684382-scaled.jpg?fit=900%2C600&amp;ssl=1\" class=\"attachment-large size-large\" alt=\"\" srcset=\"https:\/\/i0.wp.com\/antcube.shop\/wp-content\/uploads\/2021\/09\/pexels-thirdman-5684382-scaled.jpg?w=2560&amp;ssl=1 2560w, https:\/\/i0.wp.com\/antcube.shop\/wp-content\/uploads\/2021\/09\/pexels-thirdman-5684382-scaled.jpg?resize=510%2C340&amp;ssl=1 510w, https:\/\/i0.wp.com\/antcube.shop\/wp-content\/uploads\/2021\/09\/pexels-thirdman-5684382-scaled.jpg?resize=600%2C400&amp;ssl=1 600w, https:\/\/i0.wp.com\/antcube.shop\/wp-content\/uploads\/2021\/09\/pexels-thirdman-5684382-scaled.jpg?resize=1200%2C800&amp;ssl=1 1200w, https:\/\/i0.wp.com\/antcube.shop\/wp-content\/uploads\/2021\/09\/pexels-thirdman-5684382-scaled.jpg?resize=768%2C512&amp;ssl=1 768w, https:\/\/i0.wp.com\/antcube.shop\/wp-content\/uploads\/2021\/09\/pexels-thirdman-5684382-scaled.jpg?resize=1536%2C1024&amp;ssl=1 1536w, https:\/\/i0.wp.com\/antcube.shop\/wp-content\/uploads\/2021\/09\/pexels-thirdman-5684382-scaled.jpg?resize=2048%2C1365&amp;ssl=1 2048w\" sizes=\"auto, (max-width: 900px) 100vw, 900px\" \/><\/div>\n            \n<style>\n#banner-1964156625 .overlay {\n  background-color: rgba(0, 0, 0, 0.174);\n}\n#banner-1964156625 .banner-bg img {\n  object-position: 50% 45%;\n}\n<\/style>\n  <\/div>\n\n\n\t<div id=\"gap-1494305678\" class=\"gap-element clearfix\" style=\"display:block; height:auto;\">\n\t\t\n<style>\n#gap-1494305678 {\n  padding-top: 30px;\n}\n<\/style>\n\t<\/div>\n\t\n\n<div class=\"row\"  id=\"row-1406785913\">\n\n\n\t<div id=\"col-2054763841\" class=\"col small-12 large-12\"  >\n\t\t\t\t<div class=\"col-inner\"  >\n\t\t\t\n\t\t\t\n\n<div class=\"wp-block-cover alignfull has-nv-site-bg-background-color has-background-dim\">\n<div class=\"wp-block-cover__inner-container\">\n<h2 class=\"has-text-align-center has-neve-text-color-color has-text-color\">\u00cates-vous int\u00e9ress\u00e9 par la vente de nos produits ?<\/h2>\n<\/div>\n<\/div>\n<h2 class=\"has-text-align-center has-medium-font-size\">Notre cible<\/h2>\n<p class=\"has-text-align-center\">Nous recherchons des revendeurs et des partenaires pour vendre nos produits ANTCUBE aux \u00e9leveurs de fourmis du monde entier. Nous voulons construire une communaut\u00e9 internationale de propri\u00e9taires de magasins et d'amateurs pour rendre l'\u00e9levage de fourmis plus populaire et plus professionnel. Si vous poss\u00e9dez d\u00e9j\u00e0 un magasin ou si vous \u00eates \u00e0 la recherche d'une nouvelle opportunit\u00e9 commerciale, n'h\u00e9sitez pas \u00e0 nous contacter.<\/p>\n<h2 class=\"has-text-align-center has-medium-font-size\">La fourmili\u00e8re est un secteur en pleine expansion<\/h2>\n<p class=\"has-text-align-center\">L'\u00e9levage de fourmis est devenu tr\u00e8s populaire ces derni\u00e8res ann\u00e9es. Nous assistons \u00e0 l'\u00e9mergence d'une communaut\u00e9 de passionn\u00e9s de fourmis dans le monde entier. En outre, nous recevons de plus en plus de demandes de la part d'entreprises, de zoos, de mus\u00e9es, d'universit\u00e9s, d'institutions scientifiques, etc.<\/p>\n<h2 class=\"has-text-align-center has-medium-font-size\" style=\"font-size: 23.04px;\">\u00a0<\/h2>\n<p><img data-recalc-dims=\"1\" loading=\"lazy\" decoding=\"async\" class=\"size-medium wp-image-3944 aligncenter\" src=\"https:\/\/i0.wp.com\/antcube.shop\/wp-content\/uploads\/2021\/11\/Palette-Beispiel-mit-Export-600x400.jpg?resize=600%2C400&#038;ssl=1\" alt=\"\" width=\"600\" height=\"400\" srcset=\"https:\/\/i0.wp.com\/antcube.shop\/wp-content\/uploads\/2021\/11\/Palette-Beispiel-mit-Export-scaled.jpg?resize=600%2C400&amp;ssl=1 600w, https:\/\/i0.wp.com\/antcube.shop\/wp-content\/uploads\/2021\/11\/Palette-Beispiel-mit-Export-scaled.jpg?resize=1200%2C800&amp;ssl=1 1200w, https:\/\/i0.wp.com\/antcube.shop\/wp-content\/uploads\/2021\/11\/Palette-Beispiel-mit-Export-scaled.jpg?resize=768%2C512&amp;ssl=1 768w, https:\/\/i0.wp.com\/antcube.shop\/wp-content\/uploads\/2021\/11\/Palette-Beispiel-mit-Export-scaled.jpg?resize=1536%2C1024&amp;ssl=1 1536w, https:\/\/i0.wp.com\/antcube.shop\/wp-content\/uploads\/2021\/11\/Palette-Beispiel-mit-Export-scaled.jpg?resize=2048%2C1365&amp;ssl=1 2048w, https:\/\/i0.wp.com\/antcube.shop\/wp-content\/uploads\/2021\/11\/Palette-Beispiel-mit-Export-scaled.jpg?resize=18%2C12&amp;ssl=1 18w, https:\/\/i0.wp.com\/antcube.shop\/wp-content\/uploads\/2021\/11\/Palette-Beispiel-mit-Export-scaled.jpg?resize=510%2C340&amp;ssl=1 510w\" sizes=\"auto, (max-width: 600px) 100vw, 600px\" \/><\/p>\n<h2 class=\"has-text-align-center has-medium-font-size\">Pourquoi ANTCUBE ?<\/h2>\n<p class=\"has-text-align-center\">Nous sommes l'un des plus grands et des plus anciens magasins de fourmis au monde. Plus de 20 ans d'exp\u00e9rience dans l'\u00e9levage de fourmis et la construction de formicariums ont fait de nous ce que nous sommes aujourd'hui. Nous sommes convaincus que la qualit\u00e9, la durabilit\u00e9 et le d\u00e9veloppement durable deviennent de plus en plus importants. C'est pourquoi nous privil\u00e9gions le verre comme mat\u00e9riau pour nos formicariums. Contrairement \u00e0 l'acrylique et au plastique, le verre laisse une empreinte \u00e9cologique beaucoup plus faible. En outre, nous travaillons sur des emballages enti\u00e8rement recyclables.<\/p>\n<p class=\"has-text-align-center\">Le verre pr\u00e9sente \u00e9galement l'avantage de ne pas se d\u00e9t\u00e9riorer, quelles que soient la temp\u00e9rature et l'humidit\u00e9 qui conviennent \u00e0 l'\u00e9levage de fourmis. Les vitres en verre ne se rayent pas si vite, ne se d\u00e9forment pas et ne se d\u00e9colorent pas. Le nettoyage et l'utilisation sont faciles, l'aspect est tr\u00e8s naturel et chic. Notre protection contre les fuites est tr\u00e8s efficace, m\u00eame avec des esp\u00e8ces de fourmis particuli\u00e8rement petites, et les possibilit\u00e9s d'adaptation et d'expansion sont infinies.<\/p>\n<h2 class=\"has-text-align-center has-medium-font-size\">Pourquoi la fourmili\u00e8re ?<\/h2>\n<p class=\"has-text-align-center\">Les fourmis sont tr\u00e8s faciles \u00e0 \u00e9lever, selon l'esp\u00e8ce. Vous avez besoin de peu d'espace et vous pouvez les nourrir avec \u00e0 peu pr\u00e8s tout. Les fourmis ne d\u00e9gagent pratiquement pas d'odeurs, sont des animaux tr\u00e8s propres, ne font pas de bruit et ne g\u00e9n\u00e8rent pratiquement pas de frais apr\u00e8s l'acquisition de la colonie et du formicarium. En outre, elles ne doivent jamais aller chez le v\u00e9t\u00e9rinaire.<\/p>\n<p class=\"has-text-align-center\">Les fourmis sont incroyablement fascinantes. Observer une seule reine \u00e9lever ses premi\u00e8res ouvri\u00e8res sur une p\u00e9riode de plusieurs ann\u00e9es, puis voir sa colonie atteindre des milliers de membres au fil des ans gr\u00e2ce \u00e0 une coop\u00e9ration et une utilisation parfaites des ressources est une exp\u00e9rience unique. Ce sont des animaux extr\u00eamement sociaux et certaines esp\u00e8ces forment diff\u00e9rentes castes telles que les ouvriers, les soldats, les fermiers ou m\u00eame les infirmi\u00e8res et devinez quoi, ce sont toutes des femelles. Les fourmis sont aussi incroyablement importantes pour notre environnement. Non seulement elles sont pr\u00e9sentes dans tous les \u00e9cosyst\u00e8mes habitables du monde, mais elles sont plus sp\u00e9cialis\u00e9es et polyvalentes que toute autre esp\u00e8ce. Les fourmis nous ressemblent aussi dans leur fa\u00e7on de vivre. La division du travail, la cohabitation en grandes colonies dans un espace confin\u00e9 et l'utilisation des diff\u00e9rents niveaux de la cha\u00eene alimentaire dans tous les \u00e9cosyst\u00e8mes font leur succ\u00e8s, tout comme nous, les humains. La seule diff\u00e9rence est que nous sommes loin d'\u00eatre aussi efficaces, et que les fourmis existent depuis plus de 130 millions d'ann\u00e9es, alors que les humains n'existent que depuis environ 300 000 ans.<\/p>\n\n\t\t<\/div>\n\t\t\t\t\t<\/div>\n\n\t\n\n<\/div>\n<div class=\"row\"  id=\"row-300503917\">\n\n\n\t<div id=\"col-1648431012\" class=\"col medium-6 large-6\"  >\n\t\t\t\t<div class=\"col-inner\" style=\"background-color:#61ca9f;\" >\n\t\t\t\n\t\t\t\n\n<div class=\"container section-title-container\" ><h3 class=\"section-title section-title-normal\"><b aria-hidden=\"true\"><\/b><span class=\"section-title-main\" ><i class=\"icon-envelop\" aria-hidden=\"true\"><\/i>Nous contacter<\/span><b aria-hidden=\"true\"><\/b><\/h3><\/div>\n\n\t<div id=\"text-1566264946\" class=\"text\">\n\t\t\n\n<\/p>\n<ul>\n<li><strong>Courriel<\/strong>: sales@antcube.de<\/li>\n<li><strong>T\u00e9l\u00e9phone<\/strong>: +49 30 439703870<\/li>\n<\/ul>\n<p><strong>Heures de travail <\/strong>(UTC\/GMT +1) :<\/p>\n<ul>\n<li>Du mardi au vendredi de 10h00 \u00e0 18h00<\/li>\n<\/ul>\n\n\t\t\n<style>\n#text-1566264946 {\n  font-size: 0.75rem;\n}\n@media (min-width:550px) {\n  #text-1566264946 {\n    font-size: 1.5rem;\n  }\n}\n<\/style>\n\t<\/div>\n\t\n\t<div id=\"gap-1162813109\" class=\"gap-element clearfix\" style=\"display:block; height:auto;\">\n\t\t\n<style>\n#gap-1162813109 {\n  padding-top: 60px;\n}\n<\/style>\n\t<\/div>\n\t\n\n\t<div class=\"img has-hover x md-x lg-x y md-y lg-y\" id=\"image_1094183944\">\n\t\t\t\t\t\t\t\t<div class=\"img-inner dark\" >\n\t\t\t<img data-recalc-dims=\"1\" loading=\"lazy\" decoding=\"async\" width=\"900\" height=\"900\" src=\"https:\/\/i0.wp.com\/antcube.shop\/wp-content\/uploads\/2021\/09\/Firmeneingang.jpg?resize=900%2C900&#038;ssl=1\" class=\"attachment-original size-original\" alt=\"Entr\u00e9e ANTSTORE\" srcset=\"https:\/\/i0.wp.com\/antcube.shop\/wp-content\/uploads\/2021\/09\/Firmeneingang.jpg?w=900&amp;ssl=1 900w, https:\/\/i0.wp.com\/antcube.shop\/wp-content\/uploads\/2021\/09\/Firmeneingang.jpg?resize=247%2C247&amp;ssl=1 247w, https:\/\/i0.wp.com\/antcube.shop\/wp-content\/uploads\/2021\/09\/Firmeneingang.jpg?resize=100%2C100&amp;ssl=1 100w, https:\/\/i0.wp.com\/antcube.shop\/wp-content\/uploads\/2021\/09\/Firmeneingang.jpg?resize=510%2C510&amp;ssl=1 510w, https:\/\/i0.wp.com\/antcube.shop\/wp-content\/uploads\/2021\/09\/Firmeneingang.jpg?resize=400%2C400&amp;ssl=1 400w, https:\/\/i0.wp.com\/antcube.shop\/wp-content\/uploads\/2021\/09\/Firmeneingang.jpg?resize=800%2C800&amp;ssl=1 800w, https:\/\/i0.wp.com\/antcube.shop\/wp-content\/uploads\/2021\/09\/Firmeneingang.jpg?resize=280%2C280&amp;ssl=1 280w, https:\/\/i0.wp.com\/antcube.shop\/wp-content\/uploads\/2021\/09\/Firmeneingang.jpg?resize=768%2C768&amp;ssl=1 768w\" sizes=\"auto, (max-width: 900px) 100vw, 900px\" \/>\t\t\t\t\t\t\n\t\t\t\t\t<\/div>\n\t\t\t\t\t\t\t\t\n<style>\n#image_1094183944 {\n  width: 100%;\n}\n<\/style>\n\t<\/div>\n\t\n\n\n\t\t<\/div>\n\t\t\t\t\t<\/div>\n\n\t\n\n\t<div id=\"col-1314624739\" class=\"col medium-6 large-6\"  >\n\t\t\t\t<div class=\"col-inner\"  >\n\t\t\t\n\t\t\t\n\n<div class=\"container section-title-container\" ><h3 class=\"section-title section-title-normal\"><b aria-hidden=\"true\"><\/b><span class=\"section-title-main\" >Visitez notre magasin<\/span><b aria-hidden=\"true\"><\/b><\/h3><\/div>\n\n\t<div id=\"text-2641018523\" class=\"text\">\n\t\t\n\n<p><strong>Adresse :<\/strong><\/p>\n<ul>\n<li>Rue : Selerweg 41<\/li>\n<li>Code postal : D - 12169<\/li>\n<li>Ville : Berlin<\/li>\n<li>Pays : Allemagne<\/li>\n<li>District : Steglitz-Zehlendorf<\/li>\n<\/ul>\n<p><strong>Heures d'ouverture<\/strong> (UTC\/GMT +1)<\/p>\n<ul>\n<li>Du mardi au vendredi de 13h00 \u00e0 18h00<\/li>\n<\/ul>\n<p><strong>COVID-19 NOTE :<\/strong> Notre magasin de d\u00e9tail est <strong>ferm\u00e9 depuis mars 2020<\/strong> ou pas encore accessibles aux visiteurs. Cependant, vous pouvez commander et payer nos produits en ligne, puis soit venir tout chercher devant notre porte, soit nous envoyons les produits par colis \u00e0 votre domicile. Notre \u00e9quipe d'assistance est toujours disponible pour vos demandes par courriel ou par t\u00e9l\u00e9phone ! Nous vous tiendrons au courant.<\/p>\n<p><iframe loading=\"lazy\" style=\"border: 0;\" src=\"https:\/\/www.google.com\/maps\/embed?pb=!1m18!1m12!1m3!1d2431.3708399886823!2d13.335121715997175!3d52.454311048847416!2m3!1f0!2f0!3f0!3m2!1i1024!2i768!4f13.1!3m3!1m2!1s0x47a85a9242e5bc07%3A0xc44ee1d5a0728440!2sANTSTORE!5e0!3m2!1sde!2sde!4v1632470583913!5m2!1sde!2sde\" width=\"600\" height=\"450\" allowfullscreen=\"allowfullscreen\"><\/iframe><\/p>\n\t\t\n<style>\n#text-2641018523 {\n  font-size: 0.75rem;\n}\n<\/style>\n\t<\/div>\n\t\n\n\t\t<\/div>\n\t\t\t\t\t<\/div>\n\n\t\n\n<\/div>","protected":false},"excerpt":{"rendered":"","protected":false},"author":1,"featured_media":0,"parent":0,"menu_order":0,"comment_status":"closed","ping_status":"closed","template":"","meta":{"_acf_changed":false,"content-type":"","_monsterinsights_skip_tracking":false,"_monsterinsights_sitenote_active":false,"_monsterinsights_sitenote_note":"","_monsterinsights_sitenote_category":0,"footnotes":""},"class_list":["post-628","page","type-page","status-publish","hentry"],"acf":[],"aioseo_notices":[],"jetpack_sharing_enabled":true,"_links":{"self":[{"href":"https:\/\/antcube.shop\/fr\/wp-json\/wp\/v2\/pages\/628","targetHints":{"allow":["GET"]}}],"collection":[{"href":"https:\/\/antcube.shop\/fr\/wp-json\/wp\/v2\/pages"}],"about":[{"href":"https:\/\/antcube.shop\/fr\/wp-json\/wp\/v2\/types\/page"}],"author":[{"embeddable":true,"href":"https:\/\/antcube.shop\/fr\/wp-json\/wp\/v2\/users\/1"}],"replies":[{"embeddable":true,"href":"https:\/\/antcube.shop\/fr\/wp-json\/wp\/v2\/comments?post=628"}],"version-history":[{"count":10,"href":"https:\/\/antcube.shop\/fr\/wp-json\/wp\/v2\/pages\/628\/revisions"}],"predecessor-version":[{"id":12738,"href":"https:\/\/antcube.shop\/fr\/wp-json\/wp\/v2\/pages\/628\/revisions\/12738"}],"wp:attachment":[{"href":"https:\/\/antcube.shop\/fr\/wp-json\/wp\/v2\/media?parent=628"}],"curies":[{"name":"wp","href":"https:\/\/api.w.org\/{rel}","templated":true}]}}