{"id":500,"date":"2021-07-21T10:22:03","date_gmt":"2021-07-21T08:22:03","guid":{"rendered":"https:\/\/antcube.shop\/?page_id=500"},"modified":"2024-12-03T12:41:56","modified_gmt":"2024-12-03T11:41:56","slug":"conditions-generales-dutilisation","status":"publish","type":"page","link":"https:\/\/antcube.shop\/fr\/conditions-generales-dutilisation\/","title":{"rendered":"Modalit\u00e9s et conditions"},"content":{"rendered":"<div id=\"gap-1975098257\" class=\"gap-element clearfix\" style=\"display:block; height:auto;\">\n\t\t\n<style>\n#gap-1975098257 {\n  padding-top: 196px;\n}\n@media (min-width:850px) {\n  #gap-1975098257 {\n    padding-top: 190px;\n  }\n}\n<\/style>\n\t<\/div>\n\t\n\n<div class=\"row\"  id=\"row-828432764\">\n\n\n\t<div id=\"col-1149310171\" class=\"col small-12 large-12\"  >\n\t\t\t\t<div class=\"col-inner\"  >\n\t\t\t\n\t\t\t\n\n<h1><b>Conditions g\u00e9n\u00e9rales d'utilisation <\/b><\/h1>\n<p><b>pour <\/b><a href=\"http:\/\/www.antcube.shop\"><b>www.antcube.shop<\/b><\/a><span style=\"font-weight: 400;\"> ANTSTORE, Martin Sebesta, Selerweg 41, 12169 Berlin, ci-apr\u00e8s d\u00e9nomm\u00e9 \"le vendeur\".<\/span><\/p>\n<h2><b>\u00a7 1 Champ d'application, informations g\u00e9n\u00e9rales, d\u00e9finitions<\/b><\/h2>\n<p><span style=\"font-weight: 400;\">(1) Les pr\u00e9sentes conditions g\u00e9n\u00e9rales s'appliquent \u00e0 toutes les commandes de biens et de services pass\u00e9es par l'interm\u00e9diaire de la boutique en ligne du site web. <\/span><b>antcube.shop<\/b><span style=\"font-weight: 400;\">g\u00e9r\u00e9 par ANTSTORE, Martin Sebesta, Selerweg 41, 12169 Berlin. Courriel : <\/span><a href=\"mailto:verkauf@antstore.de\"><span style=\"font-weight: 400;\">verkauf@antstore.de<\/span><\/a><span style=\"font-weight: 400;\"> \/ law@ants.de\u00a0<\/span><\/p>\n<p><span style=\"font-weight: 400;\">(2) Le vendeur propose des produits pour l'entretien des fourmis et des accessoires notamment via sa boutique en ligne. Les CGV s'appliquent \u00e0 la relation commerciale entre le vendeur et le client dans la version en vigueur au moment de la commande.<\/span><\/p>\n<p><span style=\"font-weight: 400;\">(3) Un consommateur au sens des pr\u00e9sentes CGV est toute personne physique qui conclut une transaction juridique \u00e0 des fins principalement \u00e9trang\u00e8res \u00e0 son activit\u00e9 commerciale ou professionnelle. Les entrepreneurs sont des personnes physiques ou morales ou des soci\u00e9t\u00e9s de personnes qui, lorsqu'elles concluent une transaction juridique, agissent dans l'exercice de leur activit\u00e9 commerciale ou ind\u00e9pendante.<\/span><\/p>\n<p><span style=\"font-weight: 400;\">(4) Les accords contractuels individuels pr\u00e9valent sur les pr\u00e9sentes CGV. Les conditions divergentes du client ne sont reconnues que si le vendeur les a express\u00e9ment accept\u00e9es.<\/span><\/p>\n<h2><b>\u00a7 2 Conclusion du contrat<\/b><\/h2>\n<p><span style=\"font-weight: 400;\">(1) Sauf indication contraire sur la page du produit concern\u00e9, la zone de livraison comprend l'Union europ\u00e9enne.<\/span><\/p>\n<p><span style=\"font-weight: 400;\">(2) La pr\u00e9sentation des marchandises sur le site Internet du vendeur constitue une offre ferme. En raison des possibilit\u00e9s techniques de pr\u00e9sentation, les marchandises command\u00e9es peuvent, dans des limites raisonnables, s'\u00e9carter l\u00e9g\u00e8rement des marchandises pr\u00e9sent\u00e9es sur l'internet, notamment en ce qui concerne les couleurs, dans la mesure o\u00f9 cela est raisonnable.<\/span><\/p>\n<p><span style=\"font-weight: 400;\">(3) En cochant la case bleue \"<\/span><span style=\"font-weight: 400;\">En passant votre commande, vous d\u00e9clarez avoir lu et compris notre offre.<\/span><b>&#8221; <\/b><span style=\"font-weight: 400;\">et ensuite <\/span><span style=\"font-weight: 400;\">en cliquant sur le bouton \"Acheter maintenant\" ou en \u00e9tant redirig\u00e9 vers PayPal via le bouton \"Payer avec PayPal\" et en y effectuant le processus de paiement, le client soumet une offre d'achat contraignante pour les marchandises contenues dans le panier et accepte la validit\u00e9 des pr\u00e9sentes CGV.<\/span><\/p>\n<p><span style=\"font-weight: 400;\">(4) Le vendeur confirme la r\u00e9ception de la commande par e-mail (confirmation de commande). Cette confirmation de commande ne constitue toutefois pas une acceptation de l'offre. Le contrat n'est conclu qu'au moment de l'envoi d'une confirmation de commande ou d'une confirmation d'exp\u00e9dition.<\/span><\/p>\n<p><span style=\"font-weight: 400;\">(5) Le vendeur se r\u00e9serve le droit d'accepter ou de refuser les commandes dans un d\u00e9lai de cinq jours ouvrables. Si la commande n'est pas accept\u00e9e, le client en sera inform\u00e9 par e-mail.<\/span><\/p>\n<p><span style=\"font-weight: 400;\">(6) En cas de probl\u00e8mes de livraison impr\u00e9visibles ou d'indisponibilit\u00e9 de la marchandise dont le vendeur n'est pas responsable, le vendeur et le client peuvent r\u00e9silier le contrat. Le client en sera imm\u00e9diatement inform\u00e9 et les paiements effectu\u00e9s lui seront rembours\u00e9s sans d\u00e9lai.<\/span><\/p>\n<p><span style=\"font-weight: 400;\">(7) Si le client commande la marchandise par voie \u00e9lectronique, le texte du contrat est sauvegard\u00e9 par le vendeur et envoy\u00e9 au client avec les CGV juridiquement valables par courrier \u00e9lectronique apr\u00e8s la conclusion du contrat.<\/span><\/p>\n<h2><b>\u00a7 3 Compte client<\/b><\/h2>\n<p><span style=\"font-weight: 400;\">(1) Les achats sur notre site web ne sont g\u00e9n\u00e9ralement possibles qu'apr\u00e8s enregistrement. Toutefois, il peut \u00eatre n\u00e9cessaire de cr\u00e9er un compte client pour acc\u00e9der \u00e0 certaines fonctions.<\/span><\/p>\n<p><span style=\"font-weight: 400;\">(2) Il n'y a pas de droit \u00e0 un compte client. Seules les personnes physiques majeures qui utilisent le compte \u00e0 des fins priv\u00e9es ou les entrepreneurs et les personnes morales ou partenariats dot\u00e9s de la capacit\u00e9 juridique qui agissent dans l'exercice de leur activit\u00e9 professionnelle commerciale ou ind\u00e9pendante lors de la conclusion de l'op\u00e9ration juridique peuvent s'inscrire. Les donn\u00e9es d'acc\u00e8s doivent \u00eatre trait\u00e9es de mani\u00e8re confidentielle et ne peuvent \u00eatre transmises \u00e0 des tiers.<\/span><\/p>\n<p><span style=\"font-weight: 400;\">(3) Les enregistrements multiples ne sont pas autoris\u00e9s. Les clients peuvent supprimer leur compte \u00e0 tout moment via la gestion du compte.<\/span><\/p>\n<h2><b>\u00a7 4 R\u00e9serve de propri\u00e9t\u00e9<\/b><\/h2>\n<p><span style=\"font-weight: 400;\">(1) Dans le cas des consommateurs, le vendeur conserve la propri\u00e9t\u00e9 des marchandises jusqu'au paiement int\u00e9gral du prix d'achat. Dans le cas des entrepreneurs, cette disposition s'applique jusqu'\u00e0 ce que toutes les cr\u00e9ances r\u00e9sultant de la relation commerciale en cours aient \u00e9t\u00e9 r\u00e9gl\u00e9es.<\/span><\/p>\n<p><span style=\"font-weight: 400;\">(2) En cas de violation du contrat par le client, notamment en cas de retard de paiement, de fausses informations fournies par le client sur sa solvabilit\u00e9 ou de demande d'ouverture d'une proc\u00e9dure d'insolvabilit\u00e9, le vendeur est en droit - le cas \u00e9ch\u00e9ant apr\u00e8s fixation d'un d\u00e9lai - de r\u00e9silier le contrat et d'exiger la restitution de la marchandise, \u00e0 condition que le client n'ait pas encore pay\u00e9 la contrepartie ou qu'il ne l'ait pas pay\u00e9e en totalit\u00e9.<\/span><\/p>\n<p><span style=\"font-weight: 400;\">(3) L'entrepreneur est autoris\u00e9 \u00e0 revendre les marchandises dans le cadre de son activit\u00e9 professionnelle normale. Il c\u00e8de par la pr\u00e9sente au vendeur toutes les cr\u00e9ances d'un montant \u00e9gal \u00e0 celui de la facture qui lui reviennent \u00e0 l'\u00e9gard d'un tiers du fait de la revente. Le vendeur accepte la cession. Apr\u00e8s la cession, l'entrepreneur est autoris\u00e9 \u00e0 recouvrer la cr\u00e9ance. Le vendeur se r\u00e9serve le droit de recouvrer lui-m\u00eame la cr\u00e9ance d\u00e8s que l'entrepreneur ne remplit pas correctement ses obligations de paiement et qu'il est en retard de paiement.<\/span><\/p>\n<p><span style=\"font-weight: 400;\">(4) Le vendeur s'engage \u00e0 lib\u00e9rer les s\u00fbret\u00e9s qui lui reviennent \u00e0 la demande du client dans la mesure o\u00f9 la valeur r\u00e9alisable des s\u00fbret\u00e9s d\u00e9passe de plus de 10% la cr\u00e9ance \u00e0 garantir. Le choix des s\u00fbret\u00e9s \u00e0 lib\u00e9rer incombe au vendeur.<\/span><\/p>\n<h2><b>\u00a7 5 Prix et conditions de paiement<\/b><\/h2>\n<p><span style=\"font-weight: 400;\">(1) Les prix indiqu\u00e9s sont des prix bruts, ils sont contraignants et incluent la TVA l\u00e9gale et s'entendent hors taxes. <a href=\"https:\/\/antcube.shop\/en\/shipping-costs-delivery-restrictions\/\">frais d'exp\u00e9dition<\/a> Les frais de transport sont \u00e0 la charge de l'utilisateur, y compris la TVA. C'est le montant indiqu\u00e9 au moment de la commande qui s'applique. Le prix TTC et les frais d'exp\u00e9dition sont \u00e9galement affich\u00e9s dans le formulaire de commande avant que le client ne passe sa commande. Les frais d'exp\u00e9dition peuvent \u00e9galement \u00eatre consult\u00e9s dans notre <\/span><a href=\"https:\/\/antcube.shop\/en\/shipping-costs-delivery-restrictions\/\"><b>aper\u00e7u des frais d'exp\u00e9dition.<\/b><\/a><\/p>\n<p><span style=\"font-weight: 400;\">(2) Le client s'engage \u00e0 payer le prix total dans les 14 jours suivant la r\u00e9ception de la confirmation de commande par e-mail ou de la facture. Pass\u00e9 ce d\u00e9lai, le client est en retard de paiement. Pendant la p\u00e9riode de retard, le consommateur doit payer des int\u00e9r\u00eats sur la dette \u00e0 hauteur de 5 points de pourcentage au-dessus du taux d'int\u00e9r\u00eat de base. Pendant la p\u00e9riode de retard, l'entrepreneur doit payer des int\u00e9r\u00eats sur la dette \u00e0 un taux de 9 points de pourcentage au-dessus du taux de base. En cas de d\u00e9faut de paiement d'une cr\u00e9ance, l'entrepreneur est \u00e9galement redevable d'une indemnit\u00e9 forfaitaire de 40 euros. Cette disposition s'applique \u00e9galement si l'entrepreneur est en retard dans le paiement d'un acompte ou d'un autre paiement \u00e9chelonn\u00e9. Le vendeur se r\u00e9serve le droit de r\u00e9clamer \u00e0 l'entrepreneur des dommages-int\u00e9r\u00eats plus \u00e9lev\u00e9s pour d\u00e9faut de paiement. La somme forfaitaire vis\u00e9e \u00e0 la phrase 5 est compens\u00e9e par une demande de dommages-int\u00e9r\u00eats, dans la mesure o\u00f9 les dommages-int\u00e9r\u00eats sont bas\u00e9s sur les frais d'une action en justice.<\/span><\/p>\n<p><span style=\"font-weight: 400;\">(3) Le client n'a un droit de compensation que si ses contre-pr\u00e9tentions ont \u00e9t\u00e9 constat\u00e9es l\u00e9galement, reconnues ou non contest\u00e9es par le vendeur. Le droit du client de compenser les cr\u00e9ances contractuelles et autres cr\u00e9ances r\u00e9sultant de l'\u00e9tablissement ou de l'ex\u00e9cution de la relation contractuelle n'en est pas affect\u00e9. Le client ne peut exercer un droit de r\u00e9tention que si sa contre-pr\u00e9tention est fond\u00e9e sur la m\u00eame relation contractuelle.<\/span><\/p>\n<p><span style=\"font-weight: 400;\">(4) Les modifications, extensions et limitations de la commande apr\u00e8s la conclusion du contrat sont prises en compte par le vendeur dans la mesure du possible. Le vendeur facturera des frais de traitement de 10,00 \u20ac TVA incluse, \u00e0 moins qu'il ne s'agisse de cas d'annulation ou de recours \u00e0 la garantie. Pour les commandes \u00e0 traiter manuellement, qui ne sont pas trait\u00e9es via la boutique en ligne, nous facturons des frais de traitement de 20,00 \u20ac. Sont exclues les commandes de marchandises qui ne peuvent pas \u00eatre command\u00e9es via la boutique en ligne, par exemple les produits personnalis\u00e9s.<\/span><\/p>\n<p><span style=\"font-weight: 400;\">(5) Les animaux command\u00e9s qui, \u00e0 la demande du client, doivent \u00eatre exp\u00e9di\u00e9s \u00e0 une date plus tardive que celle convenue dans le contrat, sont factur\u00e9s 2,00 \u20ac TTC par jour &amp; gyne (effort de soins) \u00e0 partir du jour de la commande jusqu'au jour de l'exp\u00e9dition. Un d\u00e9lai maximum de 30 jours est possible.<\/span><\/p>\n<h2><b>\u00a7 6 <a href=\"https:\/\/antcube.shop\/en\/payment-methods-and-conditions\/\">M\u00e9thodes de paiement<\/a><\/b><\/h2>\n<p><span style=\"font-weight: 400;\">(1) Le prix d'achat peut \u00eatre pay\u00e9 \u00e0 l'avance, par virement bancaire, carte de cr\u00e9dit ou PayPal. En cas de paiement par PayPal, les conditions d'utilisation de PayPal s'appliquent. De plus amples informations sont disponibles dans notre politique de confidentialit\u00e9. <a href=\"https:\/\/antcube.shop\/en\/privacy-policy\/\">politique de confidentialit\u00e9<\/a>.<\/span><\/p>\n<h2><b>\u00a7 7 Conditions d'exp\u00e9dition et de livraison<\/b><\/h2>\n<p><span style=\"font-weight: 400;\">(1) Nous livrons uniquement dans les \u00c9tats membres de l'Union europ\u00e9enne, \u00e0 l'exception des territoires europ\u00e9ens d'outre-mer ou des exclaves et des r\u00e9gions dot\u00e9es d'une autonomie fiscale (appel\u00e9es \"r\u00e9gions ultrap\u00e9riph\u00e9riques\" par l'Union europ\u00e9enne). Le d\u00e9lai de livraison estim\u00e9 pour l'Allemagne et les autres pays est indiqu\u00e9 dans notre site web. <\/span><a href=\"https:\/\/antcube.shop\/en\/shipping-costs-delivery-restrictions\/\"><b>aper\u00e7u des frais d'exp\u00e9dition.<\/b><\/a><\/p>\n<p><span style=\"font-weight: 400;\">(2) Le d\u00e9lai de livraison commence \u00e0 courir un jour apr\u00e8s l'autorisation du paiement en cas de paiement anticip\u00e9\/virement bancaire ou PayPal. Pour les autres modes de paiement, le d\u00e9lai commence \u00e0 courir un jour apr\u00e8s la passation de la commande.<\/span><\/p>\n<p><span style=\"font-weight: 400;\">(3) Si le d\u00e9but ou la fin du d\u00e9lai tombe un samedi, un dimanche ou un jour f\u00e9ri\u00e9, le d\u00e9but ou la fin du d\u00e9lai est report\u00e9 au jour ouvrable suivant.<\/span><\/p>\n<p><span style=\"font-weight: 400;\">(4) Le vendeur est autoris\u00e9 \u00e0 effectuer des livraisons partielles si cela est raisonnable pour le client. Cela ne doit pas entra\u00eener de frais suppl\u00e9mentaires pour le client.<\/span><\/p>\n<p><span style=\"font-weight: 400;\">(5) Si le client choisit de retirer sa commande dans notre magasin, il sera inform\u00e9 par courrier \u00e9lectronique que la commande est pr\u00eate \u00e0 \u00eatre retir\u00e9e.<\/span><\/p>\n<h2><b>\u00a7 8 Transfert de risque<\/b><\/h2>\n<p><span style=\"font-weight: 400;\">(1) Pour les consommateurs, le risque de perte ou de d\u00e9t\u00e9rioration accidentelle des biens est transf\u00e9r\u00e9 au client au moment de la remise des biens.<\/span><\/p>\n<p><span style=\"font-weight: 400;\">(2) Dans le cas des entrepreneurs, le risque est transf\u00e9r\u00e9 au client d\u00e8s la remise \u00e0 l'entreprise de transport.<\/span><\/p>\n<p><span style=\"font-weight: 400;\">(3) Si le client est en retard dans l'acceptation, celle-ci est consid\u00e9r\u00e9e comme \u00e9quivalente \u00e0 la remise.<\/span><\/p>\n<h2><b>\u00a7 9 Garantie<\/b><\/h2>\n<p><span style=\"font-weight: 400;\">(1) La garantie est r\u00e9gie par les dispositions l\u00e9gales. La p\u00e9riode de garantie pour les consommateurs est de 2 ans \u00e0 compter de la livraison des marchandises. Par contre, la p\u00e9riode de garantie pour les entrepreneurs est d'un an \u00e0 compter de la livraison. La p\u00e9riode de garantie pour les biens d'occasion est \u00e9galement d'un an \u00e0 compter de la livraison des biens. Le d\u00e9lai de garantie d'un an ne s'applique pas si le vendeur peut \u00eatre accus\u00e9 de n\u00e9gligence grave, ni en cas de dommages corporels et d'atteintes \u00e0 la sant\u00e9 imputables au vendeur et en cas de d\u00e9c\u00e8s du client, en cas de garantie et en cas de recours \u00e0 la livraison conform\u00e9ment aux articles 478 et 479 du code civil allemand (BGB). La responsabilit\u00e9 du vendeur en vertu de la loi sur la responsabilit\u00e9 du fait des produits n'est pas affect\u00e9e par cette disposition.<\/span><\/p>\n<p><span style=\"font-weight: 400;\">(2) Nonobstant le paragraphe 1, le d\u00e9lai de prescription ordinaire s'applique si le vendeur a frauduleusement dissimul\u00e9 un d\u00e9faut. 1, le d\u00e9lai de prescription ordinaire s'applique si le vendeur a frauduleusement dissimul\u00e9 un d\u00e9faut<\/span><\/p>\n<p><span style=\"font-weight: 400;\">(3) La marchandise command\u00e9e peut, dans une mesure raisonnable, diff\u00e9rer l\u00e9g\u00e8rement de la marchandise pr\u00e9sent\u00e9e sur Internet. Il est fait r\u00e9f\u00e9rence \u00e0 l'article 2, paragraphe 2, des pr\u00e9sentes CGV.<\/span><\/p>\n<p><span style=\"font-weight: 400;\">(4) Les consommateurs peuvent choisir entre la r\u00e9paration et le remplacement. Le vendeur peut refuser le type d'ex\u00e9cution ult\u00e9rieure choisi si celle-ci n'est possible qu'\u00e0 un co\u00fbt disproportionn\u00e9.<\/span><\/p>\n<p><span style=\"font-weight: 400;\">(5) Les d\u00e9fauts \u00e9vidents doivent \u00eatre signal\u00e9s par les entrepreneurs dans les deux semaines suivant la r\u00e9ception des marchandises. Dans le cas contraire, le droit \u00e0 la garantie est exclu. L'envoi ou la notification en temps utile suffit \u00e0 respecter le d\u00e9lai. Pour les commer\u00e7ants, l'article 377 du Code de commerce allemand s'applique.<\/span><\/p>\n<p><span style=\"font-weight: 400;\">(6) La garantie ne couvre pas les dommages caus\u00e9s par une mauvaise manipulation. Les garanties du fabricant ne sont pas affect\u00e9es.<\/span><\/p>\n<h2><b>\u00a7 10 Limites de responsabilit\u00e9<\/b><\/h2>\n<p><span style=\"font-weight: 400;\">(1) En cas de n\u00e9gligence l\u00e9g\u00e8re, le vendeur n'est responsable que des dommages pr\u00e9visibles et typiques du contrat. Cette limitation s'applique \u00e9galement aux auxiliaires d'ex\u00e9cution du vendeur.<\/span><\/p>\n<p><span style=\"font-weight: 400;\">(2) Les limitations de responsabilit\u00e9 ne s'appliquent pas en cas d'intention frauduleuse, de violation d'obligations contractuelles essentielles ou d'atteinte \u00e0 la vie, \u00e0 l'int\u00e9grit\u00e9 physique ou \u00e0 la sant\u00e9.<\/span><\/p>\n<p><span style=\"font-weight: 400;\">(3) Le client est tenu de prendre les mesures appropri\u00e9es pour pr\u00e9venir et minimiser les dommages.<\/span><\/p>\n<p><span style=\"font-weight: 400;\">(4) Le vendeur n'est responsable que de son propre contenu sur le site de sa boutique en ligne. Dans la mesure o\u00f9 des liens permettent d'acc\u00e9der \u00e0 d'autres sites web, le vendeur n'est pas responsable du contenu de tiers qui s'y trouve. Il ne s'approprie pas les contenus de tiers. Si le vendeur a connaissance de contenus ill\u00e9gaux sur des sites web externes, il bloquera imm\u00e9diatement l'acc\u00e8s \u00e0 ces pages.<\/span><\/p>\n<h2><b>\u00a7 11 Protection des donn\u00e9es<\/b><\/h2>\n<p><span style=\"font-weight: 400;\">Les donn\u00e9es collect\u00e9es au cours du processus de commande sont trait\u00e9es en vue de l'ex\u00e9cution du contrat. De plus amples informations, en particulier sur le transfert de donn\u00e9es \u00e0 des tiers, sont disponibles dans la rubrique <a href=\"https:\/\/antcube.shop\/en\/privacy-policy\/\">politique de confidentialit\u00e9<\/a> sur notre site web.<\/span><\/p>\n<h2><b>\u00a7 12 Dispositions finales et r\u00e8glement des litiges<\/b><\/h2>\n<p><span style=\"font-weight: 400;\">(1) Le droit de la R\u00e9publique f\u00e9d\u00e9rale d'Allemagne est applicable. Pour les consommateurs, cette disposition ne s'applique que dans la mesure o\u00f9 la protection accord\u00e9e n'est pas limit\u00e9e par les dispositions imp\u00e9ratives du pays dans lequel le consommateur a sa r\u00e9sidence habituelle. Les dispositions de la Convention des Nations unies sur les contrats de vente internationale de marchandises ne s'appliquent pas. \u00a7 Article 16 para. 14 phrase 2 n\u00b0 6 TDSG n'est pas affect\u00e9.<\/span><\/p>\n<p><span style=\"font-weight: 400;\">(2) La Commission europ\u00e9enne met \u00e0 disposition une plateforme de r\u00e9solution des litiges en ligne (OS), accessible \u00e0 l'adresse https:\/\/ec.europa.eu\/consumers\/odr. Notre adresse \u00e9lectronique est la suivante : law@ants.de\u00a0<\/span><\/p>\n<p><a href=\"https:\/\/antcube.shop\/en\/shipping-costs-delivery-restrictions\/\"><b>Frais d'exp\u00e9dition\/ conditions d'exp\u00e9dition<\/b><\/a><\/p>\n<p><a href=\"https:\/\/antcube.shop\/en\/privacy-policy\/\"><b>Politique de confidentialit\u00e9<\/b><\/a><\/p>\n<p><a href=\"https:\/\/antcube.shop\/en\/payment-methods-and-conditions\/\"><b>Options de paiement<\/b><\/a><\/p>\n<p><a href=\"https:\/\/antcube.shop\/en\/refund-policy\/\"><b>Droit de r\u00e9tractation<\/b><\/a><\/p>\n\n\t\t<\/div>\n\t\t\t\t\t<\/div>\n\n\t\n\n<\/div>","protected":false},"excerpt":{"rendered":"","protected":false},"author":1,"featured_media":0,"parent":0,"menu_order":0,"comment_status":"closed","ping_status":"closed","template":"","meta":{"_acf_changed":false,"content-type":"","_monsterinsights_skip_tracking":false,"_monsterinsights_sitenote_active":false,"_monsterinsights_sitenote_note":"","_monsterinsights_sitenote_category":0,"footnotes":""},"class_list":["post-500","page","type-page","status-publish","hentry"],"acf":[],"aioseo_notices":[],"jetpack_sharing_enabled":true,"_links":{"self":[{"href":"https:\/\/antcube.shop\/fr\/wp-json\/wp\/v2\/pages\/500","targetHints":{"allow":["GET"]}}],"collection":[{"href":"https:\/\/antcube.shop\/fr\/wp-json\/wp\/v2\/pages"}],"about":[{"href":"https:\/\/antcube.shop\/fr\/wp-json\/wp\/v2\/types\/page"}],"author":[{"embeddable":true,"href":"https:\/\/antcube.shop\/fr\/wp-json\/wp\/v2\/users\/1"}],"replies":[{"embeddable":true,"href":"https:\/\/antcube.shop\/fr\/wp-json\/wp\/v2\/comments?post=500"}],"version-history":[{"count":10,"href":"https:\/\/antcube.shop\/fr\/wp-json\/wp\/v2\/pages\/500\/revisions"}],"predecessor-version":[{"id":10710,"href":"https:\/\/antcube.shop\/fr\/wp-json\/wp\/v2\/pages\/500\/revisions\/10710"}],"wp:attachment":[{"href":"https:\/\/antcube.shop\/fr\/wp-json\/wp\/v2\/media?parent=500"}],"curies":[{"name":"wp","href":"https:\/\/api.w.org\/{rel}","templated":true}]}}