{"id":4440,"date":"2022-07-21T17:15:31","date_gmt":"2022-07-21T15:15:31","guid":{"rendered":"https:\/\/antcube.shop\/?page_id=4440"},"modified":"2026-04-17T10:53:28","modified_gmt":"2026-04-17T08:53:28","slug":"influenceur-recherche","status":"publish","type":"page","link":"https:\/\/antcube.shop\/fr\/influenceur-recherche\/","title":{"rendered":"Influenceur recherch\u00e9"},"content":{"rendered":"<div class=\"banner has-hover\" id=\"banner-1046423454\">\n          <div class=\"banner-inner fill\">\n        <div class=\"banner-bg fill\" >\n            <img loading=\"lazy\" decoding=\"async\" width=\"900\" height=\"600\" src=\"https:\/\/i0.wp.com\/antcube.shop\/wp-content\/uploads\/2022\/07\/kenny-eliason-nZJBt4gQlKI-unsplash-scaled.jpg?fit=900%2C600&amp;ssl=1\" class=\"bg attachment-large size-large\" alt=\"\" \/>                        <div class=\"overlay\"><\/div>            \n                    <\/div>\n\t\t\n        <div class=\"banner-layers container\">\n            <div class=\"fill banner-link\"><\/div>            \n\n   <div id=\"text-box-360845464\" class=\"text-box banner-layer x50 md-x50 lg-x50 y20 md-y20 lg-y20 res-text\">\n                                <div class=\"text-box-content text\">\n              \n              <div class=\"text-inner text-left\">\n                  \n\n\t<div id=\"text-1838981932\" class=\"text\">\n\t\t\n\n<h2 class=\"uppercase\"><strong>Influenceurs internationaux et ambassadeurs de marques recherch\u00e9s<\/strong><\/h2>\n<p>\u00a0<\/p>\n<p>\u00a0<\/p>\n\t\t\n<style>\n#text-1838981932 {\n  text-align: center;\n}\n<\/style>\n\t<\/div>\n\t\n\n              <\/div>\n           <\/div>\n                            \n<style>\n#text-box-360845464 {\n  width: 60%;\n}\n#text-box-360845464 .text-box-content {\n  font-size: 100%;\n}\n@media (min-width:550px) {\n  #text-box-360845464 {\n    width: 100%;\n  }\n}\n<\/style>\n    <\/div>\n \n   <div id=\"text-box-1407404748\" class=\"text-box banner-layer x50 md-x50 lg-x50 y100 md-y100 lg-y100 res-text\">\n                                <div class=\"text-box-content text dark text-shadow-1\">\n              \n              <div class=\"text-inner text-center\">\n                  \n\n\t<div id=\"text-1084933593\" class=\"text\">\n\t\t\n\n<p>Peu importe si vous \u00eates d\u00e9j\u00e0 dans les fourmis ou si vous essayez de trouver un nouveau projet de niche pour booster votre compte Instagram, YouTube ou TikTok - NOUS VOUS DEMANDONS !<\/p>\n<p>Nous recherchons des influenceurs passionn\u00e9s et professionnels qui souhaitent travailler avec nous sur un projet unique ou de mani\u00e8re r\u00e9guli\u00e8re pour promouvoir nos produits. Peu importe le pays d'o\u00f9 vous venez ou la langue que vous parlez ! Si vous \u00eates int\u00e9ress\u00e9, contactez-nous par e-mail \u00e0 <a href=\"mailto:medien@ants.de\">medien@ants.de\u00a0<\/a><\/p>\n\n\t\t\n<style>\n#text-1084933593 {\n  font-size: 1.3rem;\n  color: rgb(0,0,0);\n}\n#text-1084933593 > * {\n  color: rgb(0,0,0);\n}\n<\/style>\n\t<\/div>\n\t\n\n              <\/div>\n           <\/div>\n                            \n<style>\n#text-box-1407404748 {\n  width: 94%;\n}\n#text-box-1407404748 .text-box-content {\n  font-size: 100%;\n}\n<\/style>\n    <\/div>\n \n\n        <\/div>\n      <\/div>\n\n            \n<style>\n#banner-1046423454 {\n  padding-top: 1000px;\n  background-color: rgb(255, 255, 255);\n}\n#banner-1046423454 .overlay {\n  background-color: rgba(190, 190, 190, 0.2);\n}\n#banner-1046423454 .banner-bg img {\n  object-position: 56% 97%;\n}\n<\/style>\n  <\/div>","protected":false},"excerpt":{"rendered":"","protected":false},"author":1,"featured_media":0,"parent":0,"menu_order":0,"comment_status":"closed","ping_status":"closed","template":"","meta":{"_acf_changed":false,"content-type":"","_monsterinsights_skip_tracking":false,"_monsterinsights_sitenote_active":false,"_monsterinsights_sitenote_note":"","_monsterinsights_sitenote_category":0,"footnotes":""},"class_list":["post-4440","page","type-page","status-publish","hentry"],"acf":[],"aioseo_notices":[],"jetpack_sharing_enabled":true,"_links":{"self":[{"href":"https:\/\/antcube.shop\/fr\/wp-json\/wp\/v2\/pages\/4440","targetHints":{"allow":["GET"]}}],"collection":[{"href":"https:\/\/antcube.shop\/fr\/wp-json\/wp\/v2\/pages"}],"about":[{"href":"https:\/\/antcube.shop\/fr\/wp-json\/wp\/v2\/types\/page"}],"author":[{"embeddable":true,"href":"https:\/\/antcube.shop\/fr\/wp-json\/wp\/v2\/users\/1"}],"replies":[{"embeddable":true,"href":"https:\/\/antcube.shop\/fr\/wp-json\/wp\/v2\/comments?post=4440"}],"version-history":[{"count":10,"href":"https:\/\/antcube.shop\/fr\/wp-json\/wp\/v2\/pages\/4440\/revisions"}],"predecessor-version":[{"id":13418,"href":"https:\/\/antcube.shop\/fr\/wp-json\/wp\/v2\/pages\/4440\/revisions\/13418"}],"wp:attachment":[{"href":"https:\/\/antcube.shop\/fr\/wp-json\/wp\/v2\/media?parent=4440"}],"curies":[{"name":"wp","href":"https:\/\/api.w.org\/{rel}","templated":true}]}}