{"id":2479,"date":"2021-09-30T10:43:05","date_gmt":"2021-09-30T08:43:05","guid":{"rendered":"https:\/\/antcube.shop\/?page_id=2479"},"modified":"2023-12-14T13:31:40","modified_gmt":"2023-12-14T12:31:40","slug":"etape-4","status":"publish","type":"page","link":"https:\/\/antcube.shop\/fr\/fourmiliere\/intermediaire\/etape-4\/","title":{"rendered":"\u00c9tape 4"},"content":{"rendered":"<div id=\"gap-324687563\" class=\"gap-element clearfix\" style=\"display:block; height:auto;\">\n\t\t\n<style>\n#gap-324687563 {\n  padding-top: 200px;\n}\n@media (min-width:850px) {\n  #gap-324687563 {\n    padding-top: 175px;\n  }\n}\n<\/style>\n\t<\/div>\n\t\n\n<div class=\"row\"  id=\"row-882741258\">\n\n\n\t<div id=\"col-1446289082\" class=\"col small-12 large-12\"  >\n\t\t\t\t<div class=\"col-inner\"  >\n\t\t\t\n\t\t\t\n\n\t<div id=\"text-2726057006\" class=\"text\">\n\t\t\n\n<h3>Fourmis pour les gardiens de fourmis exp\u00e9riment\u00e9s<\/h3>\n<p>Comme les fourmis vivent dans des habitats tr\u00e8s diff\u00e9rents avec des conditions climatiques tr\u00e8s diff\u00e9rentes, vous devez vous assurer que vous pouvez leur fournir la temp\u00e9rature et l'humidit\u00e9 appropri\u00e9es.<\/p>\n<p>Pour maintenir un taux d'humidit\u00e9 correct, il suffit d'humidifier votre fourmili\u00e8re, par exemple avec un vaporisateur. En revanche, pour ce qui est de la temp\u00e9rature, les choses se compliquent un peu. Vous avez besoin d'une lampe chauffante, d'un tapis ou d'un c\u00e2ble chauffant ou encore de chauffer la pi\u00e8ce dans laquelle vous gardez vos fourmis \u00e0 la bonne temp\u00e9rature.<\/p>\n<p>N\u00e9anmoins, il existe de nombreuses esp\u00e8ces que vous pouvez conserver \u00e0 temp\u00e9rature ambiante. M\u00eame si la temp\u00e9rature est inf\u00e9rieure de 1 \u00e0 3\u00b0C \u00e0 la temp\u00e9rature recommand\u00e9e, cela ne pose g\u00e9n\u00e9ralement pas de probl\u00e8me.\u00a0<\/p>\n\t\t\n<style>\n#text-2726057006 {\n  text-align: center;\n}\n<\/style>\n\t<\/div>\n\t\n\n\t\t<\/div>\n\t\t\t\t\t<\/div>\n\n\t\n\n<\/div>\n\t<div id=\"text-1393355337\" class=\"text\">\n\t\t\n\n<p><strong>Question : Vous cherchez une esp\u00e8ce de fourmi que vous pouvez conserver \u00e0 temp\u00e9rature ambiante ?<\/strong><\/p>\n\t\t\n<style>\n#text-1393355337 {\n  font-size: 1.8rem;\n  text-align: center;\n}\n<\/style>\n\t<\/div>\n\t\n<div class=\"row\"  id=\"row-1619648534\">\n\n\n\t<div id=\"col-961164150\" class=\"col medium-6 small-12 large-6\"  >\n\t\t\t\t<div class=\"col-inner\"  >\n\t\t\t\n\t\t\t\n\n<a href=\"https:\/\/antcube.shop\/ant-finder\/intermediate\/step-4\/step-7\/\" class=\"button secondary expand\" >\n\t\t<span>Oui, je veux les conserver \u00e0 temp\u00e9rature ambiante.<\/span>\n\t<\/a>\n\n\n\n\t\t<\/div>\n\t\t\t\t\t<\/div>\n\n\t\n\n\t<div id=\"col-2099858650\" class=\"col medium-6 small-12 large-6\"  >\n\t\t\t\t<div class=\"col-inner\"  >\n\t\t\t\n\t\t\t\n\n<a href=\"https:\/\/antcube.shop\/ant-finder\/intermediate\/step-4\/step-8\/\" class=\"button secondary expand\" >\n\t\t<span>Non, je fournirai la temp\u00e9rature n\u00e9cessaire<\/span>\n\t<\/a>\n\n\n\n\t\t<\/div>\n\t\t\t\t\t<\/div>\n\n\t\n\n<\/div>","protected":false},"excerpt":{"rendered":"","protected":false},"author":1,"featured_media":0,"parent":2468,"menu_order":0,"comment_status":"closed","ping_status":"closed","template":"","meta":{"_acf_changed":false,"content-type":"","_monsterinsights_skip_tracking":false,"_monsterinsights_sitenote_active":false,"_monsterinsights_sitenote_note":"","_monsterinsights_sitenote_category":0,"footnotes":""},"class_list":["post-2479","page","type-page","status-publish","hentry"],"acf":[],"aioseo_notices":[],"jetpack_sharing_enabled":true,"_links":{"self":[{"href":"https:\/\/antcube.shop\/fr\/wp-json\/wp\/v2\/pages\/2479","targetHints":{"allow":["GET"]}}],"collection":[{"href":"https:\/\/antcube.shop\/fr\/wp-json\/wp\/v2\/pages"}],"about":[{"href":"https:\/\/antcube.shop\/fr\/wp-json\/wp\/v2\/types\/page"}],"author":[{"embeddable":true,"href":"https:\/\/antcube.shop\/fr\/wp-json\/wp\/v2\/users\/1"}],"replies":[{"embeddable":true,"href":"https:\/\/antcube.shop\/fr\/wp-json\/wp\/v2\/comments?post=2479"}],"version-history":[{"count":10,"href":"https:\/\/antcube.shop\/fr\/wp-json\/wp\/v2\/pages\/2479\/revisions"}],"predecessor-version":[{"id":6793,"href":"https:\/\/antcube.shop\/fr\/wp-json\/wp\/v2\/pages\/2479\/revisions\/6793"}],"up":[{"embeddable":true,"href":"https:\/\/antcube.shop\/fr\/wp-json\/wp\/v2\/pages\/2468"}],"wp:attachment":[{"href":"https:\/\/antcube.shop\/fr\/wp-json\/wp\/v2\/media?parent=2479"}],"curies":[{"name":"wp","href":"https:\/\/api.w.org\/{rel}","templated":true}]}}