{"id":2466,"date":"2021-09-30T10:03:30","date_gmt":"2021-09-30T08:03:30","guid":{"rendered":"https:\/\/antcube.shop\/?page_id=2466"},"modified":"2023-12-15T12:57:01","modified_gmt":"2023-12-15T11:57:01","slug":"debutant","status":"publish","type":"page","link":"https:\/\/antcube.shop\/fr\/fourmiliere\/debutant\/","title":{"rendered":"d\u00e9butant"},"content":{"rendered":"<div id=\"gap-1121346701\" class=\"gap-element clearfix\" style=\"display:block; height:auto;\">\n\t\t\n<style>\n#gap-1121346701 {\n  padding-top: 201px;\n}\n@media (min-width:850px) {\n  #gap-1121346701 {\n    padding-top: 175px;\n  }\n}\n<\/style>\n\t<\/div>\n\t\n\n<div class=\"row\"  id=\"row-2028058664\">\n\n\n\t<div id=\"col-1222498608\" class=\"col small-12 large-12\"  >\n\t\t\t\t<div class=\"col-inner\"  >\n\t\t\t\n\t\t\t\n\n\t<div id=\"text-874792721\" class=\"text\">\n\t\t\n\n<h1>Fourmis pour les d\u00e9butants<\/h1>\n<p>De nombreuses esp\u00e8ces de fourmis des r\u00e9gions froides ont besoin d'hiberner. Cela varie en fonction de l'origine de l'esp\u00e8ce. Les fourmis qui hibernent dans la nature doivent faire de m\u00eame chez vous. Si vous ne donnez pas aux animaux leur pause naturelle, la croissance de la colonie peut ralentir ou la reine peut mourir tr\u00e8s t\u00f4t.\u00a0<\/p>\n<p>Certaines fourmis n'hibernent que pendant trois mois, tandis que d'autres ont besoin d'une p\u00e9riode de quatre \u00e0 cinq mois (g\u00e9n\u00e9ralement entre novembre et mars). La temp\u00e9rature dont certaines esp\u00e8ces ont besoin pour hiberner diff\u00e8re \u00e9galement. Par exemple, les esp\u00e8ces d'Europe du Nord ont besoin de temp\u00e9ratures comprises entre 5 et 8 \u00b0C, tandis que les esp\u00e8ces d'Europe du Sud ont besoin de temp\u00e9ratures avoisinant 15 \u00b0C. Les esp\u00e8ces d'Europe du Nord cessent toute activit\u00e9 pendant l'hibernation, tandis que les esp\u00e8ces d'Europe du Sud sont encore l\u00e9g\u00e8rement actives.<\/p>\n\t\t\n<style>\n#text-874792721 {\n  text-align: center;\n}\n<\/style>\n\t<\/div>\n\t\n\n\t\t<\/div>\n\t\t\t\t\t<\/div>\n\n\t\n\n<\/div>\n\t<div id=\"gap-1362156017\" class=\"gap-element clearfix\" style=\"display:block; height:auto;\">\n\t\t\n<style>\n#gap-1362156017 {\n  padding-top: 30px;\n}\n<\/style>\n\t<\/div>\n\t\n\n\t<div id=\"text-2621574067\" class=\"text\">\n\t\t\n\n<p><strong>Question : Recherchez-vous une esp\u00e8ce de fourmi avec ou sans hibernation ?<\/strong><\/p>\n\t\t\n<style>\n#text-2621574067 {\n  font-size: 1.8rem;\n  text-align: center;\n}\n<\/style>\n\t<\/div>\n\t\n<div class=\"row\" style=\"max-width:650px\" id=\"row-2061880785\">\n\n\n\t<div id=\"col-2124575272\" class=\"col medium-6 small-12 large-6 col-divided\"  >\n\t\t\t\t<div class=\"col-inner text-center\"  >\n\t\t\t\n\t\t\t\n\n<a href=\"https:\/\/antcube.shop\/ant-finder\/beginner\/step-1\/\" class=\"button secondary expand\" >\n\t\t<span>Les fourmis qui ont besoin d'hiberner<\/span>\n\t<\/a>\n\n\n\n\t\t<\/div>\n\t\t\t\t\t<\/div>\n\n\t\n\n\t<div id=\"col-213899226\" class=\"col medium-6 small-12 large-6\"  >\n\t\t\t\t<div class=\"col-inner text-center\"  >\n\t\t\t\n\t\t\t\n\n<a href=\"https:\/\/antcube.shop\/ant-finder\/beginner\/step-2\/\" class=\"button secondary expand\" >\n\t\t<span>Pas d'hibernation<\/span>\n\t<\/a>\n\n\n\n\t\t<\/div>\n\t\t\t\t\t<\/div>\n\n\t\n\n<\/div>","protected":false},"excerpt":{"rendered":"","protected":false},"author":1,"featured_media":0,"parent":721,"menu_order":0,"comment_status":"closed","ping_status":"closed","template":"","meta":{"_acf_changed":false,"content-type":"","_monsterinsights_skip_tracking":false,"_monsterinsights_sitenote_active":false,"_monsterinsights_sitenote_note":"","_monsterinsights_sitenote_category":0,"footnotes":""},"class_list":["post-2466","page","type-page","status-publish","hentry"],"acf":[],"aioseo_notices":[],"jetpack_sharing_enabled":true,"_links":{"self":[{"href":"https:\/\/antcube.shop\/fr\/wp-json\/wp\/v2\/pages\/2466","targetHints":{"allow":["GET"]}}],"collection":[{"href":"https:\/\/antcube.shop\/fr\/wp-json\/wp\/v2\/pages"}],"about":[{"href":"https:\/\/antcube.shop\/fr\/wp-json\/wp\/v2\/types\/page"}],"author":[{"embeddable":true,"href":"https:\/\/antcube.shop\/fr\/wp-json\/wp\/v2\/users\/1"}],"replies":[{"embeddable":true,"href":"https:\/\/antcube.shop\/fr\/wp-json\/wp\/v2\/comments?post=2466"}],"version-history":[{"count":10,"href":"https:\/\/antcube.shop\/fr\/wp-json\/wp\/v2\/pages\/2466\/revisions"}],"predecessor-version":[{"id":6873,"href":"https:\/\/antcube.shop\/fr\/wp-json\/wp\/v2\/pages\/2466\/revisions\/6873"}],"up":[{"embeddable":true,"href":"https:\/\/antcube.shop\/fr\/wp-json\/wp\/v2\/pages\/721"}],"wp:attachment":[{"href":"https:\/\/antcube.shop\/fr\/wp-json\/wp\/v2\/media?parent=2466"}],"curies":[{"name":"wp","href":"https:\/\/api.w.org\/{rel}","templated":true}]}}