{"id":1340,"date":"2021-09-10T10:57:17","date_gmt":"2021-09-10T08:57:17","guid":{"rendered":"https:\/\/antcube.shop\/?page_id=1340"},"modified":"2023-12-15T12:24:25","modified_gmt":"2023-12-15T11:24:25","slug":"nid-dabeille","status":"publish","type":"page","link":"https:\/\/antcube.shop\/fr\/formicarium-finder\/de-type-nid\/nid-dabeille\/","title":{"rendered":"Nid de bois"},"content":{"rendered":"<div id=\"gap-991700308\" class=\"gap-element clearfix\" style=\"display:block; height:auto;\">\n\t\t\n<style>\n#gap-991700308 {\n  padding-top: 198px;\n}\n@media (min-width:550px) {\n  #gap-991700308 {\n    padding-top: 199px;\n  }\n}\n@media (min-width:850px) {\n  #gap-991700308 {\n    padding-top: 171px;\n  }\n}\n<\/style>\n\t<\/div>\n\t\n\n\n  <div class=\"banner has-hover\" id=\"banner-1471486103\">\n          <div class=\"banner-inner fill\">\n        <div class=\"banner-bg fill\" >\n            <img data-recalc-dims=\"1\" loading=\"lazy\" decoding=\"async\" width=\"1020\" height=\"765\" src=\"https:\/\/i0.wp.com\/antcube.shop\/wp-content\/uploads\/2021\/09\/Starter-Set-Kork.jpg?resize=1020%2C765&#038;ssl=1\" class=\"bg attachment-original size-original\" alt=\"ANTCUBE Starter Set Li\u00e8ge pour fourmis\" \/>                        <div class=\"overlay\"><\/div>            \n                    <\/div>\n\t\t\n        <div class=\"banner-layers container\">\n            <a class=\"fill\" href=\"https:\/\/antcube.shop\/produkt\/antcube-starter-set-l-20x20-kork\/\"><div class=\"fill banner-link\"><\/div><\/a>            \n\n   <div id=\"text-box-1870613705\" class=\"text-box banner-layer x50 md-x50 lg-x50 y5 md-y5 lg-y5 res-text\">\n                                <div class=\"text-box-content text dark text-shadow-4\">\n              \n              <div class=\"text-inner text-center\">\n                  \n\n\t<div id=\"text-2561695128\" class=\"text\">\n\t\t\n\n<h3 class=\"uppercase\"><strong>Sets de d\u00e9part pour les fourmis qui nichent dans le bois ou le bois mort<\/strong><\/h3>\n\n\t\t\n<style>\n#text-2561695128 {\n  font-size: 0.75rem;\n  color: rgb(0, 0, 0);\n}\n#text-2561695128 > * {\n  color: rgb(0, 0, 0);\n}\n<\/style>\n\t<\/div>\n\t\n\n              <\/div>\n           <\/div>\n                            \n<style>\n#text-box-1870613705 {\n  width: 100%;\n}\n#text-box-1870613705 .text-box-content {\n  font-size: 100%;\n}\n@media (min-width:550px) {\n  #text-box-1870613705 {\n    width: 60%;\n  }\n}\n<\/style>\n    <\/div>\n \n\n        <\/div>\n      <\/div>\n\n            \n<style>\n#banner-1471486103 {\n  padding-top: 50%;\n}\n#banner-1471486103 .overlay {\n  background-color: rgba(0, 0, 0, 0);\n}\n#banner-1471486103 .banner-bg img {\n  object-position: 51% 47%;\n}\n@media (min-width:550px) {\n  #banner-1471486103 {\n    padding-top: 50%;\n  }\n}\n@media (min-width:850px) {\n  #banner-1471486103 {\n    padding-top: 701px;\n  }\n}\n<\/style>\n  <\/div>\n\n\n\t<div id=\"gap-426984102\" class=\"gap-element clearfix\" style=\"display:block; height:auto;\">\n\t\t\n<style>\n#gap-426984102 {\n  padding-top: 50px;\n}\n<\/style>\n\t<\/div>\n\t\n\n<div class=\"row\"  id=\"row-576178311\">\n\n\n\t<div id=\"col-1166587313\" class=\"col medium-6 small-12 large-6\"  >\n\t\t\t\t<div class=\"col-inner\"  >\n\t\t\t\n\t\t\t\n\n\t<div id=\"text-233762001\" class=\"text\">\n\t\t\n\n<h3>Starter Set Cork pour les fourmis qui nichent dans le bois (mort)<\/h3>\n<p>Notre Starter Set Cork est sp\u00e9cialement con\u00e7u pour les fourmis qui nichent dans le bois pourri, les cavit\u00e9s des arbres ou sous l'\u00e9corce des arbres. Il est \u00e9quip\u00e9 d'une fourmili\u00e8re avec un insert de nid en li\u00e8ge. Elle est \u00e9quip\u00e9e de chambres et de tunnels pr\u00e9fabriqu\u00e9s pour la colonie de fourmis. Vous pouvez \u00e9galement acheter nos inserts de nids en li\u00e8ge et les placer dans un Antfarm taille L pour cr\u00e9er votre propre installation.<\/p>\n<p>\u00a0<\/p>\n<p>D\u00e8s que le kit de d\u00e9marrage devient trop petit pour votre colonie de fourmis, vous pouvez l'agrandir. Toutes nos fourmili\u00e8res et ar\u00e8nes peuvent \u00eatre connect\u00e9es \u00e0 ce set. Si vous avez besoin d'un autre mat\u00e9riau de nidification, vous pouvez \u00e9galement utiliser un de nos inserts de nidification, par exemple du li\u00e8ge ou du pl\u00e2tre.<\/p>\n\t\t\n<style>\n#text-233762001 {\n  text-align: center;\n}\n<\/style>\n\t<\/div>\n\t\n\n\t\t<\/div>\n\t\t\t\t\t<\/div>\n\n\t\n\n\t<div id=\"col-717165974\" class=\"col medium-6 small-12 large-6\"  >\n\t\t\t\t<div class=\"col-inner\"  >\n\t\t\t\n\t\t\t\n\n\t<div class=\"img has-hover x md-x lg-x y md-y lg-y\" id=\"image_2087818637\">\n\t\t<a class=\"image-lightbox lightbox-gallery\" title=\"\" href=\"https:\/\/i0.wp.com\/antcube.shop\/wp-content\/uploads\/2021\/07\/Cork-with-ants-1.jpg?fit=800%2C600&#038;ssl=1\">\t\t\t\t\t\t<div class=\"img-inner dark\" >\n\t\t\t<img data-recalc-dims=\"1\" loading=\"lazy\" decoding=\"async\" width=\"800\" height=\"600\" src=\"https:\/\/i0.wp.com\/antcube.shop\/wp-content\/uploads\/2021\/07\/Cork-with-ants-1.jpg?resize=800%2C600&#038;ssl=1\" class=\"attachment-original size-original\" alt=\"Fourmis Camponotus atriceps dans un nid de li\u00e8ge ANTCUBE\" srcset=\"https:\/\/i0.wp.com\/antcube.shop\/wp-content\/uploads\/2021\/07\/Cork-with-ants-1.jpg?w=800&amp;ssl=1 800w, https:\/\/i0.wp.com\/antcube.shop\/wp-content\/uploads\/2021\/07\/Cork-with-ants-1.jpg?resize=510%2C383&amp;ssl=1 510w, https:\/\/i0.wp.com\/antcube.shop\/wp-content\/uploads\/2021\/07\/Cork-with-ants-1.jpg?resize=533%2C400&amp;ssl=1 533w, https:\/\/i0.wp.com\/antcube.shop\/wp-content\/uploads\/2021\/07\/Cork-with-ants-1.jpg?resize=768%2C576&amp;ssl=1 768w\" sizes=\"auto, (max-width: 800px) 100vw, 800px\" \/>\t\t\t\t\t\t\n\t\t\t\t\t<\/div>\n\t\t\t\t\t\t<\/a>\t\t\n<style>\n#image_2087818637 {\n  width: 100%;\n}\n<\/style>\n\t<\/div>\n\t\n\n\t<div id=\"text-1099728660\" class=\"text\">\n\t\t\n\n<p>Camponotus atriceps dans un nid de li\u00e8ge<\/p>\n\t\t\n<style>\n#text-1099728660 {\n  text-align: center;\n}\n<\/style>\n\t<\/div>\n\t\n\n\t\t<\/div>\n\t\t\t\t\t<\/div>\n\n\t\n\n<\/div>\n<div class=\"row\"  id=\"row-830707029\">\n\n\n\t<div id=\"col-1095045135\" class=\"col small-12 large-12\"  >\n\t\t\t\t<div class=\"col-inner\"  >\n\t\t\t\n\t\t\t\n\n            <div class=\"row\"><div class=\"large-12 col\">\n          <div style=\"background-color:#FFF;\" class=\"slider flipContainer slider-nav-circle slide box-shadow-2\"\n            data-flickity-options='{              \"cellAlign\": \"center\",              \"wrapAround\": true,              \"percentPosition\": true,              \"imagesLoaded\": true,              \"pageDots\": true,              \"contain\": true          }'>\n                        <div class=\"slide\" style=\"background-color:#FFF;\">  <div class=\"row row-collapse align-middle flip-slide\" style=\"width:100%\">\n        <div class=\"large-6 col flip-page-one\">\n        <div class=\"featured-product col-inner\">\n          <a href=\"https:\/\/antcube.shop\/fr\/produit\/kit-de-demarreur-de-tube-l-20x20-kork\/\">\n                <div class=\"product-image relative\">\n                   <div class=\"front-image\">\n                    <img loading=\"lazy\" decoding=\"async\" width=\"510\" height=\"510\" src=\"https:\/\/i0.wp.com\/antcube.shop\/wp-content\/uploads\/2023\/02\/Starter-Set-Kork.jpg?fit=510%2C510&amp;ssl=1\" class=\"attachment-woocommerce_single size-woocommerce_single wp-post-image\" alt=\"Kit de d\u00e9marrage bouchon\" srcset=\"https:\/\/i0.wp.com\/antcube.shop\/wp-content\/uploads\/2023\/02\/Starter-Set-Kork.jpg?w=750&amp;ssl=1 750w, https:\/\/i0.wp.com\/antcube.shop\/wp-content\/uploads\/2023\/02\/Starter-Set-Kork.jpg?resize=400%2C400&amp;ssl=1 400w, https:\/\/i0.wp.com\/antcube.shop\/wp-content\/uploads\/2023\/02\/Starter-Set-Kork.jpg?resize=280%2C280&amp;ssl=1 280w, https:\/\/i0.wp.com\/antcube.shop\/wp-content\/uploads\/2023\/02\/Starter-Set-Kork.jpg?resize=12%2C12&amp;ssl=1 12w, https:\/\/i0.wp.com\/antcube.shop\/wp-content\/uploads\/2023\/02\/Starter-Set-Kork.jpg?resize=247%2C247&amp;ssl=1 247w, https:\/\/i0.wp.com\/antcube.shop\/wp-content\/uploads\/2023\/02\/Starter-Set-Kork.jpg?resize=510%2C510&amp;ssl=1 510w, https:\/\/i0.wp.com\/antcube.shop\/wp-content\/uploads\/2023\/02\/Starter-Set-Kork.jpg?resize=100%2C100&amp;ssl=1 100w\" sizes=\"auto, (max-width: 510px) 100vw, 510px\" \/>                  <\/div>\n                  \n<div class=\"badge-container absolute left top z-1\">\n\n<\/div>\n                <\/div>\n          <\/a>\n        <\/div>\n        <\/div>\n       <div class=\"large-6 col flip-page-two\">\n        <div class=\"product-info col-inner inner-padding\">\n              <h1 class=\"entry-title\"><a href=\"https:\/\/antcube.shop\/fr\/produit\/kit-de-demarreur-de-tube-l-20x20-kork\/\">ANTCUBE Starter Set L - 20\u00d720 - Li\u00e8ge<\/a><\/h1>\n              <div class=\"is-divider medium\"><\/div>\n              <div class=\"price-wrapper\">\n\t<p class=\"price product-page-price\">\n  <span class=\"woocommerce-Price-amount amount\"><bdi>199,90&nbsp;<span class=\"woocommerce-Price-currencySymbol\">\u20ac<\/span><\/bdi><\/span><\/p>\n<\/div>\n<div class=\"product-short-description\">\n\t<p>The set consists of 25 parts and is suited for many ant species, especially those that nest in dead wood.<br \/>\nTaille : <span style=\"color: #0000ff;\"><strong>L<\/strong><\/span><\/p>\n<\/div>\n<div class=\"product_meta\">\n\n\t\n\n\t\n\t\t<span class=\"sku_wrapper\">UGS\u00a0: <span class=\"sku\">1005508<\/span><\/span>\n\n\t\n\t<span class=\"posted_in\">Cat\u00e9gories\u00a0: <a href=\"https:\/\/antcube.shop\/fr\/categorie-produit\/kits-de-demarrage\/\" rel=\"tag\">Sets de d\u00e9marrage<\/a>, <a href=\"https:\/\/antcube.shop\/fr\/categorie-produit\/kits-de-demarrage\/coffrets-de-demarrage-liege\/\" rel=\"tag\">Starter Sets Cork<\/a><\/span>\n\t\n\t\n<\/div>\n              <a href=\"https:\/\/antcube.shop\/fr\/produit\/kit-de-demarreur-de-tube-l-20x20-kork\/\" class=\"button\">Lire la suite<\/a>\n         <\/div>\n        <\/div>\n<\/div>\n<\/div>\n                        <div class=\"slide\" style=\"background-color:#FFF;\">  <div class=\"row row-collapse align-middle flip-slide\" style=\"width:100%\">\n        <div class=\"large-6 col flip-page-one\">\n        <div class=\"featured-product col-inner\">\n          <a href=\"https:\/\/antcube.shop\/fr\/produit\/offre-groupee-starter-set-kork-camponotus-nicobarensis-cricket-jam\/\">\n                <div class=\"product-image relative\">\n                   <div class=\"front-image\">\n                    <img loading=\"lazy\" decoding=\"async\" width=\"510\" height=\"510\" src=\"https:\/\/i0.wp.com\/antcube.shop\/wp-content\/uploads\/2023\/12\/Starter-Set-Kork-L-Camponotus-nicobarensis.jpg?fit=510%2C510&amp;ssl=1\" class=\"attachment-woocommerce_single size-woocommerce_single wp-post-image\" alt=\"Offre group\u00e9e - Camponotus nicobarensis\" srcset=\"https:\/\/i0.wp.com\/antcube.shop\/wp-content\/uploads\/2023\/12\/Starter-Set-Kork-L-Camponotus-nicobarensis.jpg?w=2160&amp;ssl=1 2160w, https:\/\/i0.wp.com\/antcube.shop\/wp-content\/uploads\/2023\/12\/Starter-Set-Kork-L-Camponotus-nicobarensis.jpg?resize=400%2C400&amp;ssl=1 400w, https:\/\/i0.wp.com\/antcube.shop\/wp-content\/uploads\/2023\/12\/Starter-Set-Kork-L-Camponotus-nicobarensis.jpg?resize=800%2C800&amp;ssl=1 800w, https:\/\/i0.wp.com\/antcube.shop\/wp-content\/uploads\/2023\/12\/Starter-Set-Kork-L-Camponotus-nicobarensis.jpg?resize=280%2C280&amp;ssl=1 280w, https:\/\/i0.wp.com\/antcube.shop\/wp-content\/uploads\/2023\/12\/Starter-Set-Kork-L-Camponotus-nicobarensis.jpg?resize=768%2C768&amp;ssl=1 768w, https:\/\/i0.wp.com\/antcube.shop\/wp-content\/uploads\/2023\/12\/Starter-Set-Kork-L-Camponotus-nicobarensis.jpg?resize=1536%2C1536&amp;ssl=1 1536w, https:\/\/i0.wp.com\/antcube.shop\/wp-content\/uploads\/2023\/12\/Starter-Set-Kork-L-Camponotus-nicobarensis.jpg?resize=2048%2C2048&amp;ssl=1 2048w, https:\/\/i0.wp.com\/antcube.shop\/wp-content\/uploads\/2023\/12\/Starter-Set-Kork-L-Camponotus-nicobarensis.jpg?resize=12%2C12&amp;ssl=1 12w, https:\/\/i0.wp.com\/antcube.shop\/wp-content\/uploads\/2023\/12\/Starter-Set-Kork-L-Camponotus-nicobarensis.jpg?resize=247%2C247&amp;ssl=1 247w, https:\/\/i0.wp.com\/antcube.shop\/wp-content\/uploads\/2023\/12\/Starter-Set-Kork-L-Camponotus-nicobarensis.jpg?resize=510%2C510&amp;ssl=1 510w, https:\/\/i0.wp.com\/antcube.shop\/wp-content\/uploads\/2023\/12\/Starter-Set-Kork-L-Camponotus-nicobarensis.jpg?resize=100%2C100&amp;ssl=1 100w\" sizes=\"auto, (max-width: 510px) 100vw, 510px\" \/>                  <\/div>\n                  \n<div class=\"badge-container absolute left top z-1\">\n\n<\/div>\n                <\/div>\n          <\/a>\n        <\/div>\n        <\/div>\n       <div class=\"large-6 col flip-page-two\">\n        <div class=\"product-info col-inner inner-padding\">\n              <h1 class=\"entry-title\"><a href=\"https:\/\/antcube.shop\/fr\/produit\/offre-groupee-starter-set-kork-camponotus-nicobarensis-cricket-jam\/\">Offre group\u00e9e - Camponotus nicobarensis<\/a><\/h1>\n              <div class=\"is-divider medium\"><\/div>\n              <div class=\"price-wrapper\">\n\t<p class=\"price product-page-price\">\n  <span class=\"woocommerce-Price-amount amount\"><bdi>249,90&nbsp;<span class=\"woocommerce-Price-currencySymbol\">\u20ac<\/span><\/bdi><\/span><\/p>\n<\/div>\n<div class=\"product-short-description\">\n\t<p>L'ensemble est compos\u00e9 de 33 pi\u00e8ces<br \/>\nTaille : <span style=\"color: #0000ff;\"><strong>L<\/strong><\/span><\/p>\n<\/div>\n<div class=\"product_meta\">\n\n\t\n\n\t\n\t\t<span class=\"sku_wrapper\">UGS\u00a0: <span class=\"sku\">1000561<\/span><\/span>\n\n\t\n\t<span class=\"posted_in\">Cat\u00e9gories\u00a0: <a href=\"https:\/\/antcube.shop\/fr\/categorie-produit\/kits-de-demarrage\/offres-groupees\/\" rel=\"tag\">Offres group\u00e9es - Coffrets de d\u00e9part avec fourmis<\/a>, <a href=\"https:\/\/antcube.shop\/fr\/categorie-produit\/nid-dabeilles\/bouchon-de-liege\/\" rel=\"tag\">Inserts pour nids en li\u00e8ge<\/a>, <a href=\"https:\/\/antcube.shop\/fr\/categorie-produit\/kits-de-demarrage\/\" rel=\"tag\">Sets de d\u00e9marrage<\/a>, <a href=\"https:\/\/antcube.shop\/fr\/categorie-produit\/kits-de-demarrage\/coffrets-de-demarrage-liege\/\" rel=\"tag\">Starter Sets Cork<\/a><\/span>\n\t\n\t\n<\/div>\n              <a href=\"https:\/\/antcube.shop\/fr\/produit\/offre-groupee-starter-set-kork-camponotus-nicobarensis-cricket-jam\/\" class=\"button\">Lire la suite<\/a>\n         <\/div>\n        <\/div>\n<\/div>\n<\/div>\n                    <\/div>\n          <\/div><\/div>\n          \n\n\n\t\t<\/div>\n\t\t\t\t\t<\/div>\n\n\t\n\n<\/div>","protected":false},"excerpt":{"rendered":"","protected":false},"author":1,"featured_media":0,"parent":1264,"menu_order":0,"comment_status":"closed","ping_status":"closed","template":"","meta":{"_acf_changed":false,"content-type":"","_monsterinsights_skip_tracking":false,"_monsterinsights_sitenote_active":false,"_monsterinsights_sitenote_note":"","_monsterinsights_sitenote_category":0,"footnotes":""},"class_list":["post-1340","page","type-page","status-publish","hentry"],"acf":[],"aioseo_notices":[],"jetpack_sharing_enabled":true,"_links":{"self":[{"href":"https:\/\/antcube.shop\/fr\/wp-json\/wp\/v2\/pages\/1340","targetHints":{"allow":["GET"]}}],"collection":[{"href":"https:\/\/antcube.shop\/fr\/wp-json\/wp\/v2\/pages"}],"about":[{"href":"https:\/\/antcube.shop\/fr\/wp-json\/wp\/v2\/types\/page"}],"author":[{"embeddable":true,"href":"https:\/\/antcube.shop\/fr\/wp-json\/wp\/v2\/users\/1"}],"replies":[{"embeddable":true,"href":"https:\/\/antcube.shop\/fr\/wp-json\/wp\/v2\/comments?post=1340"}],"version-history":[{"count":10,"href":"https:\/\/antcube.shop\/fr\/wp-json\/wp\/v2\/pages\/1340\/revisions"}],"predecessor-version":[{"id":6851,"href":"https:\/\/antcube.shop\/fr\/wp-json\/wp\/v2\/pages\/1340\/revisions\/6851"}],"up":[{"embeddable":true,"href":"https:\/\/antcube.shop\/fr\/wp-json\/wp\/v2\/pages\/1264"}],"wp:attachment":[{"href":"https:\/\/antcube.shop\/fr\/wp-json\/wp\/v2\/media?parent=1340"}],"curies":[{"name":"wp","href":"https:\/\/api.w.org\/{rel}","templated":true}]}}