{"id":1331,"date":"2021-09-10T10:39:13","date_gmt":"2021-09-10T08:39:13","guid":{"rendered":"https:\/\/antcube.shop\/?page_id=1331"},"modified":"2023-12-15T12:23:13","modified_gmt":"2023-12-15T11:23:13","slug":"nid-de-terre","status":"publish","type":"page","link":"https:\/\/antcube.shop\/fr\/formicarium-finder\/de-type-nid\/nid-de-terre\/","title":{"rendered":"Nid de sol"},"content":{"rendered":"<div id=\"gap-1413848537\" class=\"gap-element clearfix\" style=\"display:block; height:auto;\">\n\t\t\n<style>\n#gap-1413848537 {\n  padding-top: 197px;\n}\n@media (min-width:550px) {\n  #gap-1413848537 {\n    padding-top: 200px;\n  }\n}\n@media (min-width:850px) {\n  #gap-1413848537 {\n    padding-top: 171px;\n  }\n}\n<\/style>\n\t<\/div>\n\t\n\n<div class=\"row\"  id=\"row-1018745403\">\n\n\n\t<div id=\"col-696037916\" class=\"col small-12 large-12\"  >\n\t\t\t\t<div class=\"col-inner\"  >\n\t\t\t\n\t\t\t\n\n\t<div id=\"text-626785880\" class=\"text\">\n\t\t\n\n<p><strong>Question : <\/strong><strong>D'o\u00f9 vient l'esp\u00e8ce de fourmi que vous souhaitez ou quel habitat pr\u00e9f\u00e8re-t-elle ?<\/strong><\/p>\n\t\t\n<style>\n#text-626785880 {\n  font-size: 1.45rem;\n  text-align: center;\n}\n@media (min-width:550px) {\n  #text-626785880 {\n    font-size: 1.95rem;\n  }\n}\n<\/style>\n\t<\/div>\n\t\n\t<div id=\"text-711433271\" class=\"text\">\n\t\t\n\n<p style=\"text-align: center;\"><strong>Dans cette \u00e9tape de notre \"Formicarium Finder\", vous devrez d\u00e9cider de l'habitat ou de l'environnement naturel dont provient votre esp\u00e8ce de fourmi. <\/strong>Si vous n'\u00eates pas s\u00fbr, consultez la description du produit correspondant \u00e0 l'esp\u00e8ce de fourmi souhait\u00e9e. Vous y trouverez les informations n\u00e9cessaires.<\/p>\n\t\t\n<style>\n#text-711433271 {\n  text-align: center;\n}\n<\/style>\n\t<\/div>\n\t\n\n\t\t<\/div>\n\t\t\t\t\t<\/div>\n\n\t\n\n<\/div>\n<div class=\"row\"  id=\"row-778302385\">\n\n\n\t<div id=\"col-256018060\" class=\"col medium-3 small-6 large-3\"  >\n\t\t\t\t<div class=\"col-inner\"  >\n\t\t\t\n\t\t\t\n\n\n  <div class=\"banner has-hover\" id=\"banner-1225435081\">\n          <div class=\"banner-inner fill\">\n        <div class=\"banner-bg fill\" >\n            <img loading=\"lazy\" decoding=\"async\" width=\"906\" height=\"600\" src=\"https:\/\/i0.wp.com\/antcube.shop\/wp-content\/uploads\/2021\/08\/walter-sturn-HOCCH6oPVmw-unsplash-scaled.jpg?fit=906%2C600&amp;ssl=1\" class=\"bg attachment-large size-large\" alt=\"\" \/>                        <div class=\"overlay\"><\/div>            \n                    <\/div>\n\t\t\n        <div class=\"banner-layers container\">\n            <a class=\"fill\" href=\"https:\/\/antcube.shop\/formicarium-finder\/nest-type\/soil-nest\/habitat-meadow\/\"><div class=\"fill banner-link\"><\/div><\/a>            \n\n   <div id=\"text-box-594289940\" class=\"text-box banner-layer x50 md-x50 lg-x50 y5 md-y5 lg-y20 res-text\">\n                                <div class=\"text-box-content text dark text-shadow-5\">\n              \n              <div class=\"text-inner text-center\">\n                  \n\n\t<div id=\"text-3048526491\" class=\"text\">\n\t\t\n\n<h3 class=\"uppercase\"><strong>Pr\u00e9<\/strong><\/h3>\n\t\t\n<style>\n#text-3048526491 {\n  font-size: 0.75rem;\n}\n@media (min-width:550px) {\n  #text-3048526491 {\n    font-size: 0.75rem;\n  }\n}\n@media (min-width:850px) {\n  #text-3048526491 {\n    font-size: 1.1rem;\n  }\n}\n<\/style>\n\t<\/div>\n\t\n\n              <\/div>\n           <\/div>\n                            \n<style>\n#text-box-594289940 {\n  width: 100%;\n}\n#text-box-594289940 .text-box-content {\n  font-size: 100%;\n}\n@media (min-width:550px) {\n  #text-box-594289940 {\n    width: 100%;\n  }\n}\n@media (min-width:850px) {\n  #text-box-594289940 {\n    width: 60%;\n  }\n}\n<\/style>\n    <\/div>\n \n\n        <\/div>\n      <\/div>\n\n            \n<style>\n#banner-1225435081 {\n  padding-top: 99.99%;\n}\n#banner-1225435081 .overlay {\n  background-color: rgba(0, 0, 0, 0);\n}\n<\/style>\n  <\/div>\n\n\n\n\t\t<\/div>\n\t\t\t\t\t<\/div>\n\n\t\n\n\t<div id=\"col-196964864\" class=\"col medium-3 small-6 large-3\"  >\n\t\t\t\t<div class=\"col-inner\"  >\n\t\t\t\n\t\t\t\n\n\n  <div class=\"banner has-hover\" id=\"banner-174873219\">\n          <div class=\"banner-inner fill\">\n        <div class=\"banner-bg fill\" >\n            <img loading=\"lazy\" decoding=\"async\" width=\"401\" height=\"600\" src=\"https:\/\/i0.wp.com\/antcube.shop\/wp-content\/uploads\/2021\/08\/daniel-sessler-78kaMQmUUq4-unsplash-scaled.jpg?fit=401%2C600&amp;ssl=1\" class=\"bg attachment-large size-large\" alt=\"\" \/>                        <div class=\"overlay\"><\/div>            \n                    <\/div>\n\t\t\n        <div class=\"banner-layers container\">\n            <a class=\"fill\" href=\"https:\/\/antcube.shop\/formicarium-finder\/nest-type\/soil-nest\/habitat-forest\/\"><div class=\"fill banner-link\"><\/div><\/a>            \n\n   <div id=\"text-box-956598424\" class=\"text-box banner-layer x50 md-x50 lg-x50 y5 md-y5 lg-y20 res-text\">\n                                <div class=\"text-box-content text dark text-shadow-5\">\n              \n              <div class=\"text-inner text-center\">\n                  \n\n\t<div id=\"text-3749009669\" class=\"text\">\n\t\t\n\n<h3 class=\"uppercase\"><strong>For\u00eat<\/strong><\/h3>\n\t\t\n<style>\n#text-3749009669 {\n  font-size: 0.75rem;\n}\n@media (min-width:550px) {\n  #text-3749009669 {\n    font-size: 0.75rem;\n  }\n}\n@media (min-width:850px) {\n  #text-3749009669 {\n    font-size: 1.1rem;\n  }\n}\n<\/style>\n\t<\/div>\n\t\n\n              <\/div>\n           <\/div>\n                            \n<style>\n#text-box-956598424 {\n  width: 100%;\n}\n#text-box-956598424 .text-box-content {\n  font-size: 100%;\n}\n@media (min-width:550px) {\n  #text-box-956598424 {\n    width: 100%;\n  }\n}\n@media (min-width:850px) {\n  #text-box-956598424 {\n    width: 60%;\n  }\n}\n<\/style>\n    <\/div>\n \n\n        <\/div>\n      <\/div>\n\n            \n<style>\n#banner-174873219 {\n  padding-top: 99.99%;\n}\n#banner-174873219 .overlay {\n  background-color: rgba(0, 0, 0, 0);\n}\n#banner-174873219 .banner-bg img {\n  object-position: 25% 69%;\n}\n<\/style>\n  <\/div>\n\n\n\n\t\t<\/div>\n\t\t\t\t\t<\/div>\n\n\t\n\n\t<div id=\"col-764827821\" class=\"col medium-3 small-6 large-3\"  >\n\t\t\t\t<div class=\"col-inner\"  >\n\t\t\t\n\t\t\t\n\n\n  <div class=\"banner has-hover\" id=\"banner-1189770123\">\n          <div class=\"banner-inner fill\">\n        <div class=\"banner-bg fill\" >\n            <img loading=\"lazy\" decoding=\"async\" width=\"400\" height=\"600\" src=\"https:\/\/i0.wp.com\/antcube.shop\/wp-content\/uploads\/2021\/08\/huper-by-joshua-earle-mErSbLOqSJk-unsplash-scaled.jpg?fit=400%2C600&amp;ssl=1\" class=\"bg attachment-large size-large\" alt=\"\" \/>                        <div class=\"overlay\"><\/div>            \n                    <\/div>\n\t\t\n        <div class=\"banner-layers container\">\n            <a class=\"fill\" href=\"https:\/\/antcube.shop\/formicarium-finder\/nest-type\/soil-nest\/habitat-desert\/\"><div class=\"fill banner-link\"><\/div><\/a>            \n\n   <div id=\"text-box-805498217\" class=\"text-box banner-layer x0 md-x50 lg-x50 y0 md-y5 lg-y10 res-text\">\n                                <div class=\"text-box-content text dark text-shadow-5\">\n              \n              <div class=\"text-inner text-center\">\n                  \n\n\t<div id=\"text-4180677226\" class=\"text\">\n\t\t\n\n<h3 class=\"uppercase\"><strong>D\u00e9serts ou steppes<\/strong><\/h3>\n\t\t\n<style>\n#text-4180677226 {\n  font-size: 0.75rem;\n  text-align: center;\n}\n@media (min-width:550px) {\n  #text-4180677226 {\n    font-size: 0.75rem;\n  }\n}\n@media (min-width:850px) {\n  #text-4180677226 {\n    font-size: 1.1rem;\n  }\n}\n<\/style>\n\t<\/div>\n\t\n\n              <\/div>\n           <\/div>\n                            \n<style>\n#text-box-805498217 {\n  width: 100%;\n}\n#text-box-805498217 .text-box-content {\n  font-size: 100%;\n}\n@media (min-width:550px) {\n  #text-box-805498217 {\n    width: 100%;\n  }\n}\n@media (min-width:850px) {\n  #text-box-805498217 {\n    width: 60%;\n  }\n}\n<\/style>\n    <\/div>\n \n\n        <\/div>\n      <\/div>\n\n            \n<style>\n#banner-1189770123 {\n  padding-top: 99.99%;\n}\n#banner-1189770123 .overlay {\n  background-color: rgba(0, 0, 0, 0);\n}\n#banner-1189770123 .banner-bg img {\n  object-position: 51% 61%;\n}\n<\/style>\n  <\/div>\n\n\n\n\t\t<\/div>\n\t\t\t\t\t<\/div>\n\n\t\n\n\t<div id=\"col-532721263\" class=\"col medium-3 small-6 large-3\"  >\n\t\t\t\t<div class=\"col-inner\"  >\n\t\t\t\n\t\t\t\n\n\n  <div class=\"banner has-hover\" id=\"banner-1553726407\">\n          <div class=\"banner-inner fill\">\n        <div class=\"banner-bg fill\" >\n            <img loading=\"lazy\" decoding=\"async\" width=\"402\" height=\"600\" src=\"https:\/\/i0.wp.com\/antcube.shop\/wp-content\/uploads\/2021\/08\/david-clode-SF4Gj1xvqk0-unsplash-scaled.jpg?fit=402%2C600&amp;ssl=1\" class=\"bg attachment-large size-large\" alt=\"\" \/>                        <div class=\"overlay\"><\/div>            \n                    <\/div>\n\t\t\n        <div class=\"banner-layers container\">\n            <a class=\"fill\" href=\"https:\/\/antcube.shop\/formicarium-finder\/nest-type\/soil-nest\/habitat-rainforest\/\"><div class=\"fill banner-link\"><\/div><\/a>            \n\n   <div id=\"text-box-271109573\" class=\"text-box banner-layer x0 md-x0 lg-x50 y5 md-y5 lg-y20 res-text\">\n                                <div class=\"text-box-content text dark text-shadow-5\">\n              \n              <div class=\"text-inner text-center\">\n                  \n\n\t<div id=\"text-2502318238\" class=\"text\">\n\t\t\n\n<h3 class=\"uppercase\"><strong>For\u00eat tropicale<\/strong><\/h3>\n\t\t\n<style>\n#text-2502318238 {\n  font-size: 0.75rem;\n  text-align: center;\n}\n@media (min-width:550px) {\n  #text-2502318238 {\n    font-size: 0.75rem;\n  }\n}\n@media (min-width:850px) {\n  #text-2502318238 {\n    font-size: 1.1rem;\n  }\n}\n<\/style>\n\t<\/div>\n\t\n\n              <\/div>\n           <\/div>\n                            \n<style>\n#text-box-271109573 {\n  width: 100%;\n}\n#text-box-271109573 .text-box-content {\n  font-size: 100%;\n}\n@media (min-width:550px) {\n  #text-box-271109573 {\n    width: 100%;\n  }\n}\n@media (min-width:850px) {\n  #text-box-271109573 {\n    width: 82%;\n  }\n}\n<\/style>\n    <\/div>\n \n\n        <\/div>\n      <\/div>\n\n            \n<style>\n#banner-1553726407 {\n  padding-top: 99.99%;\n}\n#banner-1553726407 .overlay {\n  background-color: rgba(0, 0, 0, 0);\n}\n#banner-1553726407 .banner-bg img {\n  object-position: 65% 69%;\n}\n<\/style>\n  <\/div>\n\n\n\n\t\t<\/div>\n\t\t\t\t\t<\/div>\n\n\t\n\n<\/div>\n\t<div id=\"gap-1741785813\" class=\"gap-element clearfix\" style=\"display:block; height:auto;\">\n\t\t\n<style>\n#gap-1741785813 {\n  padding-top: 50px;\n}\n<\/style>\n\t<\/div>","protected":false},"excerpt":{"rendered":"","protected":false},"author":1,"featured_media":0,"parent":1264,"menu_order":0,"comment_status":"closed","ping_status":"closed","template":"","meta":{"_acf_changed":false,"content-type":"","_monsterinsights_skip_tracking":false,"_monsterinsights_sitenote_active":false,"_monsterinsights_sitenote_note":"","_monsterinsights_sitenote_category":0,"footnotes":""},"class_list":["post-1331","page","type-page","status-publish","hentry"],"acf":[],"aioseo_notices":[],"jetpack_sharing_enabled":true,"_links":{"self":[{"href":"https:\/\/antcube.shop\/fr\/wp-json\/wp\/v2\/pages\/1331","targetHints":{"allow":["GET"]}}],"collection":[{"href":"https:\/\/antcube.shop\/fr\/wp-json\/wp\/v2\/pages"}],"about":[{"href":"https:\/\/antcube.shop\/fr\/wp-json\/wp\/v2\/types\/page"}],"author":[{"embeddable":true,"href":"https:\/\/antcube.shop\/fr\/wp-json\/wp\/v2\/users\/1"}],"replies":[{"embeddable":true,"href":"https:\/\/antcube.shop\/fr\/wp-json\/wp\/v2\/comments?post=1331"}],"version-history":[{"count":10,"href":"https:\/\/antcube.shop\/fr\/wp-json\/wp\/v2\/pages\/1331\/revisions"}],"predecessor-version":[{"id":6850,"href":"https:\/\/antcube.shop\/fr\/wp-json\/wp\/v2\/pages\/1331\/revisions\/6850"}],"up":[{"embeddable":true,"href":"https:\/\/antcube.shop\/fr\/wp-json\/wp\/v2\/pages\/1264"}],"wp:attachment":[{"href":"https:\/\/antcube.shop\/fr\/wp-json\/wp\/v2\/media?parent=1331"}],"curies":[{"name":"wp","href":"https:\/\/api.w.org\/{rel}","templated":true}]}}