{"id":1264,"date":"2021-09-09T14:24:10","date_gmt":"2021-09-09T12:24:10","guid":{"rendered":"https:\/\/antcube.shop\/?page_id=1264"},"modified":"2023-12-15T10:55:28","modified_gmt":"2023-12-15T09:55:28","slug":"de-type-nid","status":"publish","type":"page","link":"https:\/\/antcube.shop\/fr\/formicarium-finder\/de-type-nid\/","title":{"rendered":"Formicarium pour fourmis"},"content":{"rendered":"<div id=\"gap-907083589\" class=\"gap-element clearfix\" style=\"display:block; height:auto;\">\n\t\t\n<style>\n#gap-907083589 {\n  padding-top: 200px;\n}\n@media (min-width:550px) {\n  #gap-907083589 {\n    padding-top: 201px;\n  }\n}\n@media (min-width:850px) {\n  #gap-907083589 {\n    padding-top: 171px;\n  }\n}\n<\/style>\n\t<\/div>\n\t\n\n<div class=\"row\"  id=\"row-730307597\">\n\n\n\t<div id=\"col-2030843740\" class=\"col small-12 large-12\"  >\n\t\t\t\t<div class=\"col-inner\"  >\n\t\t\t\n\t\t\t\n\n\t<div id=\"text-3117224998\" class=\"text\">\n\t\t\n\n<p><strong>Question : O\u00f9 votre esp\u00e8ce de fourmi pr\u00e9f\u00e9r\u00e9e aime-t-elle nicher dans la nature ?<\/strong><\/p>\n\t\t\n<style>\n#text-3117224998 {\n  font-size: 1.45rem;\n  text-align: center;\n}\n@media (min-width:550px) {\n  #text-3117224998 {\n    font-size: 1.95rem;\n  }\n}\n<\/style>\n\t<\/div>\n\t\n\t<div id=\"text-418692403\" class=\"text\">\n\t\t\n\n<p style=\"text-align: center;\"><strong>Dans cette \u00e9tape de notre \"Formicarium Finder\", vous devrez d\u00e9cider de la zone de nidification ou du type de nid que votre esp\u00e8ce de fourmi pr\u00e9f\u00e8re dans son environnement naturel. <\/strong>Si vous n'\u00eates pas s\u00fbr, consultez la description du produit correspondant \u00e0 l'esp\u00e8ce de fourmi souhait\u00e9e. Vous y trouverez les informations n\u00e9cessaires.<\/p>\n<h3>\u00a0<\/h3>\n\t\t\n<style>\n#text-418692403 {\n  text-align: center;\n}\n<\/style>\n\t<\/div>\n\t\n\n\t\t<\/div>\n\t\t\t\t\t<\/div>\n\n\t\n\n<\/div>\n<div class=\"row align-center\"  id=\"row-1740664698\">\n\n\n\t<div id=\"col-332127452\" class=\"col medium-3 small-6 large-3\"  >\n\t\t\t\t<div class=\"col-inner\"  >\n\t\t\t\n\t\t\t\n\n\n  <div class=\"banner has-hover\" id=\"banner-754568066\">\n          <div class=\"banner-inner fill\">\n        <div class=\"banner-bg fill\" >\n            <img data-recalc-dims=\"1\" loading=\"lazy\" decoding=\"async\" width=\"1020\" height=\"680\" src=\"https:\/\/i0.wp.com\/antcube.shop\/wp-content\/uploads\/2021\/08\/macro-3821280_1920.jpg?resize=1020%2C680&#038;ssl=1\" class=\"bg attachment-original size-original\" alt=\"\" \/>                        <div class=\"overlay\"><\/div>            \n                    <\/div>\n\t\t\n        <div class=\"banner-layers container\">\n            <a class=\"fill\" href=\"https:\/\/antcube.shop\/formicarium-finder\/nest-type\/soil-nest\/\"><div class=\"fill banner-link\"><\/div><\/a>            \n\n   <div id=\"text-box-309306368\" class=\"text-box banner-layer x0 md-x0 lg-x50 y5 md-y5 lg-y5 res-text\">\n                                <div class=\"text-box-content text dark text-shadow-5\">\n              \n              <div class=\"text-inner text-center\">\n                  \n\n\t<div id=\"text-3712721680\" class=\"text\">\n\t\t\n\n<h5 class=\"uppercase\"><strong>Nidification dans le sol<\/strong><\/h5>\n\t\t\n<style>\n#text-3712721680 {\n  font-size: 0.85rem;\n}\n@media (min-width:550px) {\n  #text-3712721680 {\n    font-size: 0.9rem;\n  }\n}\n@media (min-width:850px) {\n  #text-3712721680 {\n    font-size: 1.35rem;\n  }\n}\n<\/style>\n\t<\/div>\n\t\n\n              <\/div>\n           <\/div>\n                            \n<style>\n#text-box-309306368 {\n  width: 100%;\n}\n#text-box-309306368 .text-box-content {\n  font-size: 100%;\n}\n@media (min-width:550px) {\n  #text-box-309306368 {\n    width: 100%;\n  }\n}\n@media (min-width:850px) {\n  #text-box-309306368 {\n    width: 100%;\n  }\n}\n<\/style>\n    <\/div>\n \n\n        <\/div>\n      <\/div>\n\n            \n<style>\n#banner-754568066 {\n  padding-top: 99.99%;\n}\n#banner-754568066 .overlay {\n  background-color: rgba(0, 0, 0, 0);\n}\n#banner-754568066 .banner-bg img {\n  object-position: 46% 50%;\n}\n<\/style>\n  <\/div>\n\n\n\n\t\t<\/div>\n\t\t\t\t\t<\/div>\n\n\t\n\n\t<div id=\"col-832666356\" class=\"col medium-3 small-6 large-3\"  >\n\t\t\t\t<div class=\"col-inner\"  >\n\t\t\t\n\t\t\t\n\n\n  <div class=\"banner has-hover\" id=\"banner-931096567\">\n          <div class=\"banner-inner fill\">\n        <div class=\"banner-bg fill\" >\n            <img data-recalc-dims=\"1\" loading=\"lazy\" decoding=\"async\" width=\"1020\" height=\"1530\" src=\"https:\/\/i0.wp.com\/antcube.shop\/wp-content\/uploads\/2021\/09\/frank-albrecht-DVWR_mGz0Ek-unsplash-1-scaled.jpg?resize=1020%2C1530&#038;ssl=1\" class=\"bg attachment-original size-original\" alt=\"\" \/>                                    \n                    <\/div>\n\t\t\n        <div class=\"banner-layers container\">\n            <a class=\"fill\" href=\"https:\/\/antcube.shop\/formicarium-finder\/nest-type\/wood-nest\/\"><div class=\"fill banner-link\"><\/div><\/a>            \n\n   <div id=\"text-box-1433892267\" class=\"text-box banner-layer x50 md-x50 lg-x0 y5 md-y5 lg-y5 res-text\">\n                                <div class=\"text-box-content text dark text-shadow-5\">\n              \n              <div class=\"text-inner text-center\">\n                  \n\n\t<div id=\"text-200170340\" class=\"text\">\n\t\t\n\n<h5 class=\"uppercase\"><strong>Nidification dans le bois ou le bois mort<\/strong><\/h5>\n\t\t\n<style>\n#text-200170340 {\n  font-size: 0.9rem;\n  text-align: center;\n}\n@media (min-width:550px) {\n  #text-200170340 {\n    font-size: 0.9rem;\n  }\n}\n@media (min-width:850px) {\n  #text-200170340 {\n    font-size: 1.35rem;\n  }\n}\n<\/style>\n\t<\/div>\n\t\n\n              <\/div>\n           <\/div>\n                            \n<style>\n#text-box-1433892267 {\n  width: 100%;\n}\n#text-box-1433892267 .text-box-content {\n  font-size: 100%;\n}\n@media (min-width:550px) {\n  #text-box-1433892267 {\n    width: 100%;\n  }\n}\n@media (min-width:850px) {\n  #text-box-1433892267 {\n    width: 100%;\n  }\n}\n<\/style>\n    <\/div>\n \n\n        <\/div>\n      <\/div>\n\n            \n<style>\n#banner-931096567 {\n  padding-top: 99.99%;\n}\n#banner-931096567 .banner-bg img {\n  object-position: 47% 92%;\n}\n<\/style>\n  <\/div>\n\n\n\n\t\t<\/div>\n\t\t\t\t\t<\/div>\n\n\t\n\n\t<div id=\"col-168012890\" class=\"col medium-3 small-6 large-3\"  >\n\t\t\t\t<div class=\"col-inner\"  >\n\t\t\t\n\t\t\t\n\n\n  <div class=\"banner has-hover\" id=\"banner-928331898\">\n          <div class=\"banner-inner fill\">\n        <div class=\"banner-bg fill\" >\n            <img loading=\"lazy\" decoding=\"async\" width=\"900\" height=\"600\" src=\"https:\/\/i0.wp.com\/antcube.shop\/wp-content\/uploads\/2021\/09\/wolfgang-hasselmann-J7ArFYQrBXw-unsplash1-scaled.jpg?fit=900%2C600&amp;ssl=1\" class=\"bg attachment-large size-large\" alt=\"\" \/>                        <div class=\"overlay\"><\/div>            \n                    <\/div>\n\t\t\n        <div class=\"banner-layers container\">\n            <a class=\"fill\" href=\"https:\/\/antcube.shop\/formicarium-finder\/nest-type\/stone-nest\/\"><div class=\"fill banner-link\"><\/div><\/a>            \n\n   <div id=\"text-box-1515658523\" class=\"text-box banner-layer x0 md-x0 lg-x50 y0 md-y5 lg-y5 res-text\">\n                                <div class=\"text-box-content text dark text-shadow-5\">\n              \n              <div class=\"text-inner text-center\">\n                  \n\n\t<div id=\"text-4107420329\" class=\"text\">\n\t\t\n\n<h5 class=\"uppercase\"><strong>Nidification entre ou sous les pierres<\/strong><\/h5>\n\t\t\n<style>\n#text-4107420329 {\n  font-size: 0.85rem;\n  text-align: center;\n}\n@media (min-width:550px) {\n  #text-4107420329 {\n    font-size: 0.9rem;\n  }\n}\n@media (min-width:850px) {\n  #text-4107420329 {\n    font-size: 1.35rem;\n  }\n}\n<\/style>\n\t<\/div>\n\t\n\n              <\/div>\n           <\/div>\n                            \n<style>\n#text-box-1515658523 {\n  width: 100%;\n}\n#text-box-1515658523 .text-box-content {\n  font-size: 100%;\n}\n@media (min-width:550px) {\n  #text-box-1515658523 {\n    width: 100%;\n  }\n}\n@media (min-width:850px) {\n  #text-box-1515658523 {\n    width: 100%;\n  }\n}\n<\/style>\n    <\/div>\n \n\n        <\/div>\n      <\/div>\n\n            \n<style>\n#banner-928331898 {\n  padding-top: 99.99%;\n}\n#banner-928331898 .overlay {\n  background-color: rgba(0, 0, 0, 0);\n}\n#banner-928331898 .banner-bg img {\n  object-position: 43% 45%;\n}\n<\/style>\n  <\/div>\n\n\n\n\t\t<\/div>\n\t\t\t\t\t<\/div>\n\n\t\n\n<\/div>","protected":false},"excerpt":{"rendered":"","protected":false},"author":1,"featured_media":0,"parent":727,"menu_order":0,"comment_status":"closed","ping_status":"closed","template":"","meta":{"_acf_changed":false,"content-type":"","_monsterinsights_skip_tracking":false,"_monsterinsights_sitenote_active":false,"_monsterinsights_sitenote_note":"","_monsterinsights_sitenote_category":0,"footnotes":""},"class_list":["post-1264","page","type-page","status-publish","hentry"],"acf":[],"aioseo_notices":[],"jetpack_sharing_enabled":true,"_links":{"self":[{"href":"https:\/\/antcube.shop\/fr\/wp-json\/wp\/v2\/pages\/1264","targetHints":{"allow":["GET"]}}],"collection":[{"href":"https:\/\/antcube.shop\/fr\/wp-json\/wp\/v2\/pages"}],"about":[{"href":"https:\/\/antcube.shop\/fr\/wp-json\/wp\/v2\/types\/page"}],"author":[{"embeddable":true,"href":"https:\/\/antcube.shop\/fr\/wp-json\/wp\/v2\/users\/1"}],"replies":[{"embeddable":true,"href":"https:\/\/antcube.shop\/fr\/wp-json\/wp\/v2\/comments?post=1264"}],"version-history":[{"count":10,"href":"https:\/\/antcube.shop\/fr\/wp-json\/wp\/v2\/pages\/1264\/revisions"}],"predecessor-version":[{"id":6828,"href":"https:\/\/antcube.shop\/fr\/wp-json\/wp\/v2\/pages\/1264\/revisions\/6828"}],"up":[{"embeddable":true,"href":"https:\/\/antcube.shop\/fr\/wp-json\/wp\/v2\/pages\/727"}],"wp:attachment":[{"href":"https:\/\/antcube.shop\/fr\/wp-json\/wp\/v2\/media?parent=1264"}],"curies":[{"name":"wp","href":"https:\/\/api.w.org\/{rel}","templated":true}]}}