{"id":1258,"date":"2021-09-09T14:21:38","date_gmt":"2021-09-09T12:21:38","guid":{"rendered":"https:\/\/antcube.shop\/?page_id=1258"},"modified":"2023-12-14T14:17:28","modified_gmt":"2023-12-14T13:17:28","slug":"coupeur-de-feuilles-formicarium","status":"publish","type":"page","link":"https:\/\/antcube.shop\/fr\/formicarium-finder\/coupeur-de-feuilles-formicarium\/","title":{"rendered":"Formicarium \u00e0 couper les feuilles"},"content":{"rendered":"<div id=\"gap-156525676\" class=\"gap-element clearfix\" style=\"display:block; height:auto;\">\n\t\t\n<style>\n#gap-156525676 {\n  padding-top: 200px;\n}\n@media (min-width:550px) {\n  #gap-156525676 {\n    padding-top: 201px;\n  }\n}\n@media (min-width:850px) {\n  #gap-156525676 {\n    padding-top: 75px;\n  }\n}\n<\/style>\n\t<\/div>\n\t\n\n\n  <div class=\"banner has-hover\" id=\"banner-902517431\">\n          <div class=\"banner-inner fill\">\n        <div class=\"banner-bg fill\" >\n            <img data-recalc-dims=\"1\" loading=\"lazy\" decoding=\"async\" width=\"1020\" height=\"680\" src=\"https:\/\/i0.wp.com\/antcube.shop\/wp-content\/uploads\/2021\/09\/Blattschneider-Sets-Gros-Klein-scaled.jpg?resize=1020%2C680&#038;ssl=1\" class=\"bg attachment-original size-original\" alt=\"ANTCUBE Comparaison des sets de d\u00e9coupe de feuilles petits et grands\" \/>                        <div class=\"overlay\"><\/div>            \n                    <\/div>\n\t\t\n        <div class=\"banner-layers container\">\n            <a class=\"fill\" href=\"https:\/\/antcube.shop\/de\/produkt\/antcube-starter-set-fur-blattschneiderarten-gros\/\"><div class=\"fill banner-link\"><\/div><\/a>            \n\n   <div id=\"text-box-1444013581\" class=\"text-box banner-layer x90 md-x90 lg-x85 y0 md-y5 lg-y15 res-text\">\n                                <div class=\"text-box-content text dark\">\n              \n              <div class=\"text-inner text-center\">\n                  \n\n\t<div id=\"text-3967598686\" class=\"text\">\n\t\t\n\n<h3 class=\"uppercase\"><strong>Sets de d\u00e9marrage pour les fourmis tueuses de feuilles<\/strong><\/h3>\n<p>&nbsp;<\/p>\n\t\t\n<style>\n#text-3967598686 {\n  text-align: center;\n  color: rgb(0,0,0);\n}\n#text-3967598686 > * {\n  color: rgb(0,0,0);\n}\n<\/style>\n\t<\/div>\n\t\n\n              <\/div>\n           <\/div>\n                            \n<style>\n#text-box-1444013581 {\n  width: 60%;\n}\n#text-box-1444013581 .text-box-content {\n  font-size: 100%;\n}\n<\/style>\n    <\/div>\n \n\n        <\/div>\n      <\/div>\n\n            \n<style>\n#banner-902517431 {\n  padding-top: 50%;\n}\n#banner-902517431 .overlay {\n  background-color: rgba(0, 0, 0, 0);\n}\n@media (min-width:850px) {\n  #banner-902517431 {\n    padding-top: 900px;\n  }\n}\n<\/style>\n  <\/div>\n\n\n<div class=\"row\"  id=\"row-1809998947\">\n\n\n\t<div id=\"col-1067632356\" class=\"col medium-6 small-12 large-6\"  >\n\t\t\t\t<div class=\"col-inner\"  >\n\t\t\t\n\t\t\t\n\n<h3>Nos kits de d\u00e9marrage pour les fourmis coupeuses de feuilles<\/h3>\n<p>Pour \u00e9lever des fourmis coupeuses de feuilles, vous devez toujours utiliser un formicarium compos\u00e9 d'au moins 3 chambres s\u00e9par\u00e9es. Dans la nature, les nids de fourmis coupeuses de feuilles peuvent avoir des centaines de petites chambres et lorsque vous \u00e9levez cette esp\u00e8ce de fourmis, vous devez toujours essayer d'imiter leur mode de vie naturel.<\/p>\n<p><strong>La premi\u00e8re chambre<\/strong> est utilis\u00e9 pour la nourriture. Ici, les fourmis peuvent couper et collecter des feuilles fra\u00eeches et de l'eau. Il imite le monde ext\u00e9rieur d'une colonie de fourmis.<\/p>\n<p><strong>La deuxi\u00e8me chambre<\/strong> est la chambre de nidification. Ici, les fourmis peuvent cultiver leur champignon et s'occuper de leur reine et de leur couvain.<\/p>\n<p><strong>La troisi\u00e8me chambre<\/strong> est utilis\u00e9 par les fourmis pour se d\u00e9barrasser de leurs d\u00e9chets. Ceci est n\u00e9cessaire pour que la colonie reste en bonne sant\u00e9.<\/p>\n<p>\u00a0<\/p>\n<p>Un autre aspect utile de l'\u00e9levage des fourmis coupeuses de feuilles dans un syst\u00e8me \u00e0 trois chambres est qu'il permet de r\u00e9guler les valeurs climatiques n\u00e9cessaires. Pour que le champignon se d\u00e9veloppe dans la chambre de nidification, il a besoin d'une certaine ventilation constante. Comme il a \u00e9galement besoin d'une humidit\u00e9 \u00e9lev\u00e9e, cela serait difficile dans un seul formicarium ou dans deux chambres seulement, car soit l'humidit\u00e9 se perd, soit la ventilation n'est pas suffisante. Comme dans notre syst\u00e8me \u00e0 3 chambres, la ventilation peut provenir de la chambre des d\u00e9chets et de la chambre de la nourriture et passer par les tubes de la chambre du champignon. De cette fa\u00e7on, l'humidit\u00e9 peut rester assez \u00e9lev\u00e9e et la ventilation est n\u00e9anmoins possible.\u00a0<\/p>\n<p>\u00a0<\/p>\n\n\t\t<\/div>\n\t\t\t\t\t<\/div>\n\n\t\n\n\t<div id=\"col-266417599\" class=\"col medium-6 small-12 large-6\"  >\n\t\t\t\t<div class=\"col-inner\"  >\n\t\t\t\n\t\t\t\n\n\t<div id=\"text-3245224138\" class=\"text\">\n\t\t\n\n<p><strong>Chambre \u00e0 aliments - Chambre \u00e0 champignons\/nidification - Chambre \u00e0 d\u00e9chets<\/strong><\/p>\n\n\t\t\n<style>\n#text-3245224138 {\n  font-size: 0.75rem;\n}\n@media (min-width:850px) {\n  #text-3245224138 {\n    font-size: 1.15rem;\n  }\n}\n<\/style>\n\t<\/div>\n\t\n\t<div class=\"img has-hover x md-x lg-x y md-y lg-y\" id=\"image_1465388624\">\n\t\t\t\t\t\t\t\t<div class=\"img-inner image-cover dark\" style=\"padding-top:50%;\">\n\t\t\t<img data-recalc-dims=\"1\" loading=\"lazy\" decoding=\"async\" width=\"1020\" height=\"573\" src=\"https:\/\/i0.wp.com\/antcube.shop\/wp-content\/uploads\/2021\/09\/Blattschneider-Grafik-scaled.jpg?resize=1020%2C573&#038;ssl=1\" class=\"attachment-original size-original\" alt=\"Explication du syst\u00e8me \u00e0 trois chambres des fourmis coupeuses de feuilles\" srcset=\"https:\/\/i0.wp.com\/antcube.shop\/wp-content\/uploads\/2021\/09\/Blattschneider-Grafik-scaled.jpg?w=2560&amp;ssl=1 2560w, https:\/\/i0.wp.com\/antcube.shop\/wp-content\/uploads\/2021\/09\/Blattschneider-Grafik-scaled.jpg?resize=510%2C286&amp;ssl=1 510w, https:\/\/i0.wp.com\/antcube.shop\/wp-content\/uploads\/2021\/09\/Blattschneider-Grafik-scaled.jpg?resize=713%2C400&amp;ssl=1 713w, https:\/\/i0.wp.com\/antcube.shop\/wp-content\/uploads\/2021\/09\/Blattschneider-Grafik-scaled.jpg?resize=1400%2C786&amp;ssl=1 1400w, https:\/\/i0.wp.com\/antcube.shop\/wp-content\/uploads\/2021\/09\/Blattschneider-Grafik-scaled.jpg?resize=768%2C431&amp;ssl=1 768w, https:\/\/i0.wp.com\/antcube.shop\/wp-content\/uploads\/2021\/09\/Blattschneider-Grafik-scaled.jpg?resize=1536%2C862&amp;ssl=1 1536w, https:\/\/i0.wp.com\/antcube.shop\/wp-content\/uploads\/2021\/09\/Blattschneider-Grafik-scaled.jpg?resize=2048%2C1150&amp;ssl=1 2048w\" sizes=\"auto, (max-width: 1020px) 100vw, 1020px\" \/>\t\t\t\t\t\t\n\t\t\t\t\t<\/div>\n\t\t\t\t\t\t\t\t\n<style>\n#image_1465388624 {\n  width: 100%;\n}\n<\/style>\n\t<\/div>\n\t\n\n\n  <div class=\"banner has-hover bg-zoom-long\" id=\"banner-2078592345\">\n          <div class=\"banner-inner fill\">\n        <div class=\"banner-bg fill\" >\n            <img data-recalc-dims=\"1\" loading=\"lazy\" decoding=\"async\" width=\"720\" height=\"720\" src=\"https:\/\/i0.wp.com\/antcube.shop\/wp-content\/uploads\/2021\/07\/Starter-Set-fur-Blattschneiderarten.jpg?resize=720%2C720&#038;ssl=1\" class=\"bg attachment-original size-original\" alt=\"Kit de d\u00e9marrage pour fourmis coupeuses de feuilles chambre \u00e0 champignons\" \/>                                    \n                    <\/div>\n\t\t\n        <div class=\"banner-layers container\">\n            <div class=\"fill banner-link\"><\/div>            \n\n   <div id=\"text-box-2097739442\" class=\"text-box banner-layer x50 md-x50 lg-x50 y50 md-y50 lg-y50 res-text\">\n                                <div class=\"text-box-content text dark\">\n              \n              <div class=\"text-inner text-center\">\n                  \n\n\n              <\/div>\n           <\/div>\n                            \n<style>\n#text-box-2097739442 {\n  width: 60%;\n}\n#text-box-2097739442 .text-box-content {\n  font-size: 100%;\n}\n@media (min-width:550px) {\n  #text-box-2097739442 {\n    width: 60%;\n  }\n}\n<\/style>\n    <\/div>\n \n\n        <\/div>\n      <\/div>\n\n            \n<style>\n#banner-2078592345 {\n  padding-top: 94.14%;\n}\n#banner-2078592345 .banner-bg img {\n  object-position: 51% 87%;\n}\n@media (min-width:550px) {\n  #banner-2078592345 {\n    padding-top: 96.14%;\n  }\n}\n@media (min-width:850px) {\n  #banner-2078592345 {\n    padding-top: 539px;\n  }\n}\n<\/style>\n  <\/div>\n\n\n\t<div id=\"text-2731477966\" class=\"text\">\n\t\t\n\n<p>Champignon de la fourmi coupeuse de feuilles (Leucoagaricus gongylophorus)<\/p>\n\t\t\n<style>\n#text-2731477966 {\n  text-align: center;\n}\n<\/style>\n\t<\/div>\n\t\n\n\t\t<\/div>\n\t\t\t\t\t<\/div>\n\n\t\n\n<\/div>\n\t<div id=\"gap-1943928395\" class=\"gap-element clearfix\" style=\"display:block; height:auto;\">\n\t\t\n<style>\n#gap-1943928395 {\n  padding-top: 30px;\n}\n<\/style>\n\t<\/div>\n\t\n\n<div class=\"row align-center\"  id=\"row-1404850326\">\n\n\n\t<div id=\"col-1908975252\" class=\"col small-12 large-12\"  >\n\t\t\t\t<div class=\"col-inner\"  >\n\t\t\t\n\t\t\t\n\n            <div class=\"row\"><div class=\"large-12 col\">\n          <div style=\"background-color:#FFF;\" class=\"slider flipContainer slider-nav-circle slide box-shadow-2\"\n            data-flickity-options='{              \"cellAlign\": \"center\",              \"wrapAround\": true,              \"percentPosition\": true,              \"imagesLoaded\": true,              \"pageDots\": true,              \"contain\": true          }'>\n                        <div class=\"slide\" style=\"background-color:#FFF;\">  <div class=\"row row-collapse align-middle flip-slide\" style=\"width:100%\">\n        <div class=\"large-6 col flip-page-one\">\n        <div class=\"featured-product col-inner\">\n          <a href=\"https:\/\/antcube.shop\/fr\/produit\/antcube-starter-set-fur-blattschneiderarten-gros\/\">\n                <div class=\"product-image relative\">\n                   <div class=\"front-image\">\n                    <img loading=\"lazy\" decoding=\"async\" width=\"510\" height=\"340\" src=\"https:\/\/i0.wp.com\/antcube.shop\/wp-content\/uploads\/2024\/04\/SET_-gros-scaled.jpg?fit=510%2C340&amp;ssl=1\" class=\"attachment-woocommerce_single size-woocommerce_single wp-post-image\" alt=\"\" srcset=\"https:\/\/i0.wp.com\/antcube.shop\/wp-content\/uploads\/2024\/04\/SET_-gros-scaled.jpg?w=2560&amp;ssl=1 2560w, https:\/\/i0.wp.com\/antcube.shop\/wp-content\/uploads\/2024\/04\/SET_-gros-scaled.jpg?resize=600%2C400&amp;ssl=1 600w, https:\/\/i0.wp.com\/antcube.shop\/wp-content\/uploads\/2024\/04\/SET_-gros-scaled.jpg?resize=1200%2C800&amp;ssl=1 1200w, https:\/\/i0.wp.com\/antcube.shop\/wp-content\/uploads\/2024\/04\/SET_-gros-scaled.jpg?resize=768%2C512&amp;ssl=1 768w, https:\/\/i0.wp.com\/antcube.shop\/wp-content\/uploads\/2024\/04\/SET_-gros-scaled.jpg?resize=1536%2C1024&amp;ssl=1 1536w, https:\/\/i0.wp.com\/antcube.shop\/wp-content\/uploads\/2024\/04\/SET_-gros-scaled.jpg?resize=2048%2C1365&amp;ssl=1 2048w, https:\/\/i0.wp.com\/antcube.shop\/wp-content\/uploads\/2024\/04\/SET_-gros-scaled.jpg?resize=18%2C12&amp;ssl=1 18w, https:\/\/i0.wp.com\/antcube.shop\/wp-content\/uploads\/2024\/04\/SET_-gros-scaled.jpg?resize=510%2C340&amp;ssl=1 510w\" sizes=\"auto, (max-width: 510px) 100vw, 510px\" \/>                  <\/div>\n                  \n<div class=\"badge-container absolute left top z-1\">\n\n<\/div>\n                <\/div>\n          <\/a>\n        <\/div>\n        <\/div>\n       <div class=\"large-6 col flip-page-two\">\n        <div class=\"product-info col-inner inner-padding\">\n              <h1 class=\"entry-title\"><a href=\"https:\/\/antcube.shop\/fr\/produit\/antcube-starter-set-fur-blattschneiderarten-gros\/\">ANTCUBE - Kit de d\u00e9marrage pour fourmis coupeuses de feuilles - Grand format<\/a><\/h1>\n              <div class=\"is-divider medium\"><\/div>\n              <div class=\"price-wrapper\">\n\t<p class=\"price product-page-price\">\n  <span class=\"woocommerce-Price-amount amount\"><bdi>699,90&nbsp;<span class=\"woocommerce-Price-currencySymbol\">\u20ac<\/span><\/bdi><\/span><\/p>\n<\/div>\n<div class=\"product-short-description\">\n\t<p>The set consists of 47 parts and is suitable for all leaf cutter ant species.<br \/>\nTaille : <span style=\"color: #ed1c24;\"><strong>XL<\/strong><\/span><\/p>\n<\/div>\n<div class=\"product_meta\">\n\n\t\n\n\t\n\t\t<span class=\"sku_wrapper\">UGS\u00a0: <span class=\"sku\">1005397<\/span><\/span>\n\n\t\n\t<span class=\"posted_in\">Cat\u00e9gories\u00a0: <a href=\"https:\/\/antcube.shop\/fr\/categorie-produit\/kits-de-demarrage\/\" rel=\"tag\">Sets de d\u00e9marrage<\/a>, <a href=\"https:\/\/antcube.shop\/fr\/categorie-produit\/kits-de-demarrage\/ensembles-de-depart-fourmis\/\" rel=\"tag\">Kit de d\u00e9marrage pour les fourmis coupeuses de feuilles<\/a><\/span>\n\t\n\t <span class=\"posted_in\">Marque\u00a0: <a href=\"https:\/\/antcube.shop\/fr\/marque\/antcube\/\" rel=\"tag\">ANTCUBE<\/a><\/span>\n<\/div>\n              <a href=\"https:\/\/antcube.shop\/fr\/produit\/antcube-starter-set-fur-blattschneiderarten-gros\/\" class=\"button\">Lire la suite<\/a>\n         <\/div>\n        <\/div>\n<\/div>\n<\/div>\n                        <div class=\"slide\" style=\"background-color:#FFF;\">  <div class=\"row row-collapse align-middle flip-slide\" style=\"width:100%\">\n        <div class=\"large-6 col flip-page-one\">\n        <div class=\"featured-product col-inner\">\n          <a href=\"https:\/\/antcube.shop\/fr\/produit\/antcube-starter-set-fur-blattschneiderarten-klein\/\">\n                <div class=\"product-image relative\">\n                   <div class=\"front-image\">\n                    <img loading=\"lazy\" decoding=\"async\" width=\"510\" height=\"510\" src=\"https:\/\/i0.wp.com\/antcube.shop\/wp-content\/uploads\/2024\/04\/Set-klein_Antstore.jpg?fit=510%2C510&amp;ssl=1\" class=\"attachment-woocommerce_single size-woocommerce_single wp-post-image\" alt=\"\" srcset=\"https:\/\/i0.wp.com\/antcube.shop\/wp-content\/uploads\/2024\/04\/Set-klein_Antstore.jpg?w=2160&amp;ssl=1 2160w, https:\/\/i0.wp.com\/antcube.shop\/wp-content\/uploads\/2024\/04\/Set-klein_Antstore.jpg?resize=400%2C400&amp;ssl=1 400w, https:\/\/i0.wp.com\/antcube.shop\/wp-content\/uploads\/2024\/04\/Set-klein_Antstore.jpg?resize=800%2C800&amp;ssl=1 800w, https:\/\/i0.wp.com\/antcube.shop\/wp-content\/uploads\/2024\/04\/Set-klein_Antstore.jpg?resize=280%2C280&amp;ssl=1 280w, https:\/\/i0.wp.com\/antcube.shop\/wp-content\/uploads\/2024\/04\/Set-klein_Antstore.jpg?resize=768%2C768&amp;ssl=1 768w, https:\/\/i0.wp.com\/antcube.shop\/wp-content\/uploads\/2024\/04\/Set-klein_Antstore.jpg?resize=1536%2C1536&amp;ssl=1 1536w, https:\/\/i0.wp.com\/antcube.shop\/wp-content\/uploads\/2024\/04\/Set-klein_Antstore.jpg?resize=2048%2C2048&amp;ssl=1 2048w, https:\/\/i0.wp.com\/antcube.shop\/wp-content\/uploads\/2024\/04\/Set-klein_Antstore.jpg?resize=12%2C12&amp;ssl=1 12w, https:\/\/i0.wp.com\/antcube.shop\/wp-content\/uploads\/2024\/04\/Set-klein_Antstore.jpg?resize=247%2C247&amp;ssl=1 247w, https:\/\/i0.wp.com\/antcube.shop\/wp-content\/uploads\/2024\/04\/Set-klein_Antstore.jpg?resize=510%2C510&amp;ssl=1 510w, https:\/\/i0.wp.com\/antcube.shop\/wp-content\/uploads\/2024\/04\/Set-klein_Antstore.jpg?resize=100%2C100&amp;ssl=1 100w\" sizes=\"auto, (max-width: 510px) 100vw, 510px\" \/>                  <\/div>\n                  \n<div class=\"badge-container absolute left top z-1\">\n\n<\/div>\n                <\/div>\n          <\/a>\n        <\/div>\n        <\/div>\n       <div class=\"large-6 col flip-page-two\">\n        <div class=\"product-info col-inner inner-padding\">\n              <h1 class=\"entry-title\"><a href=\"https:\/\/antcube.shop\/fr\/produit\/antcube-starter-set-fur-blattschneiderarten-klein\/\">ANTCUBE - Kit de d\u00e9marrage pour fourmis coupeuses de feuilles - petit<\/a><\/h1>\n              <div class=\"is-divider medium\"><\/div>\n              <div class=\"price-wrapper\">\n\t<p class=\"price product-page-price\">\n  <span class=\"woocommerce-Price-amount amount\"><bdi>399,90&nbsp;<span class=\"woocommerce-Price-currencySymbol\">\u20ac<\/span><\/bdi><\/span><\/p>\n<\/div>\n<div class=\"product-short-description\">\n\t<p>L'ensemble se compose de 43 pi\u00e8ces<br \/>\nTaille : <span style=\"color: #ed1c24;\"><strong>XL<\/strong><\/span><\/p>\n<\/div>\n<div class=\"product_meta\">\n\n\t\n\n\t\n\t\t<span class=\"sku_wrapper\">UGS\u00a0: <span class=\"sku\">1003646<\/span><\/span>\n\n\t\n\t<span class=\"posted_in\">Cat\u00e9gories\u00a0: <a href=\"https:\/\/antcube.shop\/fr\/categorie-produit\/kits-de-demarrage\/\" rel=\"tag\">Sets de d\u00e9marrage<\/a>, <a href=\"https:\/\/antcube.shop\/fr\/categorie-produit\/kits-de-demarrage\/ensembles-de-depart-fourmis\/\" rel=\"tag\">Kit de d\u00e9marrage pour les fourmis coupeuses de feuilles<\/a><\/span>\n\t\n\t\n<\/div>\n              <a href=\"https:\/\/antcube.shop\/fr\/produit\/antcube-starter-set-fur-blattschneiderarten-klein\/\" class=\"button\">Lire la suite<\/a>\n         <\/div>\n        <\/div>\n<\/div>\n<\/div>\n                    <\/div>\n          <\/div><\/div>\n          \n\n\n\t\t<\/div>\n\t\t\t\t\t<\/div>\n\n\t\n\n<\/div>","protected":false},"excerpt":{"rendered":"","protected":false},"author":1,"featured_media":0,"parent":727,"menu_order":0,"comment_status":"closed","ping_status":"closed","template":"","meta":{"_acf_changed":false,"content-type":"","_monsterinsights_skip_tracking":false,"_monsterinsights_sitenote_active":false,"_monsterinsights_sitenote_note":"","_monsterinsights_sitenote_category":0,"footnotes":""},"class_list":["post-1258","page","type-page","status-publish","hentry"],"acf":[],"aioseo_notices":[],"jetpack_sharing_enabled":true,"_links":{"self":[{"href":"https:\/\/antcube.shop\/fr\/wp-json\/wp\/v2\/pages\/1258","targetHints":{"allow":["GET"]}}],"collection":[{"href":"https:\/\/antcube.shop\/fr\/wp-json\/wp\/v2\/pages"}],"about":[{"href":"https:\/\/antcube.shop\/fr\/wp-json\/wp\/v2\/types\/page"}],"author":[{"embeddable":true,"href":"https:\/\/antcube.shop\/fr\/wp-json\/wp\/v2\/users\/1"}],"replies":[{"embeddable":true,"href":"https:\/\/antcube.shop\/fr\/wp-json\/wp\/v2\/comments?post=1258"}],"version-history":[{"count":10,"href":"https:\/\/antcube.shop\/fr\/wp-json\/wp\/v2\/pages\/1258\/revisions"}],"predecessor-version":[{"id":6814,"href":"https:\/\/antcube.shop\/fr\/wp-json\/wp\/v2\/pages\/1258\/revisions\/6814"}],"up":[{"embeddable":true,"href":"https:\/\/antcube.shop\/fr\/wp-json\/wp\/v2\/pages\/727"}],"wp:attachment":[{"href":"https:\/\/antcube.shop\/fr\/wp-json\/wp\/v2\/media?parent=1258"}],"curies":[{"name":"wp","href":"https:\/\/api.w.org\/{rel}","templated":true}]}}