{"id":10607,"date":"2024-11-29T12:11:26","date_gmt":"2024-11-29T11:11:26","guid":{"rendered":"https:\/\/antcube.shop\/?page_id=10607"},"modified":"2024-12-03T12:53:14","modified_gmt":"2024-12-03T11:53:14","slug":"lignes-directrices-pour-lelevage-de-fourmis","status":"publish","type":"page","link":"https:\/\/antcube.shop\/fr\/lignes-directrices-pour-lelevage-de-fourmis\/","title":{"rendered":"Lignes directrices pour l'\u00e9levage de fourmis"},"content":{"rendered":"<div id=\"gap-1992386196\" class=\"gap-element clearfix\" style=\"display:block; height:auto;\">\n\t\t\n<style>\n#gap-1992386196 {\n  padding-top: 190px;\n}\n<\/style>\n\t<\/div>\n\t\n\n<div class=\"row\"  id=\"row-512282684\">\n\n\n\t<div id=\"col-1357293889\" class=\"col small-12 large-12\"  >\n\t\t\t\t<div class=\"col-inner\"  >\n\t\t\t\n\t\t\t\n\n<h1><b>Lignes directrices pour l'\u00e9levage des fourmis<\/b><\/h1>\n<h2><b>Note importante sur les esp\u00e8ces et la conservation de la nature<\/b><\/h2>\n<ul>\n<li style=\"font-weight: 400;\" aria-level=\"1\"><b>Risque de dommages et de maladies :<\/b><span style=\"font-weight: 400;\"> Les animaux vivants peuvent causer des dommages ou transmettre des maladies. Les personnes allergiques, en particulier, doivent faire preuve de prudence.<\/span><\/li>\n<li style=\"font-weight: 400;\" aria-level=\"1\"><b>Lib\u00e9ration interdite :<\/b><span style=\"font-weight: 400;\"> Les fourmis ne peuvent en aucun cas \u00eatre rel\u00e2ch\u00e9es dans la nature afin de prot\u00e9ger la flore et la faune indig\u00e8nes et \u00e9trang\u00e8res. La lib\u00e9ration de fourmis sans autorisation officielle est un d\u00e9lit punissable en vertu de la l\u00e9gislation sur la protection de la nature. Nous proposons de reprendre gratuitement les anciennes colonies.<\/span><\/li>\n<li style=\"font-weight: 400;\" aria-level=\"1\"><b>Identification de l'esp\u00e8ce : <\/b><span style=\"font-weight: 400;\">Les esp\u00e8ces de fourmis sont identifi\u00e9es au mieux de nos connaissances. En cas de changement ult\u00e9rieur, vous avez le droit de retourner la colonie.<\/span><\/li>\n<\/ul>\n<h2><b>Envoi de fourmis<\/b><\/h2>\n<ul>\n<li style=\"font-weight: 400;\" aria-level=\"1\"><b>Zone de livraison : <\/b><span style=\"font-weight: 400;\">Les animaux vivants ne sont exp\u00e9di\u00e9s qu'au sein de l'UE. Les r\u00e9glementations r\u00e9gionales en mati\u00e8re d'importation doivent \u00eatre obtenues aupr\u00e8s du bureau v\u00e9t\u00e9rinaire local.<\/span><\/li>\n<li style=\"font-weight: 400;\" aria-level=\"1\"><b>Temp\u00e9ratures pendant l'exp\u00e9dition :<\/b>\n<ul>\n<li style=\"font-weight: 400;\" aria-level=\"2\"><b>Temp\u00e9ratures nocturnes :<\/b>\n<ul>\n<li style=\"font-weight: 400;\" aria-level=\"3\"><span style=\"font-weight: 400;\">Esp\u00e8ces d'Europe septentrionale et centrale : <span data-text-color=\"alert\">&gt;0\u00b0C<\/span> (Express : <span data-text-color=\"alert\">&gt;-5\u00b0C<\/span> avec isolation)<\/span><\/li>\n<li style=\"font-weight: 400;\" aria-level=\"3\"><span style=\"font-weight: 400;\">Esp\u00e8ces du sud de l'Europe : <span data-text-color=\"secondary\">&gt;+5\u00b0C<\/span> (Express : <span data-text-color=\"secondary\">&gt;0\u00b0C<\/span> avec isolation)<\/span><\/li>\n<li style=\"font-weight: 400;\" aria-level=\"3\"><span style=\"font-weight: 400;\">Esp\u00e8ces tropicales : <span data-text-color=\"secondary\">&gt;+10\u00b0C<\/span> (Express : <span data-text-color=\"secondary\">&gt;+5\u00b0C<\/span> avec pack thermique)<\/span><\/li>\n<\/ul>\n<\/li>\n<li style=\"font-weight: 400;\" aria-level=\"2\"><b>Temp\u00e9ratures diurnes : <\/b><span style=\"font-weight: 400;\">Maximum <span data-text-color=\"alert\">+30\u00b0C<\/span> pour toutes les esp\u00e8ces.<\/span><\/li>\n<\/ul>\n<\/li>\n<\/ul>\n<p><span style=\"font-weight: 400;\">Les fourmis command\u00e9es ne seront pas exp\u00e9di\u00e9es en dehors des plages de temp\u00e9rature sp\u00e9cifi\u00e9es. Elles seront exp\u00e9di\u00e9es le plus t\u00f4t possible.<\/span><\/p>\n<p><span style=\"font-weight: 400;\">Vous serez inform\u00e9 s\u00e9par\u00e9ment par e-mail.\u00a0<\/span><\/p>\n<h2><b>Entretien des fourmis<\/b><\/h2>\n<ul>\n<li style=\"font-weight: 400;\" aria-level=\"1\"><span style=\"font-weight: 400;\">Des informations d\u00e9taill\u00e9es sur l'\u00e9levage peuvent \u00eatre trouv\u00e9es dans les descriptions de produits des esp\u00e8ces respectives.<\/span><\/li>\n<\/ul>\n<h3><b>Probl\u00e8mes li\u00e9s \u00e0 l'\u00e9levage de fourmis<\/b><\/h3>\n<ol>\n<li><b> mortalit\u00e9 des fourmis - causes possibles<\/b><\/li>\n<\/ol>\n<ul>\n<li style=\"font-weight: 400;\" aria-level=\"1\"><b>Qualit\u00e9 de l'eau :<\/b>\n<ul>\n<li style=\"font-weight: 400;\" aria-level=\"2\"><span style=\"font-weight: 400;\">L'eau du robinet peut \u00eatre toxique pour les fourmis en raison de la pr\u00e9sence de chlore ou de cuivre.<\/span><\/li>\n<li style=\"font-weight: 400;\" aria-level=\"2\"><b>Recommandation : <\/b><span style=\"font-weight: 400;\">Utilisez de l'eau filtr\u00e9e ou de l'eau de pluie, et non de l'eau distill\u00e9e.<\/span><\/li>\n<\/ul>\n<\/li>\n<li style=\"font-weight: 400;\" aria-level=\"1\"><b>Substrat :<\/b>\n<ul>\n<li style=\"font-weight: 400;\" aria-level=\"2\"><span style=\"font-weight: 400;\">Le sable pour oiseaux contient des d\u00e9sinfectants qui peuvent nuire aux fourmis.<\/span><\/li>\n<li style=\"font-weight: 400;\" aria-level=\"2\"><b>Recommandation : <\/b><span style=\"font-weight: 400;\">Utilisez notre logiciel pr\u00eat \u00e0 l'emploi <\/span><b>socles de sol <\/b><span style=\"font-weight: 400;\">ou du sable de quartz non trait\u00e9 et le laver ou le cuire au pr\u00e9alable.<\/span><\/li>\n<\/ul>\n<\/li>\n<li style=\"font-weight: 400;\" aria-level=\"1\"><b>Plantes :<\/b>\n<ul>\n<li style=\"font-weight: 400;\" aria-level=\"2\"><span style=\"font-weight: 400;\">Les plantes vivantes provenant de magasins de bricolage ou de jardineries sont souvent trait\u00e9es avec des pesticides.<\/span><\/li>\n<li style=\"font-weight: 400;\" aria-level=\"2\"><b>Recommandation : <\/b><span style=\"font-weight: 400;\">Utilisez des plantes biologiques ou des plantes provenant de magasins sp\u00e9cialis\u00e9s dans les terrariums.<\/span><\/li>\n<li style=\"font-weight: 400;\" aria-level=\"2\"><span style=\"font-weight: 400;\">Vous pouvez \u00e9galement utiliser des plantes qui ont \u00e9t\u00e9 conserv\u00e9es chez vous pendant au moins un an sans ajout de pesticides ou d'engrais.<\/span><\/li>\n<\/ul>\n<\/li>\n<li style=\"font-weight: 400;\" aria-level=\"1\"><b>Nettoyage :<\/b>\n<ul>\n<li style=\"font-weight: 400;\" aria-level=\"2\"><span style=\"font-weight: 400;\">Les nettoyants pour vitres et les agents chimiques sont nocifs.<\/span><\/li>\n<li style=\"font-weight: 400;\" aria-level=\"2\"><b>Recommandation : <\/b><span style=\"font-weight: 400;\">Utiliser un nettoyant \u00e0 l'eau claire ou un nettoyant organique.<\/span><\/li>\n<\/ul>\n<\/li>\n<li style=\"font-weight: 400;\" aria-level=\"1\"><b>Construction d'un formarium :<\/b>\n<ul>\n<li style=\"font-weight: 400;\" aria-level=\"2\"><span style=\"font-weight: 400;\">Les mat\u00e9riaux contenant des solvants ou du silicone antibact\u00e9rien ne conviennent pas.<\/span><\/li>\n<li style=\"font-weight: 400;\" aria-level=\"2\"><b>Recommandation : <\/b><span style=\"font-weight: 400;\">Utiliser des substances sans solvants ou du silicone pour aquarium.<\/span><\/li>\n<\/ul>\n<\/li>\n<li style=\"font-weight: 400;\" aria-level=\"1\"><b>Alimentation :<\/b>\n<ul>\n<li style=\"font-weight: 400;\" aria-level=\"2\"><span style=\"font-weight: 400;\">Les conservateurs et les parasites pr\u00e9sents dans les animaux destin\u00e9s \u00e0 l'alimentation peuvent \u00eatre nocifs. En outre, les animaux \u00e9lev\u00e9s en masse sont souvent infest\u00e9s d'acariens, qui peuvent nuire aux fourmis.\u00a0<\/span><\/li>\n<li style=\"font-weight: 400;\" aria-level=\"2\"><b>Recommandation : <\/b><span style=\"font-weight: 400;\">Utilisez des aliments biologiques ou des insectes de la nature, ramass\u00e9s loin des routes et des champs qui peuvent \u00eatre contamin\u00e9s par des pesticides.<\/span><\/li>\n<\/ul>\n<\/li>\n<li style=\"font-weight: 400;\" aria-level=\"1\"><b>Temp\u00e9rature :<\/b>\n<ul>\n<li style=\"font-weight: 400;\" aria-level=\"2\"><span style=\"font-weight: 400;\">Formicaria peut s'\u00e9chauffer consid\u00e9rablement sous l'effet de la lumi\u00e8re directe du soleil.<\/span><\/li>\n<li style=\"font-weight: 400;\" aria-level=\"2\"><b>Recommandation : <\/b><span style=\"font-weight: 400;\">Utiliser un thermom\u00e8tre avec fonction min\/max.<\/span><\/li>\n<\/ul>\n<\/li>\n<li style=\"font-weight: 400;\" aria-level=\"1\"><b>Hibernation :<\/b>\n<ul>\n<li style=\"font-weight: 400;\" aria-level=\"2\"><span style=\"font-weight: 400;\">Pendant l'hibernation, veillez \u00e0 ce que le nid soit humide pour \u00e9viter qu'il ne se dess\u00e8che.<\/span><\/li>\n<\/ul>\n<\/li>\n<\/ul>\n<ol start=\"2\">\n<li><b> la reine ne pond pas - causes possibles<\/b><\/li>\n<\/ol>\n<ul>\n<li style=\"font-weight: 400;\" aria-level=\"1\"><b>Saison : <\/b><span style=\"font-weight: 400;\">Les esp\u00e8ces europ\u00e9ennes ne pondent pas en automne\/hiver<\/span><b>.<\/b><\/li>\n<li style=\"font-weight: 400;\" aria-level=\"1\"><b>Le stress : <\/b><span style=\"font-weight: 400;\">Les perturbations li\u00e9es au transport ou au nid peuvent d\u00e9stabiliser la reine.<\/span><\/li>\n<li style=\"font-weight: 400;\" aria-level=\"1\"><b>Carence en prot\u00e9ines : <\/b><span style=\"font-weight: 400;\">Le d\u00e9veloppement du couvain n\u00e9cessite une alimentation riche en prot\u00e9ines.<\/span><\/li>\n<li style=\"font-weight: 400;\" aria-level=\"1\"><b>\u0152ufs cach\u00e9s : <\/b><span style=\"font-weight: 400;\">Les \u0153ufs peuvent se trouver dans le conteneur de transport ou dans la laine de coton.<\/span><\/li>\n<li style=\"font-weight: 400;\" aria-level=\"1\"><b>Le climat : <\/b><span style=\"font-weight: 400;\">Des conditions optimales (substrat, obscurit\u00e9, temp\u00e9rature, humidit\u00e9) sont essentielles.<\/span><\/li>\n<li style=\"font-weight: 400;\" aria-level=\"1\"><b>Recommandation : <\/b><span style=\"font-weight: 400;\">Les d\u00e9butants devraient choisir des esp\u00e8ces pour lesquelles de nombreux rapports d'exp\u00e9rience sont disponibles.<\/span><\/li>\n<\/ul>\n<p><span style=\"font-weight: 400;\">Ces lignes directrices fournissent des informations de base sur la mani\u00e8re d'\u00e9lever des fourmis avec succ\u00e8s. Si vous avez des questions ou des probl\u00e8mes, il est recommand\u00e9 de contacter des \u00e9leveurs exp\u00e9riment\u00e9s ou des magasins sp\u00e9cialis\u00e9s.<\/span><\/p>\n\n\t\t<\/div>\n\t\t\t\t\t<\/div>\n\n\t\n\n<\/div>","protected":false},"excerpt":{"rendered":"","protected":false},"author":1,"featured_media":0,"parent":0,"menu_order":0,"comment_status":"closed","ping_status":"closed","template":"","meta":{"_acf_changed":false,"content-type":"","_monsterinsights_skip_tracking":false,"_monsterinsights_sitenote_active":false,"_monsterinsights_sitenote_note":"","_monsterinsights_sitenote_category":0,"footnotes":""},"class_list":["post-10607","page","type-page","status-publish","hentry"],"acf":[],"aioseo_notices":[],"jetpack_sharing_enabled":true,"_links":{"self":[{"href":"https:\/\/antcube.shop\/fr\/wp-json\/wp\/v2\/pages\/10607","targetHints":{"allow":["GET"]}}],"collection":[{"href":"https:\/\/antcube.shop\/fr\/wp-json\/wp\/v2\/pages"}],"about":[{"href":"https:\/\/antcube.shop\/fr\/wp-json\/wp\/v2\/types\/page"}],"author":[{"embeddable":true,"href":"https:\/\/antcube.shop\/fr\/wp-json\/wp\/v2\/users\/1"}],"replies":[{"embeddable":true,"href":"https:\/\/antcube.shop\/fr\/wp-json\/wp\/v2\/comments?post=10607"}],"version-history":[{"count":5,"href":"https:\/\/antcube.shop\/fr\/wp-json\/wp\/v2\/pages\/10607\/revisions"}],"predecessor-version":[{"id":10717,"href":"https:\/\/antcube.shop\/fr\/wp-json\/wp\/v2\/pages\/10607\/revisions\/10717"}],"wp:attachment":[{"href":"https:\/\/antcube.shop\/fr\/wp-json\/wp\/v2\/media?parent=10607"}],"curies":[{"name":"wp","href":"https:\/\/api.w.org\/{rel}","templated":true}]}}