{"id":102,"date":"2013-08-11T19:22:53","date_gmt":"2013-08-11T19:22:53","guid":{"rendered":"http:\/\/localhost:8888\/test\/?page_id=532"},"modified":"2026-04-17T10:49:38","modified_gmt":"2026-04-17T08:49:38","slug":"contacter","status":"publish","type":"page","link":"https:\/\/antcube.shop\/fr\/contacter\/","title":{"rendered":"Contact"},"content":{"rendered":"<div id=\"gap-953103869\" class=\"gap-element clearfix\" style=\"display:block; height:auto;\">\n\t\t\n<style>\n#gap-953103869 {\n  padding-top: 30px;\n}\n<\/style>\n\t<\/div>\n\t\n\n<div class=\"row\"  id=\"row-1231722758\">\n\n\n\t<div id=\"col-1455991572\" class=\"col medium-6 large-6\"  >\n\t\t\t\t<div class=\"col-inner\"  >\n\t\t\t\n\t\t\t\n\n<div class=\"container section-title-container\" ><h3 class=\"section-title section-title-normal\"><b aria-hidden=\"true\"><\/b><span class=\"section-title-main\" >Questions fr\u00e9quemment pos\u00e9es<\/span><b aria-hidden=\"true\"><\/b><\/h3><\/div>\n\n<p class=\"lead\">Veuillez lire notre <a href=\"https:\/\/antcube.shop\/faq-shop\/\">FAQ<\/a> avant de nous envoyer un message.<\/p>\n<div class=\"accordion\">\n\n\t<div id=\"accordion-416035552\" class=\"accordion-item\">\n\t\t<a id=\"accordion-416035552-label\" class=\"accordion-title plain\" href=\"#accordion-item-you-do-not-know-what-ant-species-to-keep-or-which-formicarium-you-should-use?\" aria-expanded=\"false\" aria-controls=\"accordion-416035552-content\">\n\t\t\t<button class=\"toggle\" aria-label=\"Basculer\"><i class=\"icon-angle-down\" aria-hidden=\"true\"><\/i><\/button>\n\t\t\t<span>Vous ne savez pas quelle esp\u00e8ce de fourmis garder ou quel formicarium utiliser ?<\/span>\n\t\t<\/a>\n\t\t<div id=\"accordion-416035552-content\" class=\"accordion-inner\" aria-labelledby=\"accordion-416035552-label\">\n\t\t\t\n\n<p>Essayez notre \"Ant Finder\" ou \"Formicarium Finder\" - Notre service client\u00e8le en ligne<\/p>\n<p><a href=\"https:\/\/antcube.shop\/ant-finder\/\">Trouvez votre esp\u00e8ce de fourmi<\/a><\/p>\n<p><a href=\"https:\/\/antcube.shop\/formicarium-finder\/\">Trouvez votre Formicarium<\/a><\/p>\n\n\t\t<\/div>\n\t<\/div>\n\t\n\t<div id=\"accordion-671884954\" class=\"accordion-item\">\n\t\t<a id=\"accordion-671884954-label\" class=\"accordion-title plain\" href=\"#accordion-item-what-are-the-delivery-times-and-charges-for-orders-from-the-online-shop?\" aria-expanded=\"false\" aria-controls=\"accordion-671884954-content\">\n\t\t\t<button class=\"toggle\" aria-label=\"Basculer\"><i class=\"icon-angle-down\" aria-hidden=\"true\"><\/i><\/button>\n\t\t\t<span>Quels sont les d\u00e9lais et les frais de livraison pour les commandes pass\u00e9es dans la boutique en ligne ?<\/span>\n\t\t<\/a>\n\t\t<div id=\"accordion-671884954-content\" class=\"accordion-inner\" aria-labelledby=\"accordion-671884954-label\">\n\t\t\t\n\n<p>Vous pouvez trouver des informations sur les d\u00e9lais de livraison estim\u00e9s ici :<\/p>\n<p><a href=\"https:\/\/antcube.shop\/delivery-times\/\">D\u00e9lais de livraison<\/a><\/p>\n<p>Si vous souhaitez conna\u00eetre les frais d'exp\u00e9dition estim\u00e9s et les restrictions de livraison, veuillez consulter cette page :<\/p>\n<p><a href=\"https:\/\/antcube.shop\/shipping-costs-delivery-restrictions\/\">Frais d'exp\u00e9dition\/restrictions de livraison<\/a><\/p>\n\n\t\t<\/div>\n\t<\/div>\n\t\n\t<div id=\"accordion-3995548829\" class=\"accordion-item\">\n\t\t<a id=\"accordion-3995548829-label\" class=\"accordion-title plain\" href=\"#accordion-item-you-have-questions-about-returns-or-refunds?\" aria-expanded=\"false\" aria-controls=\"accordion-3995548829-content\">\n\t\t\t<button class=\"toggle\" aria-label=\"Basculer\"><i class=\"icon-angle-down\" aria-hidden=\"true\"><\/i><\/button>\n\t\t\t<span>Vous avez des questions sur les retours ou les remboursements ?<\/span>\n\t\t<\/a>\n\t\t<div id=\"accordion-3995548829-content\" class=\"accordion-inner\" aria-labelledby=\"accordion-3995548829-label\">\n\t\t\t\n\n<p><a href=\"https:\/\/antcube.shop\/refund-policy\/\">Politique de remboursement<\/a><\/p>\n<p><a href=\"https:\/\/antcube.shop\/terms-and-conditions\/\">Modalit\u00e9s et conditions<\/a><\/p>\n\n\t\t<\/div>\n\t<\/div>\n\t\n\t<div id=\"accordion-1958459697\" class=\"accordion-item\">\n\t\t<a id=\"accordion-1958459697-label\" class=\"accordion-title plain\" href=\"#accordion-item-which-payment-methods-are-accepted-in-the-online-shop?\" aria-expanded=\"false\" aria-controls=\"accordion-1958459697-content\">\n\t\t\t<button class=\"toggle\" aria-label=\"Basculer\"><i class=\"icon-angle-down\" aria-hidden=\"true\"><\/i><\/button>\n\t\t\t<span>Quels sont les modes de paiement accept\u00e9s dans la boutique en ligne ?<\/span>\n\t\t<\/a>\n\t\t<div id=\"accordion-1958459697-content\" class=\"accordion-inner\" aria-labelledby=\"accordion-1958459697-label\">\n\t\t\t\n\n<p>Vous trouverez ici un aper\u00e7u des modes de paiement accept\u00e9s :<\/p>\n<p><a href=\"https:\/\/antcube.shop\/payment-methods\/\">M\u00e9thodes de paiement<\/a><\/p>\n\n\t\t<\/div>\n\t<\/div>\n\t\n\t<div id=\"accordion-608140694\" class=\"accordion-item\">\n\t\t<a id=\"accordion-608140694-label\" class=\"accordion-title plain\" href=\"#accordion-item-you-are-looking-for-user-manuals-for-your-starter-set?\" aria-expanded=\"false\" aria-controls=\"accordion-608140694-content\">\n\t\t\t<button class=\"toggle\" aria-label=\"Basculer\"><i class=\"icon-angle-down\" aria-hidden=\"true\"><\/i><\/button>\n\t\t\t<span>Vous recherchez des manuels d'utilisation pour votre kit de d\u00e9marrage ?<\/span>\n\t\t<\/a>\n\t\t<div id=\"accordion-608140694-content\" class=\"accordion-inner\" aria-labelledby=\"accordion-608140694-label\">\n\t\t\t\n\n<p>Trouvez ici des manuels d'utilisation PDF \u00e0 imprimer ou \u00e0 t\u00e9l\u00e9charger :<\/p>\n<p><a href=\"https:\/\/antcube.shop\/download\/\">T\u00e9l\u00e9charger<\/a><\/p>\n\n\t\t<\/div>\n\t<\/div>\n\t\n\t<div id=\"accordion-1971860087\" class=\"accordion-item\">\n\t\t<a id=\"accordion-1971860087-label\" class=\"accordion-title plain\" href=\"#accordion-item-you-need-more-information-about-certain-ant-species-or-ant-keeping-in-general?\" aria-expanded=\"false\" aria-controls=\"accordion-1971860087-content\">\n\t\t\t<button class=\"toggle\" aria-label=\"Basculer\"><i class=\"icon-angle-down\" aria-hidden=\"true\"><\/i><\/button>\n\t\t\t<span>Vous avez besoin de plus d'informations sur certaines esp\u00e8ces de fourmis ou sur l'\u00e9levage de fourmis en g\u00e9n\u00e9ral ?<\/span>\n\t\t<\/a>\n\t\t<div id=\"accordion-1971860087-content\" class=\"accordion-inner\" aria-labelledby=\"accordion-1971860087-label\">\n\t\t\t\n\n<p>Vous trouverez ici les questions les plus fr\u00e9quemment pos\u00e9es sur les fourmis et leur \u00e9levage :<\/p>\n<p><a href=\"https:\/\/antcube.shop\/faq-ants\/\">FAQ fourmis<\/a><\/p>\n<p><a href=\"https:\/\/antcube.shop\/catching-queen-ants\/\">Comment attraper votre reine des fourmis<\/a><\/p>\n<p><a href=\"https:\/\/antcube.shop\/ant-species\/\">En savoir plus sur les fourmis<\/a><\/p>\n<p><a href=\"https:\/\/antcube.shop\/social-media\/\">Consultez nos cha\u00eenes YouTube, vous y trouverez des conseils et des informations utiles.<\/a><\/p>\n\n\t\t<\/div>\n\t<\/div>\n\t\n\t<div id=\"accordion-4083014568\" class=\"accordion-item\">\n\t\t<a id=\"accordion-4083014568-label\" class=\"accordion-title plain\" href=\"#accordion-item-you-have-questions-about-our-products?\" aria-expanded=\"false\" aria-controls=\"accordion-4083014568-content\">\n\t\t\t<button class=\"toggle\" aria-label=\"Basculer\"><i class=\"icon-angle-down\" aria-hidden=\"true\"><\/i><\/button>\n\t\t\t<span>Vous avez des questions sur nos produits ?<\/span>\n\t\t<\/a>\n\t\t<div id=\"accordion-4083014568-content\" class=\"accordion-inner\" aria-labelledby=\"accordion-4083014568-label\">\n\t\t\t\n\n<p>Si vous avez des questions sur nos produits, veuillez d'abord consulter la description du produit concern\u00e9 dans notre boutique.<\/p>\n<p>Sinon, vous pouvez trouver plus d'informations ici :<\/p>\n<p><a href=\"https:\/\/antcube.shop\/product-information\/\">Informations sur le produit<\/a><\/p>\n\n\t\t<\/div>\n\t<\/div>\n\t\n\n<\/div>\n\t<div id=\"gap-130337344\" class=\"gap-element clearfix\" style=\"display:block; height:auto;\">\n\t\t\n<style>\n#gap-130337344 {\n  padding-top: 60px;\n}\n<\/style>\n\t<\/div>\n\t\n\n\t<div class=\"img has-hover x md-x lg-x y md-y lg-y\" id=\"image_501779137\">\n\t\t\t\t\t\t\t\t<div class=\"img-inner dark\" >\n\t\t\t<img data-recalc-dims=\"1\" loading=\"lazy\" decoding=\"async\" width=\"900\" height=\"900\" src=\"https:\/\/i0.wp.com\/antcube.shop\/wp-content\/uploads\/2021\/09\/Firmeneingang.jpg?resize=900%2C900&#038;ssl=1\" class=\"attachment-original size-original\" alt=\"Entr\u00e9e ANTSTORE\" srcset=\"https:\/\/i0.wp.com\/antcube.shop\/wp-content\/uploads\/2021\/09\/Firmeneingang.jpg?w=900&amp;ssl=1 900w, https:\/\/i0.wp.com\/antcube.shop\/wp-content\/uploads\/2021\/09\/Firmeneingang.jpg?resize=247%2C247&amp;ssl=1 247w, https:\/\/i0.wp.com\/antcube.shop\/wp-content\/uploads\/2021\/09\/Firmeneingang.jpg?resize=100%2C100&amp;ssl=1 100w, https:\/\/i0.wp.com\/antcube.shop\/wp-content\/uploads\/2021\/09\/Firmeneingang.jpg?resize=510%2C510&amp;ssl=1 510w, https:\/\/i0.wp.com\/antcube.shop\/wp-content\/uploads\/2021\/09\/Firmeneingang.jpg?resize=400%2C400&amp;ssl=1 400w, https:\/\/i0.wp.com\/antcube.shop\/wp-content\/uploads\/2021\/09\/Firmeneingang.jpg?resize=800%2C800&amp;ssl=1 800w, https:\/\/i0.wp.com\/antcube.shop\/wp-content\/uploads\/2021\/09\/Firmeneingang.jpg?resize=280%2C280&amp;ssl=1 280w, https:\/\/i0.wp.com\/antcube.shop\/wp-content\/uploads\/2021\/09\/Firmeneingang.jpg?resize=768%2C768&amp;ssl=1 768w\" sizes=\"auto, (max-width: 900px) 100vw, 900px\" \/>\t\t\t\t\t\t\n\t\t\t\t\t<\/div>\n\t\t\t\t\t\t\t\t\n<style>\n#image_501779137 {\n  width: 100%;\n}\n<\/style>\n\t<\/div>\n\t\n\n\n\t\t<\/div>\n\t\t\t\t\t<\/div>\n\n\t\n\n\t<div id=\"col-1954831525\" class=\"col medium-6 large-6\"  >\n\t\t\t\t<div class=\"col-inner\"  >\n\t\t\t\n\t\t\t\n\n<div class=\"container section-title-container\" ><h3 class=\"section-title section-title-normal\"><b aria-hidden=\"true\"><\/b><span class=\"section-title-main\" >Nous contacter<\/span><b aria-hidden=\"true\"><\/b><\/h3><\/div>\n\n<ul>\n<li><strong>Courriel<\/strong>: support@ants.de<\/li>\n<li><strong>T\u00e9l\u00e9phone<\/strong>: <a href=\"tel:+49 30 439703870\">+49 30 439703870<\/a><\/li>\n<\/ul>\n<p><strong>Heures de travail <\/strong>(UTC\/GMT +1) :<\/p>\n<ul>\n<li>Du mardi au vendredi de 10h00 \u00e0 12h00 et de 13h00 \u00e0 18h00<\/li>\n<\/ul>\n\n<div class=\"container section-title-container\" ><h3 class=\"section-title section-title-normal\"><b aria-hidden=\"true\"><\/b><span class=\"section-title-main\" >Visitez notre magasin<\/span><b aria-hidden=\"true\"><\/b><\/h3><\/div>\n\n<p><strong>Adresse :<\/strong><\/p>\n<ul>\n<li>Rue : Selerweg 41<\/li>\n<li>Code postal : D - 12169<\/li>\n<li>Ville : Berlin<\/li>\n<li>Pays : Allemagne<\/li>\n<li>District : Steglitz-Zehlendorf<\/li>\n<\/ul>\n<p><strong>Heures d'ouverture<\/strong> (UTC\/GMT +1)<\/p>\n<ul>\n<li>Du mardi au vendredi de 13h00 \u00e0 18h00<\/li>\n<\/ul>\n<p><iframe loading=\"lazy\" style=\"border: 0;\" src=\"https:\/\/www.google.com\/maps\/embed?pb=!1m18!1m12!1m3!1d2431.3708399886823!2d13.335121715997175!3d52.454311048847416!2m3!1f0!2f0!3f0!3m2!1i1024!2i768!4f13.1!3m3!1m2!1s0x47a85a9242e5bc07%3A0xc44ee1d5a0728440!2sANTSTORE!5e0!3m2!1sde!2sde!4v1632470583913!5m2!1sde!2sde\" width=\"600\" height=\"450\" allowfullscreen=\"allowfullscreen\"><\/iframe><\/p>\n\n\t\t<\/div>\n\t\t\t\t\t<\/div>\n\n\t\n\n<\/div>","protected":false},"excerpt":{"rendered":"","protected":false},"author":1,"featured_media":27,"parent":0,"menu_order":0,"comment_status":"closed","ping_status":"closed","template":"page-blank.php","meta":{"_acf_changed":false,"content-type":"","_monsterinsights_skip_tracking":false,"_monsterinsights_sitenote_active":false,"_monsterinsights_sitenote_note":"","_monsterinsights_sitenote_category":0,"footnotes":""},"class_list":["post-102","page","type-page","status-publish","has-post-thumbnail","hentry"],"acf":[],"aioseo_notices":[],"jetpack_sharing_enabled":true,"_links":{"self":[{"href":"https:\/\/antcube.shop\/fr\/wp-json\/wp\/v2\/pages\/102","targetHints":{"allow":["GET"]}}],"collection":[{"href":"https:\/\/antcube.shop\/fr\/wp-json\/wp\/v2\/pages"}],"about":[{"href":"https:\/\/antcube.shop\/fr\/wp-json\/wp\/v2\/types\/page"}],"author":[{"embeddable":true,"href":"https:\/\/antcube.shop\/fr\/wp-json\/wp\/v2\/users\/1"}],"replies":[{"embeddable":true,"href":"https:\/\/antcube.shop\/fr\/wp-json\/wp\/v2\/comments?post=102"}],"version-history":[{"count":10,"href":"https:\/\/antcube.shop\/fr\/wp-json\/wp\/v2\/pages\/102\/revisions"}],"predecessor-version":[{"id":13417,"href":"https:\/\/antcube.shop\/fr\/wp-json\/wp\/v2\/pages\/102\/revisions\/13417"}],"wp:featuredmedia":[{"embeddable":true,"href":"https:\/\/antcube.shop\/fr\/wp-json\/wp\/v2\/media\/27"}],"wp:attachment":[{"href":"https:\/\/antcube.shop\/fr\/wp-json\/wp\/v2\/media?parent=102"}],"curies":[{"name":"wp","href":"https:\/\/api.w.org\/{rel}","templated":true}]}}