{"id":9887,"date":"2024-10-08T15:19:57","date_gmt":"2024-10-08T13:19:57","guid":{"rendered":"https:\/\/antcube.shop\/en\/product\/ameisenarena-rahmen-60x30-5cm\/"},"modified":"2026-04-13T10:48:43","modified_gmt":"2026-04-13T08:48:43","slug":"muurahaisareenan-kehys-60x30-5cm","status":"publish","type":"product","link":"https:\/\/antcube.shop\/fi\/tuote\/muurahaisareenan-kehys-60x30-5cm\/","title":{"rendered":"Muurahaisareenan kehys 60\u00d730 - 5cm"},"content":{"rendered":"<p><strong>Mitat (LxSxK):<\/strong> 60x30x0.4 cm<br \/>\n5cm leve\u00e4<\/p>\n<p><span data-text-color=\"alert\"><strong>HUOMIO: Sopii vain meid\u00e4n lasi+verkkopeitteille 60\u00d730!<\/strong><\/span><\/p>\n<p><strong>Materiaali:<\/strong> Float-lasi<\/p>\n<p><strong>V\u00e4ri:<\/strong> kristallinkirkas \/ l\u00e4pin\u00e4kyv\u00e4<\/p>\n<p><strong>Sis\u00e4lt\u00f6:<\/strong><br \/>\n1x muurahaisareenan kehys<\/p>\n<p><strong>Kuvaus:<\/strong><br \/>\nMuurahaisareenan lasikehys pakosuojana<\/p>\n<p><strong>Sovellus:<\/strong><br \/>\nMuurahaisareenan kehys on lasista valmistettu kehys, joka asetetaan muurahaisareenan p\u00e4\u00e4lle ja jonka alapuolella on pakosuoja (\u00f6ljy, jauhe tai maali), joka est\u00e4\u00e4 muurahaisia murtautumasta ulos.<\/p>\n<p><strong>Huom:<\/strong><br \/>\nKoska esine on valmistettu lasista ja on siksi hauras, sit\u00e4 on k\u00e4sitelt\u00e4v\u00e4 eritt\u00e4in varovasti. Lasi leikataan DIN 1249 -standardin mukaisesti +\/- 1 mm:n toleranssilla. Eritt\u00e4in pienille muurahaislajeille tarvitaan lis\u00e4suojaus.<\/p>","protected":false},"excerpt":{"rendered":"<p>Mitat (LxSxK): 60x30x0.4 cm 5cm leve\u00e4 HUOMIO: Sopii vain meid\u00e4n lasi+ritil\u00e4 suojuksille 60x30! Materiaali: Materiaali: Float-lasi V\u00e4ri: kristallinkirkas \/ l\u00e4pin\u00e4kyv\u00e4 Sis\u00e4lt\u00f6: Sis\u00e4lt\u00e4\u00e4 mm: Kuvaus: 1x muurahaisareenan kehys Kuvaus: 1x muurahaisareenan kehys: Lasi kehys muurahaisareenalle pakosuojan muodossa Sovellus: Lasi kehys muurahaisareenalle pakosuojaksi: Muurahaisareenan kehys on lasista valmistettu kehys, joka asetetaan muurahaisareenan p\u00e4\u00e4lle.","protected":false},"featured_media":10125,"comment_status":"open","ping_status":"closed","template":"","meta":{"_acf_changed":false,"content-type":"","_monsterinsights_skip_tracking":false,"_monsterinsights_sitenote_active":false,"_monsterinsights_sitenote_note":"","_monsterinsights_sitenote_category":0},"product_brand":[484],"product_cat":[91,93],"product_tag":[],"class_list":{"0":"post-9887","1":"product","2":"type-product","3":"status-publish","4":"has-post-thumbnail","6":"product_brand-antcube","7":"product_cat-formicarium-modules","8":"product_cat-arena-frame","10":"first","11":"instock","12":"taxable","13":"shipping-taxable","14":"purchasable","15":"product-type-simple"},"acf":[],"aioseo_notices":[],"jetpack_sharing_enabled":true,"_links":{"self":[{"href":"https:\/\/antcube.shop\/fi\/wp-json\/wp\/v2\/product\/9887","targetHints":{"allow":["GET"]}}],"collection":[{"href":"https:\/\/antcube.shop\/fi\/wp-json\/wp\/v2\/product"}],"about":[{"href":"https:\/\/antcube.shop\/fi\/wp-json\/wp\/v2\/types\/product"}],"replies":[{"embeddable":true,"href":"https:\/\/antcube.shop\/fi\/wp-json\/wp\/v2\/comments?post=9887"}],"wp:featuredmedia":[{"embeddable":true,"href":"https:\/\/antcube.shop\/fi\/wp-json\/wp\/v2\/media\/10125"}],"wp:attachment":[{"href":"https:\/\/antcube.shop\/fi\/wp-json\/wp\/v2\/media?parent=9887"}],"wp:term":[{"taxonomy":"product_brand","embeddable":true,"href":"https:\/\/antcube.shop\/fi\/wp-json\/wp\/v2\/product_brand?post=9887"},{"taxonomy":"product_cat","embeddable":true,"href":"https:\/\/antcube.shop\/fi\/wp-json\/wp\/v2\/product_cat?post=9887"},{"taxonomy":"product_tag","embeddable":true,"href":"https:\/\/antcube.shop\/fi\/wp-json\/wp\/v2\/product_tag?post=9887"}],"curies":[{"name":"wp","href":"https:\/\/api.w.org\/{rel}","templated":true}]}}