{"id":9883,"date":"2024-10-08T15:17:56","date_gmt":"2024-10-08T13:17:56","guid":{"rendered":"https:\/\/antcube.shop\/en\/product\/abdeckung-edelstahlgitter-30x30\/"},"modified":"2026-03-16T10:37:13","modified_gmt":"2026-03-16T09:37:13","slug":"ruostumattomasta-teraksesta-valmistettu-ritilakansi-30x30","status":"publish","type":"product","link":"https:\/\/antcube.shop\/fi\/tuote\/ruostumattomasta-teraksesta-valmistettu-ritilakansi-30x30\/","title":{"rendered":"Ruostumattomasta ter\u00e4ksest\u00e4 valmistettu ritil\u00e4kansi 30\u00d730"},"content":{"rendered":"<p>Muurahais- ja drosofilaturvallinen lasi + ruostumattomasta ter\u00e4ksest\u00e4 valmistettu verkkokansi. Pienimm\u00e4tk\u00e4\u00e4n lajit eiv\u00e4t p\u00e4\u00e4se hienon ruostumattomasta ter\u00e4ksest\u00e4 valmistetun verkon l\u00e4pi, eiv\u00e4tk\u00e4 edes lehtileikkurimuurahaiset p\u00e4\u00e4se leikkaamaan sit\u00e4 l\u00e4pi.<\/p>\n<p><strong>Mitat (LxSxK):<\/strong> 30x30x0.4 cm<br \/>\n17,5\u00d717,5 cm tuuletuspinta-ala<\/p>\n<p><strong>Materiaali:<\/strong> float-lasi, ruostumaton ter\u00e4sverkko<\/p>\n<p><strong>V\u00e4ri:<\/strong> kristallinkirkas \/ l\u00e4pin\u00e4kyv\u00e4<\/p>\n<p><strong>Sis\u00e4lt\u00f6:<\/strong><br \/>\n1x kansi ruostumattomasta ter\u00e4ksest\u00e4 valmistettu s\u00e4leikk\u00f6 30\u00d730<br \/>\n1x kiinnityspisteet \u00e0 4 kpl<\/p>\n<p><strong>Kuvaus:<\/strong><br \/>\nMuurahaisareenan lasinen kansi pakosuojana<\/p>\n<p><strong>Sovellus:<\/strong><br \/>\nMuurahaisareenan kansi sijoitetaan muurahaisareenalle, ja se toimii my\u00f6s ilmaston s\u00e4\u00e4telij\u00e4n\u00e4.<\/p>\n<p><strong>Huom:<\/strong><br \/>\nKoska esine on valmistettu lasista ja on siksi hauras, sit\u00e4 on k\u00e4sitelt\u00e4v\u00e4 eritt\u00e4in varovasti.<\/p>","protected":false},"excerpt":{"rendered":"<p>Muurahais- ja drosofilaturvallinen lasi + ruostumattomasta ter\u00e4ksest\u00e4 valmistettu verkkokansi. Pienimm\u00e4tk\u00e4\u00e4n lajit eiv\u00e4t p\u00e4\u00e4se hienon ruostumattomasta ter\u00e4ksest\u00e4 valmistetun verkon l\u00e4pi, eiv\u00e4tk\u00e4 edes lehtileikkurimuurahaiset p\u00e4\u00e4se leikkaamaan sit\u00e4 l\u00e4pi. Mitat (LxSxK): 60x30x0,4 cm 17,5x47,5 cm tuuletuspinta-ala Materiaali: float-lasi, ruostumattomasta ter\u00e4ksest\u00e4 valmistettu verkko V\u00e4ri: kristallinkirkas \/ l\u00e4pin\u00e4kyv\u00e4 Sis\u00e4lt\u00f6: Sis\u00e4lt\u00f6: Sis\u00e4lt\u00e4\u00e4 mm: Sis\u00e4lt\u00f6: 1x kansi ruostumattomasta ter\u00e4ksest\u00e4 valmistettu ritil\u00e4","protected":false},"featured_media":9889,"comment_status":"open","ping_status":"closed","template":"","meta":{"_acf_changed":false,"content-type":"","_monsterinsights_skip_tracking":false,"_monsterinsights_sitenote_active":false,"_monsterinsights_sitenote_note":"","_monsterinsights_sitenote_category":0},"product_brand":[484],"product_cat":[257,91,92],"product_tag":[],"class_list":{"0":"post-9883","1":"product","2":"type-product","3":"status-publish","4":"has-post-thumbnail","6":"product_brand-antcube","7":"product_cat-new-innovatve-products","8":"product_cat-formicarium-modules","9":"product_cat-arena-cover","11":"first","12":"instock","13":"taxable","14":"shipping-taxable","15":"purchasable","16":"product-type-simple"},"acf":[],"aioseo_notices":[],"jetpack_sharing_enabled":true,"_links":{"self":[{"href":"https:\/\/antcube.shop\/fi\/wp-json\/wp\/v2\/product\/9883","targetHints":{"allow":["GET"]}}],"collection":[{"href":"https:\/\/antcube.shop\/fi\/wp-json\/wp\/v2\/product"}],"about":[{"href":"https:\/\/antcube.shop\/fi\/wp-json\/wp\/v2\/types\/product"}],"replies":[{"embeddable":true,"href":"https:\/\/antcube.shop\/fi\/wp-json\/wp\/v2\/comments?post=9883"}],"wp:featuredmedia":[{"embeddable":true,"href":"https:\/\/antcube.shop\/fi\/wp-json\/wp\/v2\/media\/9889"}],"wp:attachment":[{"href":"https:\/\/antcube.shop\/fi\/wp-json\/wp\/v2\/media?parent=9883"}],"wp:term":[{"taxonomy":"product_brand","embeddable":true,"href":"https:\/\/antcube.shop\/fi\/wp-json\/wp\/v2\/product_brand?post=9883"},{"taxonomy":"product_cat","embeddable":true,"href":"https:\/\/antcube.shop\/fi\/wp-json\/wp\/v2\/product_cat?post=9883"},{"taxonomy":"product_tag","embeddable":true,"href":"https:\/\/antcube.shop\/fi\/wp-json\/wp\/v2\/product_tag?post=9883"}],"curies":[{"name":"wp","href":"https:\/\/api.w.org\/{rel}","templated":true}]}}