{"id":9877,"date":"2024-10-08T15:13:28","date_gmt":"2024-10-08T13:13:28","guid":{"rendered":"https:\/\/antcube.shop\/en\/product\/plantcube-vivarium-tower-conservatorium\/"},"modified":"2026-03-24T13:20:57","modified_gmt":"2026-03-24T12:20:57","slug":"plantcube-vivarium-konservatorio-nippu","status":"publish","type":"product","link":"https:\/\/antcube.shop\/fi\/tuote\/plantcube-vivarium-konservatorio-nippu\/","title":{"rendered":"PLANTCUBE - Vivarium 30x30x60 Conservatorium Nippu"},"content":{"rendered":"<p><span data-text-color=\"alert\"><strong>Toimitus mahdollista vain GO! kautta Saksan sis\u00e4puolella tai paletin kautta Euroopan sis\u00e4ll\u00e4 (ei saarilla).<\/strong><\/span><\/p>\n<p><strong>HANKI PALA LUONTOA KOTIISI<\/strong><\/p>\n<p><strong>Sis\u00e4lt\u00f6:<\/strong><br \/>\n1x PLANTCUBE Vivarium 30x30x60 konservatorio<br \/>\n1x kansihybridi 30\u00d730 (2x reik\u00e4 50mm)<br \/>\n1x tyyny 30\u00d730<br \/>\n4x Grid insert acrylic &#8211; 50 mm with sealing ring<br \/>\n2x tulpat 10mm reik\u00e4\u00e4 varten<br \/>\n1x kiinnitystyynyt kannelle (4 kpl)<\/p>\n<p>Lasis\u00e4ili\u00f6kuutio 30x30x30 cm, jossa on 2x sivussa 50mm reik\u00e4 ja 2x sivussa 10mm reik\u00e4.<br \/>\n50 mm:n reik\u00e4 (keskipiste) on 15 cm:n korkeudella. Rei\u00e4n alareuna on ~12,5 cm:n korkeudella.<\/p>\n<p><strong>Mitat:<\/strong> 300 x 300 x 600 mm; lasin paksuus 4 mm<\/p>\n<p><strong>Materiaali:<\/strong> float-lasi<\/p>\n<p><strong>Sivuaukot:<\/strong><br \/>\n2x reik\u00e4 50 mm<br \/>\n2x reik\u00e4 10 mm<\/p>\n<p>PLANTCUBE Vivarioiden avulla voit suunnitella oman el\u00e4v\u00e4n taideteoksen olohuoneeseesi. Voit pit\u00e4\u00e4 PLANTCUBE-variossa my\u00f6s pieni\u00e4 el\u00e4imi\u00e4, joten luovuudellasi ei ole rajoja.<\/p>\n<p><strong>R\u00e4\u00e4t\u00e4l\u00f6i PLANTCUBE omien tai kasvien ja el\u00e4inten tarpeiden mukaan:<\/strong><br \/>\nKaksi 10 mm:n reik\u00e4\u00e4 sivussa, jotka sijaitsevat 2 cm:n korkeudella (keskell\u00e4) pohjasta, on tarkoitettu ylim\u00e4\u00e4r\u00e4isen veden poistamiseen. Voit esimerkiksi k\u00e4ytt\u00e4\u00e4 l\u00e4pin\u00e4kyv\u00e4\u00e4 10\/06 mm:n letkuamme veden valuttamiseen. Kaksi 50 mm:n reik\u00e4\u00e4 voidaan joko sulkea mukana toimitetuilla tulpilla tai ne toimivat lis\u00e4tuuletuksena, kun ne on varustettu ritil\u00e4varusteilla. Voit jopa yhdist\u00e4\u00e4 t\u00e4ss\u00e4 kaksi asetelmaa akryyliputken avulla. N\u00e4in jos pid\u00e4t el\u00e4imi\u00e4 Vivariumissa, ne voivat vaeltaa vapaasti asetelmasta toiseen.<\/p>\n<p>Vivariumin kansi voidaan mukauttaa joustavasti sopivilla kehyksill\u00e4, ritil\u00e4varusteilla tai pistokkeilla, lampuilla ja ilmastointilaitteilla. Kannet voidaan varustaa kahden 50 mm:n rei\u00e4n kautta tulpilla tai ritil\u00e4varusteilla halutun ilmankosteuden tai voimakkaamman ilmanvaihdon aikaansaamiseksi. Lis\u00e4ksi lampunpistorasiat, tuulettimet tai sumuttimet voidaan liitt\u00e4\u00e4 suoraan 50 mm:n reikiin.<\/p>\n<p>Kehyksi\u00e4mme tarvitaan vain muurahaisia pidett\u00e4ess\u00e4. Ne varmistavat Vivariumin lis\u00e4ksi (kun ne on p\u00e4\u00e4llystetty karkaamisen est\u00e4v\u00e4ll\u00e4 aineella), jotta el\u00e4imet eiv\u00e4t p\u00e4\u00e4se karkaamaan ja ennen kaikkea ne helpottavat avoimen Vivariumin yll\u00e4pitoa. Lis\u00e4ksi kehyst\u00e4 k\u00e4ytett\u00e4ess\u00e4 kansi voidaan haluttaessa pit\u00e4\u00e4 pois p\u00e4\u00e4lt\u00e4.<\/p>\n<p><strong>Miten tehd\u00e4 PLANTCUBEsta bioaktiivinen ekosysteemi?:<\/strong><br \/>\n<strong>Luo salaojituskerros:<\/strong><br \/>\nKasvien tukemiseksi sinun on ensin rakennettava salaojituskerros Vivariumin sis\u00e4lle. Suosittelemme k\u00e4ytt\u00e4m\u00e4\u00e4n 2-3 cm:n savirakeita (4-8 mm), koska ne ovat kevyit\u00e4. Muista pest\u00e4 ne juoksevan veden alla ennen niiden laittamista p\u00f6lyn poistamiseksi.<\/p>\n<p>Voit asettaa salaojavillan savirakeiden p\u00e4\u00e4lle erottamaan salaojituksen alustasta.<\/p>\n<p><strong>Mit\u00e4 kasveja ja maaper\u00e4\u00e4 kannattaa k\u00e4ytt\u00e4\u00e4:<\/strong><br \/>\nKaikki riippuu siit\u00e4, millaisen \"ekosysteemin\" haluat luoda. Jos haluat rakentaa aavikon tai melko kuivan Vivariumin, tarvitset kasveja, jotka viihtyv\u00e4t kyseisess\u00e4 ilmastossa, ja k\u00e4yt\u00e4t sopivaa maaper\u00e4\u00e4, jossa ne haluavat kasvaa. Trooppisissa Vivariumeissa on tietysti sama asia. Yrit\u00e4 k\u00e4ytt\u00e4\u00e4 kasveja samankaltaisilta alueilta ja\/tai samankaltaisesta ilmastosta, jotta ne kaikki viihtyv\u00e4t samantyyppisess\u00e4 maaper\u00e4ss\u00e4 ja ilmastossa. Hyv\u00e4ss\u00e4 kasvikaupassa pit\u00e4isi aina olla tietoa siit\u00e4, mik\u00e4 ilmasto ja maaper\u00e4 sopii niiden myymille kasveille.<\/p>\n<p><strong>T\u00e4rke\u00e4\u00e4:<\/strong> Jos haluat pit\u00e4\u00e4 kasveja ja el\u00e4imi\u00e4 yhdess\u00e4, et saa koskaan k\u00e4ytt\u00e4\u00e4 kasveja, joista et tied\u00e4, ovatko ne joutuneet kosketuksiin lannoitteiden tai torjunta-aineiden kanssa. K\u00e4yt\u00e4 vain terraariokaupoista tai vastaavista hankittuja kasveja, jotka ovat taatusti t\u00e4ysin vapaita torjunta-aineista ja lannoitteista. N\u00e4m\u00e4 voivat muuten johtaa el\u00e4imesi kuolemaan.<\/p>\n<p><strong>Ota k\u00e4ytt\u00f6\u00f6n \"siivousryhm\u00e4\", jotta Vivariumista tulee bioaktiivinen.<\/strong><br \/>\nMik\u00e4 on bioaktiivinen? T\u00e4m\u00e4 on l\u00e4himp\u00e4n\u00e4 itsest\u00e4\u00e4n yll\u00e4pit\u00e4v\u00e4\u00e4 asetelmaa. Kyse on sopivan maaper\u00e4seoksen ja orgaanisen materiaalin lis\u00e4\u00e4misest\u00e4 mikroflooran muodostumista varten sek\u00e4 tarvittavasta mikrofaunasta ravinnekierron luomiseksi Vivariumiin.<\/p>\n<p>Vinkkimme: Lis\u00e4\u00e4 aina pieni\u00e4 olentoja, kuten springtaileja ja isopodeja. Ne ovat itsess\u00e4\u00e4n hyv\u00e4 \"loputon\" ravinnonl\u00e4hde, jos haluat pit\u00e4\u00e4 muita el\u00e4imi\u00e4 Vivariumissasi. Ne sy\u00f6v\u00e4t erityisesti homeet, joita saattaa muodostua korkean ilmankosteuden vuoksi, ja rikastuttavat maaper\u00e4\u00e4 ravinteilla, jotka puolestaan mahdollistavat kasvien terveen kasvun.<\/p>\n<p>Lis\u00e4\u00e4 maaper\u00e4\u00e4n hiilt\u00e4, joka auttaa mikrobeja asuttamaan maaper\u00e4n. Sammal ja korkkikuori tai valkoinen m\u00e4d\u00e4ntynyt puu lehtien kuivikkeen lis\u00e4ksi eiv\u00e4t ainoastaan n\u00e4yt\u00e4 luonnolliselta asetelmassasi, vaan ne my\u00f6s ruokkivat \"siivousryhm\u00e4\u00e4si\", tarjoavat niille piilopaikkoja ja lis\u00e4\u00e4ntymispaikkoja ja ne on helppo hajottaa kasveillesi ravinteiksi.<\/p>\n<p><strong>Luonnossa kaikki on tasapainossa<\/strong><br \/>\nEi kuitenkaan ole suositeltavaa k\u00e4ytt\u00e4\u00e4 tiettyj\u00e4 isopodilajeja ilman, ett\u00e4 niihin lis\u00e4t\u00e4\u00e4n jotain niit\u00e4 mets\u00e4st\u00e4v\u00e4\u00e4, sill\u00e4 isopodipopulaatio ilman saalistajia, kuten esimerkiksi muurahaisia, karkaa helposti k\u00e4sist\u00e4, jolloin Vivariumin kasveista tulee nopeasti ei-toivottu ravinnonl\u00e4hde. Luonnossa kaikessa on kyse tasapainosta.<\/p>\n<p><strong>Lis\u00e4tietoja:<\/strong><br \/>\nLasi leikataan DIN 1249 -standardin mukaisesti +\/- 1 mm:n toleranssilla. Eritt\u00e4in pienten muurahaislajien kohdalla ylim\u00e4\u00e4r\u00e4inen murtumissuojaus on v\u00e4ltt\u00e4m\u00e4t\u00f6n.<\/p>\n<div class=\"row\"  id=\"row-1632480002\">\n\n\t<div id=\"col-2049880150\" class=\"col small-12 large-12\"  >\n\t\t\t\t<div class=\"col-inner\"  >\n\t\t\t\n\t\t\t\n\t<div id=\"text-300723468\" class=\"text\">\n\t\t\n<h2>Alta l\u00f6yd\u00e4t joitakin myym\u00e4l\u00f6it\u00e4, joita voimme suositella, sek\u00e4 lis\u00e4tietoja siit\u00e4, miten luoda ainutlaatuinen ja bioaktiivinen PLANTCUBE:<\/h2>\n\t\t\n<style>\n#text-300723468 {\n  font-size: 1rem;\n  text-align: center;\n}\n<\/style>\n\t<\/div>\n\t\n\t<div id=\"gap-271126800\" class=\"gap-element clearfix\" style=\"display:block; height:auto;\">\n\t\t\n<style>\n#gap-271126800 {\n  padding-top: 40px;\n}\n<\/style>\n\t<\/div>\n\t\n\t\t<\/div>\n\t\t\t\t\n<style>\n#col-2049880150 > .col-inner {\n  padding: 30px 0px 0px 0px;\n}\n<\/style>\n\t<\/div>\n\n\t\n\n\t<div id=\"col-1986901623\" class=\"col medium-6 small-12 large-6\"  >\n\t\t\t\t<div class=\"col-inner\"  >\n\t\t\t\n\t\t\t\n\n\t<section class=\"section\" id=\"section_383254159\">\n\t\t<div class=\"section-bg fill\" >\n\t\t\t<img data-recalc-dims=\"1\" loading=\"lazy\" decoding=\"async\" width=\"1020\" height=\"574\" src=\"https:\/\/i0.wp.com\/antcube.shop\/wp-content\/uploads\/2024\/10\/2560x1440_youtube-Banner-2.png?resize=1020%2C574&#038;ssl=1\" class=\"bg attachment- size-\" alt=\"\" \/>\t\t\t\t\t\t\n\t\t\t\n\n\t\t<\/div>\n\n\t\t\n\n\t\t<div class=\"section-content relative\">\n\t\t\t\n<div class=\"row align-center\"  id=\"row-1736841675\">\n\n\t<div id=\"col-69927400\" class=\"col medium-10 small-12 large-10\"  >\n\t\t\t\t<div class=\"col-inner text-center\"  >\n\t\t\t\n\t\t\t\n<h2 class=\"uppercase\">Vaiheittainen opas blogissamme<\/h2>\n<a href=\"https:\/\/antcube.shop\/en\/2024\/10\/22\/how-to-create-your-bioactive-vivarium\/\" class=\"button primary\" >\n\t\t<span>BLOGI<\/span>\n\t<\/a>\n\n\t\t<\/div>\n\t\t\t\t\n<style>\n#col-69927400 > .col-inner {\n  margin: -150px 0px 0px 0px;\n}\n@media (min-width:550px) {\n  #col-69927400 > .col-inner {\n    margin: -200px 0px 0px 0px;\n  }\n}\n<\/style>\n\t<\/div>\n\n\t\n<\/div>\n\t\t<\/div>\n\n\t\t\n<style>\n#section_383254159 {\n  padding-top: 60px;\n  padding-bottom: 60px;\n  min-height: 300px;\n  background-color: rgb(255,255,255);\n}\n#section_383254159 .section-bg img {\n  object-position: 50% 0%;\n}\n<\/style>\n\t<\/section>\n\t\n\t\t<\/div>\n\t\t\t\t\t<\/div>\n\n\t\n\n\t<div id=\"col-94707270\" class=\"col medium-6 small-12 large-6\"  >\n\t\t\t\t<div class=\"col-inner\"  >\n\t\t\t\n\t\t\t\n\n\t<section class=\"section\" id=\"section_971120652\">\n\t\t<div class=\"section-bg fill\" >\n\t\t\t<img data-recalc-dims=\"1\" loading=\"lazy\" decoding=\"async\" width=\"1020\" height=\"680\" src=\"https:\/\/i0.wp.com\/antcube.shop\/wp-content\/uploads\/2024\/10\/Collage_FULL-HD_-2-scaled.jpg?resize=1020%2C680&#038;ssl=1\" class=\"bg attachment-original size-original\" alt=\"\" \/>\t\t\t\t\t\t\n\t\t\t\n\n\t\t<\/div>\n\n\t\t\n\n\t\t<div class=\"section-content relative\">\n\t\t\t\n<div class=\"row align-center\"  id=\"row-1675764204\">\n\n\t<div id=\"col-1873860087\" class=\"col medium-10 small-12 large-10\"  >\n\t\t\t\t<div class=\"col-inner text-center\"  >\n\t\t\t\n\t\t\t\n<h2 class=\"uppercase\">Lis\u00e4tietoja plantcubesta<\/h2>\n<a href=\"https:\/\/antcube.shop\/en\/plantcube\/\" class=\"button primary\" >\n\t\t<span>plantcube<\/span>\n\t<\/a>\n\n\t\t<\/div>\n\t\t\t\t\n<style>\n#col-1873860087 > .col-inner {\n  margin: -150px 0px 0px 0px;\n}\n@media (min-width:550px) {\n  #col-1873860087 > .col-inner {\n    margin: -200px 0px 0px 0px;\n  }\n}\n<\/style>\n\t<\/div>\n\n\t\n<\/div>\n\t\t<\/div>\n\n\t\t\n<style>\n#section_971120652 {\n  padding-top: 60px;\n  padding-bottom: 60px;\n  min-height: 300px;\n}\n#section_971120652 .section-bg img {\n  object-position: 51% 0%;\n}\n<\/style>\n\t<\/section>\n\t\n\t\t<\/div>\n\t\t\t\t\t<\/div>\n\n\t\n<\/div>","protected":false},"excerpt":{"rendered":"<p>T\u00e4m\u00e4 paketti koostuu 12 osasta<\/p>","protected":false},"featured_media":9904,"comment_status":"open","ping_status":"closed","template":"","meta":{"_acf_changed":false,"content-type":"","_monsterinsights_skip_tracking":false,"_monsterinsights_sitenote_active":false,"_monsterinsights_sitenote_note":"","_monsterinsights_sitenote_category":0},"product_brand":[],"product_cat":[257,341],"product_tag":[],"class_list":{"0":"post-9877","1":"product","2":"type-product","3":"status-publish","4":"has-post-thumbnail","6":"product_cat-new-innovatve-products","7":"product_cat-vivariums","8":"product_shipping_class-fragile","10":"first","11":"instock","12":"taxable","13":"shipping-taxable","14":"purchasable","15":"product-type-simple"},"acf":[],"aioseo_notices":[],"jetpack_sharing_enabled":true,"_links":{"self":[{"href":"https:\/\/antcube.shop\/fi\/wp-json\/wp\/v2\/product\/9877","targetHints":{"allow":["GET"]}}],"collection":[{"href":"https:\/\/antcube.shop\/fi\/wp-json\/wp\/v2\/product"}],"about":[{"href":"https:\/\/antcube.shop\/fi\/wp-json\/wp\/v2\/types\/product"}],"replies":[{"embeddable":true,"href":"https:\/\/antcube.shop\/fi\/wp-json\/wp\/v2\/comments?post=9877"}],"wp:featuredmedia":[{"embeddable":true,"href":"https:\/\/antcube.shop\/fi\/wp-json\/wp\/v2\/media\/9904"}],"wp:attachment":[{"href":"https:\/\/antcube.shop\/fi\/wp-json\/wp\/v2\/media?parent=9877"}],"wp:term":[{"taxonomy":"product_brand","embeddable":true,"href":"https:\/\/antcube.shop\/fi\/wp-json\/wp\/v2\/product_brand?post=9877"},{"taxonomy":"product_cat","embeddable":true,"href":"https:\/\/antcube.shop\/fi\/wp-json\/wp\/v2\/product_cat?post=9877"},{"taxonomy":"product_tag","embeddable":true,"href":"https:\/\/antcube.shop\/fi\/wp-json\/wp\/v2\/product_tag?post=9877"}],"curies":[{"name":"wp","href":"https:\/\/api.w.org\/{rel}","templated":true}]}}