{"id":9353,"date":"2024-09-17T16:29:37","date_gmt":"2024-09-17T14:29:37","guid":{"rendered":"https:\/\/antcube.shop\/en\/product\/tranke-cube-gros\/"},"modified":"2026-04-03T22:18:17","modified_gmt":"2026-04-03T20:18:17","slug":"tranke-cube-gros","status":"publish","type":"product","link":"https:\/\/antcube.shop\/fi\/tuote\/tranke-cube-gros\/","title":{"rendered":"Juomakaukalo Cube large"},"content":{"rendered":"<p><strong>Mitat:<\/strong> 35x25x28mm, 10ml<\/p>\n<p><strong>V\u00e4ri:<\/strong> kristallinkirkas<\/p>\n<p><strong>Materiaali:<\/strong> PMMA<\/p>\n<p><strong>Kuvaus:<\/strong> N\u00e4in muurahaiset saavat riitt\u00e4v\u00e4sti kosteutta formicariumiinsa. Veden pintaj\u00e4nnitys est\u00e4\u00e4 juomakourua vuotamasta.<\/p>\n<p><strong>Varoitus:<\/strong><br \/>\nJos kyseess\u00e4 ovat pienet muurahaislajit, sieni, ritil\u00e4 tai hienojakoinen hiekka olisi sijoitettava juomapaikan ulosk\u00e4ynnin eteen turvallisuuden vuoksi. Muuten yksitt\u00e4iset ty\u00f6ntekij\u00e4t voivat p\u00e4\u00e4st\u00e4 juomakammioon. 14 mm:n sieni sopii t\u00e4ydellisesti.<\/p>","protected":false},"excerpt":{"rendered":"<p><strong>Mitat:<\/strong> 35x25x28mm, 10ml<\/p>","protected":false},"featured_media":9440,"comment_status":"open","ping_status":"closed","template":"","meta":{"_acf_changed":false,"content-type":"","_monsterinsights_skip_tracking":false,"_monsterinsights_sitenote_active":false,"_monsterinsights_sitenote_note":"","_monsterinsights_sitenote_category":0},"product_brand":[],"product_cat":[115,117],"product_tag":[],"class_list":{"0":"post-9353","1":"product","2":"type-product","3":"status-publish","4":"has-post-thumbnail","6":"product_cat-food-and-feeding","7":"product_cat-drinkers-for-ants","9":"first","10":"instock","11":"taxable","12":"shipping-taxable","13":"purchasable","14":"product-type-simple"},"acf":[],"aioseo_notices":[],"jetpack_sharing_enabled":true,"_links":{"self":[{"href":"https:\/\/antcube.shop\/fi\/wp-json\/wp\/v2\/product\/9353","targetHints":{"allow":["GET"]}}],"collection":[{"href":"https:\/\/antcube.shop\/fi\/wp-json\/wp\/v2\/product"}],"about":[{"href":"https:\/\/antcube.shop\/fi\/wp-json\/wp\/v2\/types\/product"}],"replies":[{"embeddable":true,"href":"https:\/\/antcube.shop\/fi\/wp-json\/wp\/v2\/comments?post=9353"}],"wp:featuredmedia":[{"embeddable":true,"href":"https:\/\/antcube.shop\/fi\/wp-json\/wp\/v2\/media\/9440"}],"wp:attachment":[{"href":"https:\/\/antcube.shop\/fi\/wp-json\/wp\/v2\/media?parent=9353"}],"wp:term":[{"taxonomy":"product_brand","embeddable":true,"href":"https:\/\/antcube.shop\/fi\/wp-json\/wp\/v2\/product_brand?post=9353"},{"taxonomy":"product_cat","embeddable":true,"href":"https:\/\/antcube.shop\/fi\/wp-json\/wp\/v2\/product_cat?post=9353"},{"taxonomy":"product_tag","embeddable":true,"href":"https:\/\/antcube.shop\/fi\/wp-json\/wp\/v2\/product_tag?post=9353"}],"curies":[{"name":"wp","href":"https:\/\/api.w.org\/{rel}","templated":true}]}}