{"id":9350,"date":"2024-09-17T16:28:05","date_gmt":"2024-09-17T14:28:05","guid":{"rendered":"https:\/\/antcube.shop\/en\/product\/futternapf-6cm\/"},"modified":"2026-03-06T17:46:20","modified_gmt":"2026-03-06T16:46:20","slug":"ruokakuppi-6cm","status":"publish","type":"product","link":"https:\/\/antcube.shop\/fi\/tuote\/ruokakuppi-6cm\/","title":{"rendered":"Ruokakulho - 6cm"},"content":{"rendered":"<p><strong>Mitat:<\/strong> 6 x 1,5 x 4,5 cm.<\/p>\n<p><strong>Materiaali:<\/strong><br \/>\nPolyesterihartsi, elintarvikkeille turvallinen materiaali<\/p>\n<p><strong>Kuvaus:<\/strong><br \/>\nVoit tarjota muurahaisille ruokaa tai vesigeeli\u00e4 n\u00e4iss\u00e4 kivilokeroissa. Sile\u00e4n sis\u00e4puolen ansiosta ne on helppo puhdistaa. Kivilokerot on valmistettu kest\u00e4v\u00e4st\u00e4 synteettisest\u00e4 hartsista, eiv\u00e4tk\u00e4 muurahaiset voi tuhota niit\u00e4.<\/p>","protected":false},"excerpt":{"rendered":"<p><strong>Mitat:\u00a0<\/strong> 6 x 1,5 x 4,5 cm.<\/p>","protected":false},"featured_media":9447,"comment_status":"open","ping_status":"closed","template":"","meta":{"_acf_changed":false,"content-type":"","_monsterinsights_skip_tracking":false,"_monsterinsights_sitenote_active":false,"_monsterinsights_sitenote_note":"","_monsterinsights_sitenote_category":0},"product_brand":[],"product_cat":[115,118],"product_tag":[],"class_list":{"0":"post-9350","1":"product","2":"type-product","3":"status-publish","4":"has-post-thumbnail","6":"product_cat-food-and-feeding","7":"product_cat-feeding-bowls","9":"first","10":"instock","11":"taxable","12":"shipping-taxable","13":"purchasable","14":"product-type-simple"},"acf":[],"aioseo_notices":[],"jetpack_sharing_enabled":true,"_links":{"self":[{"href":"https:\/\/antcube.shop\/fi\/wp-json\/wp\/v2\/product\/9350","targetHints":{"allow":["GET"]}}],"collection":[{"href":"https:\/\/antcube.shop\/fi\/wp-json\/wp\/v2\/product"}],"about":[{"href":"https:\/\/antcube.shop\/fi\/wp-json\/wp\/v2\/types\/product"}],"replies":[{"embeddable":true,"href":"https:\/\/antcube.shop\/fi\/wp-json\/wp\/v2\/comments?post=9350"}],"wp:featuredmedia":[{"embeddable":true,"href":"https:\/\/antcube.shop\/fi\/wp-json\/wp\/v2\/media\/9447"}],"wp:attachment":[{"href":"https:\/\/antcube.shop\/fi\/wp-json\/wp\/v2\/media?parent=9350"}],"wp:term":[{"taxonomy":"product_brand","embeddable":true,"href":"https:\/\/antcube.shop\/fi\/wp-json\/wp\/v2\/product_brand?post=9350"},{"taxonomy":"product_cat","embeddable":true,"href":"https:\/\/antcube.shop\/fi\/wp-json\/wp\/v2\/product_cat?post=9350"},{"taxonomy":"product_tag","embeddable":true,"href":"https:\/\/antcube.shop\/fi\/wp-json\/wp\/v2\/product_tag?post=9350"}],"curies":[{"name":"wp","href":"https:\/\/api.w.org\/{rel}","templated":true}]}}