{"id":9347,"date":"2024-09-17T16:26:39","date_gmt":"2024-09-17T14:26:39","guid":{"rendered":"https:\/\/antcube.shop\/en\/product\/antcube-popcorn-nest-40x20-l\/"},"modified":"2026-01-12T12:40:06","modified_gmt":"2026-01-12T11:40:06","slug":"antcube-popcorn-pesa-40x20-l","status":"publish","type":"product","link":"https:\/\/antcube.shop\/fi\/tuote\/antcube-popcorn-pesa-40x20-l\/","title":{"rendered":"ANTCUBE - Popcorn pes\u00e4 40\u00d720 - L"},"content":{"rendered":"<p><strong>Mitat:<\/strong> 383x160x19 mm<\/p>\n<p><strong>Materiaali:<\/strong> Sakkaroosilla ja proteiinilla puristetut popcornit<\/p>\n<p><strong>Sopii vain<\/strong> L-kokoluokan muurahaisviljelmill\u00e4mme<\/p>\n<p><strong>Kuvaus:<\/strong> T\u00e4m\u00e4 popcorn-pes\u00e4, jossa on tehdasvalmisteisia k\u00e4yt\u00e4vi\u00e4 ja kammioita, sopii erinomaisesti esimerkiksi Messor-muurahaisille, mutta my\u00f6s muille jyvi\u00e4 ker\u00e4\u00e4ville muurahaislajeille. Siin\u00e4 on reik\u00e4, josta p\u00e4\u00e4see pes\u00e4\u00e4n. Popcorn-pes\u00e4 imee itseens\u00e4 kosteutta ja voi sen vuoksi kutistua, joten<strong> se on aina pidett\u00e4v\u00e4 kuivana.<\/strong> Messor barbarus hyv\u00e4ksyy ANTCUBE-popcorn-pes\u00e4mme eritt\u00e4in hyvin viljavarastona. Ajan my\u00f6t\u00e4 muurahaiset alkavat laajentaa popcorn-pes\u00e4\u00e4 ja sy\u00f6v\u00e4t tiens\u00e4 l\u00e4pi pes\u00e4materiaalin.<\/p>\n<p>Popcorn-pes\u00e4\u00e4 tulisi k\u00e4ytt\u00e4\u00e4 vain sellaisille muurahaislajeille, jotka vaativat hyvin v\u00e4h\u00e4n tai ei lainkaan kosteutta pes\u00e4alueella.<\/p>","protected":false},"excerpt":{"rendered":"<p>Koko: <strong>L<\/strong><\/p>","protected":false},"featured_media":9462,"comment_status":"open","ping_status":"closed","template":"","meta":{"_acf_changed":false,"content-type":"","_monsterinsights_skip_tracking":false,"_monsterinsights_sitenote_active":false,"_monsterinsights_sitenote_note":"","_monsterinsights_sitenote_category":0},"product_brand":[484],"product_cat":[257,344,87],"product_tag":[],"class_list":{"0":"post-9347","1":"product","2":"type-product","3":"status-publish","4":"has-post-thumbnail","6":"product_brand-antcube","7":"product_cat-new-innovatve-products","8":"product_cat-popcorn","9":"product_cat-nest-insets","11":"first","12":"instock","13":"taxable","14":"shipping-taxable","15":"purchasable","16":"product-type-simple"},"acf":[],"aioseo_notices":[],"jetpack_sharing_enabled":true,"_links":{"self":[{"href":"https:\/\/antcube.shop\/fi\/wp-json\/wp\/v2\/product\/9347","targetHints":{"allow":["GET"]}}],"collection":[{"href":"https:\/\/antcube.shop\/fi\/wp-json\/wp\/v2\/product"}],"about":[{"href":"https:\/\/antcube.shop\/fi\/wp-json\/wp\/v2\/types\/product"}],"replies":[{"embeddable":true,"href":"https:\/\/antcube.shop\/fi\/wp-json\/wp\/v2\/comments?post=9347"}],"wp:featuredmedia":[{"embeddable":true,"href":"https:\/\/antcube.shop\/fi\/wp-json\/wp\/v2\/media\/9462"}],"wp:attachment":[{"href":"https:\/\/antcube.shop\/fi\/wp-json\/wp\/v2\/media?parent=9347"}],"wp:term":[{"taxonomy":"product_brand","embeddable":true,"href":"https:\/\/antcube.shop\/fi\/wp-json\/wp\/v2\/product_brand?post=9347"},{"taxonomy":"product_cat","embeddable":true,"href":"https:\/\/antcube.shop\/fi\/wp-json\/wp\/v2\/product_cat?post=9347"},{"taxonomy":"product_tag","embeddable":true,"href":"https:\/\/antcube.shop\/fi\/wp-json\/wp\/v2\/product_tag?post=9347"}],"curies":[{"name":"wp","href":"https:\/\/api.w.org\/{rel}","templated":true}]}}