{"id":9346,"date":"2024-09-17T16:26:01","date_gmt":"2024-09-17T14:26:01","guid":{"rendered":"https:\/\/antcube.shop\/en\/product\/ameisenarena-abdeckung-30x15\/"},"modified":"2026-04-01T13:28:20","modified_gmt":"2026-04-01T11:28:20","slug":"ameisenarena-abdeckung-30x15","status":"publish","type":"product","link":"https:\/\/antcube.shop\/fi\/tuote\/ameisenarena-abdeckung-30x15\/","title":{"rendered":"Muurahaisareenan koko 30\u00d715"},"content":{"rendered":"<p><strong>Mitat (LxSxK):<\/strong> 30x15x0.4 cm<\/p>\n<p><strong>Materiaali:<\/strong> float-lasi<\/p>\n<p><strong>V\u00e4ri:<\/strong> kristallinkirkas \/ l\u00e4pin\u00e4kyv\u00e4<\/p>\n<p><strong>Sis\u00e4lt\u00f6:<\/strong><br \/>\n1x muurahaisareenan kansi<br \/>\n1x kiinnityspisteet \u00e0 4 kpl<\/p>\n<p><strong>Kuvaus:<\/strong><br \/>\nMuurahaisareenan lasisuojus pakosuojaksi. Sopii sein\u00e4muurahaisareenoillemme.<\/p>\n<p><strong>Sovellus:<\/strong><br \/>\nLasinen muurahaisareenan kansi asetetaan muurahaisareenan p\u00e4\u00e4lle, ja sit\u00e4 k\u00e4ytet\u00e4\u00e4n my\u00f6s ilmaston s\u00e4\u00e4telyyn.<br \/>\n50 mm:n aukkoihin voidaan asentaa erilaisia ilmastointimoduuleja, esimerkiksi ilmanvaihtoverkkoja, valaistusta tai ilmankostutusta.<br \/>\nJotta muurahaiset eiv\u00e4t p\u00e4\u00e4sisi murtautumaan aukkojen l\u00e4pi, aukkojen ymp\u00e4rill\u00e4 olevaan alapintaan on levitett\u00e4v\u00e4 pakosuojakalvoa (\u00f6ljy\u00e4, jauhetta tai lakkaa).<\/p>\n<p><strong>Huom:<\/strong><br \/>\nKoska esine on valmistettu lasista ja on siksi hauras, sit\u00e4 on k\u00e4sitelt\u00e4v\u00e4 eritt\u00e4in varovasti.<\/p>","protected":false},"excerpt":{"rendered":"<p>Mitat (LxSxK): 30x15x0,4 cm Materiaali: float-lasi V\u00e4ri: kristallinkirkas \/ l\u00e4pin\u00e4kyv\u00e4 Sis\u00e4lt\u00f6: 1x muurahaisareenan kansi 1x kiinnityspisteet \u00e0 4 kpl. Kuvaus: Lasinen kansi muurahaisareenalle pakosuojaksi. Sopii sein\u00e4muurahaisareenoillemme. Soveltaminen: Lasinen muurahaisareenan suojus asetetaan muurahaisareenalle ja sit\u00e4 k\u00e4ytet\u00e4\u00e4n my\u00f6s","protected":false},"featured_media":9465,"comment_status":"open","ping_status":"closed","template":"","meta":{"_acf_changed":false,"content-type":"","_monsterinsights_skip_tracking":false,"_monsterinsights_sitenote_active":false,"_monsterinsights_sitenote_note":"","_monsterinsights_sitenote_category":0},"product_brand":[484],"product_cat":[91,92],"product_tag":[],"class_list":{"0":"post-9346","1":"product","2":"type-product","3":"status-publish","4":"has-post-thumbnail","6":"product_brand-antcube","7":"product_cat-formicarium-modules","8":"product_cat-arena-cover","10":"first","11":"instock","12":"taxable","13":"shipping-taxable","14":"purchasable","15":"product-type-simple"},"acf":[],"aioseo_notices":[],"jetpack_sharing_enabled":true,"_links":{"self":[{"href":"https:\/\/antcube.shop\/fi\/wp-json\/wp\/v2\/product\/9346","targetHints":{"allow":["GET"]}}],"collection":[{"href":"https:\/\/antcube.shop\/fi\/wp-json\/wp\/v2\/product"}],"about":[{"href":"https:\/\/antcube.shop\/fi\/wp-json\/wp\/v2\/types\/product"}],"replies":[{"embeddable":true,"href":"https:\/\/antcube.shop\/fi\/wp-json\/wp\/v2\/comments?post=9346"}],"wp:featuredmedia":[{"embeddable":true,"href":"https:\/\/antcube.shop\/fi\/wp-json\/wp\/v2\/media\/9465"}],"wp:attachment":[{"href":"https:\/\/antcube.shop\/fi\/wp-json\/wp\/v2\/media?parent=9346"}],"wp:term":[{"taxonomy":"product_brand","embeddable":true,"href":"https:\/\/antcube.shop\/fi\/wp-json\/wp\/v2\/product_brand?post=9346"},{"taxonomy":"product_cat","embeddable":true,"href":"https:\/\/antcube.shop\/fi\/wp-json\/wp\/v2\/product_cat?post=9346"},{"taxonomy":"product_tag","embeddable":true,"href":"https:\/\/antcube.shop\/fi\/wp-json\/wp\/v2\/product_tag?post=9346"}],"curies":[{"name":"wp","href":"https:\/\/api.w.org\/{rel}","templated":true}]}}