{"id":9345,"date":"2024-09-17T16:25:36","date_gmt":"2024-09-17T14:25:36","guid":{"rendered":"https:\/\/antcube.shop\/en\/product\/ameisenarena-rahmen-30x15\/"},"modified":"2026-03-16T10:36:55","modified_gmt":"2026-03-16T09:36:55","slug":"muurahaisareenan-kehys-30x15","status":"publish","type":"product","link":"https:\/\/antcube.shop\/fi\/tuote\/muurahaisareenan-kehys-30x15\/","title":{"rendered":"Muurahaisareenan kehys 30\u00d715"},"content":{"rendered":"<p><strong>Mitat (LxSxK):<\/strong> 30x15x0.4 cm<\/p>\n<p><strong>Materiaali:<\/strong> float-lasi<\/p>\n<p><strong>V\u00e4ri:<\/strong> kristallinkirkas \/ l\u00e4pin\u00e4kyv\u00e4<\/p>\n<p><strong>Sis\u00e4lt\u00f6:<\/strong><br \/>\n1x muurahaisareenan kehys<\/p>\n<p><strong>Kuvaus:<\/strong><br \/>\nMuurahaisareenan lasikehys pakosuojaksi. Sopii sein\u00e4muurahaisareenoillemme.<\/p>\n<p><strong>Sovellus:<\/strong><br \/>\nMuurahaisareenan kehys on lasista valmistettu kehys, joka asetetaan muurahaisareenan p\u00e4\u00e4lle ja jonka alapuolella on pakosuoja (\u00f6ljy, jauhe tai lakka), joka est\u00e4\u00e4 muurahaisia murtautumasta ulos.<\/p>\n<p><strong>Huom:<\/strong><br \/>\nKoska esine on valmistettu lasista ja on siksi hauras, sit\u00e4 on k\u00e4sitelt\u00e4v\u00e4 eritt\u00e4in varovasti. Lasi leikataan DIN 1249 -standardin mukaisesti +\/- 1 mm:n toleranssilla. Eritt\u00e4in pienille muurahaislajeille tarvitaan lis\u00e4suojaus.<\/p>","protected":false},"excerpt":{"rendered":"<p>Mitat (LxSxK): 30x15x0,4 cm Materiaali: float-lasi V\u00e4ri: kristallinkirkas \/ l\u00e4pin\u00e4kyv\u00e4 Sis\u00e4lt\u00f6: Kuvaus: 1x muurahaisareenan kehys: Lasi kehys muurahaisareenalle pakosuojaksi. Sopii sein\u00e4muurahaisareenoillemme. Soveltaminen: Muurahaisareenan kehys on lasista valmistettu kehys, joka asetetaan muurahaisareenan p\u00e4\u00e4lle ja tarjotaan","protected":false},"featured_media":9466,"comment_status":"open","ping_status":"closed","template":"","meta":{"_acf_changed":false,"content-type":"","_monsterinsights_skip_tracking":false,"_monsterinsights_sitenote_active":false,"_monsterinsights_sitenote_note":"","_monsterinsights_sitenote_category":0},"product_brand":[484],"product_cat":[91,93],"product_tag":[],"class_list":{"0":"post-9345","1":"product","2":"type-product","3":"status-publish","4":"has-post-thumbnail","6":"product_brand-antcube","7":"product_cat-formicarium-modules","8":"product_cat-arena-frame","10":"first","11":"instock","12":"taxable","13":"shipping-taxable","14":"purchasable","15":"product-type-simple"},"acf":[],"aioseo_notices":[],"jetpack_sharing_enabled":true,"_links":{"self":[{"href":"https:\/\/antcube.shop\/fi\/wp-json\/wp\/v2\/product\/9345","targetHints":{"allow":["GET"]}}],"collection":[{"href":"https:\/\/antcube.shop\/fi\/wp-json\/wp\/v2\/product"}],"about":[{"href":"https:\/\/antcube.shop\/fi\/wp-json\/wp\/v2\/types\/product"}],"replies":[{"embeddable":true,"href":"https:\/\/antcube.shop\/fi\/wp-json\/wp\/v2\/comments?post=9345"}],"wp:featuredmedia":[{"embeddable":true,"href":"https:\/\/antcube.shop\/fi\/wp-json\/wp\/v2\/media\/9466"}],"wp:attachment":[{"href":"https:\/\/antcube.shop\/fi\/wp-json\/wp\/v2\/media?parent=9345"}],"wp:term":[{"taxonomy":"product_brand","embeddable":true,"href":"https:\/\/antcube.shop\/fi\/wp-json\/wp\/v2\/product_brand?post=9345"},{"taxonomy":"product_cat","embeddable":true,"href":"https:\/\/antcube.shop\/fi\/wp-json\/wp\/v2\/product_cat?post=9345"},{"taxonomy":"product_tag","embeddable":true,"href":"https:\/\/antcube.shop\/fi\/wp-json\/wp\/v2\/product_tag?post=9345"}],"curies":[{"name":"wp","href":"https:\/\/api.w.org\/{rel}","templated":true}]}}