{"id":9330,"date":"2024-09-17T16:18:59","date_gmt":"2024-09-17T14:18:59","guid":{"rendered":"https:\/\/antcube.shop\/en\/product\/alpha-ants-mini-scheibenmagnet-eckig\/"},"modified":"2026-03-31T18:19:04","modified_gmt":"2026-03-31T16:19:04","slug":"alfa-muurahaiset-mini-scheibenmagnet-eckig","status":"publish","type":"product","link":"https:\/\/antcube.shop\/fi\/tuote\/alfa-muurahaiset-mini-scheibenmagnet-eckig\/","title":{"rendered":"Alpha Ants mini levymagneetti - neli\u00f6"},"content":{"rendered":"<p><strong>Kuvaus:<\/strong> Tied\u00e4tk\u00f6 ongelman: muurahaisesi ovat j\u00e4lleen kerran sotkeneet pes\u00e4n ikkunat tai peitt\u00e4neet ne hiekalla? T\u00e4ll\u00e4 pienell\u00e4 minikiekkomagneetilla voit tyhjent\u00e4\u00e4 akvaarion k\u00e4yt\u00e4v\u00e4t ja kammiot.<\/p>\n<p>N\u00e4m\u00e4 ovat eritt\u00e4in vahvoja laatumagneetteja. Voit k\u00e4ytt\u00e4\u00e4 ohjainmagneettia pienen puhdistusmagneetin liikuttamiseen formikariumin ymp\u00e4rill\u00e4 ja likaisten lasien puhdistamiseen sis\u00e4puolelta.<\/p>\n<p><strong>Huom:<\/strong> \u00c4l\u00e4 anna magneettien t\u00f6rm\u00e4t\u00e4 toisiinsa (osua), sill\u00e4 ne ovat herkki\u00e4.<\/p>\n<p><strong>Sis\u00e4lt\u00f6:<\/strong> 2 eritt\u00e4in vahvaa levymagneettia (10x10x4 mm ja 3x2x2 mm).<\/p>","protected":false},"excerpt":{"rendered":"<p>Kuvaus: Tunnetko ongelman: Muurahaisesi ovat j\u00e4lleen kerran sotkeneet pes\u00e4n ikkunat tai peitt\u00e4neet ne hiekalla? T\u00e4m\u00e4n pienen minikiekkoisen magneetin avulla voit tyhjent\u00e4\u00e4 akvaarion k\u00e4yt\u00e4v\u00e4t ja kammiot. N\u00e4m\u00e4 ovat eritt\u00e4in vahvoja laatumagneetteja. Voit k\u00e4ytt\u00e4\u00e4 ohjaavaa magneettia siirt\u00e4m\u00e4\u00e4n","protected":false},"featured_media":9804,"comment_status":"open","ping_status":"closed","template":"","meta":{"_acf_changed":false,"content-type":"","_monsterinsights_skip_tracking":false,"_monsterinsights_sitenote_active":false,"_monsterinsights_sitenote_note":"","_monsterinsights_sitenote_category":0},"product_brand":[],"product_cat":[237],"product_tag":[],"class_list":{"0":"post-9330","1":"product","2":"type-product","3":"status-publish","4":"has-post-thumbnail","6":"product_cat-tools","8":"first","9":"instock","10":"taxable","11":"shipping-taxable","12":"purchasable","13":"product-type-simple"},"acf":[],"aioseo_notices":[],"jetpack_sharing_enabled":true,"_links":{"self":[{"href":"https:\/\/antcube.shop\/fi\/wp-json\/wp\/v2\/product\/9330","targetHints":{"allow":["GET"]}}],"collection":[{"href":"https:\/\/antcube.shop\/fi\/wp-json\/wp\/v2\/product"}],"about":[{"href":"https:\/\/antcube.shop\/fi\/wp-json\/wp\/v2\/types\/product"}],"replies":[{"embeddable":true,"href":"https:\/\/antcube.shop\/fi\/wp-json\/wp\/v2\/comments?post=9330"}],"wp:featuredmedia":[{"embeddable":true,"href":"https:\/\/antcube.shop\/fi\/wp-json\/wp\/v2\/media\/9804"}],"wp:attachment":[{"href":"https:\/\/antcube.shop\/fi\/wp-json\/wp\/v2\/media?parent=9330"}],"wp:term":[{"taxonomy":"product_brand","embeddable":true,"href":"https:\/\/antcube.shop\/fi\/wp-json\/wp\/v2\/product_brand?post=9330"},{"taxonomy":"product_cat","embeddable":true,"href":"https:\/\/antcube.shop\/fi\/wp-json\/wp\/v2\/product_cat?post=9330"},{"taxonomy":"product_tag","embeddable":true,"href":"https:\/\/antcube.shop\/fi\/wp-json\/wp\/v2\/product_tag?post=9330"}],"curies":[{"name":"wp","href":"https:\/\/api.w.org\/{rel}","templated":true}]}}