{"id":9329,"date":"2024-09-17T16:18:36","date_gmt":"2024-09-17T14:18:36","guid":{"rendered":"https:\/\/antcube.shop\/en\/product\/alpha-ants-mini-scheibenmagnet-rund\/"},"modified":"2026-03-02T09:49:08","modified_gmt":"2026-03-02T08:49:08","slug":"alfa-muurahaiset-mini-levy-magneetti-pyorea","status":"publish","type":"product","link":"https:\/\/antcube.shop\/fi\/tuote\/alfa-muurahaiset-mini-levy-magneetti-pyorea\/","title":{"rendered":"Alpha Ants mini levymagneetti - py\u00f6re\u00e4"},"content":{"rendered":"<p><strong>Kuvaus:<\/strong> Tunnetko ongelman: muurahaisesi ovat j\u00e4lleen kerran sotkeneet pes\u00e4n ikkunat tai peitt\u00e4neet ne hiekalla? N\u00e4ill\u00e4 pienill\u00e4 minikiekkomagneeteilla 10x10x4 mm ja 4x4x2 mm voit taas tyhjent\u00e4\u00e4 akvaarion k\u00e4yt\u00e4v\u00e4t ja kammiot.<\/p>\n<p>N\u00e4m\u00e4 ovat eritt\u00e4in vahvoja laatumagneetteja. Voit k\u00e4ytt\u00e4\u00e4 ohjainmagneettia pienen puhdistusmagneetin liikuttamiseen formikariumin ymp\u00e4rill\u00e4 ja likaisten lasien puhdistamiseen sis\u00e4puolelta.<\/p>\n<p><strong>Huom:<\/strong> \u00c4l\u00e4 anna magneettien t\u00f6rm\u00e4t\u00e4 toisiinsa (osua), sill\u00e4 ne ovat herkki\u00e4.<\/p>\n<p><strong>Sis\u00e4lt\u00f6:<\/strong> 2x huopapinnoitettua eritt\u00e4in vahvaa levymagneettia.<\/p>","protected":false},"excerpt":{"rendered":"<p>Kuvaus: Tunnetko ongelman: muurahaisesi ovat j\u00e4lleen kerran sotkeneet pes\u00e4n ikkunat tai peitt\u00e4neet ne hiekalla? N\u00e4ill\u00e4 pienill\u00e4 minikiekkomagneeteilla 10x10x4 mm ja 4x4x2 mm voit taas tyhjent\u00e4\u00e4 akvaarion k\u00e4yt\u00e4v\u00e4t ja kammiot. N\u00e4m\u00e4 ovat eritt\u00e4in vahvoja laatumagneetteja. Sin\u00e4","protected":false},"featured_media":9810,"comment_status":"open","ping_status":"closed","template":"","meta":{"_acf_changed":false,"content-type":"","_monsterinsights_skip_tracking":false,"_monsterinsights_sitenote_active":false,"_monsterinsights_sitenote_note":"","_monsterinsights_sitenote_category":0},"product_brand":[],"product_cat":[237],"product_tag":[],"class_list":{"0":"post-9329","1":"product","2":"type-product","3":"status-publish","4":"has-post-thumbnail","6":"product_cat-tools","8":"first","9":"instock","10":"taxable","11":"shipping-taxable","12":"purchasable","13":"product-type-simple"},"acf":[],"aioseo_notices":[],"jetpack_sharing_enabled":true,"_links":{"self":[{"href":"https:\/\/antcube.shop\/fi\/wp-json\/wp\/v2\/product\/9329","targetHints":{"allow":["GET"]}}],"collection":[{"href":"https:\/\/antcube.shop\/fi\/wp-json\/wp\/v2\/product"}],"about":[{"href":"https:\/\/antcube.shop\/fi\/wp-json\/wp\/v2\/types\/product"}],"replies":[{"embeddable":true,"href":"https:\/\/antcube.shop\/fi\/wp-json\/wp\/v2\/comments?post=9329"}],"wp:featuredmedia":[{"embeddable":true,"href":"https:\/\/antcube.shop\/fi\/wp-json\/wp\/v2\/media\/9810"}],"wp:attachment":[{"href":"https:\/\/antcube.shop\/fi\/wp-json\/wp\/v2\/media?parent=9329"}],"wp:term":[{"taxonomy":"product_brand","embeddable":true,"href":"https:\/\/antcube.shop\/fi\/wp-json\/wp\/v2\/product_brand?post=9329"},{"taxonomy":"product_cat","embeddable":true,"href":"https:\/\/antcube.shop\/fi\/wp-json\/wp\/v2\/product_cat?post=9329"},{"taxonomy":"product_tag","embeddable":true,"href":"https:\/\/antcube.shop\/fi\/wp-json\/wp\/v2\/product_tag?post=9329"}],"curies":[{"name":"wp","href":"https:\/\/api.w.org\/{rel}","templated":true}]}}