{"id":9323,"date":"2024-09-17T16:16:22","date_gmt":"2024-09-17T14:16:22","guid":{"rendered":"https:\/\/antcube.shop\/en\/product\/greifzange-60-cm\/"},"modified":"2026-04-09T09:58:37","modified_gmt":"2026-04-09T07:58:37","slug":"tarttuja-60-cm","status":"publish","type":"product","link":"https:\/\/antcube.shop\/fi\/tuote\/tarttuja-60-cm\/","title":{"rendered":"Tartuntakahva 60 cm"},"content":{"rendered":"<p><strong>Pituus:<\/strong> 60 cm<\/p>\n<p><strong>Kuvaus:<\/strong> T\u00e4t\u00e4 tarttujavarren avulla voidaan toimia alueilla, joihin k\u00e4sill\u00e4 ei p\u00e4\u00e4se k\u00e4siksi, ja irrottaa osia putkista tai letkuista. Etuhalkaisija 10,5 mm. Sopii 11 mm:n rei\u00e4n l\u00e4pi. Tartuntakahvojen j\u00e4nnev\u00e4li on 20 mm.<\/p>\n<p><strong>Huom:<\/strong><br \/>\nOn olemassa loukkaantumisvaara, jos ruumiinosia j\u00e4\u00e4 pihdeihin kiinni.<\/p>","protected":false},"excerpt":{"rendered":"<p>Pituus: 60 cm Kuvaus: K\u00e4det eiv\u00e4t p\u00e4\u00e4se k\u00e4sill\u00e4 k\u00e4siksi alueisiin ja osia voidaan irrottaa putkista tai letkuista. Etuhalkaisija 10,5 mm. Sopii 11 mm:n rei\u00e4n l\u00e4pi. Tartuntakiristimien j\u00e4nnev\u00e4li on 20 mm. Huomautus: On olemassa loukkaantumisvaara, jos ruumiinosat","protected":false},"featured_media":9580,"comment_status":"open","ping_status":"closed","template":"","meta":{"_acf_changed":false,"content-type":"","_monsterinsights_skip_tracking":false,"_monsterinsights_sitenote_active":false,"_monsterinsights_sitenote_note":"","_monsterinsights_sitenote_category":0},"product_brand":[],"product_cat":[237],"product_tag":[],"class_list":{"0":"post-9323","1":"product","2":"type-product","3":"status-publish","4":"has-post-thumbnail","6":"product_cat-tools","8":"first","9":"instock","10":"taxable","11":"shipping-taxable","12":"purchasable","13":"product-type-simple"},"acf":[],"aioseo_notices":[],"jetpack_sharing_enabled":true,"_links":{"self":[{"href":"https:\/\/antcube.shop\/fi\/wp-json\/wp\/v2\/product\/9323","targetHints":{"allow":["GET"]}}],"collection":[{"href":"https:\/\/antcube.shop\/fi\/wp-json\/wp\/v2\/product"}],"about":[{"href":"https:\/\/antcube.shop\/fi\/wp-json\/wp\/v2\/types\/product"}],"replies":[{"embeddable":true,"href":"https:\/\/antcube.shop\/fi\/wp-json\/wp\/v2\/comments?post=9323"}],"wp:featuredmedia":[{"embeddable":true,"href":"https:\/\/antcube.shop\/fi\/wp-json\/wp\/v2\/media\/9580"}],"wp:attachment":[{"href":"https:\/\/antcube.shop\/fi\/wp-json\/wp\/v2\/media?parent=9323"}],"wp:term":[{"taxonomy":"product_brand","embeddable":true,"href":"https:\/\/antcube.shop\/fi\/wp-json\/wp\/v2\/product_brand?post=9323"},{"taxonomy":"product_cat","embeddable":true,"href":"https:\/\/antcube.shop\/fi\/wp-json\/wp\/v2\/product_cat?post=9323"},{"taxonomy":"product_tag","embeddable":true,"href":"https:\/\/antcube.shop\/fi\/wp-json\/wp\/v2\/product_tag?post=9323"}],"curies":[{"name":"wp","href":"https:\/\/api.w.org\/{rel}","templated":true}]}}