{"id":9322,"date":"2024-09-17T16:15:47","date_gmt":"2024-09-17T14:15:47","guid":{"rendered":"https:\/\/antcube.shop\/en\/product\/formicarienunterlage-60x6cm\/"},"modified":"2026-04-05T01:10:14","modified_gmt":"2026-04-04T23:10:14","slug":"formicarium-tyyny-60x6cm","status":"publish","type":"product","link":"https:\/\/antcube.shop\/fi\/tuote\/formicarium-tyyny-60x6cm\/","title":{"rendered":"Formicarium-tyyny - 60x6cm"},"content":{"rendered":"<p><strong>Mitat:<\/strong> 590 x 60 x 4mm<\/p>\n<p><strong>Materiaali:<\/strong> PE-vaahto<\/p>\n<p><strong>V\u00e4ri:<\/strong> harmaa<\/p>\n<p><strong>Sis\u00e4lt\u00f6:<\/strong> 1 kpl.<\/p>\n<p><strong>Kuvaus:<\/strong><br \/>\nFormicarium-mattotyyny on valmistettu pehme\u00e4st\u00e4 vaahtomuovista.<br \/>\nSe suojaa formikariumia sek\u00e4 huonekalua, jonka p\u00e4\u00e4ll\u00e4 formikarium seisoo, naarmuilta.<br \/>\nTyyny toimii my\u00f6s l\u00e4mp\u00f6eristeen\u00e4, joka tasoittaa pienimm\u00e4tkin ep\u00e4tasaisuudet ja suojaa my\u00f6s t\u00e4rin\u00e4lt\u00e4.<\/p>","protected":false},"excerpt":{"rendered":"<p>Mitat: Materiaali: 590 x 60 x 4mm: Materiaali: PE-vaahto V\u00e4ri: harmaa Sis\u00e4lt\u00f6: PE-vaahto 1 kpl. Kuvaus: Formicarium-mattotyyny on valmistettu pehme\u00e4st\u00e4 vaahtomuovista. Se suojaa formicariumia sek\u00e4 huonekaluja, joiden p\u00e4\u00e4ll\u00e4 formicarium seisoo, naarmuilta. Mattotyyny toimii my\u00f6s l\u00e4mm\u00f6neristeen\u00e4, joka tasoittaa pienimm\u00e4tkin ep\u00e4tasaisuudet ja","protected":false},"featured_media":9823,"comment_status":"open","ping_status":"closed","template":"","meta":{"_acf_changed":false,"content-type":"","_monsterinsights_skip_tracking":false,"_monsterinsights_sitenote_active":false,"_monsterinsights_sitenote_note":"","_monsterinsights_sitenote_category":0},"product_brand":[484],"product_cat":[119,239],"product_tag":[],"class_list":{"0":"post-9322","1":"product","2":"type-product","3":"status-publish","4":"has-post-thumbnail","6":"product_brand-antcube","7":"product_cat-formicarium-components","8":"product_cat-useful-additions","10":"first","11":"instock","12":"taxable","13":"shipping-taxable","14":"purchasable","15":"product-type-simple"},"acf":[],"aioseo_notices":[],"jetpack_sharing_enabled":true,"_links":{"self":[{"href":"https:\/\/antcube.shop\/fi\/wp-json\/wp\/v2\/product\/9322","targetHints":{"allow":["GET"]}}],"collection":[{"href":"https:\/\/antcube.shop\/fi\/wp-json\/wp\/v2\/product"}],"about":[{"href":"https:\/\/antcube.shop\/fi\/wp-json\/wp\/v2\/types\/product"}],"replies":[{"embeddable":true,"href":"https:\/\/antcube.shop\/fi\/wp-json\/wp\/v2\/comments?post=9322"}],"wp:featuredmedia":[{"embeddable":true,"href":"https:\/\/antcube.shop\/fi\/wp-json\/wp\/v2\/media\/9823"}],"wp:attachment":[{"href":"https:\/\/antcube.shop\/fi\/wp-json\/wp\/v2\/media?parent=9322"}],"wp:term":[{"taxonomy":"product_brand","embeddable":true,"href":"https:\/\/antcube.shop\/fi\/wp-json\/wp\/v2\/product_brand?post=9322"},{"taxonomy":"product_cat","embeddable":true,"href":"https:\/\/antcube.shop\/fi\/wp-json\/wp\/v2\/product_cat?post=9322"},{"taxonomy":"product_tag","embeddable":true,"href":"https:\/\/antcube.shop\/fi\/wp-json\/wp\/v2\/product_tag?post=9322"}],"curies":[{"name":"wp","href":"https:\/\/api.w.org\/{rel}","templated":true}]}}