{"id":9321,"date":"2024-09-17T16:15:23","date_gmt":"2024-09-17T14:15:23","guid":{"rendered":"https:\/\/antcube.shop\/en\/product\/formicarienunterlage-60x30cm\/"},"modified":"2026-04-13T09:32:24","modified_gmt":"2026-04-13T07:32:24","slug":"formicarium-tyyny-60x30cm","status":"publish","type":"product","link":"https:\/\/antcube.shop\/fi\/tuote\/formicarium-tyyny-60x30cm\/","title":{"rendered":"Formicarium-tyyny - 60x30cm"},"content":{"rendered":"<p><strong>Mitat:<\/strong> 600 x 300 x 4mm<\/p>\n<p><strong>Materiaali:<\/strong> PE-vaahto<\/p>\n<p><strong>V\u00e4ri:<\/strong> harmaa<\/p>\n<p><strong>Sis\u00e4lt\u00f6:<\/strong> 1 kpl.<\/p>\n<p><strong>Kuvaus:<\/strong><br \/>\nFormicarium-tyyny on valmistettu pehme\u00e4st\u00e4 vaahtomuovista.<br \/>\nSe suojaa formikariumia ja huonekalua, jonka p\u00e4\u00e4ll\u00e4 formikarium seisoo, naarmuilta.<br \/>\nTyyny toimii my\u00f6s l\u00e4mp\u00f6eristeen\u00e4, joka tasoittaa pienimm\u00e4tkin ep\u00e4tasaisuudet ja suojaa my\u00f6s t\u00e4rin\u00e4lt\u00e4.<\/p>","protected":false},"excerpt":{"rendered":"<p>Mitat: Materiaali: 600 x 300 x 4mm: Materiaali: PE-vaahto V\u00e4ri: harmaa Sis\u00e4lt\u00f6: PE-vaahto 1 kpl. Kuvaus: Formicarium-tyyny on valmistettu pehme\u00e4st\u00e4 vaahtomuovista. Se suojaa formikariumia ja huonekalua, jonka p\u00e4\u00e4ll\u00e4 formikarium seisoo, naarmuilta. Mattotyyny toimii my\u00f6s l\u00e4mp\u00f6eristeen\u00e4, joka tasoittaa pienimm\u00e4tkin ep\u00e4tasaisuudet ja my\u00f6skin","protected":false},"featured_media":9584,"comment_status":"open","ping_status":"closed","template":"","meta":{"_acf_changed":false,"content-type":"","_monsterinsights_skip_tracking":false,"_monsterinsights_sitenote_active":false,"_monsterinsights_sitenote_note":"","_monsterinsights_sitenote_category":0},"product_brand":[484],"product_cat":[119,239],"product_tag":[],"class_list":{"0":"post-9321","1":"product","2":"type-product","3":"status-publish","4":"has-post-thumbnail","6":"product_brand-antcube","7":"product_cat-formicarium-components","8":"product_cat-useful-additions","10":"first","11":"instock","12":"taxable","13":"shipping-taxable","14":"purchasable","15":"product-type-simple"},"acf":[],"aioseo_notices":[],"jetpack_sharing_enabled":true,"_links":{"self":[{"href":"https:\/\/antcube.shop\/fi\/wp-json\/wp\/v2\/product\/9321","targetHints":{"allow":["GET"]}}],"collection":[{"href":"https:\/\/antcube.shop\/fi\/wp-json\/wp\/v2\/product"}],"about":[{"href":"https:\/\/antcube.shop\/fi\/wp-json\/wp\/v2\/types\/product"}],"replies":[{"embeddable":true,"href":"https:\/\/antcube.shop\/fi\/wp-json\/wp\/v2\/comments?post=9321"}],"wp:featuredmedia":[{"embeddable":true,"href":"https:\/\/antcube.shop\/fi\/wp-json\/wp\/v2\/media\/9584"}],"wp:attachment":[{"href":"https:\/\/antcube.shop\/fi\/wp-json\/wp\/v2\/media?parent=9321"}],"wp:term":[{"taxonomy":"product_brand","embeddable":true,"href":"https:\/\/antcube.shop\/fi\/wp-json\/wp\/v2\/product_brand?post=9321"},{"taxonomy":"product_cat","embeddable":true,"href":"https:\/\/antcube.shop\/fi\/wp-json\/wp\/v2\/product_cat?post=9321"},{"taxonomy":"product_tag","embeddable":true,"href":"https:\/\/antcube.shop\/fi\/wp-json\/wp\/v2\/product_tag?post=9321"}],"curies":[{"name":"wp","href":"https:\/\/api.w.org\/{rel}","templated":true}]}}